{"id":26554,"date":"2022-10-25T23:15:40","date_gmt":"2022-09-17T15:50:28","guid":{"rendered":"https:\/\/pandeoshop.com\/?post_type=product&#038;p=26554"},"modified":"2023-07-20T01:30:37","modified_gmt":"2023-07-19T23:30:37","slug":"vecnamenski-serum-z-antioksidanti-medi-peel-cindella-multi-antioxidant-ampoule","status":"publish","type":"product","link":"https:\/\/pandeoshop.com\/sl\/izdelek\/vecnamenski-serum-z-antioksidanti-medi-peel-cindella-multi-antioxidant-ampoule\/","title":{"rendered":"Ve\u010dnamenski serum z antioksidanti <br\/> Medi-Peel Cindella Multi-Antioxidant Ampoule"},"content":{"rendered":"<p>Medi-Peel Cindella Multi-Antioxidant Ampoule je pomlajevalni serum s celostnim pristopom &#8211; gladi gube, zateguje konturo obraza, zavira proces pove\u0161anja in venenja, zaradi \u010desar bo ko\u017ea bolj elasti\u010dna, navla\u017eena in za\u0161\u010ditena.<\/p>\n<p>Aminokisline \u2013 gradbeni material za ko\u017ene celice \u2013 prispevajo k proizvodnji kolagena in elastina, ki ohranjata ko\u017eo mlado in pro\u017eno.<br \/>\nSerum vsebuje 18 vrst aminokislin.<br \/>\nPalmitoil tripeptid-5 &#8211; ima visoko prodorno sposobnost, prodira v globoke plasti ko\u017ee, spodbuja fibroblaste, pospe\u0161uje obnovo celic in krepi stene krvnih \u017eil; spodbuja sintezo kolagena, izbolj\u0161a elasti\u010dnost ko\u017ee; je klju\u010dna sestavina izdelkov proti staranju, ki so namenjeni zmanj\u0161evanju gub in pove\u010danju turgorja ko\u017ee.<br \/>\nKa\u010dji peptid (Syn-Ake) \u2013 deluje na enak na\u010din kot botoks: zmanj\u0161a mi\u0161i\u010dno aktivnost in spro\u0161\u010da mimiko, kar zgladi gube in prepre\u010di nastanek novih.<br \/>\nCeramid 3 (NP) &#8211; prepre\u010duje izhlapevanje vlage iz ko\u017ee, prepre\u010duje suhost in patogene.<br \/>\nHialuronska kislina &#8211; vla\u017ei ko\u017eo in upo\u010dasnjuje proces staranja. Sestava vklju\u010duje tri vrste hialuronske kisline, ki lahko prodrejo v najgloblje plasti ko\u017ee.<br \/>\nAdenozin je pomembna sestavina proti staranju, ki gladi ko\u017eo in prepre\u010duje nastanek novih gub.<br \/>\nNiacinamid &#8211; ima mo\u010dan u\u010dinek proti staranju, posvetli starostne pege in prepre\u010duje nastanek novih pigmentnih made\u017eev.<br \/>\nAskorbinska kislina (vitamin C) &#8211; ima mo\u010dne antioksidativne lastnosti, osvetli ten ko\u017ee in jo osve\u017ei.<\/p>\n<p>Serum je priporo\u010dljiv za \u017eenske s prvimi znaki staranja, primeren pa je tudi za tiste z zrelo ko\u017eo.<\/p>\n","protected":false},"excerpt":{"rendered":"<p>Ve\u010dnamenski serum za obraz vas bo re\u0161il pred obiskom kozmeti\u010darke in va\u0161i ko\u017ei hitro povrnil mladosten izgled, saj deluje na celi\u010dni ravni, ima kumulativni u\u010dinek in dolgo \u010dasa ohranja rezultat.<\/p>\n","protected":false},"featured_media":35426,"comment_status":"open","ping_status":"closed","template":"","meta":[],"product_cat":[1755,1765,1727,1730,1718,1735,1804,1784,1814,1767,1948,1781,1776,1779],"product_tag":[4265,4495,5056,5211,4506,4276,4288,4523,4293,4296,4526,4311,4541,4549,4319,4518,4565,4335,4571,4341,4352,4582,4367,4597,4368,4598],"bundle_layout":"","bundle_add_to_cart_form_location":"","bundle_editable_in_cart":false,"bundle_sold_individually_context":"","bundle_item_grouping":"","bundle_min_size":"","bundle_max_size":"","bundled_by":[],"bundled_items":[],"yoast_head":"<!-- This site is optimized with the Yoast SEO Premium plugin v22.2 (Yoast SEO v22.9) - https:\/\/yoast.com\/wordpress\/plugins\/seo\/ -->\n<title>Ve\u010dnamenski serum z antioksidanti | Medi-Peel Cindella Multi-Antioxidant Ampoule - Pandeoshop<\/title>\n<meta name=\"description\" content=\"Ve\u010dnamenski serum za obraz vas bo re\u0161il pred obiskom kozmeti\u010darke in va\u0161i ko\u017ei hitro povrnil mladosten izgled, saj deluje na celi\u010dni ravni, ima kumulativni u\u010dinek in dolgo \u010dasa ohranja rezultat.\" \/>\n<meta name=\"robots\" content=\"index, follow, max-snippet:-1, max-image-preview:large, max-video-preview:-1\" \/>\n<link rel=\"canonical\" href=\"https:\/\/pandeoshop.com\/sl\/product\/medi-peel-cindella-multi-antioxidant-ampoule\/\" \/>\n<meta property=\"og:locale\" content=\"sl_SI\" \/>\n<meta property=\"og:type\" content=\"article\" \/>\n<meta property=\"og:title\" content=\"Ve\u010dnamenski serum z antioksidanti | Medi-Peel Cindella Multi-Antioxidant Ampoule - Pandeoshop\" \/>\n<meta property=\"og:description\" content=\"Ve\u010dnamenski serum za obraz vas bo re\u0161il pred obiskom kozmeti\u010darke in va\u0161i ko\u017ei hitro povrnil mladosten izgled, saj deluje na celi\u010dni ravni, ima kumulativni u\u010dinek in dolgo \u010dasa ohranja rezultat.\" \/>\n<meta property=\"og:url\" content=\"https:\/\/pandeoshop.com\/product\/medi-peel-cindella-multi-antioxidant-ampoule\/\" \/>\n<meta property=\"og:site_name\" content=\"Pandeoshop\" \/>\n<meta property=\"article:publisher\" content=\"https:\/\/www.facebook.com\/pandeoshop\/\" \/>\n<meta property=\"article:modified_time\" content=\"2023-07-19T23:30:37+00:00\" \/>\n<meta property=\"og:image\" content=\"https:\/\/pandeoshop.com\/wp-content\/uploads\/medi-peel-cindella-multi-antioxidant-ampoule-1.jpeg\" \/>\n\t<meta property=\"og:image:width\" content=\"1000\" \/>\n\t<meta property=\"og:image:height\" content=\"1000\" \/>\n\t<meta property=\"og:image:type\" content=\"image\/jpeg\" \/>\n<meta name=\"twitter:card\" content=\"summary_large_image\" \/>\n<script type=\"application\/ld+json\" class=\"yoast-schema-graph\">{\"@context\":\"https:\/\/schema.org\",\"@graph\":[{\"@type\":\"WebPage\",\"@id\":\"https:\/\/pandeoshop.com\/sl\/izdelek\/vecnamenski-serum-z-antioksidanti-medi-peel-cindella-multi-antioxidant-ampoule\/\",\"url\":\"https:\/\/pandeoshop.com\/product\/medi-peel-cindella-multi-antioxidant-ampoule\/\",\"name\":\"Ve\u010dnamenski serum z antioksidanti | Medi-Peel Cindella Multi-Antioxidant Ampoule - Pandeoshop\",\"isPartOf\":{\"@id\":\"https:\/\/pandeoshop.com\/sl\/#website\"},\"primaryImageOfPage\":{\"@id\":\"https:\/\/pandeoshop.com\/product\/medi-peel-cindella-multi-antioxidant-ampoule\/#primaryimage\"},\"image\":{\"@id\":\"https:\/\/pandeoshop.com\/product\/medi-peel-cindella-multi-antioxidant-ampoule\/#primaryimage\"},\"thumbnailUrl\":\"https:\/\/pandeoshop.com\/wp-content\/uploads\/medi-peel-cindella-multi-antioxidant-ampoule-1.jpeg\",\"datePublished\":\"2022-09-17T15:50:28+00:00\",\"dateModified\":\"2023-07-19T23:30:37+00:00\",\"description\":\"Ve\u010dnamenski serum za obraz vas bo re\u0161il pred obiskom kozmeti\u010darke in va\u0161i ko\u017ei hitro povrnil mladosten izgled, saj deluje na celi\u010dni ravni, ima kumulativni u\u010dinek in dolgo \u010dasa ohranja rezultat.\",\"breadcrumb\":{\"@id\":\"https:\/\/pandeoshop.com\/product\/medi-peel-cindella-multi-antioxidant-ampoule\/#breadcrumb\"},\"inLanguage\":\"sl-SI\",\"potentialAction\":[{\"@type\":\"ReadAction\",\"target\":[\"https:\/\/pandeoshop.com\/product\/medi-peel-cindella-multi-antioxidant-ampoule\/\"]}]},{\"@type\":\"ImageObject\",\"inLanguage\":\"sl-SI\",\"@id\":\"https:\/\/pandeoshop.com\/product\/medi-peel-cindella-multi-antioxidant-ampoule\/#primaryimage\",\"url\":\"https:\/\/pandeoshop.com\/wp-content\/uploads\/medi-peel-cindella-multi-antioxidant-ampoule-1.jpeg\",\"contentUrl\":\"https:\/\/pandeoshop.com\/wp-content\/uploads\/medi-peel-cindella-multi-antioxidant-ampoule-1.jpeg\",\"width\":1000,\"height\":1000},{\"@type\":\"BreadcrumbList\",\"@id\":\"https:\/\/pandeoshop.com\/product\/medi-peel-cindella-multi-antioxidant-ampoule\/#breadcrumb\",\"itemListElement\":[{\"@type\":\"ListItem\",\"position\":1,\"name\":\"Domov\",\"item\":\"https:\/\/pandeoshop.com\/sl\/\"},{\"@type\":\"ListItem\",\"position\":2,\"name\":\"Trgovina\",\"item\":\"https:\/\/pandeoshop.com\/sl\/trgovina\/\"},{\"@type\":\"ListItem\",\"position\":3,\"name\":\"Blagovne znamke\",\"item\":\"https:\/\/pandeoshop.com\/sl\/category\/blagovne-znamke\/\"},{\"@type\":\"ListItem\",\"position\":4,\"name\":\"Medi-Peel\",\"item\":\"https:\/\/pandeoshop.com\/sl\/category\/blagovne-znamke\/medi-peel-sl\/\"},{\"@type\":\"ListItem\",\"position\":5,\"name\":\"Ve\u010dnamenski serum z antioksidanti Medi-Peel Cindella Multi-Antioxidant Ampoule\"}]},{\"@type\":\"WebSite\",\"@id\":\"https:\/\/pandeoshop.com\/sl\/#website\",\"url\":\"https:\/\/pandeoshop.com\/sl\/\",\"name\":\"Pandeoshop\",\"description\":\"\u0160e eno spleti\u0161\u010de WordPress\",\"publisher\":{\"@id\":\"https:\/\/pandeoshop.com\/sl\/#organization\"},\"potentialAction\":[{\"@type\":\"SearchAction\",\"target\":{\"@type\":\"EntryPoint\",\"urlTemplate\":\"https:\/\/pandeoshop.com\/sl\/?s={search_term_string}\"},\"query-input\":\"required name=search_term_string\"}],\"inLanguage\":\"sl-SI\"},{\"@type\":\"Organization\",\"@id\":\"https:\/\/pandeoshop.com\/sl\/#organization\",\"name\":\"Pandeoshop\",\"url\":\"https:\/\/pandeoshop.com\/sl\/\",\"logo\":{\"@type\":\"ImageObject\",\"inLanguage\":\"sl-SI\",\"@id\":\"https:\/\/pandeoshop.com\/sl\/#\/schema\/logo\/image\/\",\"url\":\"https:\/\/pandeoshop.com\/wp-content\/uploads\/pandeoshop_social_logo_no_textjpg.jpg\",\"contentUrl\":\"https:\/\/pandeoshop.com\/wp-content\/uploads\/pandeoshop_social_logo_no_textjpg.jpg\",\"width\":288,\"height\":201,\"caption\":\"Pandeoshop\"},\"image\":{\"@id\":\"https:\/\/pandeoshop.com\/sl\/#\/schema\/logo\/image\/\"},\"sameAs\":[\"https:\/\/www.facebook.com\/pandeoshop\/\",\"https:\/\/www.instagram.com\/pandeo_shop\/\"]}]}<\/script>\n<meta property=\"product:price:amount\" content=\"35.89\" \/>\n<meta property=\"product:price:currency\" content=\"EUR\" \/>\n<meta property=\"og:availability\" content=\"instock\" \/>\n<meta property=\"product:availability\" content=\"instock\" \/>\n<meta property=\"product:retailer_item_id\" content=\"HS10549\" \/>\n<meta property=\"product:condition\" content=\"new\" \/>\n<!-- \/ Yoast SEO Premium plugin. -->","yoast_head_json":{"title":"Ve\u010dnamenski serum z antioksidanti | Medi-Peel Cindella Multi-Antioxidant Ampoule - Pandeoshop","description":"Ve\u010dnamenski serum za obraz vas bo re\u0161il pred obiskom kozmeti\u010darke in va\u0161i ko\u017ei hitro povrnil mladosten izgled, saj deluje na celi\u010dni ravni, ima kumulativni u\u010dinek in dolgo \u010dasa ohranja rezultat.","robots":{"index":"index","follow":"follow","max-snippet":"max-snippet:-1","max-image-preview":"max-image-preview:large","max-video-preview":"max-video-preview:-1"},"canonical":"https:\/\/pandeoshop.com\/sl\/product\/medi-peel-cindella-multi-antioxidant-ampoule\/","og_locale":"sl_SI","og_type":"article","og_title":"Ve\u010dnamenski serum z antioksidanti | Medi-Peel Cindella Multi-Antioxidant Ampoule - Pandeoshop","og_description":"Ve\u010dnamenski serum za obraz vas bo re\u0161il pred obiskom kozmeti\u010darke in va\u0161i ko\u017ei hitro povrnil mladosten izgled, saj deluje na celi\u010dni ravni, ima kumulativni u\u010dinek in dolgo \u010dasa ohranja rezultat.","og_url":"https:\/\/pandeoshop.com\/product\/medi-peel-cindella-multi-antioxidant-ampoule\/","og_site_name":"Pandeoshop","article_publisher":"https:\/\/www.facebook.com\/pandeoshop\/","article_modified_time":"2023-07-19T23:30:37+00:00","og_image":[{"width":1000,"height":1000,"url":"https:\/\/pandeoshop.com\/wp-content\/uploads\/medi-peel-cindella-multi-antioxidant-ampoule-1.jpeg","type":"image\/jpeg"}],"twitter_card":"summary_large_image","schema":{"@context":"https:\/\/schema.org","@graph":[{"@type":"WebPage","@id":"https:\/\/pandeoshop.com\/sl\/izdelek\/vecnamenski-serum-z-antioksidanti-medi-peel-cindella-multi-antioxidant-ampoule\/","url":"https:\/\/pandeoshop.com\/product\/medi-peel-cindella-multi-antioxidant-ampoule\/","name":"Ve\u010dnamenski serum z antioksidanti | Medi-Peel Cindella Multi-Antioxidant Ampoule - Pandeoshop","isPartOf":{"@id":"https:\/\/pandeoshop.com\/sl\/#website"},"primaryImageOfPage":{"@id":"https:\/\/pandeoshop.com\/product\/medi-peel-cindella-multi-antioxidant-ampoule\/#primaryimage"},"image":{"@id":"https:\/\/pandeoshop.com\/product\/medi-peel-cindella-multi-antioxidant-ampoule\/#primaryimage"},"thumbnailUrl":"https:\/\/pandeoshop.com\/wp-content\/uploads\/medi-peel-cindella-multi-antioxidant-ampoule-1.jpeg","datePublished":"2022-09-17T15:50:28+00:00","dateModified":"2023-07-19T23:30:37+00:00","description":"Ve\u010dnamenski serum za obraz vas bo re\u0161il pred obiskom kozmeti\u010darke in va\u0161i ko\u017ei hitro povrnil mladosten izgled, saj deluje na celi\u010dni ravni, ima kumulativni u\u010dinek in dolgo \u010dasa ohranja rezultat.","breadcrumb":{"@id":"https:\/\/pandeoshop.com\/product\/medi-peel-cindella-multi-antioxidant-ampoule\/#breadcrumb"},"inLanguage":"sl-SI","potentialAction":[{"@type":"ReadAction","target":["https:\/\/pandeoshop.com\/product\/medi-peel-cindella-multi-antioxidant-ampoule\/"]}]},{"@type":"ImageObject","inLanguage":"sl-SI","@id":"https:\/\/pandeoshop.com\/product\/medi-peel-cindella-multi-antioxidant-ampoule\/#primaryimage","url":"https:\/\/pandeoshop.com\/wp-content\/uploads\/medi-peel-cindella-multi-antioxidant-ampoule-1.jpeg","contentUrl":"https:\/\/pandeoshop.com\/wp-content\/uploads\/medi-peel-cindella-multi-antioxidant-ampoule-1.jpeg","width":1000,"height":1000},{"@type":"BreadcrumbList","@id":"https:\/\/pandeoshop.com\/product\/medi-peel-cindella-multi-antioxidant-ampoule\/#breadcrumb","itemListElement":[{"@type":"ListItem","position":1,"name":"Domov","item":"https:\/\/pandeoshop.com\/sl\/"},{"@type":"ListItem","position":2,"name":"Trgovina","item":"https:\/\/pandeoshop.com\/sl\/trgovina\/"},{"@type":"ListItem","position":3,"name":"Blagovne znamke","item":"https:\/\/pandeoshop.com\/sl\/category\/blagovne-znamke\/"},{"@type":"ListItem","position":4,"name":"Medi-Peel","item":"https:\/\/pandeoshop.com\/sl\/category\/blagovne-znamke\/medi-peel-sl\/"},{"@type":"ListItem","position":5,"name":"Ve\u010dnamenski serum z antioksidanti Medi-Peel Cindella Multi-Antioxidant Ampoule"}]},{"@type":"WebSite","@id":"https:\/\/pandeoshop.com\/sl\/#website","url":"https:\/\/pandeoshop.com\/sl\/","name":"Pandeoshop","description":"\u0160e eno spleti\u0161\u010de WordPress","publisher":{"@id":"https:\/\/pandeoshop.com\/sl\/#organization"},"potentialAction":[{"@type":"SearchAction","target":{"@type":"EntryPoint","urlTemplate":"https:\/\/pandeoshop.com\/sl\/?s={search_term_string}"},"query-input":"required name=search_term_string"}],"inLanguage":"sl-SI"},{"@type":"Organization","@id":"https:\/\/pandeoshop.com\/sl\/#organization","name":"Pandeoshop","url":"https:\/\/pandeoshop.com\/sl\/","logo":{"@type":"ImageObject","inLanguage":"sl-SI","@id":"https:\/\/pandeoshop.com\/sl\/#\/schema\/logo\/image\/","url":"https:\/\/pandeoshop.com\/wp-content\/uploads\/pandeoshop_social_logo_no_textjpg.jpg","contentUrl":"https:\/\/pandeoshop.com\/wp-content\/uploads\/pandeoshop_social_logo_no_textjpg.jpg","width":288,"height":201,"caption":"Pandeoshop"},"image":{"@id":"https:\/\/pandeoshop.com\/sl\/#\/schema\/logo\/image\/"},"sameAs":["https:\/\/www.facebook.com\/pandeoshop\/","https:\/\/www.instagram.com\/pandeo_shop\/"]}]},"product_price_amount":"35.89","product_price_currency":"EUR","og_availability":"instock","product_availability":"instock","product_retailer_item_id":"HS10549","product_condition":"new"},"_links":{"self":[{"href":"https:\/\/pandeoshop.com\/sl\/wp-json\/wp\/v2\/product\/26554"}],"collection":[{"href":"https:\/\/pandeoshop.com\/sl\/wp-json\/wp\/v2\/product"}],"about":[{"href":"https:\/\/pandeoshop.com\/sl\/wp-json\/wp\/v2\/types\/product"}],"replies":[{"embeddable":true,"href":"https:\/\/pandeoshop.com\/sl\/wp-json\/wp\/v2\/comments?post=26554"}],"wp:featuredmedia":[{"embeddable":true,"href":"https:\/\/pandeoshop.com\/sl\/wp-json\/wp\/v2\/media\/35426"}],"wp:attachment":[{"href":"https:\/\/pandeoshop.com\/sl\/wp-json\/wp\/v2\/media?parent=26554"}],"wp:term":[{"taxonomy":"product_cat","embeddable":true,"href":"https:\/\/pandeoshop.com\/sl\/wp-json\/wp\/v2\/product_cat?post=26554"},{"taxonomy":"product_tag","embeddable":true,"href":"https:\/\/pandeoshop.com\/sl\/wp-json\/wp\/v2\/product_tag?post=26554"}],"curies":[{"name":"wp","href":"https:\/\/api.w.org\/{rel}","templated":true}]}}