{"id":26546,"date":"2022-10-25T23:15:40","date_gmt":"2022-09-17T15:50:28","guid":{"rendered":"https:\/\/pandeoshop.com\/?post_type=product&#038;p=26546"},"modified":"2024-08-02T21:22:51","modified_gmt":"2024-08-02T19:22:51","slug":"ampulni-serum-z-glutationom-za-posvetlitev-medi-peel-bio-intense-glutathione-white-ampoule","status":"publish","type":"product","link":"https:\/\/pandeoshop.com\/sl\/izdelek\/ampulni-serum-z-glutationom-za-posvetlitev-medi-peel-bio-intense-glutathione-white-ampoule\/","title":{"rendered":"Ampulni serum z glutationom za posvetlitev <br\/> Medi-Peel Bio-Intense Glutathione White Ampoule"},"content":{"rendered":"<p>Medi-Peel Bio-Intense Glutathione White Ampoule je serum za obraz z glutationom, ki zagotavlja globoko prodor aktivnih sestavin. Spodbuja regeneracijo na celi\u010dni ravni. <\/p>\n<p>Glutation je peptid, ki spodbuja presnovne procese v ko\u017ei in jo posvetli. Odgovoren je tudi za izena\u010ditev polti hkrati pa deluje antioksidativno. Serum ponuja 4-tedenski intenzivni posvetlitveni tretma z dodatnim nadzorom proizvodnje melanina in proizvodnje sebuma.<br \/>\nIzdelek odstranjuje starostne pege in se zlahka vpije, 10 vitaminskih izvle\u010dkov pa ko\u017eo napolni z vitalnostjo in vlago.<\/p>\n<p>Primeren je za prepre\u010devanje nastanka novih starostnih peg. Primeren je za ko\u017eo 25+.<\/p>\n","protected":false},"excerpt":{"rendered":"<p>Serum u\u010dinkovito posvetli ko\u017eo ter odpravlja rde\u010dico in vnetja ko\u017ee. U\u010dinkovito se bori proti starostnim pegam, neenakomernemu tonu ter temni in neenakomerni teksturi.<\/p>\n","protected":false},"featured_media":35381,"comment_status":"open","ping_status":"closed","template":"","meta":[],"product_cat":[1804,1784,1780,1814,1785,1767,1781,1776,1783,1779,1786],"product_tag":[4541,4549,4565,4571,4598],"bundle_layout":"","bundle_add_to_cart_form_location":"","bundle_editable_in_cart":false,"bundle_sold_individually_context":"","bundle_item_grouping":"","bundle_min_size":"","bundle_max_size":"","bundled_by":[],"bundled_items":[],"yoast_head":"<!-- This site is optimized with the Yoast SEO Premium plugin v22.2 (Yoast SEO v22.9) - https:\/\/yoast.com\/wordpress\/plugins\/seo\/ -->\n<title>Ampulni serum z glutationom za posvetlitev | Medi-Peel Bio-Intense Glutathione White Ampoule - Pandeoshop<\/title>\n<meta name=\"description\" content=\"Serum u\u010dinkovito posvetli ko\u017eo ter odpravlja rde\u010dico in vnetja ko\u017ee. U\u010dinkovito se bori proti starostnim pegam, neenakomernemu tonu ter temni in neenakomerni teksturi.\" \/>\n<meta name=\"robots\" content=\"index, follow, max-snippet:-1, max-image-preview:large, max-video-preview:-1\" \/>\n<link rel=\"canonical\" href=\"https:\/\/pandeoshop.com\/sl\/product\/medi-peel-bio-intense-glutathione-white-ampoule\/\" \/>\n<meta property=\"og:locale\" content=\"sl_SI\" \/>\n<meta property=\"og:type\" content=\"article\" \/>\n<meta property=\"og:title\" content=\"Ampulni serum z glutationom za posvetlitev | Medi-Peel Bio-Intense Glutathione White Ampoule - Pandeoshop\" \/>\n<meta property=\"og:description\" content=\"Serum u\u010dinkovito posvetli ko\u017eo ter odpravlja rde\u010dico in vnetja ko\u017ee. U\u010dinkovito se bori proti starostnim pegam, neenakomernemu tonu ter temni in neenakomerni teksturi.\" \/>\n<meta property=\"og:url\" content=\"https:\/\/pandeoshop.com\/product\/medi-peel-bio-intense-glutathione-white-ampoule\/\" \/>\n<meta property=\"og:site_name\" content=\"Pandeoshop\" \/>\n<meta property=\"article:publisher\" content=\"https:\/\/www.facebook.com\/pandeoshop\/\" \/>\n<meta property=\"article:modified_time\" content=\"2024-08-02T19:22:51+00:00\" \/>\n<meta property=\"og:image\" content=\"https:\/\/pandeoshop.com\/wp-content\/uploads\/medi-peel-bio-intense-glutathione-white-ampoule-1.jpeg\" \/>\n\t<meta property=\"og:image:width\" content=\"1000\" \/>\n\t<meta property=\"og:image:height\" content=\"1000\" \/>\n\t<meta property=\"og:image:type\" content=\"image\/jpeg\" \/>\n<meta name=\"twitter:card\" content=\"summary_large_image\" \/>\n<script type=\"application\/ld+json\" class=\"yoast-schema-graph\">{\"@context\":\"https:\/\/schema.org\",\"@graph\":[{\"@type\":\"WebPage\",\"@id\":\"https:\/\/pandeoshop.com\/sl\/izdelek\/ampulni-serum-z-glutationom-za-posvetlitev-medi-peel-bio-intense-glutathione-white-ampoule\/\",\"url\":\"https:\/\/pandeoshop.com\/product\/medi-peel-bio-intense-glutathione-white-ampoule\/\",\"name\":\"Ampulni serum z glutationom za posvetlitev | Medi-Peel Bio-Intense Glutathione White Ampoule - Pandeoshop\",\"isPartOf\":{\"@id\":\"https:\/\/pandeoshop.com\/sl\/#website\"},\"primaryImageOfPage\":{\"@id\":\"https:\/\/pandeoshop.com\/product\/medi-peel-bio-intense-glutathione-white-ampoule\/#primaryimage\"},\"image\":{\"@id\":\"https:\/\/pandeoshop.com\/product\/medi-peel-bio-intense-glutathione-white-ampoule\/#primaryimage\"},\"thumbnailUrl\":\"https:\/\/pandeoshop.com\/wp-content\/uploads\/medi-peel-bio-intense-glutathione-white-ampoule-1.jpeg\",\"datePublished\":\"2022-09-17T15:50:28+00:00\",\"dateModified\":\"2024-08-02T19:22:51+00:00\",\"description\":\"Serum u\u010dinkovito posvetli ko\u017eo ter odpravlja rde\u010dico in vnetja ko\u017ee. U\u010dinkovito se bori proti starostnim pegam, neenakomernemu tonu ter temni in neenakomerni teksturi.\",\"breadcrumb\":{\"@id\":\"https:\/\/pandeoshop.com\/product\/medi-peel-bio-intense-glutathione-white-ampoule\/#breadcrumb\"},\"inLanguage\":\"sl-SI\",\"potentialAction\":[{\"@type\":\"ReadAction\",\"target\":[\"https:\/\/pandeoshop.com\/product\/medi-peel-bio-intense-glutathione-white-ampoule\/\"]}]},{\"@type\":\"ImageObject\",\"inLanguage\":\"sl-SI\",\"@id\":\"https:\/\/pandeoshop.com\/product\/medi-peel-bio-intense-glutathione-white-ampoule\/#primaryimage\",\"url\":\"https:\/\/pandeoshop.com\/wp-content\/uploads\/medi-peel-bio-intense-glutathione-white-ampoule-1.jpeg\",\"contentUrl\":\"https:\/\/pandeoshop.com\/wp-content\/uploads\/medi-peel-bio-intense-glutathione-white-ampoule-1.jpeg\",\"width\":1000,\"height\":1000},{\"@type\":\"BreadcrumbList\",\"@id\":\"https:\/\/pandeoshop.com\/product\/medi-peel-bio-intense-glutathione-white-ampoule\/#breadcrumb\",\"itemListElement\":[{\"@type\":\"ListItem\",\"position\":1,\"name\":\"Domov\",\"item\":\"https:\/\/pandeoshop.com\/sl\/\"},{\"@type\":\"ListItem\",\"position\":2,\"name\":\"Trgovina\",\"item\":\"https:\/\/pandeoshop.com\/sl\/trgovina\/\"},{\"@type\":\"ListItem\",\"position\":3,\"name\":\"Blagovne znamke\",\"item\":\"https:\/\/pandeoshop.com\/sl\/category\/blagovne-znamke\/\"},{\"@type\":\"ListItem\",\"position\":4,\"name\":\"Medi-Peel\",\"item\":\"https:\/\/pandeoshop.com\/sl\/category\/blagovne-znamke\/medi-peel-sl\/\"},{\"@type\":\"ListItem\",\"position\":5,\"name\":\"Ampulni serum z glutationom za posvetlitev Medi-Peel Bio-Intense Glutathione White Ampoule\"}]},{\"@type\":\"WebSite\",\"@id\":\"https:\/\/pandeoshop.com\/sl\/#website\",\"url\":\"https:\/\/pandeoshop.com\/sl\/\",\"name\":\"Pandeoshop\",\"description\":\"\u0160e eno spleti\u0161\u010de WordPress\",\"publisher\":{\"@id\":\"https:\/\/pandeoshop.com\/sl\/#organization\"},\"potentialAction\":[{\"@type\":\"SearchAction\",\"target\":{\"@type\":\"EntryPoint\",\"urlTemplate\":\"https:\/\/pandeoshop.com\/sl\/?s={search_term_string}\"},\"query-input\":\"required name=search_term_string\"}],\"inLanguage\":\"sl-SI\"},{\"@type\":\"Organization\",\"@id\":\"https:\/\/pandeoshop.com\/sl\/#organization\",\"name\":\"Pandeoshop\",\"url\":\"https:\/\/pandeoshop.com\/sl\/\",\"logo\":{\"@type\":\"ImageObject\",\"inLanguage\":\"sl-SI\",\"@id\":\"https:\/\/pandeoshop.com\/sl\/#\/schema\/logo\/image\/\",\"url\":\"https:\/\/pandeoshop.com\/wp-content\/uploads\/pandeoshop_social_logo_no_textjpg.jpg\",\"contentUrl\":\"https:\/\/pandeoshop.com\/wp-content\/uploads\/pandeoshop_social_logo_no_textjpg.jpg\",\"width\":288,\"height\":201,\"caption\":\"Pandeoshop\"},\"image\":{\"@id\":\"https:\/\/pandeoshop.com\/sl\/#\/schema\/logo\/image\/\"},\"sameAs\":[\"https:\/\/www.facebook.com\/pandeoshop\/\",\"https:\/\/www.instagram.com\/pandeo_shop\/\"]}]}<\/script>\n<meta property=\"product:price:amount\" content=\"27.28\" \/>\n<meta property=\"product:price:currency\" content=\"EUR\" \/>\n<meta property=\"og:availability\" content=\"instock\" \/>\n<meta property=\"product:availability\" content=\"instock\" \/>\n<meta property=\"product:retailer_item_id\" content=\"HS10541\" \/>\n<meta property=\"product:condition\" content=\"new\" \/>\n<!-- \/ Yoast SEO Premium plugin. -->","yoast_head_json":{"title":"Ampulni serum z glutationom za posvetlitev | Medi-Peel Bio-Intense Glutathione White Ampoule - Pandeoshop","description":"Serum u\u010dinkovito posvetli ko\u017eo ter odpravlja rde\u010dico in vnetja ko\u017ee. U\u010dinkovito se bori proti starostnim pegam, neenakomernemu tonu ter temni in neenakomerni teksturi.","robots":{"index":"index","follow":"follow","max-snippet":"max-snippet:-1","max-image-preview":"max-image-preview:large","max-video-preview":"max-video-preview:-1"},"canonical":"https:\/\/pandeoshop.com\/sl\/product\/medi-peel-bio-intense-glutathione-white-ampoule\/","og_locale":"sl_SI","og_type":"article","og_title":"Ampulni serum z glutationom za posvetlitev | Medi-Peel Bio-Intense Glutathione White Ampoule - Pandeoshop","og_description":"Serum u\u010dinkovito posvetli ko\u017eo ter odpravlja rde\u010dico in vnetja ko\u017ee. U\u010dinkovito se bori proti starostnim pegam, neenakomernemu tonu ter temni in neenakomerni teksturi.","og_url":"https:\/\/pandeoshop.com\/product\/medi-peel-bio-intense-glutathione-white-ampoule\/","og_site_name":"Pandeoshop","article_publisher":"https:\/\/www.facebook.com\/pandeoshop\/","article_modified_time":"2024-08-02T19:22:51+00:00","og_image":[{"width":1000,"height":1000,"url":"https:\/\/pandeoshop.com\/wp-content\/uploads\/medi-peel-bio-intense-glutathione-white-ampoule-1.jpeg","type":"image\/jpeg"}],"twitter_card":"summary_large_image","schema":{"@context":"https:\/\/schema.org","@graph":[{"@type":"WebPage","@id":"https:\/\/pandeoshop.com\/sl\/izdelek\/ampulni-serum-z-glutationom-za-posvetlitev-medi-peel-bio-intense-glutathione-white-ampoule\/","url":"https:\/\/pandeoshop.com\/product\/medi-peel-bio-intense-glutathione-white-ampoule\/","name":"Ampulni serum z glutationom za posvetlitev | Medi-Peel Bio-Intense Glutathione White Ampoule - Pandeoshop","isPartOf":{"@id":"https:\/\/pandeoshop.com\/sl\/#website"},"primaryImageOfPage":{"@id":"https:\/\/pandeoshop.com\/product\/medi-peel-bio-intense-glutathione-white-ampoule\/#primaryimage"},"image":{"@id":"https:\/\/pandeoshop.com\/product\/medi-peel-bio-intense-glutathione-white-ampoule\/#primaryimage"},"thumbnailUrl":"https:\/\/pandeoshop.com\/wp-content\/uploads\/medi-peel-bio-intense-glutathione-white-ampoule-1.jpeg","datePublished":"2022-09-17T15:50:28+00:00","dateModified":"2024-08-02T19:22:51+00:00","description":"Serum u\u010dinkovito posvetli ko\u017eo ter odpravlja rde\u010dico in vnetja ko\u017ee. U\u010dinkovito se bori proti starostnim pegam, neenakomernemu tonu ter temni in neenakomerni teksturi.","breadcrumb":{"@id":"https:\/\/pandeoshop.com\/product\/medi-peel-bio-intense-glutathione-white-ampoule\/#breadcrumb"},"inLanguage":"sl-SI","potentialAction":[{"@type":"ReadAction","target":["https:\/\/pandeoshop.com\/product\/medi-peel-bio-intense-glutathione-white-ampoule\/"]}]},{"@type":"ImageObject","inLanguage":"sl-SI","@id":"https:\/\/pandeoshop.com\/product\/medi-peel-bio-intense-glutathione-white-ampoule\/#primaryimage","url":"https:\/\/pandeoshop.com\/wp-content\/uploads\/medi-peel-bio-intense-glutathione-white-ampoule-1.jpeg","contentUrl":"https:\/\/pandeoshop.com\/wp-content\/uploads\/medi-peel-bio-intense-glutathione-white-ampoule-1.jpeg","width":1000,"height":1000},{"@type":"BreadcrumbList","@id":"https:\/\/pandeoshop.com\/product\/medi-peel-bio-intense-glutathione-white-ampoule\/#breadcrumb","itemListElement":[{"@type":"ListItem","position":1,"name":"Domov","item":"https:\/\/pandeoshop.com\/sl\/"},{"@type":"ListItem","position":2,"name":"Trgovina","item":"https:\/\/pandeoshop.com\/sl\/trgovina\/"},{"@type":"ListItem","position":3,"name":"Blagovne znamke","item":"https:\/\/pandeoshop.com\/sl\/category\/blagovne-znamke\/"},{"@type":"ListItem","position":4,"name":"Medi-Peel","item":"https:\/\/pandeoshop.com\/sl\/category\/blagovne-znamke\/medi-peel-sl\/"},{"@type":"ListItem","position":5,"name":"Ampulni serum z glutationom za posvetlitev Medi-Peel Bio-Intense Glutathione White Ampoule"}]},{"@type":"WebSite","@id":"https:\/\/pandeoshop.com\/sl\/#website","url":"https:\/\/pandeoshop.com\/sl\/","name":"Pandeoshop","description":"\u0160e eno spleti\u0161\u010de WordPress","publisher":{"@id":"https:\/\/pandeoshop.com\/sl\/#organization"},"potentialAction":[{"@type":"SearchAction","target":{"@type":"EntryPoint","urlTemplate":"https:\/\/pandeoshop.com\/sl\/?s={search_term_string}"},"query-input":"required name=search_term_string"}],"inLanguage":"sl-SI"},{"@type":"Organization","@id":"https:\/\/pandeoshop.com\/sl\/#organization","name":"Pandeoshop","url":"https:\/\/pandeoshop.com\/sl\/","logo":{"@type":"ImageObject","inLanguage":"sl-SI","@id":"https:\/\/pandeoshop.com\/sl\/#\/schema\/logo\/image\/","url":"https:\/\/pandeoshop.com\/wp-content\/uploads\/pandeoshop_social_logo_no_textjpg.jpg","contentUrl":"https:\/\/pandeoshop.com\/wp-content\/uploads\/pandeoshop_social_logo_no_textjpg.jpg","width":288,"height":201,"caption":"Pandeoshop"},"image":{"@id":"https:\/\/pandeoshop.com\/sl\/#\/schema\/logo\/image\/"},"sameAs":["https:\/\/www.facebook.com\/pandeoshop\/","https:\/\/www.instagram.com\/pandeo_shop\/"]}]},"product_price_amount":"27.28","product_price_currency":"EUR","og_availability":"instock","product_availability":"instock","product_retailer_item_id":"HS10541","product_condition":"new"},"_links":{"self":[{"href":"https:\/\/pandeoshop.com\/sl\/wp-json\/wp\/v2\/product\/26546"}],"collection":[{"href":"https:\/\/pandeoshop.com\/sl\/wp-json\/wp\/v2\/product"}],"about":[{"href":"https:\/\/pandeoshop.com\/sl\/wp-json\/wp\/v2\/types\/product"}],"replies":[{"embeddable":true,"href":"https:\/\/pandeoshop.com\/sl\/wp-json\/wp\/v2\/comments?post=26546"}],"wp:featuredmedia":[{"embeddable":true,"href":"https:\/\/pandeoshop.com\/sl\/wp-json\/wp\/v2\/media\/35381"}],"wp:attachment":[{"href":"https:\/\/pandeoshop.com\/sl\/wp-json\/wp\/v2\/media?parent=26546"}],"wp:term":[{"taxonomy":"product_cat","embeddable":true,"href":"https:\/\/pandeoshop.com\/sl\/wp-json\/wp\/v2\/product_cat?post=26546"},{"taxonomy":"product_tag","embeddable":true,"href":"https:\/\/pandeoshop.com\/sl\/wp-json\/wp\/v2\/product_tag?post=26546"}],"curies":[{"name":"wp","href":"https:\/\/api.w.org\/{rel}","templated":true}]}}