{"id":26545,"date":"2022-10-25T23:15:40","date_gmt":"2022-09-17T15:50:28","guid":{"rendered":"https:\/\/pandeoshop.com\/?post_type=product&#038;p=26545"},"modified":"2023-07-20T01:30:33","modified_gmt":"2023-07-19T23:30:33","slug":"pomirjujoca-tekstilna-maska-%e2%80%8b%e2%80%8bz-izvleckom-bambusa-in-centele-medi-peel-bamboo-cica-bomb-calming-mask","status":"publish","type":"product","link":"https:\/\/pandeoshop.com\/sl\/izdelek\/pomirjujoca-tekstilna-maska-%e2%80%8b%e2%80%8bz-izvleckom-bambusa-in-centele-medi-peel-bamboo-cica-bomb-calming-mask\/","title":{"rendered":"Pomirjujo\u010da tekstilna maska \u200b\u200bz izvle\u010dkom bambusa in centele <br\/> Medi-Peel Bamboo Cica Bomb Calming Mask"},"content":{"rendered":"<p>Medi-Peel Bamboo Cica Bomb Calming Mask \u200b\u200b- zahvaljujo\u010d svoji bogati sestavi maska \u200b\u200bpomirja in zdravi vnetja, spodbuja sintezo kolagena in ima viden pomlajevalni u\u010dinek. Zahvaljujo\u010d intenzivni regeneraciji celic se gube hitreje zmanj\u0161ajo, ko\u017ea postane bolj gladka in enakomerna ter dobi sve\u017e in mladosten videz.<\/p>\n<p>Ekstrakt bambusa (10.000 ppb) izbolj\u0161a elasti\u010dnost ko\u017ee, jo u\u010dvrsti, izbolj\u0161a hranljivost ko\u017ee s krepitvijo sten kapilar, se bori proti ohlapnosti in utrujenosti, rde\u010dici (rozacea), prepre\u010duje nastajanje gub, pomaga ohranjati vlago v ko\u017ei, spodbuja limfni sistem in zmanj\u0161uje otekline, ne\u017eno \u010disti ko\u017eo, zo\u017ea pore in izena\u010di polt, odstranjuje odmrle celice s ko\u017ee, deluje antibakterijsko, matira in daje ko\u017ei sijo\u010do gladkost.<br \/>\nCentella Asiatica pomirja dra\u017eenje in rde\u010dico, odpravlja suhost in ko\u017eo nasi\u010di z vlago.<br \/>\nHialuronska kislina vla\u017ei in pomaga ko\u017ei zadr\u017eati vlago, izena\u010di teksturo ko\u017ee in izbolj\u0161a procese celjenja.<\/p>\n<p>U\u010dinki so vidni \u017ee po prvi uporabi. Redna uporaba ima kumulativen u\u010dinek.<\/p>\n","protected":false},"excerpt":{"rendered":"<p>Tekstilna maska pomiri razdra\u017eeno ko\u017eo, prepre\u010di rozaceo (rde\u010dico), vla\u017ei in izena\u010di teksturo ko\u017ee. Dobra izbira za ob\u010dutljivo ko\u017eo.<\/p>\n","protected":false},"featured_media":35376,"comment_status":"open","ping_status":"closed","template":"","meta":[],"product_cat":[1804,1768,1814,1767,1782,1783,1779],"product_tag":[4506,4508,4513,4526,4549,4592,4565,4598],"bundle_layout":"","bundle_add_to_cart_form_location":"","bundle_editable_in_cart":false,"bundle_sold_individually_context":"","bundle_item_grouping":"","bundle_min_size":"","bundle_max_size":"","bundled_by":[],"bundled_items":[],"yoast_head":"<!-- This site is optimized with the Yoast SEO Premium plugin v22.2 (Yoast SEO v22.9) - https:\/\/yoast.com\/wordpress\/plugins\/seo\/ -->\n<title>Pomirjujo\u010da tekstilna maska \u200b\u200bz izvle\u010dkom bambusa in centele | Medi-Peel Bamboo Cica Bomb Calming Mask - Pandeoshop<\/title>\n<meta name=\"description\" content=\"Tekstilna maska pomiri razdra\u017eeno ko\u017eo, prepre\u010di rozaceo (rde\u010dico), vla\u017ei in izena\u010di teksturo ko\u017ee. Dobra izbira za ob\u010dutljivo ko\u017eo.\" \/>\n<meta name=\"robots\" content=\"index, follow, max-snippet:-1, max-image-preview:large, max-video-preview:-1\" \/>\n<link rel=\"canonical\" href=\"https:\/\/pandeoshop.com\/sl\/product\/medi-peel-bamboo-cica-bomb-calming-mask\/\" \/>\n<meta property=\"og:locale\" content=\"sl_SI\" \/>\n<meta property=\"og:type\" content=\"article\" \/>\n<meta property=\"og:title\" content=\"Pomirjujo\u010da tekstilna maska \u200b\u200bz izvle\u010dkom bambusa in centele | Medi-Peel Bamboo Cica Bomb Calming Mask - Pandeoshop\" \/>\n<meta property=\"og:description\" content=\"Tekstilna maska pomiri razdra\u017eeno ko\u017eo, prepre\u010di rozaceo (rde\u010dico), vla\u017ei in izena\u010di teksturo ko\u017ee. Dobra izbira za ob\u010dutljivo ko\u017eo.\" \/>\n<meta property=\"og:url\" content=\"https:\/\/pandeoshop.com\/product\/medi-peel-bamboo-cica-bomb-calming-mask\/\" \/>\n<meta property=\"og:site_name\" content=\"Pandeoshop\" \/>\n<meta property=\"article:publisher\" content=\"https:\/\/www.facebook.com\/pandeoshop\/\" \/>\n<meta property=\"article:modified_time\" content=\"2023-07-19T23:30:33+00:00\" \/>\n<meta property=\"og:image\" content=\"https:\/\/pandeoshop.com\/wp-content\/uploads\/medi-peel-bamboo-cica-bomb-calming-mask-1.jpeg\" \/>\n\t<meta property=\"og:image:width\" content=\"1000\" \/>\n\t<meta property=\"og:image:height\" content=\"1000\" \/>\n\t<meta property=\"og:image:type\" content=\"image\/jpeg\" \/>\n<meta name=\"twitter:card\" content=\"summary_large_image\" \/>\n<script type=\"application\/ld+json\" class=\"yoast-schema-graph\">{\"@context\":\"https:\/\/schema.org\",\"@graph\":[{\"@type\":\"WebPage\",\"@id\":\"https:\/\/pandeoshop.com\/sl\/izdelek\/pomirjujoca-tekstilna-maska-%e2%80%8b%e2%80%8bz-izvleckom-bambusa-in-centele-medi-peel-bamboo-cica-bomb-calming-mask\/\",\"url\":\"https:\/\/pandeoshop.com\/product\/medi-peel-bamboo-cica-bomb-calming-mask\/\",\"name\":\"Pomirjujo\u010da tekstilna maska \u200b\u200bz izvle\u010dkom bambusa in centele | Medi-Peel Bamboo Cica Bomb Calming Mask - Pandeoshop\",\"isPartOf\":{\"@id\":\"https:\/\/pandeoshop.com\/sl\/#website\"},\"primaryImageOfPage\":{\"@id\":\"https:\/\/pandeoshop.com\/product\/medi-peel-bamboo-cica-bomb-calming-mask\/#primaryimage\"},\"image\":{\"@id\":\"https:\/\/pandeoshop.com\/product\/medi-peel-bamboo-cica-bomb-calming-mask\/#primaryimage\"},\"thumbnailUrl\":\"https:\/\/pandeoshop.com\/wp-content\/uploads\/medi-peel-bamboo-cica-bomb-calming-mask-1.jpeg\",\"datePublished\":\"2022-09-17T15:50:28+00:00\",\"dateModified\":\"2023-07-19T23:30:33+00:00\",\"description\":\"Tekstilna maska pomiri razdra\u017eeno ko\u017eo, prepre\u010di rozaceo (rde\u010dico), vla\u017ei in izena\u010di teksturo ko\u017ee. Dobra izbira za ob\u010dutljivo ko\u017eo.\",\"breadcrumb\":{\"@id\":\"https:\/\/pandeoshop.com\/product\/medi-peel-bamboo-cica-bomb-calming-mask\/#breadcrumb\"},\"inLanguage\":\"sl-SI\",\"potentialAction\":[{\"@type\":\"ReadAction\",\"target\":[\"https:\/\/pandeoshop.com\/product\/medi-peel-bamboo-cica-bomb-calming-mask\/\"]}]},{\"@type\":\"ImageObject\",\"inLanguage\":\"sl-SI\",\"@id\":\"https:\/\/pandeoshop.com\/product\/medi-peel-bamboo-cica-bomb-calming-mask\/#primaryimage\",\"url\":\"https:\/\/pandeoshop.com\/wp-content\/uploads\/medi-peel-bamboo-cica-bomb-calming-mask-1.jpeg\",\"contentUrl\":\"https:\/\/pandeoshop.com\/wp-content\/uploads\/medi-peel-bamboo-cica-bomb-calming-mask-1.jpeg\",\"width\":1000,\"height\":1000},{\"@type\":\"BreadcrumbList\",\"@id\":\"https:\/\/pandeoshop.com\/product\/medi-peel-bamboo-cica-bomb-calming-mask\/#breadcrumb\",\"itemListElement\":[{\"@type\":\"ListItem\",\"position\":1,\"name\":\"Domov\",\"item\":\"https:\/\/pandeoshop.com\/sl\/\"},{\"@type\":\"ListItem\",\"position\":2,\"name\":\"Trgovina\",\"item\":\"https:\/\/pandeoshop.com\/sl\/trgovina\/\"},{\"@type\":\"ListItem\",\"position\":3,\"name\":\"Blagovne znamke\",\"item\":\"https:\/\/pandeoshop.com\/sl\/category\/blagovne-znamke\/\"},{\"@type\":\"ListItem\",\"position\":4,\"name\":\"Medi-Peel\",\"item\":\"https:\/\/pandeoshop.com\/sl\/category\/blagovne-znamke\/medi-peel-sl\/\"},{\"@type\":\"ListItem\",\"position\":5,\"name\":\"Pomirjujo\u010da tekstilna maska \u200b\u200bz izvle\u010dkom bambusa in centele Medi-Peel Bamboo Cica Bomb Calming Mask\"}]},{\"@type\":\"WebSite\",\"@id\":\"https:\/\/pandeoshop.com\/sl\/#website\",\"url\":\"https:\/\/pandeoshop.com\/sl\/\",\"name\":\"Pandeoshop\",\"description\":\"\u0160e eno spleti\u0161\u010de WordPress\",\"publisher\":{\"@id\":\"https:\/\/pandeoshop.com\/sl\/#organization\"},\"potentialAction\":[{\"@type\":\"SearchAction\",\"target\":{\"@type\":\"EntryPoint\",\"urlTemplate\":\"https:\/\/pandeoshop.com\/sl\/?s={search_term_string}\"},\"query-input\":\"required name=search_term_string\"}],\"inLanguage\":\"sl-SI\"},{\"@type\":\"Organization\",\"@id\":\"https:\/\/pandeoshop.com\/sl\/#organization\",\"name\":\"Pandeoshop\",\"url\":\"https:\/\/pandeoshop.com\/sl\/\",\"logo\":{\"@type\":\"ImageObject\",\"inLanguage\":\"sl-SI\",\"@id\":\"https:\/\/pandeoshop.com\/sl\/#\/schema\/logo\/image\/\",\"url\":\"https:\/\/pandeoshop.com\/wp-content\/uploads\/pandeoshop_social_logo_no_textjpg.jpg\",\"contentUrl\":\"https:\/\/pandeoshop.com\/wp-content\/uploads\/pandeoshop_social_logo_no_textjpg.jpg\",\"width\":288,\"height\":201,\"caption\":\"Pandeoshop\"},\"image\":{\"@id\":\"https:\/\/pandeoshop.com\/sl\/#\/schema\/logo\/image\/\"},\"sameAs\":[\"https:\/\/www.facebook.com\/pandeoshop\/\",\"https:\/\/www.instagram.com\/pandeo_shop\/\"]}]}<\/script>\n<meta property=\"product:price:amount\" content=\"2.15\" \/>\n<meta property=\"product:price:currency\" content=\"EUR\" \/>\n<meta property=\"og:availability\" content=\"instock\" \/>\n<meta property=\"product:availability\" content=\"instock\" \/>\n<meta property=\"product:retailer_item_id\" content=\"HS10539\" \/>\n<meta property=\"product:condition\" content=\"new\" \/>\n<!-- \/ Yoast SEO Premium plugin. -->","yoast_head_json":{"title":"Pomirjujo\u010da tekstilna maska \u200b\u200bz izvle\u010dkom bambusa in centele | Medi-Peel Bamboo Cica Bomb Calming Mask - Pandeoshop","description":"Tekstilna maska pomiri razdra\u017eeno ko\u017eo, prepre\u010di rozaceo (rde\u010dico), vla\u017ei in izena\u010di teksturo ko\u017ee. Dobra izbira za ob\u010dutljivo ko\u017eo.","robots":{"index":"index","follow":"follow","max-snippet":"max-snippet:-1","max-image-preview":"max-image-preview:large","max-video-preview":"max-video-preview:-1"},"canonical":"https:\/\/pandeoshop.com\/sl\/product\/medi-peel-bamboo-cica-bomb-calming-mask\/","og_locale":"sl_SI","og_type":"article","og_title":"Pomirjujo\u010da tekstilna maska \u200b\u200bz izvle\u010dkom bambusa in centele | Medi-Peel Bamboo Cica Bomb Calming Mask - Pandeoshop","og_description":"Tekstilna maska pomiri razdra\u017eeno ko\u017eo, prepre\u010di rozaceo (rde\u010dico), vla\u017ei in izena\u010di teksturo ko\u017ee. Dobra izbira za ob\u010dutljivo ko\u017eo.","og_url":"https:\/\/pandeoshop.com\/product\/medi-peel-bamboo-cica-bomb-calming-mask\/","og_site_name":"Pandeoshop","article_publisher":"https:\/\/www.facebook.com\/pandeoshop\/","article_modified_time":"2023-07-19T23:30:33+00:00","og_image":[{"width":1000,"height":1000,"url":"https:\/\/pandeoshop.com\/wp-content\/uploads\/medi-peel-bamboo-cica-bomb-calming-mask-1.jpeg","type":"image\/jpeg"}],"twitter_card":"summary_large_image","schema":{"@context":"https:\/\/schema.org","@graph":[{"@type":"WebPage","@id":"https:\/\/pandeoshop.com\/sl\/izdelek\/pomirjujoca-tekstilna-maska-%e2%80%8b%e2%80%8bz-izvleckom-bambusa-in-centele-medi-peel-bamboo-cica-bomb-calming-mask\/","url":"https:\/\/pandeoshop.com\/product\/medi-peel-bamboo-cica-bomb-calming-mask\/","name":"Pomirjujo\u010da tekstilna maska \u200b\u200bz izvle\u010dkom bambusa in centele | Medi-Peel Bamboo Cica Bomb Calming Mask - Pandeoshop","isPartOf":{"@id":"https:\/\/pandeoshop.com\/sl\/#website"},"primaryImageOfPage":{"@id":"https:\/\/pandeoshop.com\/product\/medi-peel-bamboo-cica-bomb-calming-mask\/#primaryimage"},"image":{"@id":"https:\/\/pandeoshop.com\/product\/medi-peel-bamboo-cica-bomb-calming-mask\/#primaryimage"},"thumbnailUrl":"https:\/\/pandeoshop.com\/wp-content\/uploads\/medi-peel-bamboo-cica-bomb-calming-mask-1.jpeg","datePublished":"2022-09-17T15:50:28+00:00","dateModified":"2023-07-19T23:30:33+00:00","description":"Tekstilna maska pomiri razdra\u017eeno ko\u017eo, prepre\u010di rozaceo (rde\u010dico), vla\u017ei in izena\u010di teksturo ko\u017ee. Dobra izbira za ob\u010dutljivo ko\u017eo.","breadcrumb":{"@id":"https:\/\/pandeoshop.com\/product\/medi-peel-bamboo-cica-bomb-calming-mask\/#breadcrumb"},"inLanguage":"sl-SI","potentialAction":[{"@type":"ReadAction","target":["https:\/\/pandeoshop.com\/product\/medi-peel-bamboo-cica-bomb-calming-mask\/"]}]},{"@type":"ImageObject","inLanguage":"sl-SI","@id":"https:\/\/pandeoshop.com\/product\/medi-peel-bamboo-cica-bomb-calming-mask\/#primaryimage","url":"https:\/\/pandeoshop.com\/wp-content\/uploads\/medi-peel-bamboo-cica-bomb-calming-mask-1.jpeg","contentUrl":"https:\/\/pandeoshop.com\/wp-content\/uploads\/medi-peel-bamboo-cica-bomb-calming-mask-1.jpeg","width":1000,"height":1000},{"@type":"BreadcrumbList","@id":"https:\/\/pandeoshop.com\/product\/medi-peel-bamboo-cica-bomb-calming-mask\/#breadcrumb","itemListElement":[{"@type":"ListItem","position":1,"name":"Domov","item":"https:\/\/pandeoshop.com\/sl\/"},{"@type":"ListItem","position":2,"name":"Trgovina","item":"https:\/\/pandeoshop.com\/sl\/trgovina\/"},{"@type":"ListItem","position":3,"name":"Blagovne znamke","item":"https:\/\/pandeoshop.com\/sl\/category\/blagovne-znamke\/"},{"@type":"ListItem","position":4,"name":"Medi-Peel","item":"https:\/\/pandeoshop.com\/sl\/category\/blagovne-znamke\/medi-peel-sl\/"},{"@type":"ListItem","position":5,"name":"Pomirjujo\u010da tekstilna maska \u200b\u200bz izvle\u010dkom bambusa in centele Medi-Peel Bamboo Cica Bomb Calming Mask"}]},{"@type":"WebSite","@id":"https:\/\/pandeoshop.com\/sl\/#website","url":"https:\/\/pandeoshop.com\/sl\/","name":"Pandeoshop","description":"\u0160e eno spleti\u0161\u010de WordPress","publisher":{"@id":"https:\/\/pandeoshop.com\/sl\/#organization"},"potentialAction":[{"@type":"SearchAction","target":{"@type":"EntryPoint","urlTemplate":"https:\/\/pandeoshop.com\/sl\/?s={search_term_string}"},"query-input":"required name=search_term_string"}],"inLanguage":"sl-SI"},{"@type":"Organization","@id":"https:\/\/pandeoshop.com\/sl\/#organization","name":"Pandeoshop","url":"https:\/\/pandeoshop.com\/sl\/","logo":{"@type":"ImageObject","inLanguage":"sl-SI","@id":"https:\/\/pandeoshop.com\/sl\/#\/schema\/logo\/image\/","url":"https:\/\/pandeoshop.com\/wp-content\/uploads\/pandeoshop_social_logo_no_textjpg.jpg","contentUrl":"https:\/\/pandeoshop.com\/wp-content\/uploads\/pandeoshop_social_logo_no_textjpg.jpg","width":288,"height":201,"caption":"Pandeoshop"},"image":{"@id":"https:\/\/pandeoshop.com\/sl\/#\/schema\/logo\/image\/"},"sameAs":["https:\/\/www.facebook.com\/pandeoshop\/","https:\/\/www.instagram.com\/pandeo_shop\/"]}]},"product_price_amount":"2.15","product_price_currency":"EUR","og_availability":"instock","product_availability":"instock","product_retailer_item_id":"HS10539","product_condition":"new"},"_links":{"self":[{"href":"https:\/\/pandeoshop.com\/sl\/wp-json\/wp\/v2\/product\/26545"}],"collection":[{"href":"https:\/\/pandeoshop.com\/sl\/wp-json\/wp\/v2\/product"}],"about":[{"href":"https:\/\/pandeoshop.com\/sl\/wp-json\/wp\/v2\/types\/product"}],"replies":[{"embeddable":true,"href":"https:\/\/pandeoshop.com\/sl\/wp-json\/wp\/v2\/comments?post=26545"}],"wp:featuredmedia":[{"embeddable":true,"href":"https:\/\/pandeoshop.com\/sl\/wp-json\/wp\/v2\/media\/35376"}],"wp:attachment":[{"href":"https:\/\/pandeoshop.com\/sl\/wp-json\/wp\/v2\/media?parent=26545"}],"wp:term":[{"taxonomy":"product_cat","embeddable":true,"href":"https:\/\/pandeoshop.com\/sl\/wp-json\/wp\/v2\/product_cat?post=26545"},{"taxonomy":"product_tag","embeddable":true,"href":"https:\/\/pandeoshop.com\/sl\/wp-json\/wp\/v2\/product_tag?post=26545"}],"curies":[{"name":"wp","href":"https:\/\/api.w.org\/{rel}","templated":true}]}}