{"id":26544,"date":"2023-02-04T20:00:43","date_gmt":"2023-02-04T19:19:35","guid":{"rendered":"https:\/\/pandeoshop.com\/?post_type=product&#038;p=26544"},"modified":"2023-07-20T01:30:32","modified_gmt":"2023-07-19T23:30:32","slug":"piling-blazinice-za-ciscenje-in-vlazenje-koze","status":"publish","type":"product","link":"https:\/\/pandeoshop.com\/sl\/izdelek\/piling-blazinice-za-ciscenje-in-vlazenje-koze\/","title":{"rendered":"Piling blazinice za \u010di\u0161\u010denje in vla\u017eenje ko\u017ee"},"content":{"rendered":"<p>Medi-Peel Aqua Mooltox Sparkling Pad &#8211; \u010distilne bomba\u017ene blazinice na osnovi gazirane vode imajo optimalen pH 5,5. Blazinica ne\u017eno o\u010disti ko\u017eo obraza, pospe\u0161uje proces obnove in izbolj\u0161a mikrocirkulacijo. Pomaga tudi pri izena\u010devanju tena ko\u017ee. <\/p>\n<p>Patentirana komponenta AQUAXYL (Aquaxyl) je kompleks naravnega izvora, ki zdru\u017euje glukozo in ksilitol. Kombinacija teh komponent u\u010dinkovito obnavlja vodno ravnovesje ko\u017ee, odpravlja lu\u0161\u010denje in dra\u017eenje ter izravnava mikrorelief.<br \/>\nGazirana voda je glavna sestavina pilinga, ki spodbuja obnovo celic in u\u010dvrsti ko\u017eo.<br \/>\nPet razli\u010dnih vrst hialuronske kisline intenzivno vla\u017ei ko\u017eo, jo zadr\u017ei v ko\u017ei, gladi teksturo ko\u017ee in pospe\u0161uje proces celjenja.<br \/>\nZeleni \u010daj ima antisepti\u010dne, antibakterijske in antioksidativne lastnosti, pomaga pri laj\u0161anju vnetja in dra\u017eenja ter uravnava proizvodnjo sebuma.<br \/>\nCitronska kislina posvetli in izena\u010di polt, odstrani odmrle celice in osve\u017ei. <\/p>\n<p>Posebnost teh blazinic je, da se lahko uporabljajo tudi na ob\u010dutljivi in \u200b\u200bzlahka razdra\u017eljivi ko\u017ei, ne da bi povzro\u010dile reakcijo ko\u017ee, kar se dogaja pri drugih vrstah pilingov.<\/p>\n","protected":false},"excerpt":{"rendered":"<p>Piling blazinice za \u010di\u0161\u010denje in vla\u017eenje ko\u017ee | Medi-Peel Aqua Mooltox Sparkling Pad<\/p>\n","protected":false},"featured_media":40488,"comment_status":"open","ping_status":"closed","template":"","meta":[],"product_cat":[1804,1775,1784,1780,1814,1785,1767,1781,1782,1783,1779,1786],"product_tag":[4549,4518],"bundle_layout":"","bundle_add_to_cart_form_location":"","bundle_editable_in_cart":false,"bundle_sold_individually_context":"","bundle_item_grouping":"","bundle_min_size":"","bundle_max_size":"","bundled_by":[],"bundled_items":[],"yoast_head":"<!-- This site is optimized with the Yoast SEO Premium plugin v22.2 (Yoast SEO v22.9) - https:\/\/yoast.com\/wordpress\/plugins\/seo\/ -->\n<title>Piling blazinice za \u010di\u0161\u010denje in vla\u017eenje ko\u017ee - Pandeoshop<\/title>\n<meta name=\"description\" content=\"Piling blazinice za \u010di\u0161\u010denje in vla\u017eenje ko\u017ee | Medi-Peel Aqua Mooltox Sparkling Pad\" \/>\n<meta name=\"robots\" content=\"index, follow, max-snippet:-1, max-image-preview:large, max-video-preview:-1\" \/>\n<link rel=\"canonical\" href=\"https:\/\/pandeoshop.com\/sl\/product\/medi-peel-aqua-mooltox-sparkling-pad\/\" \/>\n<meta property=\"og:locale\" content=\"sl_SI\" \/>\n<meta property=\"og:type\" content=\"article\" \/>\n<meta property=\"og:title\" content=\"Piling blazinice za \u010di\u0161\u010denje in vla\u017eenje ko\u017ee - Pandeoshop\" \/>\n<meta property=\"og:description\" content=\"Piling blazinice za \u010di\u0161\u010denje in vla\u017eenje ko\u017ee | Medi-Peel Aqua Mooltox Sparkling Pad\" \/>\n<meta property=\"og:url\" content=\"https:\/\/pandeoshop.com\/product\/medi-peel-aqua-mooltox-sparkling-pad\/\" \/>\n<meta property=\"og:site_name\" content=\"Pandeoshop\" \/>\n<meta property=\"article:publisher\" content=\"https:\/\/www.facebook.com\/pandeoshop\/\" \/>\n<meta property=\"article:modified_time\" content=\"2023-07-19T23:30:32+00:00\" \/>\n<meta property=\"og:image\" content=\"https:\/\/pandeoshop.com\/wp-content\/uploads\/medi-peel-aqua-mooltox-sparkling-pad-1.jpeg\" \/>\n\t<meta property=\"og:image:width\" content=\"1000\" \/>\n\t<meta property=\"og:image:height\" content=\"1000\" \/>\n\t<meta property=\"og:image:type\" content=\"image\/jpeg\" \/>\n<meta name=\"twitter:card\" content=\"summary_large_image\" \/>\n<script type=\"application\/ld+json\" class=\"yoast-schema-graph\">{\"@context\":\"https:\/\/schema.org\",\"@graph\":[{\"@type\":\"WebPage\",\"@id\":\"https:\/\/pandeoshop.com\/sl\/izdelek\/piling-blazinice-za-ciscenje-in-vlazenje-koze\/\",\"url\":\"https:\/\/pandeoshop.com\/product\/medi-peel-aqua-mooltox-sparkling-pad\/\",\"name\":\"Piling blazinice za \u010di\u0161\u010denje in vla\u017eenje ko\u017ee - Pandeoshop\",\"isPartOf\":{\"@id\":\"https:\/\/pandeoshop.com\/sl\/#website\"},\"primaryImageOfPage\":{\"@id\":\"https:\/\/pandeoshop.com\/product\/medi-peel-aqua-mooltox-sparkling-pad\/#primaryimage\"},\"image\":{\"@id\":\"https:\/\/pandeoshop.com\/product\/medi-peel-aqua-mooltox-sparkling-pad\/#primaryimage\"},\"thumbnailUrl\":\"https:\/\/pandeoshop.com\/wp-content\/uploads\/medi-peel-aqua-mooltox-sparkling-pad-1.jpeg\",\"datePublished\":\"2023-02-04T19:19:35+00:00\",\"dateModified\":\"2023-07-19T23:30:32+00:00\",\"description\":\"Piling blazinice za \u010di\u0161\u010denje in vla\u017eenje ko\u017ee | Medi-Peel Aqua Mooltox Sparkling Pad\",\"breadcrumb\":{\"@id\":\"https:\/\/pandeoshop.com\/product\/medi-peel-aqua-mooltox-sparkling-pad\/#breadcrumb\"},\"inLanguage\":\"sl-SI\",\"potentialAction\":[{\"@type\":\"ReadAction\",\"target\":[\"https:\/\/pandeoshop.com\/product\/medi-peel-aqua-mooltox-sparkling-pad\/\"]}]},{\"@type\":\"ImageObject\",\"inLanguage\":\"sl-SI\",\"@id\":\"https:\/\/pandeoshop.com\/product\/medi-peel-aqua-mooltox-sparkling-pad\/#primaryimage\",\"url\":\"https:\/\/pandeoshop.com\/wp-content\/uploads\/medi-peel-aqua-mooltox-sparkling-pad-1.jpeg\",\"contentUrl\":\"https:\/\/pandeoshop.com\/wp-content\/uploads\/medi-peel-aqua-mooltox-sparkling-pad-1.jpeg\",\"width\":1000,\"height\":1000},{\"@type\":\"BreadcrumbList\",\"@id\":\"https:\/\/pandeoshop.com\/product\/medi-peel-aqua-mooltox-sparkling-pad\/#breadcrumb\",\"itemListElement\":[{\"@type\":\"ListItem\",\"position\":1,\"name\":\"Domov\",\"item\":\"https:\/\/pandeoshop.com\/sl\/\"},{\"@type\":\"ListItem\",\"position\":2,\"name\":\"Trgovina\",\"item\":\"https:\/\/pandeoshop.com\/sl\/trgovina\/\"},{\"@type\":\"ListItem\",\"position\":3,\"name\":\"Blagovne znamke\",\"item\":\"https:\/\/pandeoshop.com\/sl\/category\/blagovne-znamke\/\"},{\"@type\":\"ListItem\",\"position\":4,\"name\":\"Medi-Peel\",\"item\":\"https:\/\/pandeoshop.com\/sl\/category\/blagovne-znamke\/medi-peel-sl\/\"},{\"@type\":\"ListItem\",\"position\":5,\"name\":\"Piling blazinice za \u010di\u0161\u010denje in vla\u017eenje ko\u017ee\"}]},{\"@type\":\"WebSite\",\"@id\":\"https:\/\/pandeoshop.com\/sl\/#website\",\"url\":\"https:\/\/pandeoshop.com\/sl\/\",\"name\":\"Pandeoshop\",\"description\":\"\u0160e eno spleti\u0161\u010de WordPress\",\"publisher\":{\"@id\":\"https:\/\/pandeoshop.com\/sl\/#organization\"},\"potentialAction\":[{\"@type\":\"SearchAction\",\"target\":{\"@type\":\"EntryPoint\",\"urlTemplate\":\"https:\/\/pandeoshop.com\/sl\/?s={search_term_string}\"},\"query-input\":\"required name=search_term_string\"}],\"inLanguage\":\"sl-SI\"},{\"@type\":\"Organization\",\"@id\":\"https:\/\/pandeoshop.com\/sl\/#organization\",\"name\":\"Pandeoshop\",\"url\":\"https:\/\/pandeoshop.com\/sl\/\",\"logo\":{\"@type\":\"ImageObject\",\"inLanguage\":\"sl-SI\",\"@id\":\"https:\/\/pandeoshop.com\/sl\/#\/schema\/logo\/image\/\",\"url\":\"https:\/\/pandeoshop.com\/wp-content\/uploads\/pandeoshop_social_logo_no_textjpg.jpg\",\"contentUrl\":\"https:\/\/pandeoshop.com\/wp-content\/uploads\/pandeoshop_social_logo_no_textjpg.jpg\",\"width\":288,\"height\":201,\"caption\":\"Pandeoshop\"},\"image\":{\"@id\":\"https:\/\/pandeoshop.com\/sl\/#\/schema\/logo\/image\/\"},\"sameAs\":[\"https:\/\/www.facebook.com\/pandeoshop\/\",\"https:\/\/www.instagram.com\/pandeo_shop\/\"]}]}<\/script>\n<meta property=\"product:price:amount\" content=\"35.21\" \/>\n<meta property=\"product:price:currency\" content=\"EUR\" \/>\n<meta property=\"og:availability\" content=\"instock\" \/>\n<meta property=\"product:availability\" content=\"instock\" \/>\n<meta property=\"product:retailer_item_id\" content=\"HS10538\" \/>\n<meta property=\"product:condition\" content=\"new\" \/>\n<!-- \/ Yoast SEO Premium plugin. -->","yoast_head_json":{"title":"Piling blazinice za \u010di\u0161\u010denje in vla\u017eenje ko\u017ee - Pandeoshop","description":"Piling blazinice za \u010di\u0161\u010denje in vla\u017eenje ko\u017ee | Medi-Peel Aqua Mooltox Sparkling Pad","robots":{"index":"index","follow":"follow","max-snippet":"max-snippet:-1","max-image-preview":"max-image-preview:large","max-video-preview":"max-video-preview:-1"},"canonical":"https:\/\/pandeoshop.com\/sl\/product\/medi-peel-aqua-mooltox-sparkling-pad\/","og_locale":"sl_SI","og_type":"article","og_title":"Piling blazinice za \u010di\u0161\u010denje in vla\u017eenje ko\u017ee - Pandeoshop","og_description":"Piling blazinice za \u010di\u0161\u010denje in vla\u017eenje ko\u017ee | Medi-Peel Aqua Mooltox Sparkling Pad","og_url":"https:\/\/pandeoshop.com\/product\/medi-peel-aqua-mooltox-sparkling-pad\/","og_site_name":"Pandeoshop","article_publisher":"https:\/\/www.facebook.com\/pandeoshop\/","article_modified_time":"2023-07-19T23:30:32+00:00","og_image":[{"width":1000,"height":1000,"url":"https:\/\/pandeoshop.com\/wp-content\/uploads\/medi-peel-aqua-mooltox-sparkling-pad-1.jpeg","type":"image\/jpeg"}],"twitter_card":"summary_large_image","schema":{"@context":"https:\/\/schema.org","@graph":[{"@type":"WebPage","@id":"https:\/\/pandeoshop.com\/sl\/izdelek\/piling-blazinice-za-ciscenje-in-vlazenje-koze\/","url":"https:\/\/pandeoshop.com\/product\/medi-peel-aqua-mooltox-sparkling-pad\/","name":"Piling blazinice za \u010di\u0161\u010denje in vla\u017eenje ko\u017ee - Pandeoshop","isPartOf":{"@id":"https:\/\/pandeoshop.com\/sl\/#website"},"primaryImageOfPage":{"@id":"https:\/\/pandeoshop.com\/product\/medi-peel-aqua-mooltox-sparkling-pad\/#primaryimage"},"image":{"@id":"https:\/\/pandeoshop.com\/product\/medi-peel-aqua-mooltox-sparkling-pad\/#primaryimage"},"thumbnailUrl":"https:\/\/pandeoshop.com\/wp-content\/uploads\/medi-peel-aqua-mooltox-sparkling-pad-1.jpeg","datePublished":"2023-02-04T19:19:35+00:00","dateModified":"2023-07-19T23:30:32+00:00","description":"Piling blazinice za \u010di\u0161\u010denje in vla\u017eenje ko\u017ee | Medi-Peel Aqua Mooltox Sparkling Pad","breadcrumb":{"@id":"https:\/\/pandeoshop.com\/product\/medi-peel-aqua-mooltox-sparkling-pad\/#breadcrumb"},"inLanguage":"sl-SI","potentialAction":[{"@type":"ReadAction","target":["https:\/\/pandeoshop.com\/product\/medi-peel-aqua-mooltox-sparkling-pad\/"]}]},{"@type":"ImageObject","inLanguage":"sl-SI","@id":"https:\/\/pandeoshop.com\/product\/medi-peel-aqua-mooltox-sparkling-pad\/#primaryimage","url":"https:\/\/pandeoshop.com\/wp-content\/uploads\/medi-peel-aqua-mooltox-sparkling-pad-1.jpeg","contentUrl":"https:\/\/pandeoshop.com\/wp-content\/uploads\/medi-peel-aqua-mooltox-sparkling-pad-1.jpeg","width":1000,"height":1000},{"@type":"BreadcrumbList","@id":"https:\/\/pandeoshop.com\/product\/medi-peel-aqua-mooltox-sparkling-pad\/#breadcrumb","itemListElement":[{"@type":"ListItem","position":1,"name":"Domov","item":"https:\/\/pandeoshop.com\/sl\/"},{"@type":"ListItem","position":2,"name":"Trgovina","item":"https:\/\/pandeoshop.com\/sl\/trgovina\/"},{"@type":"ListItem","position":3,"name":"Blagovne znamke","item":"https:\/\/pandeoshop.com\/sl\/category\/blagovne-znamke\/"},{"@type":"ListItem","position":4,"name":"Medi-Peel","item":"https:\/\/pandeoshop.com\/sl\/category\/blagovne-znamke\/medi-peel-sl\/"},{"@type":"ListItem","position":5,"name":"Piling blazinice za \u010di\u0161\u010denje in vla\u017eenje ko\u017ee"}]},{"@type":"WebSite","@id":"https:\/\/pandeoshop.com\/sl\/#website","url":"https:\/\/pandeoshop.com\/sl\/","name":"Pandeoshop","description":"\u0160e eno spleti\u0161\u010de WordPress","publisher":{"@id":"https:\/\/pandeoshop.com\/sl\/#organization"},"potentialAction":[{"@type":"SearchAction","target":{"@type":"EntryPoint","urlTemplate":"https:\/\/pandeoshop.com\/sl\/?s={search_term_string}"},"query-input":"required name=search_term_string"}],"inLanguage":"sl-SI"},{"@type":"Organization","@id":"https:\/\/pandeoshop.com\/sl\/#organization","name":"Pandeoshop","url":"https:\/\/pandeoshop.com\/sl\/","logo":{"@type":"ImageObject","inLanguage":"sl-SI","@id":"https:\/\/pandeoshop.com\/sl\/#\/schema\/logo\/image\/","url":"https:\/\/pandeoshop.com\/wp-content\/uploads\/pandeoshop_social_logo_no_textjpg.jpg","contentUrl":"https:\/\/pandeoshop.com\/wp-content\/uploads\/pandeoshop_social_logo_no_textjpg.jpg","width":288,"height":201,"caption":"Pandeoshop"},"image":{"@id":"https:\/\/pandeoshop.com\/sl\/#\/schema\/logo\/image\/"},"sameAs":["https:\/\/www.facebook.com\/pandeoshop\/","https:\/\/www.instagram.com\/pandeo_shop\/"]}]},"product_price_amount":"35.21","product_price_currency":"EUR","og_availability":"instock","product_availability":"instock","product_retailer_item_id":"HS10538","product_condition":"new"},"_links":{"self":[{"href":"https:\/\/pandeoshop.com\/sl\/wp-json\/wp\/v2\/product\/26544"}],"collection":[{"href":"https:\/\/pandeoshop.com\/sl\/wp-json\/wp\/v2\/product"}],"about":[{"href":"https:\/\/pandeoshop.com\/sl\/wp-json\/wp\/v2\/types\/product"}],"replies":[{"embeddable":true,"href":"https:\/\/pandeoshop.com\/sl\/wp-json\/wp\/v2\/comments?post=26544"}],"wp:featuredmedia":[{"embeddable":true,"href":"https:\/\/pandeoshop.com\/sl\/wp-json\/wp\/v2\/media\/40488"}],"wp:attachment":[{"href":"https:\/\/pandeoshop.com\/sl\/wp-json\/wp\/v2\/media?parent=26544"}],"wp:term":[{"taxonomy":"product_cat","embeddable":true,"href":"https:\/\/pandeoshop.com\/sl\/wp-json\/wp\/v2\/product_cat?post=26544"},{"taxonomy":"product_tag","embeddable":true,"href":"https:\/\/pandeoshop.com\/sl\/wp-json\/wp\/v2\/product_tag?post=26544"}],"curies":[{"name":"wp","href":"https:\/\/api.w.org\/{rel}","templated":true}]}}