{"id":26543,"date":"2022-10-25T23:15:40","date_gmt":"2022-09-17T15:50:28","guid":{"rendered":"https:\/\/pandeoshop.com\/?post_type=product&#038;p=26543"},"modified":"2025-06-05T00:05:24","modified_gmt":"2025-06-04T22:05:24","slug":"cistilna-pena-z-detox-ucinkom-medi-peel-algo-tox-deep-clear","status":"publish","type":"product","link":"https:\/\/pandeoshop.com\/sl\/izdelek\/cistilna-pena-z-detox-ucinkom-medi-peel-algo-tox-deep-clear\/","title":{"rendered":"\u010cistilna pena z detox-u\u010dinkom <br\/> Medi-Peel Algo-Tox Deep Clear"},"content":{"rendered":"<p>Medi-Peel Algo-Tox Deep Clear je \u010distilna pena za globinsko \u010di\u0161\u010denje z p\u0161eni\u010dno travo, ki spodbuja regeneracijske procese. <\/p>\n<p>Charles Franklin, ameri\u0161ki raziskovalec hrane, trdi, da p\u0161eni\u010dna trava vsebuje 23-krat ve\u010d hranilnih snovi kot navadna zelenjava. Imajo visoko koncentracijo klorofila, bogatega z minerali in aminokislinami. Slednji spodbuja proizvodnjo elastina in kolagena, kar pripomore pri napenjanju ko\u017ee in glajenju gub. <\/p>\n<p>Centella asiatica ima protivnetne in pomirjujo\u010de lastnosti, izbolj\u0161a ko\u017eno pregrado in zmanj\u0161a zabuhlost. Pena izbolj\u0161a stanje ko\u017ee in je primerna za ob\u010dutljivo in razdra\u017eeno ko\u017eo. Odstranjuje ne samo povr\u0161insko umazanijo ampak tudi toksine, ki se skozi dan nakopi\u010dijo v porah. Izdelek vsebuje patentirane antibakterijske, proti aknaste, pomirjujo\u010de, vla\u017eilne in sebumne sestavine &#8211; \u0161est vrst parabenov, benzofenon -3). Pena je idealna za normalno, mastno, me\u0161ano, grobo in bledo ko\u017eo. <\/p>\n<p>Izdelek vsebuje samo ekolo\u0161ko pridelano p\u0161eni\u010dno travo, pridelano v Ju\u017eni Koreji.<\/p>\n","protected":false},"excerpt":{"rendered":"<p>\u010cistilna pena u\u010dinkovito odstranjuje \u0161kodljive snovi s ko\u017ee. Izvle\u010dki p\u0161eni\u010dnih kal\u010dkov, ki jih vsebuje izdelek, so bogati s klorofilom, ki deluje protibakterijsko. Izdelek vsebuje tudi izvle\u010dek centele kateri pomirja problemati\u010dno ko\u017eo.<\/p>\n","protected":false},"featured_media":35361,"comment_status":"open","ping_status":"closed","template":"","meta":[],"product_cat":[1804,1774,1780,1814,1785,1767,1771,1787,1779,1802],"product_tag":[4513,4526,4538,4502,4571,5271],"bundle_layout":"","bundle_add_to_cart_form_location":"","bundle_editable_in_cart":false,"bundle_sold_individually_context":"","bundle_item_grouping":"","bundle_min_size":"","bundle_max_size":"","bundled_by":[],"bundled_items":[],"yoast_head":"<!-- This site is optimized with the Yoast SEO Premium plugin v22.2 (Yoast SEO v22.9) - https:\/\/yoast.com\/wordpress\/plugins\/seo\/ -->\n<title>\u010cistilna pena z detox-u\u010dinkom | Medi-Peel Algo-Tox Deep Clear - Pandeoshop<\/title>\n<meta name=\"description\" content=\"\u010cistilna pena u\u010dinkovito odstranjuje \u0161kodljive snovi s ko\u017ee. Izvle\u010dki p\u0161eni\u010dnih kal\u010dkov, ki jih vsebuje izdelek, so bogati s klorofilom, ki deluje protibakterijsko. Izdelek vsebuje tudi izvle\u010dek centele kateri pomirja problemati\u010dno ko\u017eo.\" \/>\n<meta name=\"robots\" content=\"index, follow, max-snippet:-1, max-image-preview:large, max-video-preview:-1\" \/>\n<link rel=\"canonical\" href=\"https:\/\/pandeoshop.com\/sl\/product\/medi-peel-algo-tox-deep-clear\/\" \/>\n<meta property=\"og:locale\" content=\"sl_SI\" \/>\n<meta property=\"og:type\" content=\"article\" \/>\n<meta property=\"og:title\" content=\"\u010cistilna pena z detox-u\u010dinkom | Medi-Peel Algo-Tox Deep Clear - Pandeoshop\" \/>\n<meta property=\"og:description\" content=\"\u010cistilna pena u\u010dinkovito odstranjuje \u0161kodljive snovi s ko\u017ee. Izvle\u010dki p\u0161eni\u010dnih kal\u010dkov, ki jih vsebuje izdelek, so bogati s klorofilom, ki deluje protibakterijsko. Izdelek vsebuje tudi izvle\u010dek centele kateri pomirja problemati\u010dno ko\u017eo.\" \/>\n<meta property=\"og:url\" content=\"https:\/\/pandeoshop.com\/product\/medi-peel-algo-tox-deep-clear\/\" \/>\n<meta property=\"og:site_name\" content=\"Pandeoshop\" \/>\n<meta property=\"article:publisher\" content=\"https:\/\/www.facebook.com\/pandeoshop\/\" \/>\n<meta property=\"article:modified_time\" content=\"2025-06-04T22:05:24+00:00\" \/>\n<meta property=\"og:image\" content=\"https:\/\/pandeoshop.com\/wp-content\/uploads\/medi-peel-algo-tox-deep-clear-1.jpeg\" \/>\n\t<meta property=\"og:image:width\" content=\"1000\" \/>\n\t<meta property=\"og:image:height\" content=\"1000\" \/>\n\t<meta property=\"og:image:type\" content=\"image\/jpeg\" \/>\n<meta name=\"twitter:card\" content=\"summary_large_image\" \/>\n<script type=\"application\/ld+json\" class=\"yoast-schema-graph\">{\"@context\":\"https:\/\/schema.org\",\"@graph\":[{\"@type\":\"WebPage\",\"@id\":\"https:\/\/pandeoshop.com\/sl\/izdelek\/cistilna-pena-z-detox-ucinkom-medi-peel-algo-tox-deep-clear\/\",\"url\":\"https:\/\/pandeoshop.com\/product\/medi-peel-algo-tox-deep-clear\/\",\"name\":\"\u010cistilna pena z detox-u\u010dinkom | Medi-Peel Algo-Tox Deep Clear - Pandeoshop\",\"isPartOf\":{\"@id\":\"https:\/\/pandeoshop.com\/sl\/#website\"},\"primaryImageOfPage\":{\"@id\":\"https:\/\/pandeoshop.com\/product\/medi-peel-algo-tox-deep-clear\/#primaryimage\"},\"image\":{\"@id\":\"https:\/\/pandeoshop.com\/product\/medi-peel-algo-tox-deep-clear\/#primaryimage\"},\"thumbnailUrl\":\"https:\/\/pandeoshop.com\/wp-content\/uploads\/medi-peel-algo-tox-deep-clear-1.jpeg\",\"datePublished\":\"2022-09-17T15:50:28+00:00\",\"dateModified\":\"2025-06-04T22:05:24+00:00\",\"description\":\"\u010cistilna pena u\u010dinkovito odstranjuje \u0161kodljive snovi s ko\u017ee. Izvle\u010dki p\u0161eni\u010dnih kal\u010dkov, ki jih vsebuje izdelek, so bogati s klorofilom, ki deluje protibakterijsko. Izdelek vsebuje tudi izvle\u010dek centele kateri pomirja problemati\u010dno ko\u017eo.\",\"breadcrumb\":{\"@id\":\"https:\/\/pandeoshop.com\/product\/medi-peel-algo-tox-deep-clear\/#breadcrumb\"},\"inLanguage\":\"sl-SI\",\"potentialAction\":[{\"@type\":\"ReadAction\",\"target\":[\"https:\/\/pandeoshop.com\/product\/medi-peel-algo-tox-deep-clear\/\"]}]},{\"@type\":\"ImageObject\",\"inLanguage\":\"sl-SI\",\"@id\":\"https:\/\/pandeoshop.com\/product\/medi-peel-algo-tox-deep-clear\/#primaryimage\",\"url\":\"https:\/\/pandeoshop.com\/wp-content\/uploads\/medi-peel-algo-tox-deep-clear-1.jpeg\",\"contentUrl\":\"https:\/\/pandeoshop.com\/wp-content\/uploads\/medi-peel-algo-tox-deep-clear-1.jpeg\",\"width\":1000,\"height\":1000},{\"@type\":\"BreadcrumbList\",\"@id\":\"https:\/\/pandeoshop.com\/product\/medi-peel-algo-tox-deep-clear\/#breadcrumb\",\"itemListElement\":[{\"@type\":\"ListItem\",\"position\":1,\"name\":\"Domov\",\"item\":\"https:\/\/pandeoshop.com\/sl\/\"},{\"@type\":\"ListItem\",\"position\":2,\"name\":\"Trgovina\",\"item\":\"https:\/\/pandeoshop.com\/sl\/trgovina\/\"},{\"@type\":\"ListItem\",\"position\":3,\"name\":\"Blagovne znamke\",\"item\":\"https:\/\/pandeoshop.com\/sl\/category\/blagovne-znamke\/\"},{\"@type\":\"ListItem\",\"position\":4,\"name\":\"Medi-Peel\",\"item\":\"https:\/\/pandeoshop.com\/sl\/category\/blagovne-znamke\/medi-peel-sl\/\"},{\"@type\":\"ListItem\",\"position\":5,\"name\":\"\u010cistilna pena z detox-u\u010dinkom Medi-Peel Algo-Tox Deep Clear\"}]},{\"@type\":\"WebSite\",\"@id\":\"https:\/\/pandeoshop.com\/sl\/#website\",\"url\":\"https:\/\/pandeoshop.com\/sl\/\",\"name\":\"Pandeoshop\",\"description\":\"\u0160e eno spleti\u0161\u010de WordPress\",\"publisher\":{\"@id\":\"https:\/\/pandeoshop.com\/sl\/#organization\"},\"potentialAction\":[{\"@type\":\"SearchAction\",\"target\":{\"@type\":\"EntryPoint\",\"urlTemplate\":\"https:\/\/pandeoshop.com\/sl\/?s={search_term_string}\"},\"query-input\":\"required name=search_term_string\"}],\"inLanguage\":\"sl-SI\"},{\"@type\":\"Organization\",\"@id\":\"https:\/\/pandeoshop.com\/sl\/#organization\",\"name\":\"Pandeoshop\",\"url\":\"https:\/\/pandeoshop.com\/sl\/\",\"logo\":{\"@type\":\"ImageObject\",\"inLanguage\":\"sl-SI\",\"@id\":\"https:\/\/pandeoshop.com\/sl\/#\/schema\/logo\/image\/\",\"url\":\"https:\/\/pandeoshop.com\/wp-content\/uploads\/pandeoshop_social_logo_no_textjpg.jpg\",\"contentUrl\":\"https:\/\/pandeoshop.com\/wp-content\/uploads\/pandeoshop_social_logo_no_textjpg.jpg\",\"width\":288,\"height\":201,\"caption\":\"Pandeoshop\"},\"image\":{\"@id\":\"https:\/\/pandeoshop.com\/sl\/#\/schema\/logo\/image\/\"},\"sameAs\":[\"https:\/\/www.facebook.com\/pandeoshop\/\",\"https:\/\/www.instagram.com\/pandeo_shop\/\"]}]}<\/script>\n<meta property=\"product:price:amount\" content=\"26.06\" \/>\n<meta property=\"product:price:currency\" content=\"EUR\" \/>\n<meta property=\"og:availability\" content=\"instock\" \/>\n<meta property=\"product:availability\" content=\"instock\" \/>\n<meta property=\"product:retailer_item_id\" content=\"HS10537\" \/>\n<meta property=\"product:condition\" content=\"new\" \/>\n<!-- \/ Yoast SEO Premium plugin. -->","yoast_head_json":{"title":"\u010cistilna pena z detox-u\u010dinkom | Medi-Peel Algo-Tox Deep Clear - Pandeoshop","description":"\u010cistilna pena u\u010dinkovito odstranjuje \u0161kodljive snovi s ko\u017ee. Izvle\u010dki p\u0161eni\u010dnih kal\u010dkov, ki jih vsebuje izdelek, so bogati s klorofilom, ki deluje protibakterijsko. Izdelek vsebuje tudi izvle\u010dek centele kateri pomirja problemati\u010dno ko\u017eo.","robots":{"index":"index","follow":"follow","max-snippet":"max-snippet:-1","max-image-preview":"max-image-preview:large","max-video-preview":"max-video-preview:-1"},"canonical":"https:\/\/pandeoshop.com\/sl\/product\/medi-peel-algo-tox-deep-clear\/","og_locale":"sl_SI","og_type":"article","og_title":"\u010cistilna pena z detox-u\u010dinkom | Medi-Peel Algo-Tox Deep Clear - Pandeoshop","og_description":"\u010cistilna pena u\u010dinkovito odstranjuje \u0161kodljive snovi s ko\u017ee. Izvle\u010dki p\u0161eni\u010dnih kal\u010dkov, ki jih vsebuje izdelek, so bogati s klorofilom, ki deluje protibakterijsko. Izdelek vsebuje tudi izvle\u010dek centele kateri pomirja problemati\u010dno ko\u017eo.","og_url":"https:\/\/pandeoshop.com\/product\/medi-peel-algo-tox-deep-clear\/","og_site_name":"Pandeoshop","article_publisher":"https:\/\/www.facebook.com\/pandeoshop\/","article_modified_time":"2025-06-04T22:05:24+00:00","og_image":[{"width":1000,"height":1000,"url":"https:\/\/pandeoshop.com\/wp-content\/uploads\/medi-peel-algo-tox-deep-clear-1.jpeg","type":"image\/jpeg"}],"twitter_card":"summary_large_image","schema":{"@context":"https:\/\/schema.org","@graph":[{"@type":"WebPage","@id":"https:\/\/pandeoshop.com\/sl\/izdelek\/cistilna-pena-z-detox-ucinkom-medi-peel-algo-tox-deep-clear\/","url":"https:\/\/pandeoshop.com\/product\/medi-peel-algo-tox-deep-clear\/","name":"\u010cistilna pena z detox-u\u010dinkom | Medi-Peel Algo-Tox Deep Clear - Pandeoshop","isPartOf":{"@id":"https:\/\/pandeoshop.com\/sl\/#website"},"primaryImageOfPage":{"@id":"https:\/\/pandeoshop.com\/product\/medi-peel-algo-tox-deep-clear\/#primaryimage"},"image":{"@id":"https:\/\/pandeoshop.com\/product\/medi-peel-algo-tox-deep-clear\/#primaryimage"},"thumbnailUrl":"https:\/\/pandeoshop.com\/wp-content\/uploads\/medi-peel-algo-tox-deep-clear-1.jpeg","datePublished":"2022-09-17T15:50:28+00:00","dateModified":"2025-06-04T22:05:24+00:00","description":"\u010cistilna pena u\u010dinkovito odstranjuje \u0161kodljive snovi s ko\u017ee. Izvle\u010dki p\u0161eni\u010dnih kal\u010dkov, ki jih vsebuje izdelek, so bogati s klorofilom, ki deluje protibakterijsko. Izdelek vsebuje tudi izvle\u010dek centele kateri pomirja problemati\u010dno ko\u017eo.","breadcrumb":{"@id":"https:\/\/pandeoshop.com\/product\/medi-peel-algo-tox-deep-clear\/#breadcrumb"},"inLanguage":"sl-SI","potentialAction":[{"@type":"ReadAction","target":["https:\/\/pandeoshop.com\/product\/medi-peel-algo-tox-deep-clear\/"]}]},{"@type":"ImageObject","inLanguage":"sl-SI","@id":"https:\/\/pandeoshop.com\/product\/medi-peel-algo-tox-deep-clear\/#primaryimage","url":"https:\/\/pandeoshop.com\/wp-content\/uploads\/medi-peel-algo-tox-deep-clear-1.jpeg","contentUrl":"https:\/\/pandeoshop.com\/wp-content\/uploads\/medi-peel-algo-tox-deep-clear-1.jpeg","width":1000,"height":1000},{"@type":"BreadcrumbList","@id":"https:\/\/pandeoshop.com\/product\/medi-peel-algo-tox-deep-clear\/#breadcrumb","itemListElement":[{"@type":"ListItem","position":1,"name":"Domov","item":"https:\/\/pandeoshop.com\/sl\/"},{"@type":"ListItem","position":2,"name":"Trgovina","item":"https:\/\/pandeoshop.com\/sl\/trgovina\/"},{"@type":"ListItem","position":3,"name":"Blagovne znamke","item":"https:\/\/pandeoshop.com\/sl\/category\/blagovne-znamke\/"},{"@type":"ListItem","position":4,"name":"Medi-Peel","item":"https:\/\/pandeoshop.com\/sl\/category\/blagovne-znamke\/medi-peel-sl\/"},{"@type":"ListItem","position":5,"name":"\u010cistilna pena z detox-u\u010dinkom Medi-Peel Algo-Tox Deep Clear"}]},{"@type":"WebSite","@id":"https:\/\/pandeoshop.com\/sl\/#website","url":"https:\/\/pandeoshop.com\/sl\/","name":"Pandeoshop","description":"\u0160e eno spleti\u0161\u010de WordPress","publisher":{"@id":"https:\/\/pandeoshop.com\/sl\/#organization"},"potentialAction":[{"@type":"SearchAction","target":{"@type":"EntryPoint","urlTemplate":"https:\/\/pandeoshop.com\/sl\/?s={search_term_string}"},"query-input":"required name=search_term_string"}],"inLanguage":"sl-SI"},{"@type":"Organization","@id":"https:\/\/pandeoshop.com\/sl\/#organization","name":"Pandeoshop","url":"https:\/\/pandeoshop.com\/sl\/","logo":{"@type":"ImageObject","inLanguage":"sl-SI","@id":"https:\/\/pandeoshop.com\/sl\/#\/schema\/logo\/image\/","url":"https:\/\/pandeoshop.com\/wp-content\/uploads\/pandeoshop_social_logo_no_textjpg.jpg","contentUrl":"https:\/\/pandeoshop.com\/wp-content\/uploads\/pandeoshop_social_logo_no_textjpg.jpg","width":288,"height":201,"caption":"Pandeoshop"},"image":{"@id":"https:\/\/pandeoshop.com\/sl\/#\/schema\/logo\/image\/"},"sameAs":["https:\/\/www.facebook.com\/pandeoshop\/","https:\/\/www.instagram.com\/pandeo_shop\/"]}]},"product_price_amount":"26.06","product_price_currency":"EUR","og_availability":"instock","product_availability":"instock","product_retailer_item_id":"HS10537","product_condition":"new"},"_links":{"self":[{"href":"https:\/\/pandeoshop.com\/sl\/wp-json\/wp\/v2\/product\/26543"}],"collection":[{"href":"https:\/\/pandeoshop.com\/sl\/wp-json\/wp\/v2\/product"}],"about":[{"href":"https:\/\/pandeoshop.com\/sl\/wp-json\/wp\/v2\/types\/product"}],"replies":[{"embeddable":true,"href":"https:\/\/pandeoshop.com\/sl\/wp-json\/wp\/v2\/comments?post=26543"}],"wp:featuredmedia":[{"embeddable":true,"href":"https:\/\/pandeoshop.com\/sl\/wp-json\/wp\/v2\/media\/35361"}],"wp:attachment":[{"href":"https:\/\/pandeoshop.com\/sl\/wp-json\/wp\/v2\/media?parent=26543"}],"wp:term":[{"taxonomy":"product_cat","embeddable":true,"href":"https:\/\/pandeoshop.com\/sl\/wp-json\/wp\/v2\/product_cat?post=26543"},{"taxonomy":"product_tag","embeddable":true,"href":"https:\/\/pandeoshop.com\/sl\/wp-json\/wp\/v2\/product_tag?post=26543"}],"curies":[{"name":"wp","href":"https:\/\/api.w.org\/{rel}","templated":true}]}}