{"id":26542,"date":"2023-05-24T16:33:29","date_gmt":"2023-05-24T15:10:13","guid":{"rendered":"https:\/\/pandeoshop.com\/?post_type=product&#038;p=26542"},"modified":"2023-07-20T01:30:32","modified_gmt":"2023-07-19T23:30:32","slug":"krema-za-obraz-s-polzjo-sluzjo-in-koloidnim-zlatom-medi-peel-24k-gold-snail-repair-cream","status":"publish","type":"product","link":"https:\/\/pandeoshop.com\/sl\/izdelek\/krema-za-obraz-s-polzjo-sluzjo-in-koloidnim-zlatom-medi-peel-24k-gold-snail-repair-cream\/","title":{"rendered":"Krema za obraz s pol\u017ejo sluzjo in koloidnim zlatom <br\/> Medi-Peel 24k Gold Snail Repair Cream"},"content":{"rendered":"<p>Medi-Peel 24k Gold Snail Repair Cream je krema za nego puste in pove\u0161ene ko\u017ee. Izdelek zmanj\u0161uje globino gub, odpravlja drobne gube, izravnava povr\u0161ino ko\u017ee, upo\u010dasnjuje proces staranja ko\u017ee, aktivira regeneracijo celic in pospe\u0161uje celjenje.<\/p>\n<p>Zlato izbolj\u0161a krvni obtok v celicah, izbolj\u0161a elasti\u010dnost in \u010dvrstost ter pove\u010da u\u010dinek drugih sestavin kreme.<br \/>\nIzvle\u010dek pol\u017eje sluzi ima pomlajevalni u\u010dinek, spodbuja procese obnove celic in jih nasi\u010di s koristnimi elementi ter prepre\u010duje suhost.<br \/>\nNiacinamid spodbuja sintezo kolagena, izena\u010di polt, zo\u017ei raz\u0161irjene pore, uravnava proizvodnjo sebuma in prepre\u010duje vnetja.<br \/>\nBergamotovo olje se bori proti \u0161kodljivim bakterijam, oskrbuje ko\u017eo z vitamini A, B, C, D, kisikom in antioksidanti, zdravi rane in razpoke.<br \/>\nIzvle\u010dek sivke deluje pomirjujo\u010de, se bori proti suhosti, vla\u017ei in neguje ko\u017eo ter izkazuje antibakterijsko sposobnost.<br \/>\nBazilika je zelo uporabna pri te\u017eavah s ko\u017enimi izpu\u0161\u010daji: zdravi akne, uravnava proizvodnjo sebuma in prepre\u010duje rde\u010dino (rozacea).<br \/>\nOlj\u010dno olje napolni ko\u017eo z vlago, jo meh\u010da, se bori proti gubam in ko\u017eo neguje po son\u010denju.<\/p>\n<p>Kremo lahko uporabite ob prvih znakih staranja.<\/p>\n","protected":false},"excerpt":{"rendered":"<p>Krema s pol\u017ejo sluzjo in 24-karatnim zlatom ima izrazite lastnosti proti staranju &#8211; zmanj\u0161uje vidnost gub, odpravlja mimi\u010dne gube, krepi ko\u017eo in upo\u010dasnjuje proces staranja. Izdelek je primeren za vse tipe ko\u017ee 30+.<\/p>\n","protected":false},"featured_media":40857,"comment_status":"open","ping_status":"closed","template":"","meta":[],"product_cat":[1755,1720,1737,1765,1754,1721,1730,1718,1735,1804,1769,1927,1784,1780,1814,1785,1985,1767,1770,1948,1781,1803,1782,1942,1928,1783,1779,1786],"product_tag":[4265,4495,4279,4509,4282,4512,4523,4293,4314,4549,4319,4588,4323,4565,4335,4336,4566,4571,4341,4590,4352,4582,4358,4553,4360,4368,4598,4544],"bundle_layout":"","bundle_add_to_cart_form_location":"","bundle_editable_in_cart":false,"bundle_sold_individually_context":"","bundle_item_grouping":"","bundle_min_size":"","bundle_max_size":"","bundled_by":[],"bundled_items":[],"yoast_head":"<!-- This site is optimized with the Yoast SEO Premium plugin v22.2 (Yoast SEO v22.9) - https:\/\/yoast.com\/wordpress\/plugins\/seo\/ -->\n<title>Krema za obraz s pol\u017ejo sluzjo in koloidnim zlatom | Medi-Peel 24k Gold Snail Repair Cream - Pandeoshop<\/title>\n<meta name=\"description\" content=\"Krema s pol\u017ejo sluzjo in 24-karatnim zlatom ima izrazite lastnosti proti staranju - zmanj\u0161uje vidnost gub, odpravlja mimi\u010dne gube, krepi ko\u017eo in upo\u010dasnjuje proces staranja. Izdelek je primeren za vse tipe ko\u017ee 30+.\" \/>\n<meta name=\"robots\" content=\"index, follow, max-snippet:-1, max-image-preview:large, max-video-preview:-1\" \/>\n<link rel=\"canonical\" href=\"https:\/\/pandeoshop.com\/sl\/product\/medi-peel-24k-gold-snail-repair-cream\/\" \/>\n<meta property=\"og:locale\" content=\"sl_SI\" \/>\n<meta property=\"og:type\" content=\"article\" \/>\n<meta property=\"og:title\" content=\"Krema za obraz s pol\u017ejo sluzjo in koloidnim zlatom | Medi-Peel 24k Gold Snail Repair Cream - Pandeoshop\" \/>\n<meta property=\"og:description\" content=\"Krema s pol\u017ejo sluzjo in 24-karatnim zlatom ima izrazite lastnosti proti staranju - zmanj\u0161uje vidnost gub, odpravlja mimi\u010dne gube, krepi ko\u017eo in upo\u010dasnjuje proces staranja. Izdelek je primeren za vse tipe ko\u017ee 30+.\" \/>\n<meta property=\"og:url\" content=\"https:\/\/pandeoshop.com\/product\/medi-peel-24k-gold-snail-repair-cream\/\" \/>\n<meta property=\"og:site_name\" content=\"Pandeoshop\" \/>\n<meta property=\"article:publisher\" content=\"https:\/\/www.facebook.com\/pandeoshop\/\" \/>\n<meta property=\"article:modified_time\" content=\"2023-07-19T23:30:32+00:00\" \/>\n<meta property=\"og:image\" content=\"https:\/\/pandeoshop.com\/wp-content\/uploads\/medipeel-24k-gold-snail-repair-cream-50ml-1.jpeg\" \/>\n\t<meta property=\"og:image:width\" content=\"1000\" \/>\n\t<meta property=\"og:image:height\" content=\"1000\" \/>\n\t<meta property=\"og:image:type\" content=\"image\/jpeg\" \/>\n<meta name=\"twitter:card\" content=\"summary_large_image\" \/>\n<script type=\"application\/ld+json\" class=\"yoast-schema-graph\">{\"@context\":\"https:\/\/schema.org\",\"@graph\":[{\"@type\":\"WebPage\",\"@id\":\"https:\/\/pandeoshop.com\/sl\/izdelek\/krema-za-obraz-s-polzjo-sluzjo-in-koloidnim-zlatom-medi-peel-24k-gold-snail-repair-cream\/\",\"url\":\"https:\/\/pandeoshop.com\/product\/medi-peel-24k-gold-snail-repair-cream\/\",\"name\":\"Krema za obraz s pol\u017ejo sluzjo in koloidnim zlatom | Medi-Peel 24k Gold Snail Repair Cream - Pandeoshop\",\"isPartOf\":{\"@id\":\"https:\/\/pandeoshop.com\/sl\/#website\"},\"primaryImageOfPage\":{\"@id\":\"https:\/\/pandeoshop.com\/product\/medi-peel-24k-gold-snail-repair-cream\/#primaryimage\"},\"image\":{\"@id\":\"https:\/\/pandeoshop.com\/product\/medi-peel-24k-gold-snail-repair-cream\/#primaryimage\"},\"thumbnailUrl\":\"https:\/\/pandeoshop.com\/wp-content\/uploads\/medipeel-24k-gold-snail-repair-cream-50ml-1.jpeg\",\"datePublished\":\"2023-05-24T15:10:13+00:00\",\"dateModified\":\"2023-07-19T23:30:32+00:00\",\"description\":\"Krema s pol\u017ejo sluzjo in 24-karatnim zlatom ima izrazite lastnosti proti staranju - zmanj\u0161uje vidnost gub, odpravlja mimi\u010dne gube, krepi ko\u017eo in upo\u010dasnjuje proces staranja. Izdelek je primeren za vse tipe ko\u017ee 30+.\",\"breadcrumb\":{\"@id\":\"https:\/\/pandeoshop.com\/product\/medi-peel-24k-gold-snail-repair-cream\/#breadcrumb\"},\"inLanguage\":\"sl-SI\",\"potentialAction\":[{\"@type\":\"ReadAction\",\"target\":[\"https:\/\/pandeoshop.com\/product\/medi-peel-24k-gold-snail-repair-cream\/\"]}]},{\"@type\":\"ImageObject\",\"inLanguage\":\"sl-SI\",\"@id\":\"https:\/\/pandeoshop.com\/product\/medi-peel-24k-gold-snail-repair-cream\/#primaryimage\",\"url\":\"https:\/\/pandeoshop.com\/wp-content\/uploads\/medipeel-24k-gold-snail-repair-cream-50ml-1.jpeg\",\"contentUrl\":\"https:\/\/pandeoshop.com\/wp-content\/uploads\/medipeel-24k-gold-snail-repair-cream-50ml-1.jpeg\",\"width\":1000,\"height\":1000},{\"@type\":\"BreadcrumbList\",\"@id\":\"https:\/\/pandeoshop.com\/product\/medi-peel-24k-gold-snail-repair-cream\/#breadcrumb\",\"itemListElement\":[{\"@type\":\"ListItem\",\"position\":1,\"name\":\"Domov\",\"item\":\"https:\/\/pandeoshop.com\/sl\/\"},{\"@type\":\"ListItem\",\"position\":2,\"name\":\"Trgovina\",\"item\":\"https:\/\/pandeoshop.com\/sl\/trgovina\/\"},{\"@type\":\"ListItem\",\"position\":3,\"name\":\"Blagovne znamke\",\"item\":\"https:\/\/pandeoshop.com\/sl\/category\/blagovne-znamke\/\"},{\"@type\":\"ListItem\",\"position\":4,\"name\":\"Medi-Peel\",\"item\":\"https:\/\/pandeoshop.com\/sl\/category\/blagovne-znamke\/medi-peel-sl\/\"},{\"@type\":\"ListItem\",\"position\":5,\"name\":\"Krema za obraz s pol\u017ejo sluzjo in koloidnim zlatom Medi-Peel 24k Gold Snail Repair Cream\"}]},{\"@type\":\"WebSite\",\"@id\":\"https:\/\/pandeoshop.com\/sl\/#website\",\"url\":\"https:\/\/pandeoshop.com\/sl\/\",\"name\":\"Pandeoshop\",\"description\":\"\u0160e eno spleti\u0161\u010de WordPress\",\"publisher\":{\"@id\":\"https:\/\/pandeoshop.com\/sl\/#organization\"},\"potentialAction\":[{\"@type\":\"SearchAction\",\"target\":{\"@type\":\"EntryPoint\",\"urlTemplate\":\"https:\/\/pandeoshop.com\/sl\/?s={search_term_string}\"},\"query-input\":\"required name=search_term_string\"}],\"inLanguage\":\"sl-SI\"},{\"@type\":\"Organization\",\"@id\":\"https:\/\/pandeoshop.com\/sl\/#organization\",\"name\":\"Pandeoshop\",\"url\":\"https:\/\/pandeoshop.com\/sl\/\",\"logo\":{\"@type\":\"ImageObject\",\"inLanguage\":\"sl-SI\",\"@id\":\"https:\/\/pandeoshop.com\/sl\/#\/schema\/logo\/image\/\",\"url\":\"https:\/\/pandeoshop.com\/wp-content\/uploads\/pandeoshop_social_logo_no_textjpg.jpg\",\"contentUrl\":\"https:\/\/pandeoshop.com\/wp-content\/uploads\/pandeoshop_social_logo_no_textjpg.jpg\",\"width\":288,\"height\":201,\"caption\":\"Pandeoshop\"},\"image\":{\"@id\":\"https:\/\/pandeoshop.com\/sl\/#\/schema\/logo\/image\/\"},\"sameAs\":[\"https:\/\/www.facebook.com\/pandeoshop\/\",\"https:\/\/www.instagram.com\/pandeo_shop\/\"]}]}<\/script>\n<meta property=\"product:price:amount\" content=\"35.94\" \/>\n<meta property=\"product:price:currency\" content=\"EUR\" \/>\n<meta property=\"og:availability\" content=\"instock\" \/>\n<meta property=\"product:availability\" content=\"instock\" \/>\n<meta property=\"product:retailer_item_id\" content=\"HS10536\" \/>\n<meta property=\"product:condition\" content=\"new\" \/>\n<!-- \/ Yoast SEO Premium plugin. -->","yoast_head_json":{"title":"Krema za obraz s pol\u017ejo sluzjo in koloidnim zlatom | Medi-Peel 24k Gold Snail Repair Cream - Pandeoshop","description":"Krema s pol\u017ejo sluzjo in 24-karatnim zlatom ima izrazite lastnosti proti staranju - zmanj\u0161uje vidnost gub, odpravlja mimi\u010dne gube, krepi ko\u017eo in upo\u010dasnjuje proces staranja. Izdelek je primeren za vse tipe ko\u017ee 30+.","robots":{"index":"index","follow":"follow","max-snippet":"max-snippet:-1","max-image-preview":"max-image-preview:large","max-video-preview":"max-video-preview:-1"},"canonical":"https:\/\/pandeoshop.com\/sl\/product\/medi-peel-24k-gold-snail-repair-cream\/","og_locale":"sl_SI","og_type":"article","og_title":"Krema za obraz s pol\u017ejo sluzjo in koloidnim zlatom | Medi-Peel 24k Gold Snail Repair Cream - Pandeoshop","og_description":"Krema s pol\u017ejo sluzjo in 24-karatnim zlatom ima izrazite lastnosti proti staranju - zmanj\u0161uje vidnost gub, odpravlja mimi\u010dne gube, krepi ko\u017eo in upo\u010dasnjuje proces staranja. Izdelek je primeren za vse tipe ko\u017ee 30+.","og_url":"https:\/\/pandeoshop.com\/product\/medi-peel-24k-gold-snail-repair-cream\/","og_site_name":"Pandeoshop","article_publisher":"https:\/\/www.facebook.com\/pandeoshop\/","article_modified_time":"2023-07-19T23:30:32+00:00","og_image":[{"width":1000,"height":1000,"url":"https:\/\/pandeoshop.com\/wp-content\/uploads\/medipeel-24k-gold-snail-repair-cream-50ml-1.jpeg","type":"image\/jpeg"}],"twitter_card":"summary_large_image","schema":{"@context":"https:\/\/schema.org","@graph":[{"@type":"WebPage","@id":"https:\/\/pandeoshop.com\/sl\/izdelek\/krema-za-obraz-s-polzjo-sluzjo-in-koloidnim-zlatom-medi-peel-24k-gold-snail-repair-cream\/","url":"https:\/\/pandeoshop.com\/product\/medi-peel-24k-gold-snail-repair-cream\/","name":"Krema za obraz s pol\u017ejo sluzjo in koloidnim zlatom | Medi-Peel 24k Gold Snail Repair Cream - Pandeoshop","isPartOf":{"@id":"https:\/\/pandeoshop.com\/sl\/#website"},"primaryImageOfPage":{"@id":"https:\/\/pandeoshop.com\/product\/medi-peel-24k-gold-snail-repair-cream\/#primaryimage"},"image":{"@id":"https:\/\/pandeoshop.com\/product\/medi-peel-24k-gold-snail-repair-cream\/#primaryimage"},"thumbnailUrl":"https:\/\/pandeoshop.com\/wp-content\/uploads\/medipeel-24k-gold-snail-repair-cream-50ml-1.jpeg","datePublished":"2023-05-24T15:10:13+00:00","dateModified":"2023-07-19T23:30:32+00:00","description":"Krema s pol\u017ejo sluzjo in 24-karatnim zlatom ima izrazite lastnosti proti staranju - zmanj\u0161uje vidnost gub, odpravlja mimi\u010dne gube, krepi ko\u017eo in upo\u010dasnjuje proces staranja. Izdelek je primeren za vse tipe ko\u017ee 30+.","breadcrumb":{"@id":"https:\/\/pandeoshop.com\/product\/medi-peel-24k-gold-snail-repair-cream\/#breadcrumb"},"inLanguage":"sl-SI","potentialAction":[{"@type":"ReadAction","target":["https:\/\/pandeoshop.com\/product\/medi-peel-24k-gold-snail-repair-cream\/"]}]},{"@type":"ImageObject","inLanguage":"sl-SI","@id":"https:\/\/pandeoshop.com\/product\/medi-peel-24k-gold-snail-repair-cream\/#primaryimage","url":"https:\/\/pandeoshop.com\/wp-content\/uploads\/medipeel-24k-gold-snail-repair-cream-50ml-1.jpeg","contentUrl":"https:\/\/pandeoshop.com\/wp-content\/uploads\/medipeel-24k-gold-snail-repair-cream-50ml-1.jpeg","width":1000,"height":1000},{"@type":"BreadcrumbList","@id":"https:\/\/pandeoshop.com\/product\/medi-peel-24k-gold-snail-repair-cream\/#breadcrumb","itemListElement":[{"@type":"ListItem","position":1,"name":"Domov","item":"https:\/\/pandeoshop.com\/sl\/"},{"@type":"ListItem","position":2,"name":"Trgovina","item":"https:\/\/pandeoshop.com\/sl\/trgovina\/"},{"@type":"ListItem","position":3,"name":"Blagovne znamke","item":"https:\/\/pandeoshop.com\/sl\/category\/blagovne-znamke\/"},{"@type":"ListItem","position":4,"name":"Medi-Peel","item":"https:\/\/pandeoshop.com\/sl\/category\/blagovne-znamke\/medi-peel-sl\/"},{"@type":"ListItem","position":5,"name":"Krema za obraz s pol\u017ejo sluzjo in koloidnim zlatom Medi-Peel 24k Gold Snail Repair Cream"}]},{"@type":"WebSite","@id":"https:\/\/pandeoshop.com\/sl\/#website","url":"https:\/\/pandeoshop.com\/sl\/","name":"Pandeoshop","description":"\u0160e eno spleti\u0161\u010de WordPress","publisher":{"@id":"https:\/\/pandeoshop.com\/sl\/#organization"},"potentialAction":[{"@type":"SearchAction","target":{"@type":"EntryPoint","urlTemplate":"https:\/\/pandeoshop.com\/sl\/?s={search_term_string}"},"query-input":"required name=search_term_string"}],"inLanguage":"sl-SI"},{"@type":"Organization","@id":"https:\/\/pandeoshop.com\/sl\/#organization","name":"Pandeoshop","url":"https:\/\/pandeoshop.com\/sl\/","logo":{"@type":"ImageObject","inLanguage":"sl-SI","@id":"https:\/\/pandeoshop.com\/sl\/#\/schema\/logo\/image\/","url":"https:\/\/pandeoshop.com\/wp-content\/uploads\/pandeoshop_social_logo_no_textjpg.jpg","contentUrl":"https:\/\/pandeoshop.com\/wp-content\/uploads\/pandeoshop_social_logo_no_textjpg.jpg","width":288,"height":201,"caption":"Pandeoshop"},"image":{"@id":"https:\/\/pandeoshop.com\/sl\/#\/schema\/logo\/image\/"},"sameAs":["https:\/\/www.facebook.com\/pandeoshop\/","https:\/\/www.instagram.com\/pandeo_shop\/"]}]},"product_price_amount":"35.94","product_price_currency":"EUR","og_availability":"instock","product_availability":"instock","product_retailer_item_id":"HS10536","product_condition":"new"},"_links":{"self":[{"href":"https:\/\/pandeoshop.com\/sl\/wp-json\/wp\/v2\/product\/26542"}],"collection":[{"href":"https:\/\/pandeoshop.com\/sl\/wp-json\/wp\/v2\/product"}],"about":[{"href":"https:\/\/pandeoshop.com\/sl\/wp-json\/wp\/v2\/types\/product"}],"replies":[{"embeddable":true,"href":"https:\/\/pandeoshop.com\/sl\/wp-json\/wp\/v2\/comments?post=26542"}],"wp:featuredmedia":[{"embeddable":true,"href":"https:\/\/pandeoshop.com\/sl\/wp-json\/wp\/v2\/media\/40857"}],"wp:attachment":[{"href":"https:\/\/pandeoshop.com\/sl\/wp-json\/wp\/v2\/media?parent=26542"}],"wp:term":[{"taxonomy":"product_cat","embeddable":true,"href":"https:\/\/pandeoshop.com\/sl\/wp-json\/wp\/v2\/product_cat?post=26542"},{"taxonomy":"product_tag","embeddable":true,"href":"https:\/\/pandeoshop.com\/sl\/wp-json\/wp\/v2\/product_tag?post=26542"}],"curies":[{"name":"wp","href":"https:\/\/api.w.org\/{rel}","templated":true}]}}