{"id":26167,"date":"2023-06-04T12:06:39","date_gmt":"2023-06-04T10:50:10","guid":{"rendered":"https:\/\/pandeoshop.com\/?post_type=product&#038;p=26167"},"modified":"2025-06-29T16:45:08","modified_gmt":"2025-06-29T14:45:08","slug":"intenziven-balzam-za-regeneracijo-in-zascito-daeng-gi-meo-ri-vitalizing-treatment-3","status":"publish","type":"product","link":"https:\/\/pandeoshop.com\/sl\/izdelek\/intenziven-balzam-za-regeneracijo-in-zascito-daeng-gi-meo-ri-vitalizing-treatment-3\/","title":{"rendered":"Intenziven balzam za regeneracijo in za\u0161\u010dito <br\/> Daeng Gi Meo Ri Vitalizing Treatment"},"content":{"rendered":"<p>Daeng Gi Meo Ri Vitalizing Treatment je regeneracijski intenziven balzam, zasnovan za celovito nego las. Uporaba tega kozmeti\u010dnega izdelka je lahko zdravilna in terapevtska. Prepre\u010duje izpadanje las s krepitvijo korenin in lasnih me\u0161i\u010dkov.<\/p>\n<p>Naravni rastlinski izvle\u010dki vla\u017eijo, tonirajo in nasitijo lase in lasi\u0161\u010de z vitamini, minerali in elementi v sledovih, ki strukturo lasi\u0161\u010da in zanesljivo \u0161\u010ditijo pred agresivnimi dejavniki: ultravijoli\u010dno sevanje, stresne situacije in ekstremne temperature.<br \/>\nNe\u017ene esence vzdr\u017eujejo optimalno hidrolipidno ravnovesje las in aktivirajo njihovo regeneracijsko funkcijo. To bo dalo va\u0161im lasem zdrav sijaj.<\/p>\n<p>Aktivne sestavine: krizantema, korejski ginseng, gumijasta remanija, orientalski listi tuje, izvle\u010dek pelina, izvle\u010dek korejskega medenjaka, izvle\u010dek korenine bele murve, korenina \u017eolne, infuzija kalamusa, kompleks Uturn, beljakovine keratina.<\/p>\n","protected":false},"excerpt":{"rendered":"<p>Regenerativni balzam zagotavlja popolno nego las in prepre\u010duje njihovo izpadanje.<\/p>\n","protected":false},"featured_media":41890,"comment_status":"open","ping_status":"closed","template":"","meta":[],"product_cat":[1791,1804,1813,1788,1803],"product_tag":[4513,4523,4526,4542,5347,4554,4568,4577,4598],"bundle_layout":"","bundle_add_to_cart_form_location":"","bundle_editable_in_cart":false,"bundle_sold_individually_context":"","bundle_item_grouping":"","bundle_min_size":"","bundle_max_size":"","bundled_by":[],"bundled_items":[],"yoast_head":"<!-- This site is optimized with the Yoast SEO Premium plugin v22.2 (Yoast SEO v22.9) - https:\/\/yoast.com\/wordpress\/plugins\/seo\/ -->\n<title>Intenziven balzam za regeneracijo in za\u0161\u010dito | Daeng Gi Meo Ri Vitalizing Treatment - Pandeoshop<\/title>\n<meta name=\"description\" content=\"Regenerativni balzam zagotavlja popolno nego las in prepre\u010duje njihovo izpadanje.\" \/>\n<meta name=\"robots\" content=\"index, follow, max-snippet:-1, max-image-preview:large, max-video-preview:-1\" \/>\n<link rel=\"canonical\" href=\"https:\/\/pandeoshop.com\/sl\/product\/daeng-gi-meo-ri-vitalizing-treatment-3\/\" \/>\n<meta property=\"og:locale\" content=\"sl_SI\" \/>\n<meta property=\"og:type\" content=\"article\" \/>\n<meta property=\"og:title\" content=\"Intenziven balzam za regeneracijo in za\u0161\u010dito | Daeng Gi Meo Ri Vitalizing Treatment - Pandeoshop\" \/>\n<meta property=\"og:description\" content=\"Regenerativni balzam zagotavlja popolno nego las in prepre\u010duje njihovo izpadanje.\" \/>\n<meta property=\"og:url\" content=\"https:\/\/pandeoshop.com\/product\/daeng-gi-meo-ri-vitalizing-treatment-3\/\" \/>\n<meta property=\"og:site_name\" content=\"Pandeoshop\" \/>\n<meta property=\"article:publisher\" content=\"https:\/\/www.facebook.com\/pandeoshop\/\" \/>\n<meta property=\"article:modified_time\" content=\"2025-06-29T14:45:08+00:00\" \/>\n<meta property=\"og:image\" content=\"https:\/\/pandeoshop.com\/wp-content\/uploads\/daeng-gi-meo-ri-vitalizing-treatment-500ml.jpeg\" \/>\n\t<meta property=\"og:image:width\" content=\"1000\" \/>\n\t<meta property=\"og:image:height\" content=\"1000\" \/>\n\t<meta property=\"og:image:type\" content=\"image\/jpeg\" \/>\n<meta name=\"twitter:card\" content=\"summary_large_image\" \/>\n<script type=\"application\/ld+json\" class=\"yoast-schema-graph\">{\"@context\":\"https:\/\/schema.org\",\"@graph\":[{\"@type\":\"WebPage\",\"@id\":\"https:\/\/pandeoshop.com\/sl\/izdelek\/intenziven-balzam-za-regeneracijo-in-zascito-daeng-gi-meo-ri-vitalizing-treatment-3\/\",\"url\":\"https:\/\/pandeoshop.com\/product\/daeng-gi-meo-ri-vitalizing-treatment-3\/\",\"name\":\"Intenziven balzam za regeneracijo in za\u0161\u010dito | Daeng Gi Meo Ri Vitalizing Treatment - Pandeoshop\",\"isPartOf\":{\"@id\":\"https:\/\/pandeoshop.com\/sl\/#website\"},\"primaryImageOfPage\":{\"@id\":\"https:\/\/pandeoshop.com\/product\/daeng-gi-meo-ri-vitalizing-treatment-3\/#primaryimage\"},\"image\":{\"@id\":\"https:\/\/pandeoshop.com\/product\/daeng-gi-meo-ri-vitalizing-treatment-3\/#primaryimage\"},\"thumbnailUrl\":\"https:\/\/pandeoshop.com\/wp-content\/uploads\/daeng-gi-meo-ri-vitalizing-treatment-50ml-1.jpeg\",\"datePublished\":\"2023-06-04T10:50:10+00:00\",\"dateModified\":\"2025-06-29T14:45:08+00:00\",\"description\":\"Regenerativni balzam zagotavlja popolno nego las in prepre\u010duje njihovo izpadanje.\",\"breadcrumb\":{\"@id\":\"https:\/\/pandeoshop.com\/product\/daeng-gi-meo-ri-vitalizing-treatment-3\/#breadcrumb\"},\"inLanguage\":\"sl-SI\",\"potentialAction\":[{\"@type\":\"ReadAction\",\"target\":[\"https:\/\/pandeoshop.com\/product\/daeng-gi-meo-ri-vitalizing-treatment-3\/\"]}]},{\"@type\":\"ImageObject\",\"inLanguage\":\"sl-SI\",\"@id\":\"https:\/\/pandeoshop.com\/product\/daeng-gi-meo-ri-vitalizing-treatment-3\/#primaryimage\",\"url\":\"https:\/\/pandeoshop.com\/wp-content\/uploads\/daeng-gi-meo-ri-vitalizing-treatment-50ml-1.jpeg\",\"contentUrl\":\"https:\/\/pandeoshop.com\/wp-content\/uploads\/daeng-gi-meo-ri-vitalizing-treatment-50ml-1.jpeg\",\"width\":474,\"height\":474},{\"@type\":\"BreadcrumbList\",\"@id\":\"https:\/\/pandeoshop.com\/product\/daeng-gi-meo-ri-vitalizing-treatment-3\/#breadcrumb\",\"itemListElement\":[{\"@type\":\"ListItem\",\"position\":1,\"name\":\"Domov\",\"item\":\"https:\/\/pandeoshop.com\/sl\/\"},{\"@type\":\"ListItem\",\"position\":2,\"name\":\"Trgovina\",\"item\":\"https:\/\/pandeoshop.com\/sl\/trgovina\/\"},{\"@type\":\"ListItem\",\"position\":3,\"name\":\"Blagovne znamke\",\"item\":\"https:\/\/pandeoshop.com\/sl\/category\/blagovne-znamke\/\"},{\"@type\":\"ListItem\",\"position\":4,\"name\":\"Daeng Gi Meo Ri\",\"item\":\"https:\/\/pandeoshop.com\/sl\/category\/blagovne-znamke\/daeng-gi-meo-ri-sl\/\"},{\"@type\":\"ListItem\",\"position\":5,\"name\":\"Intenziven balzam za regeneracijo in za\u0161\u010dito Daeng Gi Meo Ri Vitalizing Treatment\"}]},{\"@type\":\"WebSite\",\"@id\":\"https:\/\/pandeoshop.com\/sl\/#website\",\"url\":\"https:\/\/pandeoshop.com\/sl\/\",\"name\":\"Pandeoshop\",\"description\":\"\u0160e eno spleti\u0161\u010de WordPress\",\"publisher\":{\"@id\":\"https:\/\/pandeoshop.com\/sl\/#organization\"},\"potentialAction\":[{\"@type\":\"SearchAction\",\"target\":{\"@type\":\"EntryPoint\",\"urlTemplate\":\"https:\/\/pandeoshop.com\/sl\/?s={search_term_string}\"},\"query-input\":\"required name=search_term_string\"}],\"inLanguage\":\"sl-SI\"},{\"@type\":\"Organization\",\"@id\":\"https:\/\/pandeoshop.com\/sl\/#organization\",\"name\":\"Pandeoshop\",\"url\":\"https:\/\/pandeoshop.com\/sl\/\",\"logo\":{\"@type\":\"ImageObject\",\"inLanguage\":\"sl-SI\",\"@id\":\"https:\/\/pandeoshop.com\/sl\/#\/schema\/logo\/image\/\",\"url\":\"https:\/\/pandeoshop.com\/wp-content\/uploads\/pandeoshop_social_logo_no_textjpg.jpg\",\"contentUrl\":\"https:\/\/pandeoshop.com\/wp-content\/uploads\/pandeoshop_social_logo_no_textjpg.jpg\",\"width\":288,\"height\":201,\"caption\":\"Pandeoshop\"},\"image\":{\"@id\":\"https:\/\/pandeoshop.com\/sl\/#\/schema\/logo\/image\/\"},\"sameAs\":[\"https:\/\/www.facebook.com\/pandeoshop\/\",\"https:\/\/www.instagram.com\/pandeo_shop\/\"]}]}<\/script>\n<meta property=\"product:price:amount\" content=\"17.07\" \/>\n<meta property=\"product:price:currency\" content=\"EUR\" \/>\n<meta property=\"og:availability\" content=\"instock\" \/>\n<meta property=\"product:availability\" content=\"instock\" \/>\n<meta property=\"product:retailer_item_id\" content=\"HS10162\" \/>\n<meta property=\"product:condition\" content=\"new\" \/>\n<!-- \/ Yoast SEO Premium plugin. -->","yoast_head_json":{"title":"Intenziven balzam za regeneracijo in za\u0161\u010dito | Daeng Gi Meo Ri Vitalizing Treatment - Pandeoshop","description":"Regenerativni balzam zagotavlja popolno nego las in prepre\u010duje njihovo izpadanje.","robots":{"index":"index","follow":"follow","max-snippet":"max-snippet:-1","max-image-preview":"max-image-preview:large","max-video-preview":"max-video-preview:-1"},"canonical":"https:\/\/pandeoshop.com\/sl\/product\/daeng-gi-meo-ri-vitalizing-treatment-3\/","og_locale":"sl_SI","og_type":"article","og_title":"Intenziven balzam za regeneracijo in za\u0161\u010dito | Daeng Gi Meo Ri Vitalizing Treatment - Pandeoshop","og_description":"Regenerativni balzam zagotavlja popolno nego las in prepre\u010duje njihovo izpadanje.","og_url":"https:\/\/pandeoshop.com\/product\/daeng-gi-meo-ri-vitalizing-treatment-3\/","og_site_name":"Pandeoshop","article_publisher":"https:\/\/www.facebook.com\/pandeoshop\/","article_modified_time":"2025-06-29T14:45:08+00:00","og_image":[{"width":1000,"height":1000,"url":"https:\/\/pandeoshop.com\/wp-content\/uploads\/daeng-gi-meo-ri-vitalizing-treatment-500ml.jpeg","type":"image\/jpeg"}],"twitter_card":"summary_large_image","schema":{"@context":"https:\/\/schema.org","@graph":[{"@type":"WebPage","@id":"https:\/\/pandeoshop.com\/sl\/izdelek\/intenziven-balzam-za-regeneracijo-in-zascito-daeng-gi-meo-ri-vitalizing-treatment-3\/","url":"https:\/\/pandeoshop.com\/product\/daeng-gi-meo-ri-vitalizing-treatment-3\/","name":"Intenziven balzam za regeneracijo in za\u0161\u010dito | Daeng Gi Meo Ri Vitalizing Treatment - Pandeoshop","isPartOf":{"@id":"https:\/\/pandeoshop.com\/sl\/#website"},"primaryImageOfPage":{"@id":"https:\/\/pandeoshop.com\/product\/daeng-gi-meo-ri-vitalizing-treatment-3\/#primaryimage"},"image":{"@id":"https:\/\/pandeoshop.com\/product\/daeng-gi-meo-ri-vitalizing-treatment-3\/#primaryimage"},"thumbnailUrl":"https:\/\/pandeoshop.com\/wp-content\/uploads\/daeng-gi-meo-ri-vitalizing-treatment-50ml-1.jpeg","datePublished":"2023-06-04T10:50:10+00:00","dateModified":"2025-06-29T14:45:08+00:00","description":"Regenerativni balzam zagotavlja popolno nego las in prepre\u010duje njihovo izpadanje.","breadcrumb":{"@id":"https:\/\/pandeoshop.com\/product\/daeng-gi-meo-ri-vitalizing-treatment-3\/#breadcrumb"},"inLanguage":"sl-SI","potentialAction":[{"@type":"ReadAction","target":["https:\/\/pandeoshop.com\/product\/daeng-gi-meo-ri-vitalizing-treatment-3\/"]}]},{"@type":"ImageObject","inLanguage":"sl-SI","@id":"https:\/\/pandeoshop.com\/product\/daeng-gi-meo-ri-vitalizing-treatment-3\/#primaryimage","url":"https:\/\/pandeoshop.com\/wp-content\/uploads\/daeng-gi-meo-ri-vitalizing-treatment-50ml-1.jpeg","contentUrl":"https:\/\/pandeoshop.com\/wp-content\/uploads\/daeng-gi-meo-ri-vitalizing-treatment-50ml-1.jpeg","width":474,"height":474},{"@type":"BreadcrumbList","@id":"https:\/\/pandeoshop.com\/product\/daeng-gi-meo-ri-vitalizing-treatment-3\/#breadcrumb","itemListElement":[{"@type":"ListItem","position":1,"name":"Domov","item":"https:\/\/pandeoshop.com\/sl\/"},{"@type":"ListItem","position":2,"name":"Trgovina","item":"https:\/\/pandeoshop.com\/sl\/trgovina\/"},{"@type":"ListItem","position":3,"name":"Blagovne znamke","item":"https:\/\/pandeoshop.com\/sl\/category\/blagovne-znamke\/"},{"@type":"ListItem","position":4,"name":"Daeng Gi Meo Ri","item":"https:\/\/pandeoshop.com\/sl\/category\/blagovne-znamke\/daeng-gi-meo-ri-sl\/"},{"@type":"ListItem","position":5,"name":"Intenziven balzam za regeneracijo in za\u0161\u010dito Daeng Gi Meo Ri Vitalizing Treatment"}]},{"@type":"WebSite","@id":"https:\/\/pandeoshop.com\/sl\/#website","url":"https:\/\/pandeoshop.com\/sl\/","name":"Pandeoshop","description":"\u0160e eno spleti\u0161\u010de WordPress","publisher":{"@id":"https:\/\/pandeoshop.com\/sl\/#organization"},"potentialAction":[{"@type":"SearchAction","target":{"@type":"EntryPoint","urlTemplate":"https:\/\/pandeoshop.com\/sl\/?s={search_term_string}"},"query-input":"required name=search_term_string"}],"inLanguage":"sl-SI"},{"@type":"Organization","@id":"https:\/\/pandeoshop.com\/sl\/#organization","name":"Pandeoshop","url":"https:\/\/pandeoshop.com\/sl\/","logo":{"@type":"ImageObject","inLanguage":"sl-SI","@id":"https:\/\/pandeoshop.com\/sl\/#\/schema\/logo\/image\/","url":"https:\/\/pandeoshop.com\/wp-content\/uploads\/pandeoshop_social_logo_no_textjpg.jpg","contentUrl":"https:\/\/pandeoshop.com\/wp-content\/uploads\/pandeoshop_social_logo_no_textjpg.jpg","width":288,"height":201,"caption":"Pandeoshop"},"image":{"@id":"https:\/\/pandeoshop.com\/sl\/#\/schema\/logo\/image\/"},"sameAs":["https:\/\/www.facebook.com\/pandeoshop\/","https:\/\/www.instagram.com\/pandeo_shop\/"]}]},"product_price_amount":"17.07","product_price_currency":"EUR","og_availability":"instock","product_availability":"instock","product_retailer_item_id":"HS10162","product_condition":"new"},"_links":{"self":[{"href":"https:\/\/pandeoshop.com\/sl\/wp-json\/wp\/v2\/product\/26167"}],"collection":[{"href":"https:\/\/pandeoshop.com\/sl\/wp-json\/wp\/v2\/product"}],"about":[{"href":"https:\/\/pandeoshop.com\/sl\/wp-json\/wp\/v2\/types\/product"}],"replies":[{"embeddable":true,"href":"https:\/\/pandeoshop.com\/sl\/wp-json\/wp\/v2\/comments?post=26167"}],"wp:featuredmedia":[{"embeddable":true,"href":"https:\/\/pandeoshop.com\/sl\/wp-json\/wp\/v2\/media\/41890"}],"wp:attachment":[{"href":"https:\/\/pandeoshop.com\/sl\/wp-json\/wp\/v2\/media?parent=26167"}],"wp:term":[{"taxonomy":"product_cat","embeddable":true,"href":"https:\/\/pandeoshop.com\/sl\/wp-json\/wp\/v2\/product_cat?post=26167"},{"taxonomy":"product_tag","embeddable":true,"href":"https:\/\/pandeoshop.com\/sl\/wp-json\/wp\/v2\/product_tag?post=26167"}],"curies":[{"name":"wp","href":"https:\/\/api.w.org\/{rel}","templated":true}]}}