{"id":26141,"date":"2022-10-25T23:12:05","date_gmt":"2022-09-17T15:47:11","guid":{"rendered":"https:\/\/pandeoshop.com\/?post_type=product&#038;p=26141"},"modified":"2024-07-28T20:16:42","modified_gmt":"2024-07-28T18:16:42","slug":"sampon-za-lase-z-maticnim-mleckom-in-izvleckom-soncnicnega-semena-daeng-gi-meo-ri-professsional-honey-therapy-shampoo","status":"publish","type":"product","link":"https:\/\/pandeoshop.com\/sl\/izdelek\/sampon-za-lase-z-maticnim-mleckom-in-izvleckom-soncnicnega-semena-daeng-gi-meo-ri-professsional-honey-therapy-shampoo\/","title":{"rendered":"\u0160ampon za lase z mati\u010dnim mle\u010dkom in izvle\u010dkom son\u010dni\u010dnega semena <br\/> Daeng Gi Meo Ri Professsional Honey Therapy Shampoo"},"content":{"rendered":"<p>Daeng Gi Meo Ri Professsional Honey Therapy Shampoo &#8211; \u0160ampon Honey Therapy ne\u017eno o\u010disti lasi\u0161\u010de in lase, deluje pomirjujo\u010de, spodbuja rast las in prepre\u010duje izpadanje las.<\/p>\n<p>Fermentirani zeli\u0161\u010dni izvle\u010dki zagotavljajo takoj\u0161njo hidracijo in obnovo po\u0161kodovanih las.<br \/>\nMati\u010dni mle\u010dek in izvle\u010dek son\u010dni\u010dnega semena negujeta in \u0161\u010ditita lase pred ultravijoli\u010dnim sevanjem in drugimi negativnimi zunanjimi dejavniki.<br \/>\nOlje avokada intenzivno neguje in daje mo\u010d.<br \/>\nRecept \u0161ampona vsebuje sedem vrst zeli\u0161\u010dnih izvle\u010dkov: Shou Wu, ginseng, gumijasto remanijo, ka\u010djo brado (japonski ofiopogon), \u0161parglje, beli kokos in ferula.<\/p>\n<p>Vse te komponente lasem in lasi\u0161\u010du zagotavljajo odli\u010dno nego in odli\u010dna hranila, zaradi \u010desar bodo lasje svilnati in sijo\u010di.<\/p>\n","protected":false},"excerpt":{"rendered":"<p>\u0160ampon &#8220;Medena terapija&#8221; korejskega proizvajalca profesionalne kozmetike za lase Daeng Gi Meo Ri priporo\u010damo kot re\u0161evalno nego in obnovo po\u0161kodovanih las.<\/p>\n","protected":false},"featured_media":33036,"comment_status":"open","ping_status":"closed","template":"","meta":[],"product_cat":[1755,1764,1739,1741,1804,1813,1788,1790],"product_tag":[4270,4500,4513,4283,4514,4284,4288,4608,4309,4542,4312,4317,4539,4518,4568,4338,4347,4577,4585,4355,4547,4378],"bundle_layout":"","bundle_add_to_cart_form_location":"","bundle_editable_in_cart":false,"bundle_sold_individually_context":"","bundle_item_grouping":"","bundle_min_size":"","bundle_max_size":"","bundled_by":[],"bundled_items":[],"yoast_head":"<!-- This site is optimized with the Yoast SEO Premium plugin v22.2 (Yoast SEO v22.9) - https:\/\/yoast.com\/wordpress\/plugins\/seo\/ -->\n<title>\u0160ampon za lase z mati\u010dnim mle\u010dkom in izvle\u010dkom son\u010dni\u010dnega semena | Daeng Gi Meo Ri Professsional Honey Therapy Shampoo - Pandeoshop<\/title>\n<meta name=\"description\" content=\"\u0160ampon &quot;Medena terapija&quot; korejskega proizvajalca profesionalne kozmetike za lase Daeng Gi Meo Ri priporo\u010damo kot re\u0161evalno nego in obnovo po\u0161kodovanih las.\" \/>\n<meta name=\"robots\" content=\"index, follow, max-snippet:-1, max-image-preview:large, max-video-preview:-1\" \/>\n<link rel=\"canonical\" href=\"https:\/\/pandeoshop.com\/sl\/product\/daeng-gi-meo-ri-professsional-honey-therapy-shampoo\/\" \/>\n<meta property=\"og:locale\" content=\"sl_SI\" \/>\n<meta property=\"og:type\" content=\"article\" \/>\n<meta property=\"og:title\" content=\"\u0160ampon za lase z mati\u010dnim mle\u010dkom in izvle\u010dkom son\u010dni\u010dnega semena | Daeng Gi Meo Ri Professsional Honey Therapy Shampoo - Pandeoshop\" \/>\n<meta property=\"og:description\" content=\"\u0160ampon &quot;Medena terapija&quot; korejskega proizvajalca profesionalne kozmetike za lase Daeng Gi Meo Ri priporo\u010damo kot re\u0161evalno nego in obnovo po\u0161kodovanih las.\" \/>\n<meta property=\"og:url\" content=\"https:\/\/pandeoshop.com\/product\/daeng-gi-meo-ri-professsional-honey-therapy-shampoo\/\" \/>\n<meta property=\"og:site_name\" content=\"Pandeoshop\" \/>\n<meta property=\"article:publisher\" content=\"https:\/\/www.facebook.com\/pandeoshop\/\" \/>\n<meta property=\"article:modified_time\" content=\"2024-07-28T18:16:42+00:00\" \/>\n<meta property=\"og:image\" content=\"https:\/\/pandeoshop.com\/wp-content\/uploads\/daeng-gi-meo-ri-professsional-honey-therapy-shampoo-500ml.jpeg\" \/>\n\t<meta property=\"og:image:width\" content=\"1000\" \/>\n\t<meta property=\"og:image:height\" content=\"1000\" \/>\n\t<meta property=\"og:image:type\" content=\"image\/jpeg\" \/>\n<meta name=\"twitter:card\" content=\"summary_large_image\" \/>\n<script type=\"application\/ld+json\" class=\"yoast-schema-graph\">{\"@context\":\"https:\/\/schema.org\",\"@graph\":[{\"@type\":\"WebPage\",\"@id\":\"https:\/\/pandeoshop.com\/sl\/izdelek\/sampon-za-lase-z-maticnim-mleckom-in-izvleckom-soncnicnega-semena-daeng-gi-meo-ri-professsional-honey-therapy-shampoo\/\",\"url\":\"https:\/\/pandeoshop.com\/product\/daeng-gi-meo-ri-professsional-honey-therapy-shampoo\/\",\"name\":\"\u0160ampon za lase z mati\u010dnim mle\u010dkom in izvle\u010dkom son\u010dni\u010dnega semena | Daeng Gi Meo Ri Professsional Honey Therapy Shampoo - Pandeoshop\",\"isPartOf\":{\"@id\":\"https:\/\/pandeoshop.com\/sl\/#website\"},\"primaryImageOfPage\":{\"@id\":\"https:\/\/pandeoshop.com\/product\/daeng-gi-meo-ri-professsional-honey-therapy-shampoo\/#primaryimage\"},\"image\":{\"@id\":\"https:\/\/pandeoshop.com\/product\/daeng-gi-meo-ri-professsional-honey-therapy-shampoo\/#primaryimage\"},\"thumbnailUrl\":\"https:\/\/pandeoshop.com\/wp-content\/uploads\/daeng-gi-meo-ri-professsional-honey-therapy-shampoo-500ml.jpeg\",\"datePublished\":\"2022-09-17T15:47:11+00:00\",\"dateModified\":\"2024-07-28T18:16:42+00:00\",\"description\":\"\u0160ampon \\\"Medena terapija\\\" korejskega proizvajalca profesionalne kozmetike za lase Daeng Gi Meo Ri priporo\u010damo kot re\u0161evalno nego in obnovo po\u0161kodovanih las.\",\"breadcrumb\":{\"@id\":\"https:\/\/pandeoshop.com\/product\/daeng-gi-meo-ri-professsional-honey-therapy-shampoo\/#breadcrumb\"},\"inLanguage\":\"sl-SI\",\"potentialAction\":[{\"@type\":\"ReadAction\",\"target\":[\"https:\/\/pandeoshop.com\/product\/daeng-gi-meo-ri-professsional-honey-therapy-shampoo\/\"]}]},{\"@type\":\"ImageObject\",\"inLanguage\":\"sl-SI\",\"@id\":\"https:\/\/pandeoshop.com\/product\/daeng-gi-meo-ri-professsional-honey-therapy-shampoo\/#primaryimage\",\"url\":\"https:\/\/pandeoshop.com\/wp-content\/uploads\/daeng-gi-meo-ri-professsional-honey-therapy-shampoo-500ml.jpeg\",\"contentUrl\":\"https:\/\/pandeoshop.com\/wp-content\/uploads\/daeng-gi-meo-ri-professsional-honey-therapy-shampoo-500ml.jpeg\",\"width\":1000,\"height\":1000},{\"@type\":\"BreadcrumbList\",\"@id\":\"https:\/\/pandeoshop.com\/product\/daeng-gi-meo-ri-professsional-honey-therapy-shampoo\/#breadcrumb\",\"itemListElement\":[{\"@type\":\"ListItem\",\"position\":1,\"name\":\"Domov\",\"item\":\"https:\/\/pandeoshop.com\/sl\/\"},{\"@type\":\"ListItem\",\"position\":2,\"name\":\"Trgovina\",\"item\":\"https:\/\/pandeoshop.com\/sl\/trgovina\/\"},{\"@type\":\"ListItem\",\"position\":3,\"name\":\"Blagovne znamke\",\"item\":\"https:\/\/pandeoshop.com\/sl\/category\/blagovne-znamke\/\"},{\"@type\":\"ListItem\",\"position\":4,\"name\":\"Daeng Gi Meo Ri\",\"item\":\"https:\/\/pandeoshop.com\/sl\/category\/blagovne-znamke\/daeng-gi-meo-ri-sl\/\"},{\"@type\":\"ListItem\",\"position\":5,\"name\":\"\u0160ampon za lase z mati\u010dnim mle\u010dkom in izvle\u010dkom son\u010dni\u010dnega semena Daeng Gi Meo Ri Professsional Honey Therapy Shampoo\"}]},{\"@type\":\"WebSite\",\"@id\":\"https:\/\/pandeoshop.com\/sl\/#website\",\"url\":\"https:\/\/pandeoshop.com\/sl\/\",\"name\":\"Pandeoshop\",\"description\":\"\u0160e eno spleti\u0161\u010de WordPress\",\"publisher\":{\"@id\":\"https:\/\/pandeoshop.com\/sl\/#organization\"},\"potentialAction\":[{\"@type\":\"SearchAction\",\"target\":{\"@type\":\"EntryPoint\",\"urlTemplate\":\"https:\/\/pandeoshop.com\/sl\/?s={search_term_string}\"},\"query-input\":\"required name=search_term_string\"}],\"inLanguage\":\"sl-SI\"},{\"@type\":\"Organization\",\"@id\":\"https:\/\/pandeoshop.com\/sl\/#organization\",\"name\":\"Pandeoshop\",\"url\":\"https:\/\/pandeoshop.com\/sl\/\",\"logo\":{\"@type\":\"ImageObject\",\"inLanguage\":\"sl-SI\",\"@id\":\"https:\/\/pandeoshop.com\/sl\/#\/schema\/logo\/image\/\",\"url\":\"https:\/\/pandeoshop.com\/wp-content\/uploads\/pandeoshop_social_logo_no_textjpg.jpg\",\"contentUrl\":\"https:\/\/pandeoshop.com\/wp-content\/uploads\/pandeoshop_social_logo_no_textjpg.jpg\",\"width\":288,\"height\":201,\"caption\":\"Pandeoshop\"},\"image\":{\"@id\":\"https:\/\/pandeoshop.com\/sl\/#\/schema\/logo\/image\/\"},\"sameAs\":[\"https:\/\/www.facebook.com\/pandeoshop\/\",\"https:\/\/www.instagram.com\/pandeo_shop\/\"]}]}<\/script>\n<meta property=\"product:price:amount\" content=\"18.36\" \/>\n<meta property=\"product:price:currency\" content=\"EUR\" \/>\n<meta property=\"og:availability\" content=\"instock\" \/>\n<meta property=\"product:availability\" content=\"instock\" \/>\n<meta property=\"product:retailer_item_id\" content=\"DGM7779083430\" \/>\n<meta property=\"product:condition\" content=\"new\" \/>\n<!-- \/ Yoast SEO Premium plugin. -->","yoast_head_json":{"title":"\u0160ampon za lase z mati\u010dnim mle\u010dkom in izvle\u010dkom son\u010dni\u010dnega semena | Daeng Gi Meo Ri Professsional Honey Therapy Shampoo - Pandeoshop","description":"\u0160ampon \"Medena terapija\" korejskega proizvajalca profesionalne kozmetike za lase Daeng Gi Meo Ri priporo\u010damo kot re\u0161evalno nego in obnovo po\u0161kodovanih las.","robots":{"index":"index","follow":"follow","max-snippet":"max-snippet:-1","max-image-preview":"max-image-preview:large","max-video-preview":"max-video-preview:-1"},"canonical":"https:\/\/pandeoshop.com\/sl\/product\/daeng-gi-meo-ri-professsional-honey-therapy-shampoo\/","og_locale":"sl_SI","og_type":"article","og_title":"\u0160ampon za lase z mati\u010dnim mle\u010dkom in izvle\u010dkom son\u010dni\u010dnega semena | Daeng Gi Meo Ri Professsional Honey Therapy Shampoo - Pandeoshop","og_description":"\u0160ampon \"Medena terapija\" korejskega proizvajalca profesionalne kozmetike za lase Daeng Gi Meo Ri priporo\u010damo kot re\u0161evalno nego in obnovo po\u0161kodovanih las.","og_url":"https:\/\/pandeoshop.com\/product\/daeng-gi-meo-ri-professsional-honey-therapy-shampoo\/","og_site_name":"Pandeoshop","article_publisher":"https:\/\/www.facebook.com\/pandeoshop\/","article_modified_time":"2024-07-28T18:16:42+00:00","og_image":[{"width":1000,"height":1000,"url":"https:\/\/pandeoshop.com\/wp-content\/uploads\/daeng-gi-meo-ri-professsional-honey-therapy-shampoo-500ml.jpeg","type":"image\/jpeg"}],"twitter_card":"summary_large_image","schema":{"@context":"https:\/\/schema.org","@graph":[{"@type":"WebPage","@id":"https:\/\/pandeoshop.com\/sl\/izdelek\/sampon-za-lase-z-maticnim-mleckom-in-izvleckom-soncnicnega-semena-daeng-gi-meo-ri-professsional-honey-therapy-shampoo\/","url":"https:\/\/pandeoshop.com\/product\/daeng-gi-meo-ri-professsional-honey-therapy-shampoo\/","name":"\u0160ampon za lase z mati\u010dnim mle\u010dkom in izvle\u010dkom son\u010dni\u010dnega semena | Daeng Gi Meo Ri Professsional Honey Therapy Shampoo - Pandeoshop","isPartOf":{"@id":"https:\/\/pandeoshop.com\/sl\/#website"},"primaryImageOfPage":{"@id":"https:\/\/pandeoshop.com\/product\/daeng-gi-meo-ri-professsional-honey-therapy-shampoo\/#primaryimage"},"image":{"@id":"https:\/\/pandeoshop.com\/product\/daeng-gi-meo-ri-professsional-honey-therapy-shampoo\/#primaryimage"},"thumbnailUrl":"https:\/\/pandeoshop.com\/wp-content\/uploads\/daeng-gi-meo-ri-professsional-honey-therapy-shampoo-500ml.jpeg","datePublished":"2022-09-17T15:47:11+00:00","dateModified":"2024-07-28T18:16:42+00:00","description":"\u0160ampon \"Medena terapija\" korejskega proizvajalca profesionalne kozmetike za lase Daeng Gi Meo Ri priporo\u010damo kot re\u0161evalno nego in obnovo po\u0161kodovanih las.","breadcrumb":{"@id":"https:\/\/pandeoshop.com\/product\/daeng-gi-meo-ri-professsional-honey-therapy-shampoo\/#breadcrumb"},"inLanguage":"sl-SI","potentialAction":[{"@type":"ReadAction","target":["https:\/\/pandeoshop.com\/product\/daeng-gi-meo-ri-professsional-honey-therapy-shampoo\/"]}]},{"@type":"ImageObject","inLanguage":"sl-SI","@id":"https:\/\/pandeoshop.com\/product\/daeng-gi-meo-ri-professsional-honey-therapy-shampoo\/#primaryimage","url":"https:\/\/pandeoshop.com\/wp-content\/uploads\/daeng-gi-meo-ri-professsional-honey-therapy-shampoo-500ml.jpeg","contentUrl":"https:\/\/pandeoshop.com\/wp-content\/uploads\/daeng-gi-meo-ri-professsional-honey-therapy-shampoo-500ml.jpeg","width":1000,"height":1000},{"@type":"BreadcrumbList","@id":"https:\/\/pandeoshop.com\/product\/daeng-gi-meo-ri-professsional-honey-therapy-shampoo\/#breadcrumb","itemListElement":[{"@type":"ListItem","position":1,"name":"Domov","item":"https:\/\/pandeoshop.com\/sl\/"},{"@type":"ListItem","position":2,"name":"Trgovina","item":"https:\/\/pandeoshop.com\/sl\/trgovina\/"},{"@type":"ListItem","position":3,"name":"Blagovne znamke","item":"https:\/\/pandeoshop.com\/sl\/category\/blagovne-znamke\/"},{"@type":"ListItem","position":4,"name":"Daeng Gi Meo Ri","item":"https:\/\/pandeoshop.com\/sl\/category\/blagovne-znamke\/daeng-gi-meo-ri-sl\/"},{"@type":"ListItem","position":5,"name":"\u0160ampon za lase z mati\u010dnim mle\u010dkom in izvle\u010dkom son\u010dni\u010dnega semena Daeng Gi Meo Ri Professsional Honey Therapy Shampoo"}]},{"@type":"WebSite","@id":"https:\/\/pandeoshop.com\/sl\/#website","url":"https:\/\/pandeoshop.com\/sl\/","name":"Pandeoshop","description":"\u0160e eno spleti\u0161\u010de WordPress","publisher":{"@id":"https:\/\/pandeoshop.com\/sl\/#organization"},"potentialAction":[{"@type":"SearchAction","target":{"@type":"EntryPoint","urlTemplate":"https:\/\/pandeoshop.com\/sl\/?s={search_term_string}"},"query-input":"required name=search_term_string"}],"inLanguage":"sl-SI"},{"@type":"Organization","@id":"https:\/\/pandeoshop.com\/sl\/#organization","name":"Pandeoshop","url":"https:\/\/pandeoshop.com\/sl\/","logo":{"@type":"ImageObject","inLanguage":"sl-SI","@id":"https:\/\/pandeoshop.com\/sl\/#\/schema\/logo\/image\/","url":"https:\/\/pandeoshop.com\/wp-content\/uploads\/pandeoshop_social_logo_no_textjpg.jpg","contentUrl":"https:\/\/pandeoshop.com\/wp-content\/uploads\/pandeoshop_social_logo_no_textjpg.jpg","width":288,"height":201,"caption":"Pandeoshop"},"image":{"@id":"https:\/\/pandeoshop.com\/sl\/#\/schema\/logo\/image\/"},"sameAs":["https:\/\/www.facebook.com\/pandeoshop\/","https:\/\/www.instagram.com\/pandeo_shop\/"]}]},"product_price_amount":"18.36","product_price_currency":"EUR","og_availability":"instock","product_availability":"instock","product_retailer_item_id":"DGM7779083430","product_condition":"new"},"_links":{"self":[{"href":"https:\/\/pandeoshop.com\/sl\/wp-json\/wp\/v2\/product\/26141"}],"collection":[{"href":"https:\/\/pandeoshop.com\/sl\/wp-json\/wp\/v2\/product"}],"about":[{"href":"https:\/\/pandeoshop.com\/sl\/wp-json\/wp\/v2\/types\/product"}],"replies":[{"embeddable":true,"href":"https:\/\/pandeoshop.com\/sl\/wp-json\/wp\/v2\/comments?post=26141"}],"wp:featuredmedia":[{"embeddable":true,"href":"https:\/\/pandeoshop.com\/sl\/wp-json\/wp\/v2\/media\/33036"}],"wp:attachment":[{"href":"https:\/\/pandeoshop.com\/sl\/wp-json\/wp\/v2\/media?parent=26141"}],"wp:term":[{"taxonomy":"product_cat","embeddable":true,"href":"https:\/\/pandeoshop.com\/sl\/wp-json\/wp\/v2\/product_cat?post=26141"},{"taxonomy":"product_tag","embeddable":true,"href":"https:\/\/pandeoshop.com\/sl\/wp-json\/wp\/v2\/product_tag?post=26141"}],"curies":[{"name":"wp","href":"https:\/\/api.w.org\/{rel}","templated":true}]}}