{"id":26118,"date":"2022-10-25T23:11:50","date_gmt":"2022-09-17T15:46:59","guid":{"rendered":"https:\/\/pandeoshop.com\/product\/sampon-za-nezno-ciscenje-lasisca-s-krizantemo-in-ginsengom-daeng-gi-meo-ri-ki-gold-premium-shampoo\/"},"modified":"2023-07-20T01:29:21","modified_gmt":"2023-07-19T23:29:21","slug":"sampon-za-nezno-ciscenje-lasisca-s-krizantemo-in-ginsengom-daeng-gi-meo-ri-ki-gold-premium-shampoo","status":"publish","type":"product","link":"https:\/\/pandeoshop.com\/sl\/izdelek\/sampon-za-nezno-ciscenje-lasisca-s-krizantemo-in-ginsengom-daeng-gi-meo-ri-ki-gold-premium-shampoo\/","title":{"rendered":"\u0160ampon za ne\u017eno \u010di\u0161\u010denje lasi\u0161\u010da s krizantemo in ginsengom <br\/> Daeng Gi Meo Ri Ki Gold Premium Shampoo"},"content":{"rendered":"<p>Daeng Gi Meo Ri New Gold Premium Shampoo je eden najbolj\u0161ih izdelkov v ekskluzivni liniji kozmetike, namenjene vsakodnevni negi in krepitvi lasnih korenin. \u0160ampon ne\u017eno o\u010disti lase in lasi\u0161\u010de ter ima trajen pomlajevalni u\u010dinek. Izdelek temelji na edinstveni formuli iz drozganja zdravilnih zeli\u0161\u010d, ki se infundirajo 72 ur. Industrija zeli\u0161\u010dnih zdravil uporablja podobne tehnike za izbolj\u0161anje strukture las.<\/p>\n<p>\u0160ampon o\u017eivi suhe, dolgo\u010dasne, lomljive in po\u0161kodovane kodre, jim vdihne novo \u017eivljenje, prepre\u010di izpadanje las, nahrani korenine in lasne me\u0161i\u010dke na celi\u010dni ravni ter po\u017eivi barvo.<br \/>\nRedna uporaba \u0161ampona aktivira regeneracijske procese. Zahvaljujo\u010d temu se lasje hitreje obnovijo, pridobijo mo\u010d, energijo, svilnatost in elasti\u010dnost.<\/p>\n<p>Aktivne sestavine: krizantema, korejski ginseng, gumijasta remanija, korenina Zhgun, rumena sofora, trst calamus, ekstrakt listov zelenega \u010daja, mentol, pantenol.<\/p>\n","protected":false},"excerpt":{"rendered":"<p>Eden najbolj\u0161ih izdelkov v ekskluzivni liniji kozmetike, namenjene vsakodnevni negi in krepitvi lasnih korenin saj temelji na edinstveni formuli zdravilnih zeli\u0161\u010d. \u0160ampon ne\u017eno o\u010disti lase in lasi\u0161\u010de.<\/p>\n","protected":false},"featured_media":32956,"comment_status":"open","ping_status":"closed","template":"","meta":[],"product_cat":[1755,1764,1739,1741,1730,1804,1813,1927,1788,1790,1783,1779],"product_tag":[4513,4283,4288,4309,4317,4539,4518,4592,4568,4338,4347,4577,4362,4598,4368,4547],"bundle_layout":"","bundle_add_to_cart_form_location":"","bundle_editable_in_cart":false,"bundle_sold_individually_context":"","bundle_item_grouping":"","bundle_min_size":"","bundle_max_size":"","bundled_by":[],"bundled_items":[],"yoast_head":"<!-- This site is optimized with the Yoast SEO Premium plugin v22.2 (Yoast SEO v22.9) - https:\/\/yoast.com\/wordpress\/plugins\/seo\/ -->\n<title>\u0160ampon za ne\u017eno \u010di\u0161\u010denje lasi\u0161\u010da s krizantemo in ginsengom | Daeng Gi Meo Ri Ki Gold Premium Shampoo - Pandeoshop<\/title>\n<meta name=\"description\" content=\"Eden najbolj\u0161ih izdelkov v ekskluzivni liniji kozmetike, namenjene vsakodnevni negi in krepitvi lasnih korenin saj temelji na edinstveni formuli zdravilnih zeli\u0161\u010d. \u0160ampon ne\u017eno o\u010disti lase in lasi\u0161\u010de.\" \/>\n<meta name=\"robots\" content=\"index, follow, max-snippet:-1, max-image-preview:large, max-video-preview:-1\" \/>\n<link rel=\"canonical\" href=\"https:\/\/pandeoshop.com\/sl\/product\/daeng-gi-meo-ri-ki-gold-premium-shampoo\/\" \/>\n<meta property=\"og:locale\" content=\"sl_SI\" \/>\n<meta property=\"og:type\" content=\"article\" \/>\n<meta property=\"og:title\" content=\"\u0160ampon za ne\u017eno \u010di\u0161\u010denje lasi\u0161\u010da s krizantemo in ginsengom | Daeng Gi Meo Ri Ki Gold Premium Shampoo - Pandeoshop\" \/>\n<meta property=\"og:description\" content=\"Eden najbolj\u0161ih izdelkov v ekskluzivni liniji kozmetike, namenjene vsakodnevni negi in krepitvi lasnih korenin saj temelji na edinstveni formuli zdravilnih zeli\u0161\u010d. \u0160ampon ne\u017eno o\u010disti lase in lasi\u0161\u010de.\" \/>\n<meta property=\"og:url\" content=\"https:\/\/pandeoshop.com\/product\/daeng-gi-meo-ri-ki-gold-premium-shampoo\/\" \/>\n<meta property=\"og:site_name\" content=\"Pandeoshop\" \/>\n<meta property=\"article:publisher\" content=\"https:\/\/www.facebook.com\/pandeoshop\/\" \/>\n<meta property=\"article:modified_time\" content=\"2023-07-19T23:29:21+00:00\" \/>\n<meta property=\"og:image\" content=\"https:\/\/pandeoshop.com\/wp-content\/uploads\/daeng-gi-meo-ri-ki-gold-premium-shampoo-500ml.jpeg\" \/>\n\t<meta property=\"og:image:width\" content=\"1000\" \/>\n\t<meta property=\"og:image:height\" content=\"1000\" \/>\n\t<meta property=\"og:image:type\" content=\"image\/jpeg\" \/>\n<meta name=\"twitter:card\" content=\"summary_large_image\" \/>\n<script type=\"application\/ld+json\" class=\"yoast-schema-graph\">{\"@context\":\"https:\/\/schema.org\",\"@graph\":[{\"@type\":\"WebPage\",\"@id\":\"https:\/\/pandeoshop.com\/sl\/izdelek\/sampon-za-nezno-ciscenje-lasisca-s-krizantemo-in-ginsengom-daeng-gi-meo-ri-ki-gold-premium-shampoo\/\",\"url\":\"https:\/\/pandeoshop.com\/product\/daeng-gi-meo-ri-ki-gold-premium-shampoo\/\",\"name\":\"\u0160ampon za ne\u017eno \u010di\u0161\u010denje lasi\u0161\u010da s krizantemo in ginsengom | Daeng Gi Meo Ri Ki Gold Premium Shampoo - Pandeoshop\",\"isPartOf\":{\"@id\":\"https:\/\/pandeoshop.com\/sl\/#website\"},\"primaryImageOfPage\":{\"@id\":\"https:\/\/pandeoshop.com\/product\/daeng-gi-meo-ri-ki-gold-premium-shampoo\/#primaryimage\"},\"image\":{\"@id\":\"https:\/\/pandeoshop.com\/product\/daeng-gi-meo-ri-ki-gold-premium-shampoo\/#primaryimage\"},\"thumbnailUrl\":\"https:\/\/pandeoshop.com\/wp-content\/uploads\/daeng-gi-meo-ri-ki-gold-premium-shampoo-500ml.jpeg\",\"datePublished\":\"2022-09-17T15:46:59+00:00\",\"dateModified\":\"2023-07-19T23:29:21+00:00\",\"description\":\"Eden najbolj\u0161ih izdelkov v ekskluzivni liniji kozmetike, namenjene vsakodnevni negi in krepitvi lasnih korenin saj temelji na edinstveni formuli zdravilnih zeli\u0161\u010d. \u0160ampon ne\u017eno o\u010disti lase in lasi\u0161\u010de.\",\"breadcrumb\":{\"@id\":\"https:\/\/pandeoshop.com\/product\/daeng-gi-meo-ri-ki-gold-premium-shampoo\/#breadcrumb\"},\"inLanguage\":\"sl-SI\",\"potentialAction\":[{\"@type\":\"ReadAction\",\"target\":[\"https:\/\/pandeoshop.com\/product\/daeng-gi-meo-ri-ki-gold-premium-shampoo\/\"]}]},{\"@type\":\"ImageObject\",\"inLanguage\":\"sl-SI\",\"@id\":\"https:\/\/pandeoshop.com\/product\/daeng-gi-meo-ri-ki-gold-premium-shampoo\/#primaryimage\",\"url\":\"https:\/\/pandeoshop.com\/wp-content\/uploads\/daeng-gi-meo-ri-ki-gold-premium-shampoo-500ml.jpeg\",\"contentUrl\":\"https:\/\/pandeoshop.com\/wp-content\/uploads\/daeng-gi-meo-ri-ki-gold-premium-shampoo-500ml.jpeg\",\"width\":1000,\"height\":1000},{\"@type\":\"BreadcrumbList\",\"@id\":\"https:\/\/pandeoshop.com\/product\/daeng-gi-meo-ri-ki-gold-premium-shampoo\/#breadcrumb\",\"itemListElement\":[{\"@type\":\"ListItem\",\"position\":1,\"name\":\"Domov\",\"item\":\"https:\/\/pandeoshop.com\/sl\/\"},{\"@type\":\"ListItem\",\"position\":2,\"name\":\"Trgovina\",\"item\":\"https:\/\/pandeoshop.com\/sl\/trgovina\/\"},{\"@type\":\"ListItem\",\"position\":3,\"name\":\"Blagovne znamke\",\"item\":\"https:\/\/pandeoshop.com\/sl\/category\/blagovne-znamke\/\"},{\"@type\":\"ListItem\",\"position\":4,\"name\":\"Daeng Gi Meo Ri\",\"item\":\"https:\/\/pandeoshop.com\/sl\/category\/blagovne-znamke\/daeng-gi-meo-ri-sl\/\"},{\"@type\":\"ListItem\",\"position\":5,\"name\":\"\u0160ampon za ne\u017eno \u010di\u0161\u010denje lasi\u0161\u010da s krizantemo in ginsengom Daeng Gi Meo Ri Ki Gold Premium Shampoo\"}]},{\"@type\":\"WebSite\",\"@id\":\"https:\/\/pandeoshop.com\/sl\/#website\",\"url\":\"https:\/\/pandeoshop.com\/sl\/\",\"name\":\"Pandeoshop\",\"description\":\"\u0160e eno spleti\u0161\u010de WordPress\",\"publisher\":{\"@id\":\"https:\/\/pandeoshop.com\/sl\/#organization\"},\"potentialAction\":[{\"@type\":\"SearchAction\",\"target\":{\"@type\":\"EntryPoint\",\"urlTemplate\":\"https:\/\/pandeoshop.com\/sl\/?s={search_term_string}\"},\"query-input\":\"required name=search_term_string\"}],\"inLanguage\":\"sl-SI\"},{\"@type\":\"Organization\",\"@id\":\"https:\/\/pandeoshop.com\/sl\/#organization\",\"name\":\"Pandeoshop\",\"url\":\"https:\/\/pandeoshop.com\/sl\/\",\"logo\":{\"@type\":\"ImageObject\",\"inLanguage\":\"sl-SI\",\"@id\":\"https:\/\/pandeoshop.com\/sl\/#\/schema\/logo\/image\/\",\"url\":\"https:\/\/pandeoshop.com\/wp-content\/uploads\/pandeoshop_social_logo_no_textjpg.jpg\",\"contentUrl\":\"https:\/\/pandeoshop.com\/wp-content\/uploads\/pandeoshop_social_logo_no_textjpg.jpg\",\"width\":288,\"height\":201,\"caption\":\"Pandeoshop\"},\"image\":{\"@id\":\"https:\/\/pandeoshop.com\/sl\/#\/schema\/logo\/image\/\"},\"sameAs\":[\"https:\/\/www.facebook.com\/pandeoshop\/\",\"https:\/\/www.instagram.com\/pandeo_shop\/\"]}]}<\/script>\n<meta property=\"product:price:amount\" content=\"20.88\" \/>\n<meta property=\"product:price:currency\" content=\"EUR\" \/>\n<meta property=\"og:availability\" content=\"out of stock\" \/>\n<meta property=\"product:availability\" content=\"out of stock\" \/>\n<meta property=\"product:retailer_item_id\" content=\"DGM7779080033\" \/>\n<meta property=\"product:condition\" content=\"new\" \/>\n<!-- \/ Yoast SEO Premium plugin. -->","yoast_head_json":{"title":"\u0160ampon za ne\u017eno \u010di\u0161\u010denje lasi\u0161\u010da s krizantemo in ginsengom | Daeng Gi Meo Ri Ki Gold Premium Shampoo - Pandeoshop","description":"Eden najbolj\u0161ih izdelkov v ekskluzivni liniji kozmetike, namenjene vsakodnevni negi in krepitvi lasnih korenin saj temelji na edinstveni formuli zdravilnih zeli\u0161\u010d. \u0160ampon ne\u017eno o\u010disti lase in lasi\u0161\u010de.","robots":{"index":"index","follow":"follow","max-snippet":"max-snippet:-1","max-image-preview":"max-image-preview:large","max-video-preview":"max-video-preview:-1"},"canonical":"https:\/\/pandeoshop.com\/sl\/product\/daeng-gi-meo-ri-ki-gold-premium-shampoo\/","og_locale":"sl_SI","og_type":"article","og_title":"\u0160ampon za ne\u017eno \u010di\u0161\u010denje lasi\u0161\u010da s krizantemo in ginsengom | Daeng Gi Meo Ri Ki Gold Premium Shampoo - Pandeoshop","og_description":"Eden najbolj\u0161ih izdelkov v ekskluzivni liniji kozmetike, namenjene vsakodnevni negi in krepitvi lasnih korenin saj temelji na edinstveni formuli zdravilnih zeli\u0161\u010d. \u0160ampon ne\u017eno o\u010disti lase in lasi\u0161\u010de.","og_url":"https:\/\/pandeoshop.com\/product\/daeng-gi-meo-ri-ki-gold-premium-shampoo\/","og_site_name":"Pandeoshop","article_publisher":"https:\/\/www.facebook.com\/pandeoshop\/","article_modified_time":"2023-07-19T23:29:21+00:00","og_image":[{"width":1000,"height":1000,"url":"https:\/\/pandeoshop.com\/wp-content\/uploads\/daeng-gi-meo-ri-ki-gold-premium-shampoo-500ml.jpeg","type":"image\/jpeg"}],"twitter_card":"summary_large_image","schema":{"@context":"https:\/\/schema.org","@graph":[{"@type":"WebPage","@id":"https:\/\/pandeoshop.com\/sl\/izdelek\/sampon-za-nezno-ciscenje-lasisca-s-krizantemo-in-ginsengom-daeng-gi-meo-ri-ki-gold-premium-shampoo\/","url":"https:\/\/pandeoshop.com\/product\/daeng-gi-meo-ri-ki-gold-premium-shampoo\/","name":"\u0160ampon za ne\u017eno \u010di\u0161\u010denje lasi\u0161\u010da s krizantemo in ginsengom | Daeng Gi Meo Ri Ki Gold Premium Shampoo - Pandeoshop","isPartOf":{"@id":"https:\/\/pandeoshop.com\/sl\/#website"},"primaryImageOfPage":{"@id":"https:\/\/pandeoshop.com\/product\/daeng-gi-meo-ri-ki-gold-premium-shampoo\/#primaryimage"},"image":{"@id":"https:\/\/pandeoshop.com\/product\/daeng-gi-meo-ri-ki-gold-premium-shampoo\/#primaryimage"},"thumbnailUrl":"https:\/\/pandeoshop.com\/wp-content\/uploads\/daeng-gi-meo-ri-ki-gold-premium-shampoo-500ml.jpeg","datePublished":"2022-09-17T15:46:59+00:00","dateModified":"2023-07-19T23:29:21+00:00","description":"Eden najbolj\u0161ih izdelkov v ekskluzivni liniji kozmetike, namenjene vsakodnevni negi in krepitvi lasnih korenin saj temelji na edinstveni formuli zdravilnih zeli\u0161\u010d. \u0160ampon ne\u017eno o\u010disti lase in lasi\u0161\u010de.","breadcrumb":{"@id":"https:\/\/pandeoshop.com\/product\/daeng-gi-meo-ri-ki-gold-premium-shampoo\/#breadcrumb"},"inLanguage":"sl-SI","potentialAction":[{"@type":"ReadAction","target":["https:\/\/pandeoshop.com\/product\/daeng-gi-meo-ri-ki-gold-premium-shampoo\/"]}]},{"@type":"ImageObject","inLanguage":"sl-SI","@id":"https:\/\/pandeoshop.com\/product\/daeng-gi-meo-ri-ki-gold-premium-shampoo\/#primaryimage","url":"https:\/\/pandeoshop.com\/wp-content\/uploads\/daeng-gi-meo-ri-ki-gold-premium-shampoo-500ml.jpeg","contentUrl":"https:\/\/pandeoshop.com\/wp-content\/uploads\/daeng-gi-meo-ri-ki-gold-premium-shampoo-500ml.jpeg","width":1000,"height":1000},{"@type":"BreadcrumbList","@id":"https:\/\/pandeoshop.com\/product\/daeng-gi-meo-ri-ki-gold-premium-shampoo\/#breadcrumb","itemListElement":[{"@type":"ListItem","position":1,"name":"Domov","item":"https:\/\/pandeoshop.com\/sl\/"},{"@type":"ListItem","position":2,"name":"Trgovina","item":"https:\/\/pandeoshop.com\/sl\/trgovina\/"},{"@type":"ListItem","position":3,"name":"Blagovne znamke","item":"https:\/\/pandeoshop.com\/sl\/category\/blagovne-znamke\/"},{"@type":"ListItem","position":4,"name":"Daeng Gi Meo Ri","item":"https:\/\/pandeoshop.com\/sl\/category\/blagovne-znamke\/daeng-gi-meo-ri-sl\/"},{"@type":"ListItem","position":5,"name":"\u0160ampon za ne\u017eno \u010di\u0161\u010denje lasi\u0161\u010da s krizantemo in ginsengom Daeng Gi Meo Ri Ki Gold Premium Shampoo"}]},{"@type":"WebSite","@id":"https:\/\/pandeoshop.com\/sl\/#website","url":"https:\/\/pandeoshop.com\/sl\/","name":"Pandeoshop","description":"\u0160e eno spleti\u0161\u010de WordPress","publisher":{"@id":"https:\/\/pandeoshop.com\/sl\/#organization"},"potentialAction":[{"@type":"SearchAction","target":{"@type":"EntryPoint","urlTemplate":"https:\/\/pandeoshop.com\/sl\/?s={search_term_string}"},"query-input":"required name=search_term_string"}],"inLanguage":"sl-SI"},{"@type":"Organization","@id":"https:\/\/pandeoshop.com\/sl\/#organization","name":"Pandeoshop","url":"https:\/\/pandeoshop.com\/sl\/","logo":{"@type":"ImageObject","inLanguage":"sl-SI","@id":"https:\/\/pandeoshop.com\/sl\/#\/schema\/logo\/image\/","url":"https:\/\/pandeoshop.com\/wp-content\/uploads\/pandeoshop_social_logo_no_textjpg.jpg","contentUrl":"https:\/\/pandeoshop.com\/wp-content\/uploads\/pandeoshop_social_logo_no_textjpg.jpg","width":288,"height":201,"caption":"Pandeoshop"},"image":{"@id":"https:\/\/pandeoshop.com\/sl\/#\/schema\/logo\/image\/"},"sameAs":["https:\/\/www.facebook.com\/pandeoshop\/","https:\/\/www.instagram.com\/pandeo_shop\/"]}]},"product_price_amount":"20.88","product_price_currency":"EUR","og_availability":"out of stock","product_availability":"out of stock","product_retailer_item_id":"DGM7779080033","product_condition":"new"},"_links":{"self":[{"href":"https:\/\/pandeoshop.com\/sl\/wp-json\/wp\/v2\/product\/26118"}],"collection":[{"href":"https:\/\/pandeoshop.com\/sl\/wp-json\/wp\/v2\/product"}],"about":[{"href":"https:\/\/pandeoshop.com\/sl\/wp-json\/wp\/v2\/types\/product"}],"replies":[{"embeddable":true,"href":"https:\/\/pandeoshop.com\/sl\/wp-json\/wp\/v2\/comments?post=26118"}],"wp:featuredmedia":[{"embeddable":true,"href":"https:\/\/pandeoshop.com\/sl\/wp-json\/wp\/v2\/media\/32956"}],"wp:attachment":[{"href":"https:\/\/pandeoshop.com\/sl\/wp-json\/wp\/v2\/media?parent=26118"}],"wp:term":[{"taxonomy":"product_cat","embeddable":true,"href":"https:\/\/pandeoshop.com\/sl\/wp-json\/wp\/v2\/product_cat?post=26118"},{"taxonomy":"product_tag","embeddable":true,"href":"https:\/\/pandeoshop.com\/sl\/wp-json\/wp\/v2\/product_tag?post=26118"}],"curies":[{"name":"wp","href":"https:\/\/api.w.org\/{rel}","templated":true}]}}