{"id":26113,"date":"2023-06-04T12:06:39","date_gmt":"2023-06-04T10:50:10","guid":{"rendered":"https:\/\/pandeoshop.com\/?post_type=product&#038;p=26113"},"modified":"2025-06-05T00:05:23","modified_gmt":"2025-06-04T22:05:23","slug":"intenzivna-maska-%e2%80%8b%e2%80%8bza-lase-z-medom-za-moc-in-sijaj-daeng-gi-meo-ri-honey-intensive-hair-mask","status":"publish","type":"product","link":"https:\/\/pandeoshop.com\/sl\/izdelek\/intenzivna-maska-%e2%80%8b%e2%80%8bza-lase-z-medom-za-moc-in-sijaj-daeng-gi-meo-ri-honey-intensive-hair-mask\/","title":{"rendered":"Intenzivna maska \u200b\u200bza lase z medom za mo\u010d in sijaj <br\/> Daeng Gi Meo Ri Honey Intensive Hair Mask"},"content":{"rendered":"<p>Daeng Gi Meo Ri Honey Intensive Hair Mask &#8211; Izdelek vsebuje okolju prijazne naravne sestavine in naravne rastlinske izvle\u010dke, ki odli\u010dno vla\u017eijo in u\u010dinkovito varujejo pred negativnimi okoljskimi dejavniki: ultravijoli\u010dno sevanje, temperaturne spremembe, pa tudi posledice stresnih situacij, ki negativno vplivajo na stanje las.<\/p>\n<p>Ekstrakt avokadovega olja lase napolni s hranili, jih nasiti in tonizira od korenin do konic, izbolj\u0161a strukturo in okrepi lasne me\u0161i\u010dke.<br \/>\nMo\u010dan kompleks zeli\u0161\u010dnih izvle\u010dkov, ki vklju\u010duje sibirsko krizantemo, vla\u017ei in lase naredi \u010dvrste, negovane in resni\u010dno mo\u010dne.<\/p>\n<p>Maska \u200b\u200bse pogosto uporablja za oslabljene, razcepljene, beljene in po\u0161kodovane lase.<\/p>\n","protected":false},"excerpt":{"rendered":"<p>Intenzivna maska \u200b\u200bza lase je edinstven koktajl tonizirajo\u010dih in negovalnih snovi, ki lasem povrne elasti\u010dnost, naravno mo\u010d in zdrav sijaj.<\/p>\n","protected":false},"featured_media":41876,"comment_status":"open","ping_status":"closed","template":"","meta":[],"product_cat":[1791,1804,1813,1788,1803],"product_tag":[4507,4523,4542,4539,5347,4554,4548,4568,4577,4589,4598],"bundle_layout":"","bundle_add_to_cart_form_location":"","bundle_editable_in_cart":false,"bundle_sold_individually_context":"","bundle_item_grouping":"","bundle_min_size":"","bundle_max_size":"","bundled_by":[],"bundled_items":[],"yoast_head":"<!-- This site is optimized with the Yoast SEO Premium plugin v22.2 (Yoast SEO v22.9) - https:\/\/yoast.com\/wordpress\/plugins\/seo\/ -->\n<title>Intenzivna maska \u200b\u200bza lase z medom za mo\u010d in sijaj | Daeng Gi Meo Ri Honey Intensive Hair Mask - Pandeoshop<\/title>\n<meta name=\"description\" content=\"Intenzivna maska \u200b\u200bza lase je edinstven koktajl tonizirajo\u010dih in negovalnih snovi, ki lasem povrne elasti\u010dnost, naravno mo\u010d in zdrav sijaj.\" \/>\n<meta name=\"robots\" content=\"index, follow, max-snippet:-1, max-image-preview:large, max-video-preview:-1\" \/>\n<link rel=\"canonical\" href=\"https:\/\/pandeoshop.com\/sl\/product\/daeng-gi-meo-ri-honey-intensive-hair-mask\/\" \/>\n<meta property=\"og:locale\" content=\"sl_SI\" \/>\n<meta property=\"og:type\" content=\"article\" \/>\n<meta property=\"og:title\" content=\"Intenzivna maska \u200b\u200bza lase z medom za mo\u010d in sijaj | Daeng Gi Meo Ri Honey Intensive Hair Mask - Pandeoshop\" \/>\n<meta property=\"og:description\" content=\"Intenzivna maska \u200b\u200bza lase je edinstven koktajl tonizirajo\u010dih in negovalnih snovi, ki lasem povrne elasti\u010dnost, naravno mo\u010d in zdrav sijaj.\" \/>\n<meta property=\"og:url\" content=\"https:\/\/pandeoshop.com\/product\/daeng-gi-meo-ri-honey-intensive-hair-mask\/\" \/>\n<meta property=\"og:site_name\" content=\"Pandeoshop\" \/>\n<meta property=\"article:publisher\" content=\"https:\/\/www.facebook.com\/pandeoshop\/\" \/>\n<meta property=\"article:modified_time\" content=\"2025-06-04T22:05:23+00:00\" \/>\n<meta property=\"og:image\" content=\"https:\/\/pandeoshop.com\/wp-content\/uploads\/daeng-gi-meo-ri-honey-intensive-hair-mask-1000ml.jpeg\" \/>\n\t<meta property=\"og:image:width\" content=\"1000\" \/>\n\t<meta property=\"og:image:height\" content=\"1000\" \/>\n\t<meta property=\"og:image:type\" content=\"image\/jpeg\" \/>\n<meta name=\"twitter:card\" content=\"summary_large_image\" \/>\n<script type=\"application\/ld+json\" class=\"yoast-schema-graph\">{\"@context\":\"https:\/\/schema.org\",\"@graph\":[{\"@type\":\"WebPage\",\"@id\":\"https:\/\/pandeoshop.com\/sl\/izdelek\/intenzivna-maska-%e2%80%8b%e2%80%8bza-lase-z-medom-za-moc-in-sijaj-daeng-gi-meo-ri-honey-intensive-hair-mask\/\",\"url\":\"https:\/\/pandeoshop.com\/product\/daeng-gi-meo-ri-honey-intensive-hair-mask\/\",\"name\":\"Intenzivna maska \u200b\u200bza lase z medom za mo\u010d in sijaj | Daeng Gi Meo Ri Honey Intensive Hair Mask - Pandeoshop\",\"isPartOf\":{\"@id\":\"https:\/\/pandeoshop.com\/sl\/#website\"},\"primaryImageOfPage\":{\"@id\":\"https:\/\/pandeoshop.com\/product\/daeng-gi-meo-ri-honey-intensive-hair-mask\/#primaryimage\"},\"image\":{\"@id\":\"https:\/\/pandeoshop.com\/product\/daeng-gi-meo-ri-honey-intensive-hair-mask\/#primaryimage\"},\"thumbnailUrl\":\"https:\/\/pandeoshop.com\/wp-content\/uploads\/masca-de-par-intensiva-cu-miere-honey-150-ml-daeng-gi-meo-ri-5238.png\",\"datePublished\":\"2023-06-04T10:50:10+00:00\",\"dateModified\":\"2025-06-04T22:05:23+00:00\",\"description\":\"Intenzivna maska \u200b\u200bza lase je edinstven koktajl tonizirajo\u010dih in negovalnih snovi, ki lasem povrne elasti\u010dnost, naravno mo\u010d in zdrav sijaj.\",\"breadcrumb\":{\"@id\":\"https:\/\/pandeoshop.com\/product\/daeng-gi-meo-ri-honey-intensive-hair-mask\/#breadcrumb\"},\"inLanguage\":\"sl-SI\",\"potentialAction\":[{\"@type\":\"ReadAction\",\"target\":[\"https:\/\/pandeoshop.com\/product\/daeng-gi-meo-ri-honey-intensive-hair-mask\/\"]}]},{\"@type\":\"ImageObject\",\"inLanguage\":\"sl-SI\",\"@id\":\"https:\/\/pandeoshop.com\/product\/daeng-gi-meo-ri-honey-intensive-hair-mask\/#primaryimage\",\"url\":\"https:\/\/pandeoshop.com\/wp-content\/uploads\/masca-de-par-intensiva-cu-miere-honey-150-ml-daeng-gi-meo-ri-5238.png\",\"contentUrl\":\"https:\/\/pandeoshop.com\/wp-content\/uploads\/masca-de-par-intensiva-cu-miere-honey-150-ml-daeng-gi-meo-ri-5238.png\",\"width\":800,\"height\":800},{\"@type\":\"BreadcrumbList\",\"@id\":\"https:\/\/pandeoshop.com\/product\/daeng-gi-meo-ri-honey-intensive-hair-mask\/#breadcrumb\",\"itemListElement\":[{\"@type\":\"ListItem\",\"position\":1,\"name\":\"Domov\",\"item\":\"https:\/\/pandeoshop.com\/sl\/\"},{\"@type\":\"ListItem\",\"position\":2,\"name\":\"Trgovina\",\"item\":\"https:\/\/pandeoshop.com\/sl\/trgovina\/\"},{\"@type\":\"ListItem\",\"position\":3,\"name\":\"Blagovne znamke\",\"item\":\"https:\/\/pandeoshop.com\/sl\/category\/blagovne-znamke\/\"},{\"@type\":\"ListItem\",\"position\":4,\"name\":\"Daeng Gi Meo Ri\",\"item\":\"https:\/\/pandeoshop.com\/sl\/category\/blagovne-znamke\/daeng-gi-meo-ri-sl\/\"},{\"@type\":\"ListItem\",\"position\":5,\"name\":\"Intenzivna maska \u200b\u200bza lase z medom za mo\u010d in sijaj Daeng Gi Meo Ri Honey Intensive Hair Mask\"}]},{\"@type\":\"WebSite\",\"@id\":\"https:\/\/pandeoshop.com\/sl\/#website\",\"url\":\"https:\/\/pandeoshop.com\/sl\/\",\"name\":\"Pandeoshop\",\"description\":\"\u0160e eno spleti\u0161\u010de WordPress\",\"publisher\":{\"@id\":\"https:\/\/pandeoshop.com\/sl\/#organization\"},\"potentialAction\":[{\"@type\":\"SearchAction\",\"target\":{\"@type\":\"EntryPoint\",\"urlTemplate\":\"https:\/\/pandeoshop.com\/sl\/?s={search_term_string}\"},\"query-input\":\"required name=search_term_string\"}],\"inLanguage\":\"sl-SI\"},{\"@type\":\"Organization\",\"@id\":\"https:\/\/pandeoshop.com\/sl\/#organization\",\"name\":\"Pandeoshop\",\"url\":\"https:\/\/pandeoshop.com\/sl\/\",\"logo\":{\"@type\":\"ImageObject\",\"inLanguage\":\"sl-SI\",\"@id\":\"https:\/\/pandeoshop.com\/sl\/#\/schema\/logo\/image\/\",\"url\":\"https:\/\/pandeoshop.com\/wp-content\/uploads\/pandeoshop_social_logo_no_textjpg.jpg\",\"contentUrl\":\"https:\/\/pandeoshop.com\/wp-content\/uploads\/pandeoshop_social_logo_no_textjpg.jpg\",\"width\":288,\"height\":201,\"caption\":\"Pandeoshop\"},\"image\":{\"@id\":\"https:\/\/pandeoshop.com\/sl\/#\/schema\/logo\/image\/\"},\"sameAs\":[\"https:\/\/www.facebook.com\/pandeoshop\/\",\"https:\/\/www.instagram.com\/pandeo_shop\/\"]}]}<\/script>\n<meta property=\"product:price:amount\" content=\"29.11\" \/>\n<meta property=\"product:price:currency\" content=\"EUR\" \/>\n<meta property=\"og:availability\" content=\"instock\" \/>\n<meta property=\"product:availability\" content=\"instock\" \/>\n<meta property=\"product:retailer_item_id\" content=\"HS10861\" \/>\n<meta property=\"product:condition\" content=\"new\" \/>\n<!-- \/ Yoast SEO Premium plugin. -->","yoast_head_json":{"title":"Intenzivna maska \u200b\u200bza lase z medom za mo\u010d in sijaj | Daeng Gi Meo Ri Honey Intensive Hair Mask - Pandeoshop","description":"Intenzivna maska \u200b\u200bza lase je edinstven koktajl tonizirajo\u010dih in negovalnih snovi, ki lasem povrne elasti\u010dnost, naravno mo\u010d in zdrav sijaj.","robots":{"index":"index","follow":"follow","max-snippet":"max-snippet:-1","max-image-preview":"max-image-preview:large","max-video-preview":"max-video-preview:-1"},"canonical":"https:\/\/pandeoshop.com\/sl\/product\/daeng-gi-meo-ri-honey-intensive-hair-mask\/","og_locale":"sl_SI","og_type":"article","og_title":"Intenzivna maska \u200b\u200bza lase z medom za mo\u010d in sijaj | Daeng Gi Meo Ri Honey Intensive Hair Mask - Pandeoshop","og_description":"Intenzivna maska \u200b\u200bza lase je edinstven koktajl tonizirajo\u010dih in negovalnih snovi, ki lasem povrne elasti\u010dnost, naravno mo\u010d in zdrav sijaj.","og_url":"https:\/\/pandeoshop.com\/product\/daeng-gi-meo-ri-honey-intensive-hair-mask\/","og_site_name":"Pandeoshop","article_publisher":"https:\/\/www.facebook.com\/pandeoshop\/","article_modified_time":"2025-06-04T22:05:23+00:00","og_image":[{"width":1000,"height":1000,"url":"https:\/\/pandeoshop.com\/wp-content\/uploads\/daeng-gi-meo-ri-honey-intensive-hair-mask-1000ml.jpeg","type":"image\/jpeg"}],"twitter_card":"summary_large_image","schema":{"@context":"https:\/\/schema.org","@graph":[{"@type":"WebPage","@id":"https:\/\/pandeoshop.com\/sl\/izdelek\/intenzivna-maska-%e2%80%8b%e2%80%8bza-lase-z-medom-za-moc-in-sijaj-daeng-gi-meo-ri-honey-intensive-hair-mask\/","url":"https:\/\/pandeoshop.com\/product\/daeng-gi-meo-ri-honey-intensive-hair-mask\/","name":"Intenzivna maska \u200b\u200bza lase z medom za mo\u010d in sijaj | Daeng Gi Meo Ri Honey Intensive Hair Mask - Pandeoshop","isPartOf":{"@id":"https:\/\/pandeoshop.com\/sl\/#website"},"primaryImageOfPage":{"@id":"https:\/\/pandeoshop.com\/product\/daeng-gi-meo-ri-honey-intensive-hair-mask\/#primaryimage"},"image":{"@id":"https:\/\/pandeoshop.com\/product\/daeng-gi-meo-ri-honey-intensive-hair-mask\/#primaryimage"},"thumbnailUrl":"https:\/\/pandeoshop.com\/wp-content\/uploads\/masca-de-par-intensiva-cu-miere-honey-150-ml-daeng-gi-meo-ri-5238.png","datePublished":"2023-06-04T10:50:10+00:00","dateModified":"2025-06-04T22:05:23+00:00","description":"Intenzivna maska \u200b\u200bza lase je edinstven koktajl tonizirajo\u010dih in negovalnih snovi, ki lasem povrne elasti\u010dnost, naravno mo\u010d in zdrav sijaj.","breadcrumb":{"@id":"https:\/\/pandeoshop.com\/product\/daeng-gi-meo-ri-honey-intensive-hair-mask\/#breadcrumb"},"inLanguage":"sl-SI","potentialAction":[{"@type":"ReadAction","target":["https:\/\/pandeoshop.com\/product\/daeng-gi-meo-ri-honey-intensive-hair-mask\/"]}]},{"@type":"ImageObject","inLanguage":"sl-SI","@id":"https:\/\/pandeoshop.com\/product\/daeng-gi-meo-ri-honey-intensive-hair-mask\/#primaryimage","url":"https:\/\/pandeoshop.com\/wp-content\/uploads\/masca-de-par-intensiva-cu-miere-honey-150-ml-daeng-gi-meo-ri-5238.png","contentUrl":"https:\/\/pandeoshop.com\/wp-content\/uploads\/masca-de-par-intensiva-cu-miere-honey-150-ml-daeng-gi-meo-ri-5238.png","width":800,"height":800},{"@type":"BreadcrumbList","@id":"https:\/\/pandeoshop.com\/product\/daeng-gi-meo-ri-honey-intensive-hair-mask\/#breadcrumb","itemListElement":[{"@type":"ListItem","position":1,"name":"Domov","item":"https:\/\/pandeoshop.com\/sl\/"},{"@type":"ListItem","position":2,"name":"Trgovina","item":"https:\/\/pandeoshop.com\/sl\/trgovina\/"},{"@type":"ListItem","position":3,"name":"Blagovne znamke","item":"https:\/\/pandeoshop.com\/sl\/category\/blagovne-znamke\/"},{"@type":"ListItem","position":4,"name":"Daeng Gi Meo Ri","item":"https:\/\/pandeoshop.com\/sl\/category\/blagovne-znamke\/daeng-gi-meo-ri-sl\/"},{"@type":"ListItem","position":5,"name":"Intenzivna maska \u200b\u200bza lase z medom za mo\u010d in sijaj Daeng Gi Meo Ri Honey Intensive Hair Mask"}]},{"@type":"WebSite","@id":"https:\/\/pandeoshop.com\/sl\/#website","url":"https:\/\/pandeoshop.com\/sl\/","name":"Pandeoshop","description":"\u0160e eno spleti\u0161\u010de WordPress","publisher":{"@id":"https:\/\/pandeoshop.com\/sl\/#organization"},"potentialAction":[{"@type":"SearchAction","target":{"@type":"EntryPoint","urlTemplate":"https:\/\/pandeoshop.com\/sl\/?s={search_term_string}"},"query-input":"required name=search_term_string"}],"inLanguage":"sl-SI"},{"@type":"Organization","@id":"https:\/\/pandeoshop.com\/sl\/#organization","name":"Pandeoshop","url":"https:\/\/pandeoshop.com\/sl\/","logo":{"@type":"ImageObject","inLanguage":"sl-SI","@id":"https:\/\/pandeoshop.com\/sl\/#\/schema\/logo\/image\/","url":"https:\/\/pandeoshop.com\/wp-content\/uploads\/pandeoshop_social_logo_no_textjpg.jpg","contentUrl":"https:\/\/pandeoshop.com\/wp-content\/uploads\/pandeoshop_social_logo_no_textjpg.jpg","width":288,"height":201,"caption":"Pandeoshop"},"image":{"@id":"https:\/\/pandeoshop.com\/sl\/#\/schema\/logo\/image\/"},"sameAs":["https:\/\/www.facebook.com\/pandeoshop\/","https:\/\/www.instagram.com\/pandeo_shop\/"]}]},"product_price_amount":"29.11","product_price_currency":"EUR","og_availability":"instock","product_availability":"instock","product_retailer_item_id":"HS10861","product_condition":"new"},"_links":{"self":[{"href":"https:\/\/pandeoshop.com\/sl\/wp-json\/wp\/v2\/product\/26113"}],"collection":[{"href":"https:\/\/pandeoshop.com\/sl\/wp-json\/wp\/v2\/product"}],"about":[{"href":"https:\/\/pandeoshop.com\/sl\/wp-json\/wp\/v2\/types\/product"}],"replies":[{"embeddable":true,"href":"https:\/\/pandeoshop.com\/sl\/wp-json\/wp\/v2\/comments?post=26113"}],"wp:featuredmedia":[{"embeddable":true,"href":"https:\/\/pandeoshop.com\/sl\/wp-json\/wp\/v2\/media\/41876"}],"wp:attachment":[{"href":"https:\/\/pandeoshop.com\/sl\/wp-json\/wp\/v2\/media?parent=26113"}],"wp:term":[{"taxonomy":"product_cat","embeddable":true,"href":"https:\/\/pandeoshop.com\/sl\/wp-json\/wp\/v2\/product_cat?post=26113"},{"taxonomy":"product_tag","embeddable":true,"href":"https:\/\/pandeoshop.com\/sl\/wp-json\/wp\/v2\/product_tag?post=26113"}],"curies":[{"name":"wp","href":"https:\/\/api.w.org\/{rel}","templated":true}]}}