{"id":26111,"date":"2022-10-25T23:11:50","date_gmt":"2022-09-17T15:46:59","guid":{"rendered":"https:\/\/pandeoshop.com\/?post_type=product&#038;p=26111"},"modified":"2023-07-20T01:29:20","modified_gmt":"2023-07-19T23:29:20","slug":"sampon-za-poskodovane-lase-z-zdravilnimi-zelisci-daeng-gi-meo-ri-hair-loss-care-shampoo-for-damaged-hair","status":"publish","type":"product","link":"https:\/\/pandeoshop.com\/sl\/izdelek\/sampon-za-poskodovane-lase-z-zdravilnimi-zelisci-daeng-gi-meo-ri-hair-loss-care-shampoo-for-damaged-hair\/","title":{"rendered":"\u0160ampon za po\u0161kodovane lase z zdravilnimi zeli\u0161\u010di <br\/> Daeng Gi Meo Ri Hair Loss Care Shampoo For Damaged Hair"},"content":{"rendered":"<p>Daeng Gi Meo Ri Hair Loss Care Shampoo For Damaged Hair &#8211; \u0160ampon je dermatolo\u0161ko preizku\u0161en. Posebej izbrana nega za hudo po\u0161kodovane lase s te\u017enjo po lomljenju in razcepljenih konicah. Odpravlja znake izpadanja las. Vsebuje 38% zeli\u0161\u010dnih izvle\u010dkov. Izdelek ponuja profesionalno nego za hudo po\u0161kodovane in kodraste lase. Pove\u010da elasti\u010dnost in naredi lase sijo\u010de.<\/p>\n<p>Vsebuje ginseng, niacinamid, dekspantenol in salicilno kislino za spodbujanje rasti las, uravnavanje proizvodnje sebuma in prepre\u010devanje izpadanja las.<br \/>\nIzvle\u010dek potonike, ki naredi dolge lase bolj obvladljive in gladke. Prepre\u010duje sive lase.<br \/>\nIzdelek ima ne\u017een lesni vonj.<\/p>\n<p>Ne vsebuje sulfatov, silikonov, benzofenona.<\/p>\n","protected":false},"excerpt":{"rendered":"<p>\u0160ampon obnavlja tudi mo\u010dno po\u0161kodovane lase. Izdelan na osnovi naravnih zdravilnih zeli\u0161\u010d, brez \u0161kodljivih sestavin.<\/p>\n","protected":false},"featured_media":32931,"comment_status":"open","ping_status":"closed","template":"","meta":[],"product_cat":[1804,1813,1788,1790],"product_tag":[4513,4542,4574,4539,4558,4592,4565,4568,4577],"bundle_layout":"","bundle_add_to_cart_form_location":"","bundle_editable_in_cart":false,"bundle_sold_individually_context":"","bundle_item_grouping":"","bundle_min_size":"","bundle_max_size":"","bundled_by":[],"bundled_items":[],"yoast_head":"<!-- This site is optimized with the Yoast SEO Premium plugin v22.2 (Yoast SEO v22.9) - https:\/\/yoast.com\/wordpress\/plugins\/seo\/ -->\n<title>\u0160ampon za po\u0161kodovane lase z zdravilnimi zeli\u0161\u010di | Daeng Gi Meo Ri Hair Loss Care Shampoo For Damaged Hair - Pandeoshop<\/title>\n<meta name=\"description\" content=\"\u0160ampon obnavlja tudi mo\u010dno po\u0161kodovane lase. Izdelan na osnovi naravnih zdravilnih zeli\u0161\u010d, brez \u0161kodljivih sestavin.\" \/>\n<meta name=\"robots\" content=\"index, follow, max-snippet:-1, max-image-preview:large, max-video-preview:-1\" \/>\n<link rel=\"canonical\" href=\"https:\/\/pandeoshop.com\/sl\/product\/daeng-gi-meo-ri-hair-loss-care-shampoo-for-damaged-hair\/\" \/>\n<meta property=\"og:locale\" content=\"sl_SI\" \/>\n<meta property=\"og:type\" content=\"article\" \/>\n<meta property=\"og:title\" content=\"\u0160ampon za po\u0161kodovane lase z zdravilnimi zeli\u0161\u010di | Daeng Gi Meo Ri Hair Loss Care Shampoo For Damaged Hair - Pandeoshop\" \/>\n<meta property=\"og:description\" content=\"\u0160ampon obnavlja tudi mo\u010dno po\u0161kodovane lase. Izdelan na osnovi naravnih zdravilnih zeli\u0161\u010d, brez \u0161kodljivih sestavin.\" \/>\n<meta property=\"og:url\" content=\"https:\/\/pandeoshop.com\/product\/daeng-gi-meo-ri-hair-loss-care-shampoo-for-damaged-hair\/\" \/>\n<meta property=\"og:site_name\" content=\"Pandeoshop\" \/>\n<meta property=\"article:publisher\" content=\"https:\/\/www.facebook.com\/pandeoshop\/\" \/>\n<meta property=\"article:modified_time\" content=\"2023-07-19T23:29:20+00:00\" \/>\n<meta property=\"og:image\" content=\"https:\/\/pandeoshop.com\/wp-content\/uploads\/daeng-gi-meo-ri-hair-loss-care-shampoo-for-damaged-hair-400ml.jpeg\" \/>\n\t<meta property=\"og:image:width\" content=\"1000\" \/>\n\t<meta property=\"og:image:height\" content=\"1000\" \/>\n\t<meta property=\"og:image:type\" content=\"image\/jpeg\" \/>\n<meta name=\"twitter:card\" content=\"summary_large_image\" \/>\n<script type=\"application\/ld+json\" class=\"yoast-schema-graph\">{\"@context\":\"https:\/\/schema.org\",\"@graph\":[{\"@type\":\"WebPage\",\"@id\":\"https:\/\/pandeoshop.com\/sl\/izdelek\/sampon-za-poskodovane-lase-z-zdravilnimi-zelisci-daeng-gi-meo-ri-hair-loss-care-shampoo-for-damaged-hair\/\",\"url\":\"https:\/\/pandeoshop.com\/product\/daeng-gi-meo-ri-hair-loss-care-shampoo-for-damaged-hair\/\",\"name\":\"\u0160ampon za po\u0161kodovane lase z zdravilnimi zeli\u0161\u010di | Daeng Gi Meo Ri Hair Loss Care Shampoo For Damaged Hair - Pandeoshop\",\"isPartOf\":{\"@id\":\"https:\/\/pandeoshop.com\/sl\/#website\"},\"primaryImageOfPage\":{\"@id\":\"https:\/\/pandeoshop.com\/product\/daeng-gi-meo-ri-hair-loss-care-shampoo-for-damaged-hair\/#primaryimage\"},\"image\":{\"@id\":\"https:\/\/pandeoshop.com\/product\/daeng-gi-meo-ri-hair-loss-care-shampoo-for-damaged-hair\/#primaryimage\"},\"thumbnailUrl\":\"https:\/\/pandeoshop.com\/wp-content\/uploads\/daeng-gi-meo-ri-hair-loss-care-shampoo-for-damaged-hair-400ml.jpeg\",\"datePublished\":\"2022-09-17T15:46:59+00:00\",\"dateModified\":\"2023-07-19T23:29:20+00:00\",\"description\":\"\u0160ampon obnavlja tudi mo\u010dno po\u0161kodovane lase. Izdelan na osnovi naravnih zdravilnih zeli\u0161\u010d, brez \u0161kodljivih sestavin.\",\"breadcrumb\":{\"@id\":\"https:\/\/pandeoshop.com\/product\/daeng-gi-meo-ri-hair-loss-care-shampoo-for-damaged-hair\/#breadcrumb\"},\"inLanguage\":\"sl-SI\",\"potentialAction\":[{\"@type\":\"ReadAction\",\"target\":[\"https:\/\/pandeoshop.com\/product\/daeng-gi-meo-ri-hair-loss-care-shampoo-for-damaged-hair\/\"]}]},{\"@type\":\"ImageObject\",\"inLanguage\":\"sl-SI\",\"@id\":\"https:\/\/pandeoshop.com\/product\/daeng-gi-meo-ri-hair-loss-care-shampoo-for-damaged-hair\/#primaryimage\",\"url\":\"https:\/\/pandeoshop.com\/wp-content\/uploads\/daeng-gi-meo-ri-hair-loss-care-shampoo-for-damaged-hair-400ml.jpeg\",\"contentUrl\":\"https:\/\/pandeoshop.com\/wp-content\/uploads\/daeng-gi-meo-ri-hair-loss-care-shampoo-for-damaged-hair-400ml.jpeg\",\"width\":1000,\"height\":1000},{\"@type\":\"BreadcrumbList\",\"@id\":\"https:\/\/pandeoshop.com\/product\/daeng-gi-meo-ri-hair-loss-care-shampoo-for-damaged-hair\/#breadcrumb\",\"itemListElement\":[{\"@type\":\"ListItem\",\"position\":1,\"name\":\"Domov\",\"item\":\"https:\/\/pandeoshop.com\/sl\/\"},{\"@type\":\"ListItem\",\"position\":2,\"name\":\"Trgovina\",\"item\":\"https:\/\/pandeoshop.com\/sl\/trgovina\/\"},{\"@type\":\"ListItem\",\"position\":3,\"name\":\"Blagovne znamke\",\"item\":\"https:\/\/pandeoshop.com\/sl\/category\/blagovne-znamke\/\"},{\"@type\":\"ListItem\",\"position\":4,\"name\":\"Daeng Gi Meo Ri\",\"item\":\"https:\/\/pandeoshop.com\/sl\/category\/blagovne-znamke\/daeng-gi-meo-ri-sl\/\"},{\"@type\":\"ListItem\",\"position\":5,\"name\":\"\u0160ampon za po\u0161kodovane lase z zdravilnimi zeli\u0161\u010di Daeng Gi Meo Ri Hair Loss Care Shampoo For Damaged Hair\"}]},{\"@type\":\"WebSite\",\"@id\":\"https:\/\/pandeoshop.com\/sl\/#website\",\"url\":\"https:\/\/pandeoshop.com\/sl\/\",\"name\":\"Pandeoshop\",\"description\":\"\u0160e eno spleti\u0161\u010de WordPress\",\"publisher\":{\"@id\":\"https:\/\/pandeoshop.com\/sl\/#organization\"},\"potentialAction\":[{\"@type\":\"SearchAction\",\"target\":{\"@type\":\"EntryPoint\",\"urlTemplate\":\"https:\/\/pandeoshop.com\/sl\/?s={search_term_string}\"},\"query-input\":\"required name=search_term_string\"}],\"inLanguage\":\"sl-SI\"},{\"@type\":\"Organization\",\"@id\":\"https:\/\/pandeoshop.com\/sl\/#organization\",\"name\":\"Pandeoshop\",\"url\":\"https:\/\/pandeoshop.com\/sl\/\",\"logo\":{\"@type\":\"ImageObject\",\"inLanguage\":\"sl-SI\",\"@id\":\"https:\/\/pandeoshop.com\/sl\/#\/schema\/logo\/image\/\",\"url\":\"https:\/\/pandeoshop.com\/wp-content\/uploads\/pandeoshop_social_logo_no_textjpg.jpg\",\"contentUrl\":\"https:\/\/pandeoshop.com\/wp-content\/uploads\/pandeoshop_social_logo_no_textjpg.jpg\",\"width\":288,\"height\":201,\"caption\":\"Pandeoshop\"},\"image\":{\"@id\":\"https:\/\/pandeoshop.com\/sl\/#\/schema\/logo\/image\/\"},\"sameAs\":[\"https:\/\/www.facebook.com\/pandeoshop\/\",\"https:\/\/www.instagram.com\/pandeo_shop\/\"]}]}<\/script>\n<meta property=\"product:price:amount\" content=\"22.57\" \/>\n<meta property=\"product:price:currency\" content=\"EUR\" \/>\n<meta property=\"og:availability\" content=\"out of stock\" \/>\n<meta property=\"product:availability\" content=\"out of stock\" \/>\n<meta property=\"product:retailer_item_id\" content=\"DGM777909XXX3\" \/>\n<meta property=\"product:condition\" content=\"new\" \/>\n<!-- \/ Yoast SEO Premium plugin. -->","yoast_head_json":{"title":"\u0160ampon za po\u0161kodovane lase z zdravilnimi zeli\u0161\u010di | Daeng Gi Meo Ri Hair Loss Care Shampoo For Damaged Hair - Pandeoshop","description":"\u0160ampon obnavlja tudi mo\u010dno po\u0161kodovane lase. Izdelan na osnovi naravnih zdravilnih zeli\u0161\u010d, brez \u0161kodljivih sestavin.","robots":{"index":"index","follow":"follow","max-snippet":"max-snippet:-1","max-image-preview":"max-image-preview:large","max-video-preview":"max-video-preview:-1"},"canonical":"https:\/\/pandeoshop.com\/sl\/product\/daeng-gi-meo-ri-hair-loss-care-shampoo-for-damaged-hair\/","og_locale":"sl_SI","og_type":"article","og_title":"\u0160ampon za po\u0161kodovane lase z zdravilnimi zeli\u0161\u010di | Daeng Gi Meo Ri Hair Loss Care Shampoo For Damaged Hair - Pandeoshop","og_description":"\u0160ampon obnavlja tudi mo\u010dno po\u0161kodovane lase. Izdelan na osnovi naravnih zdravilnih zeli\u0161\u010d, brez \u0161kodljivih sestavin.","og_url":"https:\/\/pandeoshop.com\/product\/daeng-gi-meo-ri-hair-loss-care-shampoo-for-damaged-hair\/","og_site_name":"Pandeoshop","article_publisher":"https:\/\/www.facebook.com\/pandeoshop\/","article_modified_time":"2023-07-19T23:29:20+00:00","og_image":[{"width":1000,"height":1000,"url":"https:\/\/pandeoshop.com\/wp-content\/uploads\/daeng-gi-meo-ri-hair-loss-care-shampoo-for-damaged-hair-400ml.jpeg","type":"image\/jpeg"}],"twitter_card":"summary_large_image","schema":{"@context":"https:\/\/schema.org","@graph":[{"@type":"WebPage","@id":"https:\/\/pandeoshop.com\/sl\/izdelek\/sampon-za-poskodovane-lase-z-zdravilnimi-zelisci-daeng-gi-meo-ri-hair-loss-care-shampoo-for-damaged-hair\/","url":"https:\/\/pandeoshop.com\/product\/daeng-gi-meo-ri-hair-loss-care-shampoo-for-damaged-hair\/","name":"\u0160ampon za po\u0161kodovane lase z zdravilnimi zeli\u0161\u010di | Daeng Gi Meo Ri Hair Loss Care Shampoo For Damaged Hair - Pandeoshop","isPartOf":{"@id":"https:\/\/pandeoshop.com\/sl\/#website"},"primaryImageOfPage":{"@id":"https:\/\/pandeoshop.com\/product\/daeng-gi-meo-ri-hair-loss-care-shampoo-for-damaged-hair\/#primaryimage"},"image":{"@id":"https:\/\/pandeoshop.com\/product\/daeng-gi-meo-ri-hair-loss-care-shampoo-for-damaged-hair\/#primaryimage"},"thumbnailUrl":"https:\/\/pandeoshop.com\/wp-content\/uploads\/daeng-gi-meo-ri-hair-loss-care-shampoo-for-damaged-hair-400ml.jpeg","datePublished":"2022-09-17T15:46:59+00:00","dateModified":"2023-07-19T23:29:20+00:00","description":"\u0160ampon obnavlja tudi mo\u010dno po\u0161kodovane lase. Izdelan na osnovi naravnih zdravilnih zeli\u0161\u010d, brez \u0161kodljivih sestavin.","breadcrumb":{"@id":"https:\/\/pandeoshop.com\/product\/daeng-gi-meo-ri-hair-loss-care-shampoo-for-damaged-hair\/#breadcrumb"},"inLanguage":"sl-SI","potentialAction":[{"@type":"ReadAction","target":["https:\/\/pandeoshop.com\/product\/daeng-gi-meo-ri-hair-loss-care-shampoo-for-damaged-hair\/"]}]},{"@type":"ImageObject","inLanguage":"sl-SI","@id":"https:\/\/pandeoshop.com\/product\/daeng-gi-meo-ri-hair-loss-care-shampoo-for-damaged-hair\/#primaryimage","url":"https:\/\/pandeoshop.com\/wp-content\/uploads\/daeng-gi-meo-ri-hair-loss-care-shampoo-for-damaged-hair-400ml.jpeg","contentUrl":"https:\/\/pandeoshop.com\/wp-content\/uploads\/daeng-gi-meo-ri-hair-loss-care-shampoo-for-damaged-hair-400ml.jpeg","width":1000,"height":1000},{"@type":"BreadcrumbList","@id":"https:\/\/pandeoshop.com\/product\/daeng-gi-meo-ri-hair-loss-care-shampoo-for-damaged-hair\/#breadcrumb","itemListElement":[{"@type":"ListItem","position":1,"name":"Domov","item":"https:\/\/pandeoshop.com\/sl\/"},{"@type":"ListItem","position":2,"name":"Trgovina","item":"https:\/\/pandeoshop.com\/sl\/trgovina\/"},{"@type":"ListItem","position":3,"name":"Blagovne znamke","item":"https:\/\/pandeoshop.com\/sl\/category\/blagovne-znamke\/"},{"@type":"ListItem","position":4,"name":"Daeng Gi Meo Ri","item":"https:\/\/pandeoshop.com\/sl\/category\/blagovne-znamke\/daeng-gi-meo-ri-sl\/"},{"@type":"ListItem","position":5,"name":"\u0160ampon za po\u0161kodovane lase z zdravilnimi zeli\u0161\u010di Daeng Gi Meo Ri Hair Loss Care Shampoo For Damaged Hair"}]},{"@type":"WebSite","@id":"https:\/\/pandeoshop.com\/sl\/#website","url":"https:\/\/pandeoshop.com\/sl\/","name":"Pandeoshop","description":"\u0160e eno spleti\u0161\u010de WordPress","publisher":{"@id":"https:\/\/pandeoshop.com\/sl\/#organization"},"potentialAction":[{"@type":"SearchAction","target":{"@type":"EntryPoint","urlTemplate":"https:\/\/pandeoshop.com\/sl\/?s={search_term_string}"},"query-input":"required name=search_term_string"}],"inLanguage":"sl-SI"},{"@type":"Organization","@id":"https:\/\/pandeoshop.com\/sl\/#organization","name":"Pandeoshop","url":"https:\/\/pandeoshop.com\/sl\/","logo":{"@type":"ImageObject","inLanguage":"sl-SI","@id":"https:\/\/pandeoshop.com\/sl\/#\/schema\/logo\/image\/","url":"https:\/\/pandeoshop.com\/wp-content\/uploads\/pandeoshop_social_logo_no_textjpg.jpg","contentUrl":"https:\/\/pandeoshop.com\/wp-content\/uploads\/pandeoshop_social_logo_no_textjpg.jpg","width":288,"height":201,"caption":"Pandeoshop"},"image":{"@id":"https:\/\/pandeoshop.com\/sl\/#\/schema\/logo\/image\/"},"sameAs":["https:\/\/www.facebook.com\/pandeoshop\/","https:\/\/www.instagram.com\/pandeo_shop\/"]}]},"product_price_amount":"22.57","product_price_currency":"EUR","og_availability":"out of stock","product_availability":"out of stock","product_retailer_item_id":"DGM777909XXX3","product_condition":"new"},"_links":{"self":[{"href":"https:\/\/pandeoshop.com\/sl\/wp-json\/wp\/v2\/product\/26111"}],"collection":[{"href":"https:\/\/pandeoshop.com\/sl\/wp-json\/wp\/v2\/product"}],"about":[{"href":"https:\/\/pandeoshop.com\/sl\/wp-json\/wp\/v2\/types\/product"}],"replies":[{"embeddable":true,"href":"https:\/\/pandeoshop.com\/sl\/wp-json\/wp\/v2\/comments?post=26111"}],"wp:featuredmedia":[{"embeddable":true,"href":"https:\/\/pandeoshop.com\/sl\/wp-json\/wp\/v2\/media\/32931"}],"wp:attachment":[{"href":"https:\/\/pandeoshop.com\/sl\/wp-json\/wp\/v2\/media?parent=26111"}],"wp:term":[{"taxonomy":"product_cat","embeddable":true,"href":"https:\/\/pandeoshop.com\/sl\/wp-json\/wp\/v2\/product_cat?post=26111"},{"taxonomy":"product_tag","embeddable":true,"href":"https:\/\/pandeoshop.com\/sl\/wp-json\/wp\/v2\/product_tag?post=26111"}],"curies":[{"name":"wp","href":"https:\/\/api.w.org\/{rel}","templated":true}]}}