{"id":26089,"date":"2022-10-25T23:11:34","date_gmt":"2022-09-17T15:46:46","guid":{"rendered":"https:\/\/pandeoshop.com\/?post_type=product&#038;p=26089"},"modified":"2025-06-09T13:15:46","modified_gmt":"2025-06-09T11:15:46","slug":"intenzivna-negovalna-maska-%e2%80%8b%e2%80%8bza-lase-proti-izpadanju-las-daeng-gi-meo-ri-dlae-soo-intensive-nourishing-pack","status":"publish","type":"product","link":"https:\/\/pandeoshop.com\/sl\/izdelek\/intenzivna-negovalna-maska-%e2%80%8b%e2%80%8bza-lase-proti-izpadanju-las-daeng-gi-meo-ri-dlae-soo-intensive-nourishing-pack\/","title":{"rendered":"Intenzivna negovalna maska \u200b\u200bza lase proti izpadanju las <br\/> Daeng Gi Meo Ri Dlae Soo Intensive Nourishing Pack"},"content":{"rendered":"<p>Daeng Gi Meo Ri Dlae Soo Intensive Nourishing Pack &#8211; Maska za lase zagotavlja intenzivna hranila za va\u0161e lase, od korenin do konic, hkrati pa aktivno obnavlja po\u0161kodbe, ki jih povzro\u010di su\u0161enje s su\u0161ilcem za lase in uporaba sredstev za oblikovanje.<\/p>\n<p>Olje kamelije ima pomlajevalni u\u010dinek na ko\u017eo in lase zaradi prisotnosti antioksidantov, vitamina E in ma\u0161\u010dobnih kislin v sestavi. Sestavine prodrejo globoko v ko\u017eo in nasi\u010dijo celice s hranili. Olje kamelije se zlahka absorbira, zato je edinstven naravni balzam, ki ne povzro\u010da alergij, dra\u017eenja in je primeren za absolutno vse tipe las, pa tudi za ljudi s preob\u010dutljivostjo.<br \/>\nIzvle\u010dek korenine remanije (Rehmannia root) normalizira uravnavanje sebuma na lasi\u0161\u010du.<\/p>\n","protected":false},"excerpt":{"rendered":"<p>\u017delite, da bi va\u0161i lasje sijali, gladki in obvladljivi? Potem je ta maska primerna za vas. Maska za lase zagotavlja intenzivna hranila za va\u0161e lase, od korenin do konic, hkrati pa aktivno obnavlja po\u0161kodbe, ki jih povzro\u010di su\u0161enje s su\u0161ilcem za lase in uporaba sredstev za oblikovanje.<\/p>\n","protected":false},"featured_media":32891,"comment_status":"open","ping_status":"closed","template":"","meta":[],"product_cat":[1742,1755,1764,1739,1791,1804,1813,1788],"product_tag":[4270,4500,4273,4505,4275,4277,4507,4281,4288,4511,4309,4539,4503,4518,4326,4556,4558,4328,4347,4577,4352,4582,4353,4359,4589,4598,4368,4583],"bundle_layout":"","bundle_add_to_cart_form_location":"","bundle_editable_in_cart":false,"bundle_sold_individually_context":"","bundle_item_grouping":"","bundle_min_size":"","bundle_max_size":"","bundled_by":[],"bundled_items":[],"yoast_head":"<!-- This site is optimized with the Yoast SEO Premium plugin v22.2 (Yoast SEO v22.9) - https:\/\/yoast.com\/wordpress\/plugins\/seo\/ -->\n<title>Intenzivna negovalna maska \u200b\u200bza lase proti izpadanju las | Daeng Gi Meo Ri Dlae Soo Intensive Nourishing Pack - Pandeoshop<\/title>\n<meta name=\"description\" content=\"\u017delite, da bi va\u0161i lasje sijali, gladki in obvladljivi? Potem je ta maska primerna za vas. Maska za lase zagotavlja intenzivna hranila za va\u0161e lase, od korenin do konic, hkrati pa aktivno obnavlja po\u0161kodbe, ki jih povzro\u010di su\u0161enje s su\u0161ilcem za lase in uporaba sredstev za oblikovanje.\" \/>\n<meta name=\"robots\" content=\"index, follow, max-snippet:-1, max-image-preview:large, max-video-preview:-1\" \/>\n<link rel=\"canonical\" href=\"https:\/\/pandeoshop.com\/sl\/product\/daeng-gi-meo-ri-dlae-soo-intensive-nourishing-pack\/\" \/>\n<meta property=\"og:locale\" content=\"sl_SI\" \/>\n<meta property=\"og:type\" content=\"article\" \/>\n<meta property=\"og:title\" content=\"Intenzivna negovalna maska \u200b\u200bza lase proti izpadanju las | Daeng Gi Meo Ri Dlae Soo Intensive Nourishing Pack - Pandeoshop\" \/>\n<meta property=\"og:description\" content=\"\u017delite, da bi va\u0161i lasje sijali, gladki in obvladljivi? Potem je ta maska primerna za vas. Maska za lase zagotavlja intenzivna hranila za va\u0161e lase, od korenin do konic, hkrati pa aktivno obnavlja po\u0161kodbe, ki jih povzro\u010di su\u0161enje s su\u0161ilcem za lase in uporaba sredstev za oblikovanje.\" \/>\n<meta property=\"og:url\" content=\"https:\/\/pandeoshop.com\/product\/daeng-gi-meo-ri-dlae-soo-intensive-nourishing-pack\/\" \/>\n<meta property=\"og:site_name\" content=\"Pandeoshop\" \/>\n<meta property=\"article:publisher\" content=\"https:\/\/www.facebook.com\/pandeoshop\/\" \/>\n<meta property=\"article:modified_time\" content=\"2025-06-09T11:15:46+00:00\" \/>\n<meta property=\"og:image\" content=\"https:\/\/pandeoshop.com\/wp-content\/uploads\/daeng-gi-meo-ri-dlae-soo-intensive-nourishing-pack-200ml.jpeg\" \/>\n\t<meta property=\"og:image:width\" content=\"1000\" \/>\n\t<meta property=\"og:image:height\" content=\"1000\" \/>\n\t<meta property=\"og:image:type\" content=\"image\/jpeg\" \/>\n<meta name=\"twitter:card\" content=\"summary_large_image\" \/>\n<script type=\"application\/ld+json\" class=\"yoast-schema-graph\">{\"@context\":\"https:\/\/schema.org\",\"@graph\":[{\"@type\":\"WebPage\",\"@id\":\"https:\/\/pandeoshop.com\/sl\/izdelek\/intenzivna-negovalna-maska-%e2%80%8b%e2%80%8bza-lase-proti-izpadanju-las-daeng-gi-meo-ri-dlae-soo-intensive-nourishing-pack\/\",\"url\":\"https:\/\/pandeoshop.com\/product\/daeng-gi-meo-ri-dlae-soo-intensive-nourishing-pack\/\",\"name\":\"Intenzivna negovalna maska \u200b\u200bza lase proti izpadanju las | Daeng Gi Meo Ri Dlae Soo Intensive Nourishing Pack - Pandeoshop\",\"isPartOf\":{\"@id\":\"https:\/\/pandeoshop.com\/sl\/#website\"},\"primaryImageOfPage\":{\"@id\":\"https:\/\/pandeoshop.com\/product\/daeng-gi-meo-ri-dlae-soo-intensive-nourishing-pack\/#primaryimage\"},\"image\":{\"@id\":\"https:\/\/pandeoshop.com\/product\/daeng-gi-meo-ri-dlae-soo-intensive-nourishing-pack\/#primaryimage\"},\"thumbnailUrl\":\"https:\/\/pandeoshop.com\/wp-content\/uploads\/daeng-gi-meo-ri-dlae-soo-intensive-nourishing-pack-200ml.jpeg\",\"datePublished\":\"2022-09-17T15:46:46+00:00\",\"dateModified\":\"2025-06-09T11:15:46+00:00\",\"description\":\"\u017delite, da bi va\u0161i lasje sijali, gladki in obvladljivi? Potem je ta maska primerna za vas. Maska za lase zagotavlja intenzivna hranila za va\u0161e lase, od korenin do konic, hkrati pa aktivno obnavlja po\u0161kodbe, ki jih povzro\u010di su\u0161enje s su\u0161ilcem za lase in uporaba sredstev za oblikovanje.\",\"breadcrumb\":{\"@id\":\"https:\/\/pandeoshop.com\/product\/daeng-gi-meo-ri-dlae-soo-intensive-nourishing-pack\/#breadcrumb\"},\"inLanguage\":\"sl-SI\",\"potentialAction\":[{\"@type\":\"ReadAction\",\"target\":[\"https:\/\/pandeoshop.com\/product\/daeng-gi-meo-ri-dlae-soo-intensive-nourishing-pack\/\"]}]},{\"@type\":\"ImageObject\",\"inLanguage\":\"sl-SI\",\"@id\":\"https:\/\/pandeoshop.com\/product\/daeng-gi-meo-ri-dlae-soo-intensive-nourishing-pack\/#primaryimage\",\"url\":\"https:\/\/pandeoshop.com\/wp-content\/uploads\/daeng-gi-meo-ri-dlae-soo-intensive-nourishing-pack-200ml.jpeg\",\"contentUrl\":\"https:\/\/pandeoshop.com\/wp-content\/uploads\/daeng-gi-meo-ri-dlae-soo-intensive-nourishing-pack-200ml.jpeg\",\"width\":1000,\"height\":1000},{\"@type\":\"BreadcrumbList\",\"@id\":\"https:\/\/pandeoshop.com\/product\/daeng-gi-meo-ri-dlae-soo-intensive-nourishing-pack\/#breadcrumb\",\"itemListElement\":[{\"@type\":\"ListItem\",\"position\":1,\"name\":\"Domov\",\"item\":\"https:\/\/pandeoshop.com\/sl\/\"},{\"@type\":\"ListItem\",\"position\":2,\"name\":\"Trgovina\",\"item\":\"https:\/\/pandeoshop.com\/sl\/trgovina\/\"},{\"@type\":\"ListItem\",\"position\":3,\"name\":\"Blagovne znamke\",\"item\":\"https:\/\/pandeoshop.com\/sl\/category\/blagovne-znamke\/\"},{\"@type\":\"ListItem\",\"position\":4,\"name\":\"Daeng Gi Meo Ri\",\"item\":\"https:\/\/pandeoshop.com\/sl\/category\/blagovne-znamke\/daeng-gi-meo-ri-sl\/\"},{\"@type\":\"ListItem\",\"position\":5,\"name\":\"Intenzivna negovalna maska \u200b\u200bza lase proti izpadanju las Daeng Gi Meo Ri Dlae Soo Intensive Nourishing Pack\"}]},{\"@type\":\"WebSite\",\"@id\":\"https:\/\/pandeoshop.com\/sl\/#website\",\"url\":\"https:\/\/pandeoshop.com\/sl\/\",\"name\":\"Pandeoshop\",\"description\":\"\u0160e eno spleti\u0161\u010de WordPress\",\"publisher\":{\"@id\":\"https:\/\/pandeoshop.com\/sl\/#organization\"},\"potentialAction\":[{\"@type\":\"SearchAction\",\"target\":{\"@type\":\"EntryPoint\",\"urlTemplate\":\"https:\/\/pandeoshop.com\/sl\/?s={search_term_string}\"},\"query-input\":\"required name=search_term_string\"}],\"inLanguage\":\"sl-SI\"},{\"@type\":\"Organization\",\"@id\":\"https:\/\/pandeoshop.com\/sl\/#organization\",\"name\":\"Pandeoshop\",\"url\":\"https:\/\/pandeoshop.com\/sl\/\",\"logo\":{\"@type\":\"ImageObject\",\"inLanguage\":\"sl-SI\",\"@id\":\"https:\/\/pandeoshop.com\/sl\/#\/schema\/logo\/image\/\",\"url\":\"https:\/\/pandeoshop.com\/wp-content\/uploads\/pandeoshop_social_logo_no_textjpg.jpg\",\"contentUrl\":\"https:\/\/pandeoshop.com\/wp-content\/uploads\/pandeoshop_social_logo_no_textjpg.jpg\",\"width\":288,\"height\":201,\"caption\":\"Pandeoshop\"},\"image\":{\"@id\":\"https:\/\/pandeoshop.com\/sl\/#\/schema\/logo\/image\/\"},\"sameAs\":[\"https:\/\/www.facebook.com\/pandeoshop\/\",\"https:\/\/www.instagram.com\/pandeo_shop\/\"]}]}<\/script>\n<meta property=\"product:price:amount\" content=\"10.33\" \/>\n<meta property=\"product:price:currency\" content=\"EUR\" \/>\n<meta property=\"og:availability\" content=\"instock\" \/>\n<meta property=\"product:availability\" content=\"instock\" \/>\n<meta property=\"product:retailer_item_id\" content=\"HS10083\" \/>\n<meta property=\"product:condition\" content=\"new\" \/>\n<!-- \/ Yoast SEO Premium plugin. -->","yoast_head_json":{"title":"Intenzivna negovalna maska \u200b\u200bza lase proti izpadanju las | Daeng Gi Meo Ri Dlae Soo Intensive Nourishing Pack - Pandeoshop","description":"\u017delite, da bi va\u0161i lasje sijali, gladki in obvladljivi? Potem je ta maska primerna za vas. Maska za lase zagotavlja intenzivna hranila za va\u0161e lase, od korenin do konic, hkrati pa aktivno obnavlja po\u0161kodbe, ki jih povzro\u010di su\u0161enje s su\u0161ilcem za lase in uporaba sredstev za oblikovanje.","robots":{"index":"index","follow":"follow","max-snippet":"max-snippet:-1","max-image-preview":"max-image-preview:large","max-video-preview":"max-video-preview:-1"},"canonical":"https:\/\/pandeoshop.com\/sl\/product\/daeng-gi-meo-ri-dlae-soo-intensive-nourishing-pack\/","og_locale":"sl_SI","og_type":"article","og_title":"Intenzivna negovalna maska \u200b\u200bza lase proti izpadanju las | Daeng Gi Meo Ri Dlae Soo Intensive Nourishing Pack - Pandeoshop","og_description":"\u017delite, da bi va\u0161i lasje sijali, gladki in obvladljivi? Potem je ta maska primerna za vas. Maska za lase zagotavlja intenzivna hranila za va\u0161e lase, od korenin do konic, hkrati pa aktivno obnavlja po\u0161kodbe, ki jih povzro\u010di su\u0161enje s su\u0161ilcem za lase in uporaba sredstev za oblikovanje.","og_url":"https:\/\/pandeoshop.com\/product\/daeng-gi-meo-ri-dlae-soo-intensive-nourishing-pack\/","og_site_name":"Pandeoshop","article_publisher":"https:\/\/www.facebook.com\/pandeoshop\/","article_modified_time":"2025-06-09T11:15:46+00:00","og_image":[{"width":1000,"height":1000,"url":"https:\/\/pandeoshop.com\/wp-content\/uploads\/daeng-gi-meo-ri-dlae-soo-intensive-nourishing-pack-200ml.jpeg","type":"image\/jpeg"}],"twitter_card":"summary_large_image","schema":{"@context":"https:\/\/schema.org","@graph":[{"@type":"WebPage","@id":"https:\/\/pandeoshop.com\/sl\/izdelek\/intenzivna-negovalna-maska-%e2%80%8b%e2%80%8bza-lase-proti-izpadanju-las-daeng-gi-meo-ri-dlae-soo-intensive-nourishing-pack\/","url":"https:\/\/pandeoshop.com\/product\/daeng-gi-meo-ri-dlae-soo-intensive-nourishing-pack\/","name":"Intenzivna negovalna maska \u200b\u200bza lase proti izpadanju las | Daeng Gi Meo Ri Dlae Soo Intensive Nourishing Pack - Pandeoshop","isPartOf":{"@id":"https:\/\/pandeoshop.com\/sl\/#website"},"primaryImageOfPage":{"@id":"https:\/\/pandeoshop.com\/product\/daeng-gi-meo-ri-dlae-soo-intensive-nourishing-pack\/#primaryimage"},"image":{"@id":"https:\/\/pandeoshop.com\/product\/daeng-gi-meo-ri-dlae-soo-intensive-nourishing-pack\/#primaryimage"},"thumbnailUrl":"https:\/\/pandeoshop.com\/wp-content\/uploads\/daeng-gi-meo-ri-dlae-soo-intensive-nourishing-pack-200ml.jpeg","datePublished":"2022-09-17T15:46:46+00:00","dateModified":"2025-06-09T11:15:46+00:00","description":"\u017delite, da bi va\u0161i lasje sijali, gladki in obvladljivi? Potem je ta maska primerna za vas. Maska za lase zagotavlja intenzivna hranila za va\u0161e lase, od korenin do konic, hkrati pa aktivno obnavlja po\u0161kodbe, ki jih povzro\u010di su\u0161enje s su\u0161ilcem za lase in uporaba sredstev za oblikovanje.","breadcrumb":{"@id":"https:\/\/pandeoshop.com\/product\/daeng-gi-meo-ri-dlae-soo-intensive-nourishing-pack\/#breadcrumb"},"inLanguage":"sl-SI","potentialAction":[{"@type":"ReadAction","target":["https:\/\/pandeoshop.com\/product\/daeng-gi-meo-ri-dlae-soo-intensive-nourishing-pack\/"]}]},{"@type":"ImageObject","inLanguage":"sl-SI","@id":"https:\/\/pandeoshop.com\/product\/daeng-gi-meo-ri-dlae-soo-intensive-nourishing-pack\/#primaryimage","url":"https:\/\/pandeoshop.com\/wp-content\/uploads\/daeng-gi-meo-ri-dlae-soo-intensive-nourishing-pack-200ml.jpeg","contentUrl":"https:\/\/pandeoshop.com\/wp-content\/uploads\/daeng-gi-meo-ri-dlae-soo-intensive-nourishing-pack-200ml.jpeg","width":1000,"height":1000},{"@type":"BreadcrumbList","@id":"https:\/\/pandeoshop.com\/product\/daeng-gi-meo-ri-dlae-soo-intensive-nourishing-pack\/#breadcrumb","itemListElement":[{"@type":"ListItem","position":1,"name":"Domov","item":"https:\/\/pandeoshop.com\/sl\/"},{"@type":"ListItem","position":2,"name":"Trgovina","item":"https:\/\/pandeoshop.com\/sl\/trgovina\/"},{"@type":"ListItem","position":3,"name":"Blagovne znamke","item":"https:\/\/pandeoshop.com\/sl\/category\/blagovne-znamke\/"},{"@type":"ListItem","position":4,"name":"Daeng Gi Meo Ri","item":"https:\/\/pandeoshop.com\/sl\/category\/blagovne-znamke\/daeng-gi-meo-ri-sl\/"},{"@type":"ListItem","position":5,"name":"Intenzivna negovalna maska \u200b\u200bza lase proti izpadanju las Daeng Gi Meo Ri Dlae Soo Intensive Nourishing Pack"}]},{"@type":"WebSite","@id":"https:\/\/pandeoshop.com\/sl\/#website","url":"https:\/\/pandeoshop.com\/sl\/","name":"Pandeoshop","description":"\u0160e eno spleti\u0161\u010de WordPress","publisher":{"@id":"https:\/\/pandeoshop.com\/sl\/#organization"},"potentialAction":[{"@type":"SearchAction","target":{"@type":"EntryPoint","urlTemplate":"https:\/\/pandeoshop.com\/sl\/?s={search_term_string}"},"query-input":"required name=search_term_string"}],"inLanguage":"sl-SI"},{"@type":"Organization","@id":"https:\/\/pandeoshop.com\/sl\/#organization","name":"Pandeoshop","url":"https:\/\/pandeoshop.com\/sl\/","logo":{"@type":"ImageObject","inLanguage":"sl-SI","@id":"https:\/\/pandeoshop.com\/sl\/#\/schema\/logo\/image\/","url":"https:\/\/pandeoshop.com\/wp-content\/uploads\/pandeoshop_social_logo_no_textjpg.jpg","contentUrl":"https:\/\/pandeoshop.com\/wp-content\/uploads\/pandeoshop_social_logo_no_textjpg.jpg","width":288,"height":201,"caption":"Pandeoshop"},"image":{"@id":"https:\/\/pandeoshop.com\/sl\/#\/schema\/logo\/image\/"},"sameAs":["https:\/\/www.facebook.com\/pandeoshop\/","https:\/\/www.instagram.com\/pandeo_shop\/"]}]},"product_price_amount":"10.33","product_price_currency":"EUR","og_availability":"instock","product_availability":"instock","product_retailer_item_id":"HS10083","product_condition":"new"},"_links":{"self":[{"href":"https:\/\/pandeoshop.com\/sl\/wp-json\/wp\/v2\/product\/26089"}],"collection":[{"href":"https:\/\/pandeoshop.com\/sl\/wp-json\/wp\/v2\/product"}],"about":[{"href":"https:\/\/pandeoshop.com\/sl\/wp-json\/wp\/v2\/types\/product"}],"replies":[{"embeddable":true,"href":"https:\/\/pandeoshop.com\/sl\/wp-json\/wp\/v2\/comments?post=26089"}],"wp:featuredmedia":[{"embeddable":true,"href":"https:\/\/pandeoshop.com\/sl\/wp-json\/wp\/v2\/media\/32891"}],"wp:attachment":[{"href":"https:\/\/pandeoshop.com\/sl\/wp-json\/wp\/v2\/media?parent=26089"}],"wp:term":[{"taxonomy":"product_cat","embeddable":true,"href":"https:\/\/pandeoshop.com\/sl\/wp-json\/wp\/v2\/product_cat?post=26089"},{"taxonomy":"product_tag","embeddable":true,"href":"https:\/\/pandeoshop.com\/sl\/wp-json\/wp\/v2\/product_tag?post=26089"}],"curies":[{"name":"wp","href":"https:\/\/api.w.org\/{rel}","templated":true}]}}