{"id":26088,"date":"2023-06-04T12:06:39","date_gmt":"2023-06-04T10:50:10","guid":{"rendered":"https:\/\/pandeoshop.com\/?post_type=product&#038;p=26088"},"modified":"2023-08-30T18:59:03","modified_gmt":"2023-08-30T16:59:03","slug":"balzam-proti-izpadanju-las-daeng-gi-meo-ri-dlae-soo-hair-loss-care-treatment","status":"publish","type":"product","link":"https:\/\/pandeoshop.com\/sl\/izdelek\/balzam-proti-izpadanju-las-daeng-gi-meo-ri-dlae-soo-hair-loss-care-treatment\/","title":{"rendered":"Balzam proti izpadanju las <br\/> Daeng Gi Meo Ri Dlae Soo Hair Loss Care Treatment"},"content":{"rendered":"<p>Daeng Gi Meo Ri Dlae Soo Hair Loss Care Treatment &#8211; Problem izpadanja las lahko povzro\u010da dvom v na\u0161o samozavest, ote\u017euje popolno sprostitev in u\u017eivanje v \u017eivljenju. \u010cas je, da se znebite ob\u010dutka negotovosti in kon\u010dno poskrbite za lepoto svojih las. Pri tem vam bo pomagal predstavljeni balzam iz profesionalne blagovne znamke Daeng Gi Meo Ri. Izdelek so razvili najbolj\u0161i strokovnjaki s podro\u010dja trihologije.<\/p>\n<p>Edinstvena formula na osnovi izvle\u010dkov orientalskih zdravilnih zeli\u0161\u010d pomaga maksimalno vplivati \u200b\u200bna sam problem, zmanj\u0161a intenzivnost izpadanja las in pospe\u0161i rast.<br \/>\nZaradi olja kamelije postanejo lasje mehki, gladki in svilnati.<br \/>\nIzvle\u010dek krizanteme bo pomagal okrepiti strukturo po\u0161kodovanih las.<\/p>\n<p>Balzam va\u0161im lasem zagotovil potrebno mo\u010d in jih odi\u0161avil s prijeten zeli\u0161\u010dnim vonjem.<\/p>\n","protected":false},"excerpt":{"rendered":"<p>Za vse, ki \u017ee dolgo sanjate, da bi se znebili te\u017eav z izpadanjem las. Balzam proti izpadanju las profesionalne blagovne znamke Daeng Gi Meo Ri se s tem problemom odli\u010dno spopada. Balzam so razvili najbolj\u0161i strokovnjaki s podro\u010dja trihologije.<\/p>\n","protected":false},"featured_media":32881,"comment_status":"open","ping_status":"closed","template":"","meta":[],"product_cat":[1791,1804,1813,1788,1803],"product_tag":[4496,4513,4514,4564,4539,4518,4551,4565,4568,4577,4585,4547],"bundle_layout":"","bundle_add_to_cart_form_location":"","bundle_editable_in_cart":false,"bundle_sold_individually_context":"","bundle_item_grouping":"","bundle_min_size":"","bundle_max_size":"","bundled_by":[],"bundled_items":[],"yoast_head":"<!-- This site is optimized with the Yoast SEO Premium plugin v22.2 (Yoast SEO v22.9) - https:\/\/yoast.com\/wordpress\/plugins\/seo\/ -->\n<title>Balzam proti izpadanju las | Daeng Gi Meo Ri Dlae Soo Hair Loss Care Treatment - Pandeoshop<\/title>\n<meta name=\"description\" content=\"Za vse, ki \u017ee dolgo sanjate, da bi se znebili te\u017eav z izpadanjem las. Balzam proti izpadanju las profesionalne blagovne znamke Daeng Gi Meo Ri se s tem problemom odli\u010dno spopada. Balzam so razvili najbolj\u0161i strokovnjaki s podro\u010dja trihologije.\" \/>\n<meta name=\"robots\" content=\"index, follow, max-snippet:-1, max-image-preview:large, max-video-preview:-1\" \/>\n<link rel=\"canonical\" href=\"https:\/\/pandeoshop.com\/sl\/product\/daeng-gi-meo-ri-dlae-soo-hair-loss-care-treatment\/\" \/>\n<meta property=\"og:locale\" content=\"sl_SI\" \/>\n<meta property=\"og:type\" content=\"article\" \/>\n<meta property=\"og:title\" content=\"Balzam proti izpadanju las | Daeng Gi Meo Ri Dlae Soo Hair Loss Care Treatment - Pandeoshop\" \/>\n<meta property=\"og:description\" content=\"Za vse, ki \u017ee dolgo sanjate, da bi se znebili te\u017eav z izpadanjem las. Balzam proti izpadanju las profesionalne blagovne znamke Daeng Gi Meo Ri se s tem problemom odli\u010dno spopada. Balzam so razvili najbolj\u0161i strokovnjaki s podro\u010dja trihologije.\" \/>\n<meta property=\"og:url\" content=\"https:\/\/pandeoshop.com\/product\/daeng-gi-meo-ri-dlae-soo-hair-loss-care-treatment\/\" \/>\n<meta property=\"og:site_name\" content=\"Pandeoshop\" \/>\n<meta property=\"article:publisher\" content=\"https:\/\/www.facebook.com\/pandeoshop\/\" \/>\n<meta property=\"article:modified_time\" content=\"2023-08-30T16:59:03+00:00\" \/>\n<meta property=\"og:image\" content=\"https:\/\/pandeoshop.com\/wp-content\/uploads\/daeng-gi-meo-ri-dlae-soo-hair-loss-care-treatment-400ml.jpeg\" \/>\n\t<meta property=\"og:image:width\" content=\"1000\" \/>\n\t<meta property=\"og:image:height\" content=\"1000\" \/>\n\t<meta property=\"og:image:type\" content=\"image\/jpeg\" \/>\n<meta name=\"twitter:card\" content=\"summary_large_image\" \/>\n<script type=\"application\/ld+json\" class=\"yoast-schema-graph\">{\"@context\":\"https:\/\/schema.org\",\"@graph\":[{\"@type\":\"WebPage\",\"@id\":\"https:\/\/pandeoshop.com\/sl\/izdelek\/balzam-proti-izpadanju-las-daeng-gi-meo-ri-dlae-soo-hair-loss-care-treatment\/\",\"url\":\"https:\/\/pandeoshop.com\/product\/daeng-gi-meo-ri-dlae-soo-hair-loss-care-treatment\/\",\"name\":\"Balzam proti izpadanju las | Daeng Gi Meo Ri Dlae Soo Hair Loss Care Treatment - Pandeoshop\",\"isPartOf\":{\"@id\":\"https:\/\/pandeoshop.com\/sl\/#website\"},\"primaryImageOfPage\":{\"@id\":\"https:\/\/pandeoshop.com\/product\/daeng-gi-meo-ri-dlae-soo-hair-loss-care-treatment\/#primaryimage\"},\"image\":{\"@id\":\"https:\/\/pandeoshop.com\/product\/daeng-gi-meo-ri-dlae-soo-hair-loss-care-treatment\/#primaryimage\"},\"thumbnailUrl\":\"https:\/\/pandeoshop.com\/wp-content\/uploads\/daeng-gi-meo-ri-dlae-soo-hair-loss-care-treatment-400ml.jpeg\",\"datePublished\":\"2023-06-04T10:50:10+00:00\",\"dateModified\":\"2023-08-30T16:59:03+00:00\",\"description\":\"Za vse, ki \u017ee dolgo sanjate, da bi se znebili te\u017eav z izpadanjem las. Balzam proti izpadanju las profesionalne blagovne znamke Daeng Gi Meo Ri se s tem problemom odli\u010dno spopada. Balzam so razvili najbolj\u0161i strokovnjaki s podro\u010dja trihologije.\",\"breadcrumb\":{\"@id\":\"https:\/\/pandeoshop.com\/product\/daeng-gi-meo-ri-dlae-soo-hair-loss-care-treatment\/#breadcrumb\"},\"inLanguage\":\"sl-SI\",\"potentialAction\":[{\"@type\":\"ReadAction\",\"target\":[\"https:\/\/pandeoshop.com\/product\/daeng-gi-meo-ri-dlae-soo-hair-loss-care-treatment\/\"]}]},{\"@type\":\"ImageObject\",\"inLanguage\":\"sl-SI\",\"@id\":\"https:\/\/pandeoshop.com\/product\/daeng-gi-meo-ri-dlae-soo-hair-loss-care-treatment\/#primaryimage\",\"url\":\"https:\/\/pandeoshop.com\/wp-content\/uploads\/daeng-gi-meo-ri-dlae-soo-hair-loss-care-treatment-400ml.jpeg\",\"contentUrl\":\"https:\/\/pandeoshop.com\/wp-content\/uploads\/daeng-gi-meo-ri-dlae-soo-hair-loss-care-treatment-400ml.jpeg\",\"width\":1000,\"height\":1000},{\"@type\":\"BreadcrumbList\",\"@id\":\"https:\/\/pandeoshop.com\/product\/daeng-gi-meo-ri-dlae-soo-hair-loss-care-treatment\/#breadcrumb\",\"itemListElement\":[{\"@type\":\"ListItem\",\"position\":1,\"name\":\"Domov\",\"item\":\"https:\/\/pandeoshop.com\/sl\/\"},{\"@type\":\"ListItem\",\"position\":2,\"name\":\"Trgovina\",\"item\":\"https:\/\/pandeoshop.com\/sl\/trgovina\/\"},{\"@type\":\"ListItem\",\"position\":3,\"name\":\"Blagovne znamke\",\"item\":\"https:\/\/pandeoshop.com\/sl\/category\/blagovne-znamke\/\"},{\"@type\":\"ListItem\",\"position\":4,\"name\":\"Daeng Gi Meo Ri\",\"item\":\"https:\/\/pandeoshop.com\/sl\/category\/blagovne-znamke\/daeng-gi-meo-ri-sl\/\"},{\"@type\":\"ListItem\",\"position\":5,\"name\":\"Balzam proti izpadanju las Daeng Gi Meo Ri Dlae Soo Hair Loss Care Treatment\"}]},{\"@type\":\"WebSite\",\"@id\":\"https:\/\/pandeoshop.com\/sl\/#website\",\"url\":\"https:\/\/pandeoshop.com\/sl\/\",\"name\":\"Pandeoshop\",\"description\":\"\u0160e eno spleti\u0161\u010de WordPress\",\"publisher\":{\"@id\":\"https:\/\/pandeoshop.com\/sl\/#organization\"},\"potentialAction\":[{\"@type\":\"SearchAction\",\"target\":{\"@type\":\"EntryPoint\",\"urlTemplate\":\"https:\/\/pandeoshop.com\/sl\/?s={search_term_string}\"},\"query-input\":\"required name=search_term_string\"}],\"inLanguage\":\"sl-SI\"},{\"@type\":\"Organization\",\"@id\":\"https:\/\/pandeoshop.com\/sl\/#organization\",\"name\":\"Pandeoshop\",\"url\":\"https:\/\/pandeoshop.com\/sl\/\",\"logo\":{\"@type\":\"ImageObject\",\"inLanguage\":\"sl-SI\",\"@id\":\"https:\/\/pandeoshop.com\/sl\/#\/schema\/logo\/image\/\",\"url\":\"https:\/\/pandeoshop.com\/wp-content\/uploads\/pandeoshop_social_logo_no_textjpg.jpg\",\"contentUrl\":\"https:\/\/pandeoshop.com\/wp-content\/uploads\/pandeoshop_social_logo_no_textjpg.jpg\",\"width\":288,\"height\":201,\"caption\":\"Pandeoshop\"},\"image\":{\"@id\":\"https:\/\/pandeoshop.com\/sl\/#\/schema\/logo\/image\/\"},\"sameAs\":[\"https:\/\/www.facebook.com\/pandeoshop\/\",\"https:\/\/www.instagram.com\/pandeo_shop\/\"]}]}<\/script>\n<meta property=\"product:price:amount\" content=\"16.72\" \/>\n<meta property=\"product:price:currency\" content=\"EUR\" \/>\n<meta property=\"og:availability\" content=\"instock\" \/>\n<meta property=\"product:availability\" content=\"instock\" \/>\n<meta property=\"product:retailer_item_id\" content=\"HS10082\" \/>\n<meta property=\"product:condition\" content=\"new\" \/>\n<!-- \/ Yoast SEO Premium plugin. -->","yoast_head_json":{"title":"Balzam proti izpadanju las | Daeng Gi Meo Ri Dlae Soo Hair Loss Care Treatment - Pandeoshop","description":"Za vse, ki \u017ee dolgo sanjate, da bi se znebili te\u017eav z izpadanjem las. Balzam proti izpadanju las profesionalne blagovne znamke Daeng Gi Meo Ri se s tem problemom odli\u010dno spopada. Balzam so razvili najbolj\u0161i strokovnjaki s podro\u010dja trihologije.","robots":{"index":"index","follow":"follow","max-snippet":"max-snippet:-1","max-image-preview":"max-image-preview:large","max-video-preview":"max-video-preview:-1"},"canonical":"https:\/\/pandeoshop.com\/sl\/product\/daeng-gi-meo-ri-dlae-soo-hair-loss-care-treatment\/","og_locale":"sl_SI","og_type":"article","og_title":"Balzam proti izpadanju las | Daeng Gi Meo Ri Dlae Soo Hair Loss Care Treatment - Pandeoshop","og_description":"Za vse, ki \u017ee dolgo sanjate, da bi se znebili te\u017eav z izpadanjem las. Balzam proti izpadanju las profesionalne blagovne znamke Daeng Gi Meo Ri se s tem problemom odli\u010dno spopada. Balzam so razvili najbolj\u0161i strokovnjaki s podro\u010dja trihologije.","og_url":"https:\/\/pandeoshop.com\/product\/daeng-gi-meo-ri-dlae-soo-hair-loss-care-treatment\/","og_site_name":"Pandeoshop","article_publisher":"https:\/\/www.facebook.com\/pandeoshop\/","article_modified_time":"2023-08-30T16:59:03+00:00","og_image":[{"width":1000,"height":1000,"url":"https:\/\/pandeoshop.com\/wp-content\/uploads\/daeng-gi-meo-ri-dlae-soo-hair-loss-care-treatment-400ml.jpeg","type":"image\/jpeg"}],"twitter_card":"summary_large_image","schema":{"@context":"https:\/\/schema.org","@graph":[{"@type":"WebPage","@id":"https:\/\/pandeoshop.com\/sl\/izdelek\/balzam-proti-izpadanju-las-daeng-gi-meo-ri-dlae-soo-hair-loss-care-treatment\/","url":"https:\/\/pandeoshop.com\/product\/daeng-gi-meo-ri-dlae-soo-hair-loss-care-treatment\/","name":"Balzam proti izpadanju las | Daeng Gi Meo Ri Dlae Soo Hair Loss Care Treatment - Pandeoshop","isPartOf":{"@id":"https:\/\/pandeoshop.com\/sl\/#website"},"primaryImageOfPage":{"@id":"https:\/\/pandeoshop.com\/product\/daeng-gi-meo-ri-dlae-soo-hair-loss-care-treatment\/#primaryimage"},"image":{"@id":"https:\/\/pandeoshop.com\/product\/daeng-gi-meo-ri-dlae-soo-hair-loss-care-treatment\/#primaryimage"},"thumbnailUrl":"https:\/\/pandeoshop.com\/wp-content\/uploads\/daeng-gi-meo-ri-dlae-soo-hair-loss-care-treatment-400ml.jpeg","datePublished":"2023-06-04T10:50:10+00:00","dateModified":"2023-08-30T16:59:03+00:00","description":"Za vse, ki \u017ee dolgo sanjate, da bi se znebili te\u017eav z izpadanjem las. Balzam proti izpadanju las profesionalne blagovne znamke Daeng Gi Meo Ri se s tem problemom odli\u010dno spopada. Balzam so razvili najbolj\u0161i strokovnjaki s podro\u010dja trihologije.","breadcrumb":{"@id":"https:\/\/pandeoshop.com\/product\/daeng-gi-meo-ri-dlae-soo-hair-loss-care-treatment\/#breadcrumb"},"inLanguage":"sl-SI","potentialAction":[{"@type":"ReadAction","target":["https:\/\/pandeoshop.com\/product\/daeng-gi-meo-ri-dlae-soo-hair-loss-care-treatment\/"]}]},{"@type":"ImageObject","inLanguage":"sl-SI","@id":"https:\/\/pandeoshop.com\/product\/daeng-gi-meo-ri-dlae-soo-hair-loss-care-treatment\/#primaryimage","url":"https:\/\/pandeoshop.com\/wp-content\/uploads\/daeng-gi-meo-ri-dlae-soo-hair-loss-care-treatment-400ml.jpeg","contentUrl":"https:\/\/pandeoshop.com\/wp-content\/uploads\/daeng-gi-meo-ri-dlae-soo-hair-loss-care-treatment-400ml.jpeg","width":1000,"height":1000},{"@type":"BreadcrumbList","@id":"https:\/\/pandeoshop.com\/product\/daeng-gi-meo-ri-dlae-soo-hair-loss-care-treatment\/#breadcrumb","itemListElement":[{"@type":"ListItem","position":1,"name":"Domov","item":"https:\/\/pandeoshop.com\/sl\/"},{"@type":"ListItem","position":2,"name":"Trgovina","item":"https:\/\/pandeoshop.com\/sl\/trgovina\/"},{"@type":"ListItem","position":3,"name":"Blagovne znamke","item":"https:\/\/pandeoshop.com\/sl\/category\/blagovne-znamke\/"},{"@type":"ListItem","position":4,"name":"Daeng Gi Meo Ri","item":"https:\/\/pandeoshop.com\/sl\/category\/blagovne-znamke\/daeng-gi-meo-ri-sl\/"},{"@type":"ListItem","position":5,"name":"Balzam proti izpadanju las Daeng Gi Meo Ri Dlae Soo Hair Loss Care Treatment"}]},{"@type":"WebSite","@id":"https:\/\/pandeoshop.com\/sl\/#website","url":"https:\/\/pandeoshop.com\/sl\/","name":"Pandeoshop","description":"\u0160e eno spleti\u0161\u010de WordPress","publisher":{"@id":"https:\/\/pandeoshop.com\/sl\/#organization"},"potentialAction":[{"@type":"SearchAction","target":{"@type":"EntryPoint","urlTemplate":"https:\/\/pandeoshop.com\/sl\/?s={search_term_string}"},"query-input":"required name=search_term_string"}],"inLanguage":"sl-SI"},{"@type":"Organization","@id":"https:\/\/pandeoshop.com\/sl\/#organization","name":"Pandeoshop","url":"https:\/\/pandeoshop.com\/sl\/","logo":{"@type":"ImageObject","inLanguage":"sl-SI","@id":"https:\/\/pandeoshop.com\/sl\/#\/schema\/logo\/image\/","url":"https:\/\/pandeoshop.com\/wp-content\/uploads\/pandeoshop_social_logo_no_textjpg.jpg","contentUrl":"https:\/\/pandeoshop.com\/wp-content\/uploads\/pandeoshop_social_logo_no_textjpg.jpg","width":288,"height":201,"caption":"Pandeoshop"},"image":{"@id":"https:\/\/pandeoshop.com\/sl\/#\/schema\/logo\/image\/"},"sameAs":["https:\/\/www.facebook.com\/pandeoshop\/","https:\/\/www.instagram.com\/pandeo_shop\/"]}]},"product_price_amount":"16.72","product_price_currency":"EUR","og_availability":"instock","product_availability":"instock","product_retailer_item_id":"HS10082","product_condition":"new"},"_links":{"self":[{"href":"https:\/\/pandeoshop.com\/sl\/wp-json\/wp\/v2\/product\/26088"}],"collection":[{"href":"https:\/\/pandeoshop.com\/sl\/wp-json\/wp\/v2\/product"}],"about":[{"href":"https:\/\/pandeoshop.com\/sl\/wp-json\/wp\/v2\/types\/product"}],"replies":[{"embeddable":true,"href":"https:\/\/pandeoshop.com\/sl\/wp-json\/wp\/v2\/comments?post=26088"}],"wp:featuredmedia":[{"embeddable":true,"href":"https:\/\/pandeoshop.com\/sl\/wp-json\/wp\/v2\/media\/32881"}],"wp:attachment":[{"href":"https:\/\/pandeoshop.com\/sl\/wp-json\/wp\/v2\/media?parent=26088"}],"wp:term":[{"taxonomy":"product_cat","embeddable":true,"href":"https:\/\/pandeoshop.com\/sl\/wp-json\/wp\/v2\/product_cat?post=26088"},{"taxonomy":"product_tag","embeddable":true,"href":"https:\/\/pandeoshop.com\/sl\/wp-json\/wp\/v2\/product_tag?post=26088"}],"curies":[{"name":"wp","href":"https:\/\/api.w.org\/{rel}","templated":true}]}}