{"id":26086,"date":"2023-06-04T12:06:39","date_gmt":"2023-06-04T10:50:10","guid":{"rendered":"https:\/\/pandeoshop.com\/?post_type=product&#038;p=26086"},"modified":"2024-06-28T06:21:59","modified_gmt":"2024-06-28T04:21:59","slug":"sampon-proti-izpadanju-las-daeng-gi-meo-ri-dlae-soo-hair-loss-care-shampoo","status":"publish","type":"product","link":"https:\/\/pandeoshop.com\/sl\/izdelek\/sampon-proti-izpadanju-las-daeng-gi-meo-ri-dlae-soo-hair-loss-care-shampoo\/","title":{"rendered":"\u0160ampon proti izpadanju las <br\/> Daeng Gi Meo Ri Dlae Soo Hair Loss Care Shampoo"},"content":{"rendered":"<p>Daeng Gi Meo Ri Dlae Soo Hair Loss Care Shampoo je \u0161ampon proti izpadanju las.<\/p>\n<p>Korejska znamka Daeng Gi Meo Ri je ustvarila efektiven \u0161ampon proti izpadanju las, ki bo postal va\u0161 nepogre\u0161ljiv pomo\u010dnik pri pridobivanju lepih, zdravih in gostih las tako za \u017eenske kot za mo\u0161ke. Izdelek prijetne konsistence se zelo dobro peni, zato bo njegova ekonomi\u010dna uporaba prijetno presene\u010denje za vse, ki bodo svojo zbirko kozmeti\u010dnih izdelkov dopolnili s predstavljenim \u0161amponom.<br \/>\n\u0160ampon vsebuje ve\u010d kot 33 % aktivnih izvle\u010dkov orientalskih zdravilnih zeli\u0161\u010d. Ta edinstvena sestava vam omogo\u010da, da najbolj skrbno in u\u010dinkovito ne samo o\u010distite lase pred vsakodnevnimi ne\u010disto\u010dami, temve\u010d tudi obnovite njihovo strukturo.<\/p>\n<p>Z redno uporabo \u0161ampona bodo va\u0161i lasje zdravi, gladki, sijo\u010di in svilnati. Poleg tega bo \u0161ampon zmanj\u0161al izpadanje las in jim povrnil intenzivno rast.<\/p>\n","protected":false},"excerpt":{"rendered":"<p>\u0160ampon proti izpadanju las bo va\u0161 nepogre\u0161ljiv pomo\u010dnik pri pridobivanju lepih, zdravih in gostih las tako za \u017eenske kot za mo\u0161ke. Izdelek je ekonomi\u010den saj se odli\u010dno peni.<\/p>\n","protected":false},"featured_media":32876,"comment_status":"open","ping_status":"closed","template":"","meta":[],"product_cat":[1755,1764,1753,1739,1754,1741,1804,1813,1788,1803,1790,1802],"product_tag":[4266,4496,4513,4283,4514,4284,4288,5137,4309,4564,4317,4539,4518,5232,4321,4551,4334,4565,4335,4568,4338,4347,4577,4585,4355,4547],"bundle_layout":"","bundle_add_to_cart_form_location":"","bundle_editable_in_cart":false,"bundle_sold_individually_context":"","bundle_item_grouping":"","bundle_min_size":"","bundle_max_size":"","bundled_by":[],"bundled_items":[],"yoast_head":"<!-- This site is optimized with the Yoast SEO Premium plugin v22.2 (Yoast SEO v22.9) - https:\/\/yoast.com\/wordpress\/plugins\/seo\/ -->\n<title>\u0160ampon proti izpadanju las | Daeng Gi Meo Ri Dlae Soo Hair Loss Care Shampoo - Pandeoshop<\/title>\n<meta name=\"description\" content=\"\u0160ampon proti izpadanju las bo va\u0161 nepogre\u0161ljiv pomo\u010dnik pri pridobivanju lepih, zdravih in gostih las tako za \u017eenske kot za mo\u0161ke. Izdelek je ekonomi\u010den saj se odli\u010dno peni.\" \/>\n<meta name=\"robots\" content=\"index, follow, max-snippet:-1, max-image-preview:large, max-video-preview:-1\" \/>\n<link rel=\"canonical\" href=\"https:\/\/pandeoshop.com\/sl\/product\/daeng-gi-meo-ri-dlae-soo-hair-loss-care-shampoo\/\" \/>\n<meta property=\"og:locale\" content=\"sl_SI\" \/>\n<meta property=\"og:type\" content=\"article\" \/>\n<meta property=\"og:title\" content=\"\u0160ampon proti izpadanju las | Daeng Gi Meo Ri Dlae Soo Hair Loss Care Shampoo - Pandeoshop\" \/>\n<meta property=\"og:description\" content=\"\u0160ampon proti izpadanju las bo va\u0161 nepogre\u0161ljiv pomo\u010dnik pri pridobivanju lepih, zdravih in gostih las tako za \u017eenske kot za mo\u0161ke. Izdelek je ekonomi\u010den saj se odli\u010dno peni.\" \/>\n<meta property=\"og:url\" content=\"https:\/\/pandeoshop.com\/product\/daeng-gi-meo-ri-dlae-soo-hair-loss-care-shampoo\/\" \/>\n<meta property=\"og:site_name\" content=\"Pandeoshop\" \/>\n<meta property=\"article:publisher\" content=\"https:\/\/www.facebook.com\/pandeoshop\/\" \/>\n<meta property=\"article:modified_time\" content=\"2024-06-28T04:21:59+00:00\" \/>\n<meta property=\"og:image\" content=\"https:\/\/pandeoshop.com\/wp-content\/uploads\/daeng-gi-meo-ri-dlae-soo-hair-loss-care-shampoo-400ml.jpeg\" \/>\n\t<meta property=\"og:image:width\" content=\"1000\" \/>\n\t<meta property=\"og:image:height\" content=\"1000\" \/>\n\t<meta property=\"og:image:type\" content=\"image\/jpeg\" \/>\n<meta name=\"twitter:card\" content=\"summary_large_image\" \/>\n<script type=\"application\/ld+json\" class=\"yoast-schema-graph\">{\"@context\":\"https:\/\/schema.org\",\"@graph\":[{\"@type\":\"WebPage\",\"@id\":\"https:\/\/pandeoshop.com\/sl\/izdelek\/sampon-proti-izpadanju-las-daeng-gi-meo-ri-dlae-soo-hair-loss-care-shampoo\/\",\"url\":\"https:\/\/pandeoshop.com\/product\/daeng-gi-meo-ri-dlae-soo-hair-loss-care-shampoo\/\",\"name\":\"\u0160ampon proti izpadanju las | Daeng Gi Meo Ri Dlae Soo Hair Loss Care Shampoo - Pandeoshop\",\"isPartOf\":{\"@id\":\"https:\/\/pandeoshop.com\/sl\/#website\"},\"primaryImageOfPage\":{\"@id\":\"https:\/\/pandeoshop.com\/product\/daeng-gi-meo-ri-dlae-soo-hair-loss-care-shampoo\/#primaryimage\"},\"image\":{\"@id\":\"https:\/\/pandeoshop.com\/product\/daeng-gi-meo-ri-dlae-soo-hair-loss-care-shampoo\/#primaryimage\"},\"thumbnailUrl\":\"https:\/\/pandeoshop.com\/wp-content\/uploads\/daeng-gi-meo-ri-dlae-soo-hair-loss-care-shampoo-400ml.jpeg\",\"datePublished\":\"2023-06-04T10:50:10+00:00\",\"dateModified\":\"2024-06-28T04:21:59+00:00\",\"description\":\"\u0160ampon proti izpadanju las bo va\u0161 nepogre\u0161ljiv pomo\u010dnik pri pridobivanju lepih, zdravih in gostih las tako za \u017eenske kot za mo\u0161ke. Izdelek je ekonomi\u010den saj se odli\u010dno peni.\",\"breadcrumb\":{\"@id\":\"https:\/\/pandeoshop.com\/product\/daeng-gi-meo-ri-dlae-soo-hair-loss-care-shampoo\/#breadcrumb\"},\"inLanguage\":\"sl-SI\",\"potentialAction\":[{\"@type\":\"ReadAction\",\"target\":[\"https:\/\/pandeoshop.com\/product\/daeng-gi-meo-ri-dlae-soo-hair-loss-care-shampoo\/\"]}]},{\"@type\":\"ImageObject\",\"inLanguage\":\"sl-SI\",\"@id\":\"https:\/\/pandeoshop.com\/product\/daeng-gi-meo-ri-dlae-soo-hair-loss-care-shampoo\/#primaryimage\",\"url\":\"https:\/\/pandeoshop.com\/wp-content\/uploads\/daeng-gi-meo-ri-dlae-soo-hair-loss-care-shampoo-400ml.jpeg\",\"contentUrl\":\"https:\/\/pandeoshop.com\/wp-content\/uploads\/daeng-gi-meo-ri-dlae-soo-hair-loss-care-shampoo-400ml.jpeg\",\"width\":1000,\"height\":1000},{\"@type\":\"BreadcrumbList\",\"@id\":\"https:\/\/pandeoshop.com\/product\/daeng-gi-meo-ri-dlae-soo-hair-loss-care-shampoo\/#breadcrumb\",\"itemListElement\":[{\"@type\":\"ListItem\",\"position\":1,\"name\":\"Domov\",\"item\":\"https:\/\/pandeoshop.com\/sl\/\"},{\"@type\":\"ListItem\",\"position\":2,\"name\":\"Trgovina\",\"item\":\"https:\/\/pandeoshop.com\/sl\/trgovina\/\"},{\"@type\":\"ListItem\",\"position\":3,\"name\":\"Blagovne znamke\",\"item\":\"https:\/\/pandeoshop.com\/sl\/category\/blagovne-znamke\/\"},{\"@type\":\"ListItem\",\"position\":4,\"name\":\"Daeng Gi Meo Ri\",\"item\":\"https:\/\/pandeoshop.com\/sl\/category\/blagovne-znamke\/daeng-gi-meo-ri-sl\/\"},{\"@type\":\"ListItem\",\"position\":5,\"name\":\"\u0160ampon proti izpadanju las Daeng Gi Meo Ri Dlae Soo Hair Loss Care Shampoo\"}]},{\"@type\":\"WebSite\",\"@id\":\"https:\/\/pandeoshop.com\/sl\/#website\",\"url\":\"https:\/\/pandeoshop.com\/sl\/\",\"name\":\"Pandeoshop\",\"description\":\"\u0160e eno spleti\u0161\u010de WordPress\",\"publisher\":{\"@id\":\"https:\/\/pandeoshop.com\/sl\/#organization\"},\"potentialAction\":[{\"@type\":\"SearchAction\",\"target\":{\"@type\":\"EntryPoint\",\"urlTemplate\":\"https:\/\/pandeoshop.com\/sl\/?s={search_term_string}\"},\"query-input\":\"required name=search_term_string\"}],\"inLanguage\":\"sl-SI\"},{\"@type\":\"Organization\",\"@id\":\"https:\/\/pandeoshop.com\/sl\/#organization\",\"name\":\"Pandeoshop\",\"url\":\"https:\/\/pandeoshop.com\/sl\/\",\"logo\":{\"@type\":\"ImageObject\",\"inLanguage\":\"sl-SI\",\"@id\":\"https:\/\/pandeoshop.com\/sl\/#\/schema\/logo\/image\/\",\"url\":\"https:\/\/pandeoshop.com\/wp-content\/uploads\/pandeoshop_social_logo_no_textjpg.jpg\",\"contentUrl\":\"https:\/\/pandeoshop.com\/wp-content\/uploads\/pandeoshop_social_logo_no_textjpg.jpg\",\"width\":288,\"height\":201,\"caption\":\"Pandeoshop\"},\"image\":{\"@id\":\"https:\/\/pandeoshop.com\/sl\/#\/schema\/logo\/image\/\"},\"sameAs\":[\"https:\/\/www.facebook.com\/pandeoshop\/\",\"https:\/\/www.instagram.com\/pandeo_shop\/\"]}]}<\/script>\n<meta property=\"product:price:amount\" content=\"19.41\" \/>\n<meta property=\"product:price:currency\" content=\"EUR\" \/>\n<meta property=\"og:availability\" content=\"out of stock\" \/>\n<meta property=\"product:availability\" content=\"out of stock\" \/>\n<meta property=\"product:retailer_item_id\" content=\"DGM7779087926\" \/>\n<meta property=\"product:condition\" content=\"new\" \/>\n<!-- \/ Yoast SEO Premium plugin. -->","yoast_head_json":{"title":"\u0160ampon proti izpadanju las | Daeng Gi Meo Ri Dlae Soo Hair Loss Care Shampoo - Pandeoshop","description":"\u0160ampon proti izpadanju las bo va\u0161 nepogre\u0161ljiv pomo\u010dnik pri pridobivanju lepih, zdravih in gostih las tako za \u017eenske kot za mo\u0161ke. Izdelek je ekonomi\u010den saj se odli\u010dno peni.","robots":{"index":"index","follow":"follow","max-snippet":"max-snippet:-1","max-image-preview":"max-image-preview:large","max-video-preview":"max-video-preview:-1"},"canonical":"https:\/\/pandeoshop.com\/sl\/product\/daeng-gi-meo-ri-dlae-soo-hair-loss-care-shampoo\/","og_locale":"sl_SI","og_type":"article","og_title":"\u0160ampon proti izpadanju las | Daeng Gi Meo Ri Dlae Soo Hair Loss Care Shampoo - Pandeoshop","og_description":"\u0160ampon proti izpadanju las bo va\u0161 nepogre\u0161ljiv pomo\u010dnik pri pridobivanju lepih, zdravih in gostih las tako za \u017eenske kot za mo\u0161ke. Izdelek je ekonomi\u010den saj se odli\u010dno peni.","og_url":"https:\/\/pandeoshop.com\/product\/daeng-gi-meo-ri-dlae-soo-hair-loss-care-shampoo\/","og_site_name":"Pandeoshop","article_publisher":"https:\/\/www.facebook.com\/pandeoshop\/","article_modified_time":"2024-06-28T04:21:59+00:00","og_image":[{"width":1000,"height":1000,"url":"https:\/\/pandeoshop.com\/wp-content\/uploads\/daeng-gi-meo-ri-dlae-soo-hair-loss-care-shampoo-400ml.jpeg","type":"image\/jpeg"}],"twitter_card":"summary_large_image","schema":{"@context":"https:\/\/schema.org","@graph":[{"@type":"WebPage","@id":"https:\/\/pandeoshop.com\/sl\/izdelek\/sampon-proti-izpadanju-las-daeng-gi-meo-ri-dlae-soo-hair-loss-care-shampoo\/","url":"https:\/\/pandeoshop.com\/product\/daeng-gi-meo-ri-dlae-soo-hair-loss-care-shampoo\/","name":"\u0160ampon proti izpadanju las | Daeng Gi Meo Ri Dlae Soo Hair Loss Care Shampoo - Pandeoshop","isPartOf":{"@id":"https:\/\/pandeoshop.com\/sl\/#website"},"primaryImageOfPage":{"@id":"https:\/\/pandeoshop.com\/product\/daeng-gi-meo-ri-dlae-soo-hair-loss-care-shampoo\/#primaryimage"},"image":{"@id":"https:\/\/pandeoshop.com\/product\/daeng-gi-meo-ri-dlae-soo-hair-loss-care-shampoo\/#primaryimage"},"thumbnailUrl":"https:\/\/pandeoshop.com\/wp-content\/uploads\/daeng-gi-meo-ri-dlae-soo-hair-loss-care-shampoo-400ml.jpeg","datePublished":"2023-06-04T10:50:10+00:00","dateModified":"2024-06-28T04:21:59+00:00","description":"\u0160ampon proti izpadanju las bo va\u0161 nepogre\u0161ljiv pomo\u010dnik pri pridobivanju lepih, zdravih in gostih las tako za \u017eenske kot za mo\u0161ke. Izdelek je ekonomi\u010den saj se odli\u010dno peni.","breadcrumb":{"@id":"https:\/\/pandeoshop.com\/product\/daeng-gi-meo-ri-dlae-soo-hair-loss-care-shampoo\/#breadcrumb"},"inLanguage":"sl-SI","potentialAction":[{"@type":"ReadAction","target":["https:\/\/pandeoshop.com\/product\/daeng-gi-meo-ri-dlae-soo-hair-loss-care-shampoo\/"]}]},{"@type":"ImageObject","inLanguage":"sl-SI","@id":"https:\/\/pandeoshop.com\/product\/daeng-gi-meo-ri-dlae-soo-hair-loss-care-shampoo\/#primaryimage","url":"https:\/\/pandeoshop.com\/wp-content\/uploads\/daeng-gi-meo-ri-dlae-soo-hair-loss-care-shampoo-400ml.jpeg","contentUrl":"https:\/\/pandeoshop.com\/wp-content\/uploads\/daeng-gi-meo-ri-dlae-soo-hair-loss-care-shampoo-400ml.jpeg","width":1000,"height":1000},{"@type":"BreadcrumbList","@id":"https:\/\/pandeoshop.com\/product\/daeng-gi-meo-ri-dlae-soo-hair-loss-care-shampoo\/#breadcrumb","itemListElement":[{"@type":"ListItem","position":1,"name":"Domov","item":"https:\/\/pandeoshop.com\/sl\/"},{"@type":"ListItem","position":2,"name":"Trgovina","item":"https:\/\/pandeoshop.com\/sl\/trgovina\/"},{"@type":"ListItem","position":3,"name":"Blagovne znamke","item":"https:\/\/pandeoshop.com\/sl\/category\/blagovne-znamke\/"},{"@type":"ListItem","position":4,"name":"Daeng Gi Meo Ri","item":"https:\/\/pandeoshop.com\/sl\/category\/blagovne-znamke\/daeng-gi-meo-ri-sl\/"},{"@type":"ListItem","position":5,"name":"\u0160ampon proti izpadanju las Daeng Gi Meo Ri Dlae Soo Hair Loss Care Shampoo"}]},{"@type":"WebSite","@id":"https:\/\/pandeoshop.com\/sl\/#website","url":"https:\/\/pandeoshop.com\/sl\/","name":"Pandeoshop","description":"\u0160e eno spleti\u0161\u010de WordPress","publisher":{"@id":"https:\/\/pandeoshop.com\/sl\/#organization"},"potentialAction":[{"@type":"SearchAction","target":{"@type":"EntryPoint","urlTemplate":"https:\/\/pandeoshop.com\/sl\/?s={search_term_string}"},"query-input":"required name=search_term_string"}],"inLanguage":"sl-SI"},{"@type":"Organization","@id":"https:\/\/pandeoshop.com\/sl\/#organization","name":"Pandeoshop","url":"https:\/\/pandeoshop.com\/sl\/","logo":{"@type":"ImageObject","inLanguage":"sl-SI","@id":"https:\/\/pandeoshop.com\/sl\/#\/schema\/logo\/image\/","url":"https:\/\/pandeoshop.com\/wp-content\/uploads\/pandeoshop_social_logo_no_textjpg.jpg","contentUrl":"https:\/\/pandeoshop.com\/wp-content\/uploads\/pandeoshop_social_logo_no_textjpg.jpg","width":288,"height":201,"caption":"Pandeoshop"},"image":{"@id":"https:\/\/pandeoshop.com\/sl\/#\/schema\/logo\/image\/"},"sameAs":["https:\/\/www.facebook.com\/pandeoshop\/","https:\/\/www.instagram.com\/pandeo_shop\/"]}]},"product_price_amount":"19.41","product_price_currency":"EUR","og_availability":"out of stock","product_availability":"out of stock","product_retailer_item_id":"DGM7779087926","product_condition":"new"},"_links":{"self":[{"href":"https:\/\/pandeoshop.com\/sl\/wp-json\/wp\/v2\/product\/26086"}],"collection":[{"href":"https:\/\/pandeoshop.com\/sl\/wp-json\/wp\/v2\/product"}],"about":[{"href":"https:\/\/pandeoshop.com\/sl\/wp-json\/wp\/v2\/types\/product"}],"replies":[{"embeddable":true,"href":"https:\/\/pandeoshop.com\/sl\/wp-json\/wp\/v2\/comments?post=26086"}],"wp:featuredmedia":[{"embeddable":true,"href":"https:\/\/pandeoshop.com\/sl\/wp-json\/wp\/v2\/media\/32876"}],"wp:attachment":[{"href":"https:\/\/pandeoshop.com\/sl\/wp-json\/wp\/v2\/media?parent=26086"}],"wp:term":[{"taxonomy":"product_cat","embeddable":true,"href":"https:\/\/pandeoshop.com\/sl\/wp-json\/wp\/v2\/product_cat?post=26086"},{"taxonomy":"product_tag","embeddable":true,"href":"https:\/\/pandeoshop.com\/sl\/wp-json\/wp\/v2\/product_tag?post=26086"}],"curies":[{"name":"wp","href":"https:\/\/api.w.org\/{rel}","templated":true}]}}