{"id":20703,"date":"2022-05-05T21:48:14","date_gmt":"2022-05-05T19:48:14","guid":{"rendered":"https:\/\/pandeoshop.com\/delivery\/"},"modified":"2023-06-05T11:55:30","modified_gmt":"2023-06-05T09:55:30","slug":"dostava","status":"publish","type":"page","link":"https:\/\/pandeoshop.com\/sl\/dostava\/","title":{"rendered":"Dostava"},"content":{"rendered":"<p>[vc_row][vc_column]\t\t\n\t\t<div class=\"title-banner\">\n\t\t\t<div class=\"container\">\n\t\t\t\t<h1 class=\"entry-title\">Dostava<\/h1>\n\t\t\t<\/div>\n\t\t<\/div>\n\n\t\t[\/vc_column][\/vc_row][vc_row el_class=&#8221;subpage-delivery&#8221;][vc_column width=&#8221;1\/6&#8243;][\/vc_column][vc_column width=&#8221;2\/3&#8243;][vc_column_text]<\/p>\n<p style=\"text-align: center;\">Pogodbeni partner za dostavo po\u0161iljk je GLS Slovenija, vendar si ponudnik pridr\u017euje pravico izbrati drugo dostavno slu\u017ebo, \u010de bo s tem lahko naro\u010dilo izpolnil bolj u\u010dinkovito.<\/p>\n<p style=\"text-align: center;\"><strong>Dostava po Sloveniji in Evropi v roku 2-14 delovnih dni.<\/strong><\/p>\n<p style=\"text-align: center;\">Upo\u0161tevajte, da ne odgovarjamo za zamude ali stro\u0161ke, ki so nastali zaradi napa\u010dnih kontaktnih podatkov.<\/p>\n<p>[\/vc_column_text][vc_column_text]<\/p>\n<table dir=\"ltr\" border=\"1\" cellspacing=\"0\" cellpadding=\"0\">\n<colgroup>\n<col width=\"244\" \/>\n<col width=\"221\" \/><\/colgroup>\n<tbody>\n<tr>\n<td data-sheets-value=\"{&quot;1&quot;:2,&quot;2&quot;:&quot;Dr\u017eava&quot;}\">Dr\u017eava<\/td>\n<td data-sheets-value=\"{&quot;1&quot;:2,&quot;2&quot;:&quot;Cena dostave&quot;}\">Cena dostave<\/td>\n<\/tr>\n<tr>\n<td data-sheets-value=\"{&quot;1&quot;:2,&quot;2&quot;:&quot;Avstrija&quot;}\">Avstrija<\/td>\n<td data-sheets-value=\"{&quot;1&quot;:2,&quot;2&quot;:&quot;\u20ac7,5&quot;}\">\u20ac7,5<\/td>\n<\/tr>\n<tr>\n<td data-sheets-value=\"{&quot;1&quot;:2,&quot;2&quot;:&quot;Belgija&quot;}\">Belgija<\/td>\n<td data-sheets-value=\"{&quot;1&quot;:2,&quot;2&quot;:&quot;\u20ac7,5&quot;}\">\u20ac7,5<\/td>\n<\/tr>\n<tr>\n<td data-sheets-value=\"{&quot;1&quot;:2,&quot;2&quot;:&quot;Bolgarija&quot;}\">Bolgarija<\/td>\n<td data-sheets-value=\"{&quot;1&quot;:3,&quot;3&quot;:20}\" data-sheets-numberformat=\"{&quot;1&quot;:4,&quot;2&quot;:&quot;\\&quot;\u20ac\\&quot;#,##0&quot;,&quot;3&quot;:1}\">\u20ac20<\/td>\n<\/tr>\n<tr>\n<td data-sheets-value=\"{&quot;1&quot;:2,&quot;2&quot;:&quot;\u010ce\u0161ka&quot;}\">\u010ce\u0161ka<\/td>\n<td data-sheets-value=\"{&quot;1&quot;:3,&quot;3&quot;:10}\" data-sheets-numberformat=\"{&quot;1&quot;:4,&quot;2&quot;:&quot;\\&quot;\u20ac\\&quot;#,##0&quot;,&quot;3&quot;:1}\">\u20ac10<\/td>\n<\/tr>\n<tr>\n<td data-sheets-value=\"{&quot;1&quot;:2,&quot;2&quot;:&quot;Danska&quot;}\">Danska<\/td>\n<td data-sheets-value=\"{&quot;1&quot;:2,&quot;2&quot;:&quot;\u20ac8,8&quot;}\">\u20ac8,8<\/td>\n<\/tr>\n<tr>\n<td data-sheets-value=\"{&quot;1&quot;:2,&quot;2&quot;:&quot;Estonija&quot;}\">Estonija<\/td>\n<td data-sheets-value=\"{&quot;1&quot;:3,&quot;3&quot;:13}\" data-sheets-numberformat=\"{&quot;1&quot;:4,&quot;2&quot;:&quot;\\&quot;\u20ac\\&quot;#,##0&quot;,&quot;3&quot;:1}\">\u20ac13<\/td>\n<\/tr>\n<tr>\n<td data-sheets-value=\"{&quot;1&quot;:2,&quot;2&quot;:&quot;Finska&quot;}\">Finska<\/td>\n<td data-sheets-value=\"{&quot;1&quot;:3,&quot;3&quot;:13}\" data-sheets-numberformat=\"{&quot;1&quot;:4,&quot;2&quot;:&quot;\\&quot;\u20ac\\&quot;#,##0&quot;,&quot;3&quot;:1}\">\u20ac13<\/td>\n<\/tr>\n<tr>\n<td data-sheets-value=\"{&quot;1&quot;:2,&quot;2&quot;:&quot;Francija&quot;}\">Francija<\/td>\n<td data-sheets-value=\"{&quot;1&quot;:3,&quot;3&quot;:10}\" data-sheets-numberformat=\"{&quot;1&quot;:4,&quot;2&quot;:&quot;\\&quot;\u20ac\\&quot;#,##0&quot;,&quot;3&quot;:1}\">\u20ac10<\/td>\n<\/tr>\n<tr>\n<td data-sheets-value=\"{&quot;1&quot;:2,&quot;2&quot;:&quot;Gr\u010dija&quot;}\">Gr\u010dija<\/td>\n<td data-sheets-value=\"{&quot;1&quot;:3,&quot;3&quot;:14}\" data-sheets-numberformat=\"{&quot;1&quot;:4,&quot;2&quot;:&quot;\\&quot;\u20ac\\&quot;#,##0&quot;,&quot;3&quot;:1}\">\u20ac14<\/td>\n<\/tr>\n<tr>\n<td data-sheets-value=\"{&quot;1&quot;:2,&quot;2&quot;:&quot;Hrva\u0161ka&quot;}\">Hrva\u0161ka<\/td>\n<td data-sheets-value=\"{&quot;1&quot;:3,&quot;3&quot;:7}\" data-sheets-numberformat=\"{&quot;1&quot;:4,&quot;2&quot;:&quot;\\&quot;\u20ac\\&quot;#,##0&quot;,&quot;3&quot;:1}\">\u20ac7<\/td>\n<\/tr>\n<tr>\n<td data-sheets-value=\"{&quot;1&quot;:2,&quot;2&quot;:&quot;Irska&quot;}\">Irska<\/td>\n<td data-sheets-value=\"{&quot;1&quot;:3,&quot;3&quot;:14}\" data-sheets-numberformat=\"{&quot;1&quot;:4,&quot;2&quot;:&quot;\\&quot;\u20ac\\&quot;#,##0&quot;,&quot;3&quot;:1}\">\u20ac14<\/td>\n<\/tr>\n<tr>\n<td data-sheets-value=\"{&quot;1&quot;:2,&quot;2&quot;:&quot;Italija&quot;}\">Italija<\/td>\n<td data-sheets-value=\"{&quot;1&quot;:2,&quot;2&quot;:&quot;\u20ac8,8&quot;}\">\u20ac8,8<\/td>\n<\/tr>\n<tr>\n<td data-sheets-value=\"{&quot;1&quot;:2,&quot;2&quot;:&quot;Latvija&quot;}\">Latvija<\/td>\n<td data-sheets-value=\"{&quot;1&quot;:3,&quot;3&quot;:13}\" data-sheets-numberformat=\"{&quot;1&quot;:4,&quot;2&quot;:&quot;\\&quot;\u20ac\\&quot;#,##0&quot;,&quot;3&quot;:1}\">\u20ac13<\/td>\n<\/tr>\n<tr>\n<td data-sheets-value=\"{&quot;1&quot;:2,&quot;2&quot;:&quot;Litva&quot;}\">Litva<\/td>\n<td data-sheets-value=\"{&quot;1&quot;:3,&quot;3&quot;:10}\" data-sheets-numberformat=\"{&quot;1&quot;:4,&quot;2&quot;:&quot;\\&quot;\u20ac\\&quot;#,##0&quot;,&quot;3&quot;:1}\">\u20ac10<\/td>\n<\/tr>\n<tr>\n<td data-sheets-value=\"{&quot;1&quot;:2,&quot;2&quot;:&quot;Luksemburg&quot;}\">Luksemburg<\/td>\n<td data-sheets-value=\"{&quot;1&quot;:2,&quot;2&quot;:&quot;\u20ac7,5&quot;}\">\u20ac7,5<\/td>\n<\/tr>\n<tr>\n<td data-sheets-value=\"{&quot;1&quot;:2,&quot;2&quot;:&quot;Mad\u017earska&quot;}\">Mad\u017earska<\/td>\n<td data-sheets-value=\"{&quot;1&quot;:3,&quot;3&quot;:10}\" data-sheets-numberformat=\"{&quot;1&quot;:4,&quot;2&quot;:&quot;\\&quot;\u20ac\\&quot;#,##0&quot;,&quot;3&quot;:1}\">\u20ac10<\/td>\n<\/tr>\n<tr>\n<td data-sheets-value=\"{&quot;1&quot;:2,&quot;2&quot;:&quot;Nem\u010dija&quot;}\">Nem\u010dija<\/td>\n<td data-sheets-value=\"{&quot;1&quot;:2,&quot;2&quot;:&quot;\u20ac7,5&quot;}\">\u20ac7,5<\/td>\n<\/tr>\n<tr>\n<td data-sheets-value=\"{&quot;1&quot;:2,&quot;2&quot;:&quot;Nizozemska&quot;}\">Nizozemska<\/td>\n<td data-sheets-value=\"{&quot;1&quot;:2,&quot;2&quot;:&quot;\u20ac7,5&quot;}\">\u20ac7,5<\/td>\n<\/tr>\n<tr>\n<td data-sheets-value=\"{&quot;1&quot;:2,&quot;2&quot;:&quot;Norve\u0161ka&quot;}\">Norve\u0161ka<\/td>\n<td data-sheets-value=\"{&quot;1&quot;:3,&quot;3&quot;:20}\" data-sheets-numberformat=\"{&quot;1&quot;:4,&quot;2&quot;:&quot;\\&quot;\u20ac\\&quot;#,##0&quot;,&quot;3&quot;:1}\">\u20ac20<\/td>\n<\/tr>\n<tr>\n<td data-sheets-value=\"{&quot;1&quot;:2,&quot;2&quot;:&quot;Poljska&quot;}\">Poljska<\/td>\n<td data-sheets-value=\"{&quot;1&quot;:3,&quot;3&quot;:10}\" data-sheets-numberformat=\"{&quot;1&quot;:4,&quot;2&quot;:&quot;\\&quot;\u20ac\\&quot;#,##0&quot;,&quot;3&quot;:1}\">\u20ac10<\/td>\n<\/tr>\n<tr>\n<td data-sheets-value=\"{&quot;1&quot;:2,&quot;2&quot;:&quot;Portugalska&quot;}\">Portugalska<\/td>\n<td data-sheets-value=\"{&quot;1&quot;:3,&quot;3&quot;:14}\" data-sheets-numberformat=\"{&quot;1&quot;:4,&quot;2&quot;:&quot;\\&quot;\u20ac\\&quot;#,##0&quot;,&quot;3&quot;:1}\">\u20ac14<\/td>\n<\/tr>\n<tr>\n<td data-sheets-value=\"{&quot;1&quot;:2,&quot;2&quot;:&quot;Romunija&quot;}\">Romunija<\/td>\n<td data-sheets-value=\"{&quot;1&quot;:3,&quot;3&quot;:13}\" data-sheets-numberformat=\"{&quot;1&quot;:4,&quot;2&quot;:&quot;\\&quot;\u20ac\\&quot;#,##0&quot;,&quot;3&quot;:1}\">\u20ac13<\/td>\n<\/tr>\n<tr>\n<td data-sheets-value=\"{&quot;1&quot;:2,&quot;2&quot;:&quot;Slova\u0161ka&quot;}\">Slova\u0161ka<\/td>\n<td data-sheets-value=\"{&quot;1&quot;:3,&quot;3&quot;:10}\" data-sheets-numberformat=\"{&quot;1&quot;:4,&quot;2&quot;:&quot;\\&quot;\u20ac\\&quot;#,##0&quot;,&quot;3&quot;:1}\">\u20ac10<\/td>\n<\/tr>\n<tr>\n<td data-sheets-value=\"{&quot;1&quot;:2,&quot;2&quot;:&quot;Slovenija&quot;}\">Slovenija<\/td>\n<td data-sheets-value=\"{&quot;1&quot;:2,&quot;2&quot;:&quot;\u20ac3,60 (brezpla\u010dna nad \u20ac60)&quot;}\">\u20ac3,60 (brezpla\u010dna nad \u20ac60)<\/td>\n<\/tr>\n<tr>\n<td data-sheets-value=\"{&quot;1&quot;:2,&quot;2&quot;:&quot;Slovenija (Ljubljana)&quot;}\">Slovenija (Ljubljana)<\/td>\n<td data-sheets-value=\"{&quot;1&quot;:2,&quot;2&quot;:&quot;\u20ac2,60 (brezpla\u010dna nad \u20ac60)&quot;}\">\u20ac2,60 (brezpla\u010dna nad \u20ac60)<\/td>\n<\/tr>\n<tr>\n<td data-sheets-value=\"{&quot;1&quot;:2,&quot;2&quot;:&quot;\u0160panija&quot;}\">\u0160panija<\/td>\n<td data-sheets-value=\"{&quot;1&quot;:3,&quot;3&quot;:13}\" data-sheets-numberformat=\"{&quot;1&quot;:4,&quot;2&quot;:&quot;\\&quot;\u20ac\\&quot;#,##0&quot;,&quot;3&quot;:1}\">\u20ac13<\/td>\n<\/tr>\n<tr>\n<td data-sheets-value=\"{&quot;1&quot;:2,&quot;2&quot;:&quot;Srbija&quot;}\">Srbija<\/td>\n<td data-sheets-value=\"{&quot;1&quot;:3,&quot;3&quot;:13}\" data-sheets-numberformat=\"{&quot;1&quot;:4,&quot;2&quot;:&quot;\\&quot;\u20ac\\&quot;#,##0&quot;,&quot;3&quot;:1}\">\u20ac13<\/td>\n<\/tr>\n<tr>\n<td data-sheets-value=\"{&quot;1&quot;:2,&quot;2&quot;:&quot;\u0160vedska&quot;}\">\u0160vedska<\/td>\n<td data-sheets-value=\"{&quot;1&quot;:3,&quot;3&quot;:13}\" data-sheets-numberformat=\"{&quot;1&quot;:4,&quot;2&quot;:&quot;\\&quot;\u20ac\\&quot;#,##0&quot;,&quot;3&quot;:1}\">\u20ac13<\/td>\n<\/tr>\n<tr>\n<td data-sheets-value=\"{&quot;1&quot;:2,&quot;2&quot;:&quot;\u0160vica&quot;}\">\u0160vica<\/td>\n<td data-sheets-value=\"{&quot;1&quot;:3,&quot;3&quot;:14}\" data-sheets-numberformat=\"{&quot;1&quot;:4,&quot;2&quot;:&quot;\\&quot;\u20ac\\&quot;#,##0&quot;,&quot;3&quot;:1}\">\u20ac14<\/td>\n<\/tr>\n<tr>\n<td data-sheets-value=\"{&quot;1&quot;:2,&quot;2&quot;:&quot;Tur\u010dija&quot;}\">Tur\u010dija<\/td>\n<td data-sheets-value=\"{&quot;1&quot;:3,&quot;3&quot;:14}\" data-sheets-numberformat=\"{&quot;1&quot;:4,&quot;2&quot;:&quot;\\&quot;\u20ac\\&quot;#,##0&quot;,&quot;3&quot;:1}\">\u20ac14<\/td>\n<\/tr>\n<tr>\n<td data-sheets-value=\"{&quot;1&quot;:2,&quot;2&quot;:&quot;Zdru\u017eeno kraljestvo&quot;}\">Zdru\u017eeno kraljestvo<\/td>\n<td data-sheets-value=\"{&quot;1&quot;:3,&quot;3&quot;:10}\" data-sheets-numberformat=\"{&quot;1&quot;:4,&quot;2&quot;:&quot;\\&quot;\u20ac\\&quot;#,##0&quot;,&quot;3&quot;:1}\">\u20ac10<\/td>\n<\/tr>\n<\/tbody>\n<\/table>\n<p>[\/vc_column_text][vc_column_text el_class=&#8221;hide-for-now&#8221;]<\/p>\n<h2 style=\"text-align: center;\">Osebni prevzem<\/h2>\n<p style=\"text-align: center;\">Osebni prevzem je mogo\u010d <strong>v Ljubljani.<\/strong><\/p>\n<p style=\"text-align: center;\"><strong>1. na Tr\u017ea\u0161ki, Escalash studio (Tr\u017ea\u0161ka cesta 43, Ljubljana, stranski vhod), od ponedeljka do petka, 10-16h.<\/strong><\/p>\n<p style=\"text-align: center;\">Va\u0161e naro\u010dilo bo pripravljeno za prevzem v roku 2-14 delovnih dni &#8211; prejeli boste potrditveni sms ali email, ko bo pripravljeno za prevzem.<\/p>\n<p>[\/vc_column_text][\/vc_column][vc_column width=&#8221;1\/6&#8243;][\/vc_column][\/vc_row]<\/p>\n","protected":false},"excerpt":{"rendered":"<p>[vc_row][vc_column][\/vc_column][\/vc_row][vc_row el_class=&#8221;subpage-delivery&#8221;][vc_column width=&#8221;1\/6&#8243;][\/vc_column][vc_column width=&#8221;2\/3&#8243;][vc_column_text] Pogodbeni partner za dostavo po\u0161iljk je GLS Slovenija, vendar si ponudnik pridr\u017euje pravico izbrati drugo dostavno slu\u017ebo, \u010de bo s tem lahko naro\u010dilo izpolnil bolj u\u010dinkovito. Dostava po Sloveniji in Evropi v roku 2-14 delovnih dni. Upo\u0161tevajte, da ne odgovarjamo za zamude ali stro\u0161ke, ki so nastali zaradi napa\u010dnih kontaktnih podatkov. [&hellip;]<\/p>\n","protected":false},"author":1,"featured_media":0,"parent":0,"menu_order":25,"comment_status":"closed","ping_status":"closed","template":"","meta":{"footnotes":""},"yoast_head":"<!-- This site is optimized with the Yoast SEO Premium plugin v22.2 (Yoast SEO v22.9) - https:\/\/yoast.com\/wordpress\/plugins\/seo\/ -->\n<title>Dostava - Pandeoshop<\/title>\n<meta name=\"description\" content=\"Pogodbeni partner za dostavo po\u0161iljk je GLS Slovenija, vendar si ponudnik pridr\u017euje pravico izbrati drugo dostavno slu\u017ebo, \u010de bo s tem lahko naro\u010dilo\" \/>\n<meta name=\"robots\" content=\"index, follow, max-snippet:-1, max-image-preview:large, max-video-preview:-1\" \/>\n<link rel=\"canonical\" href=\"https:\/\/pandeoshop.com\/sl\/delivery\/\" \/>\n<meta property=\"og:locale\" content=\"sl_SI\" \/>\n<meta property=\"og:type\" content=\"article\" \/>\n<meta property=\"og:title\" content=\"Dostava - Pandeoshop\" \/>\n<meta property=\"og:description\" content=\"Pogodbeni partner za dostavo po\u0161iljk je GLS Slovenija, vendar si ponudnik pridr\u017euje pravico izbrati drugo dostavno slu\u017ebo, \u010de bo s tem lahko naro\u010dilo\" \/>\n<meta property=\"og:url\" content=\"https:\/\/pandeoshop.com\/delivery\/\" \/>\n<meta property=\"og:site_name\" content=\"Pandeoshop\" \/>\n<meta property=\"article:publisher\" content=\"https:\/\/www.facebook.com\/pandeoshop\/\" \/>\n<meta property=\"article:modified_time\" content=\"2023-06-05T09:55:30+00:00\" \/>\n<meta property=\"og:image\" content=\"https:\/\/pandeoshop.com\/wp-content\/uploads\/pandeoshop_social_logo_large.jpg\" \/>\n\t<meta property=\"og:image:width\" content=\"577\" \/>\n\t<meta property=\"og:image:height\" content=\"401\" \/>\n\t<meta property=\"og:image:type\" content=\"image\/jpeg\" \/>\n<meta name=\"twitter:card\" content=\"summary_large_image\" \/>\n<script type=\"application\/ld+json\" class=\"yoast-schema-graph\">{\"@context\":\"https:\/\/schema.org\",\"@graph\":[{\"@type\":\"WebPage\",\"@id\":\"https:\/\/pandeoshop.com\/sl\/dostava\/\",\"url\":\"https:\/\/pandeoshop.com\/delivery\/\",\"name\":\"Dostava - Pandeoshop\",\"isPartOf\":{\"@id\":\"https:\/\/pandeoshop.com\/sl\/#website\"},\"datePublished\":\"2022-05-05T19:48:14+00:00\",\"dateModified\":\"2023-06-05T09:55:30+00:00\",\"description\":\"Pogodbeni partner za dostavo po\u0161iljk je GLS Slovenija, vendar si ponudnik pridr\u017euje pravico izbrati drugo dostavno slu\u017ebo, \u010de bo s tem lahko naro\u010dilo\",\"breadcrumb\":{\"@id\":\"https:\/\/pandeoshop.com\/delivery\/#breadcrumb\"},\"inLanguage\":\"sl-SI\",\"potentialAction\":[{\"@type\":\"ReadAction\",\"target\":[\"https:\/\/pandeoshop.com\/delivery\/\"]}]},{\"@type\":\"BreadcrumbList\",\"@id\":\"https:\/\/pandeoshop.com\/delivery\/#breadcrumb\",\"itemListElement\":[{\"@type\":\"ListItem\",\"position\":1,\"name\":\"Domov\",\"item\":\"https:\/\/pandeoshop.com\/sl\/\"},{\"@type\":\"ListItem\",\"position\":2,\"name\":\"Dostava\"}]},{\"@type\":\"WebSite\",\"@id\":\"https:\/\/pandeoshop.com\/sl\/#website\",\"url\":\"https:\/\/pandeoshop.com\/sl\/\",\"name\":\"Pandeoshop\",\"description\":\"\u0160e eno spleti\u0161\u010de WordPress\",\"publisher\":{\"@id\":\"https:\/\/pandeoshop.com\/sl\/#organization\"},\"potentialAction\":[{\"@type\":\"SearchAction\",\"target\":{\"@type\":\"EntryPoint\",\"urlTemplate\":\"https:\/\/pandeoshop.com\/sl\/?s={search_term_string}\"},\"query-input\":\"required name=search_term_string\"}],\"inLanguage\":\"sl-SI\"},{\"@type\":\"Organization\",\"@id\":\"https:\/\/pandeoshop.com\/sl\/#organization\",\"name\":\"Pandeoshop\",\"url\":\"https:\/\/pandeoshop.com\/sl\/\",\"logo\":{\"@type\":\"ImageObject\",\"inLanguage\":\"sl-SI\",\"@id\":\"https:\/\/pandeoshop.com\/sl\/#\/schema\/logo\/image\/\",\"url\":\"https:\/\/pandeoshop.com\/wp-content\/uploads\/pandeoshop_social_logo_no_textjpg.jpg\",\"contentUrl\":\"https:\/\/pandeoshop.com\/wp-content\/uploads\/pandeoshop_social_logo_no_textjpg.jpg\",\"width\":288,\"height\":201,\"caption\":\"Pandeoshop\"},\"image\":{\"@id\":\"https:\/\/pandeoshop.com\/sl\/#\/schema\/logo\/image\/\"},\"sameAs\":[\"https:\/\/www.facebook.com\/pandeoshop\/\",\"https:\/\/www.instagram.com\/pandeo_shop\/\"]}]}<\/script>\n<!-- \/ Yoast SEO Premium plugin. -->","yoast_head_json":{"title":"Dostava - Pandeoshop","description":"Pogodbeni partner za dostavo po\u0161iljk je GLS Slovenija, vendar si ponudnik pridr\u017euje pravico izbrati drugo dostavno slu\u017ebo, \u010de bo s tem lahko naro\u010dilo","robots":{"index":"index","follow":"follow","max-snippet":"max-snippet:-1","max-image-preview":"max-image-preview:large","max-video-preview":"max-video-preview:-1"},"canonical":"https:\/\/pandeoshop.com\/sl\/delivery\/","og_locale":"sl_SI","og_type":"article","og_title":"Dostava - Pandeoshop","og_description":"Pogodbeni partner za dostavo po\u0161iljk je GLS Slovenija, vendar si ponudnik pridr\u017euje pravico izbrati drugo dostavno slu\u017ebo, \u010de bo s tem lahko naro\u010dilo","og_url":"https:\/\/pandeoshop.com\/delivery\/","og_site_name":"Pandeoshop","article_publisher":"https:\/\/www.facebook.com\/pandeoshop\/","article_modified_time":"2023-06-05T09:55:30+00:00","og_image":[{"width":577,"height":401,"url":"https:\/\/pandeoshop.com\/wp-content\/uploads\/pandeoshop_social_logo_large.jpg","type":"image\/jpeg"}],"twitter_card":"summary_large_image","schema":{"@context":"https:\/\/schema.org","@graph":[{"@type":"WebPage","@id":"https:\/\/pandeoshop.com\/sl\/dostava\/","url":"https:\/\/pandeoshop.com\/delivery\/","name":"Dostava - Pandeoshop","isPartOf":{"@id":"https:\/\/pandeoshop.com\/sl\/#website"},"datePublished":"2022-05-05T19:48:14+00:00","dateModified":"2023-06-05T09:55:30+00:00","description":"Pogodbeni partner za dostavo po\u0161iljk je GLS Slovenija, vendar si ponudnik pridr\u017euje pravico izbrati drugo dostavno slu\u017ebo, \u010de bo s tem lahko naro\u010dilo","breadcrumb":{"@id":"https:\/\/pandeoshop.com\/delivery\/#breadcrumb"},"inLanguage":"sl-SI","potentialAction":[{"@type":"ReadAction","target":["https:\/\/pandeoshop.com\/delivery\/"]}]},{"@type":"BreadcrumbList","@id":"https:\/\/pandeoshop.com\/delivery\/#breadcrumb","itemListElement":[{"@type":"ListItem","position":1,"name":"Domov","item":"https:\/\/pandeoshop.com\/sl\/"},{"@type":"ListItem","position":2,"name":"Dostava"}]},{"@type":"WebSite","@id":"https:\/\/pandeoshop.com\/sl\/#website","url":"https:\/\/pandeoshop.com\/sl\/","name":"Pandeoshop","description":"\u0160e eno spleti\u0161\u010de WordPress","publisher":{"@id":"https:\/\/pandeoshop.com\/sl\/#organization"},"potentialAction":[{"@type":"SearchAction","target":{"@type":"EntryPoint","urlTemplate":"https:\/\/pandeoshop.com\/sl\/?s={search_term_string}"},"query-input":"required name=search_term_string"}],"inLanguage":"sl-SI"},{"@type":"Organization","@id":"https:\/\/pandeoshop.com\/sl\/#organization","name":"Pandeoshop","url":"https:\/\/pandeoshop.com\/sl\/","logo":{"@type":"ImageObject","inLanguage":"sl-SI","@id":"https:\/\/pandeoshop.com\/sl\/#\/schema\/logo\/image\/","url":"https:\/\/pandeoshop.com\/wp-content\/uploads\/pandeoshop_social_logo_no_textjpg.jpg","contentUrl":"https:\/\/pandeoshop.com\/wp-content\/uploads\/pandeoshop_social_logo_no_textjpg.jpg","width":288,"height":201,"caption":"Pandeoshop"},"image":{"@id":"https:\/\/pandeoshop.com\/sl\/#\/schema\/logo\/image\/"},"sameAs":["https:\/\/www.facebook.com\/pandeoshop\/","https:\/\/www.instagram.com\/pandeo_shop\/"]}]}},"_links":{"self":[{"href":"https:\/\/pandeoshop.com\/sl\/wp-json\/wp\/v2\/pages\/20703"}],"collection":[{"href":"https:\/\/pandeoshop.com\/sl\/wp-json\/wp\/v2\/pages"}],"about":[{"href":"https:\/\/pandeoshop.com\/sl\/wp-json\/wp\/v2\/types\/page"}],"author":[{"embeddable":true,"href":"https:\/\/pandeoshop.com\/sl\/wp-json\/wp\/v2\/users\/1"}],"replies":[{"embeddable":true,"href":"https:\/\/pandeoshop.com\/sl\/wp-json\/wp\/v2\/comments?post=20703"}],"version-history":[{"count":2,"href":"https:\/\/pandeoshop.com\/sl\/wp-json\/wp\/v2\/pages\/20703\/revisions"}],"predecessor-version":[{"id":41208,"href":"https:\/\/pandeoshop.com\/sl\/wp-json\/wp\/v2\/pages\/20703\/revisions\/41208"}],"wp:attachment":[{"href":"https:\/\/pandeoshop.com\/sl\/wp-json\/wp\/v2\/media?parent=20703"}],"curies":[{"name":"wp","href":"https:\/\/api.w.org\/{rel}","templated":true}]}}