{"id":19362,"date":"2022-05-05T21:32:05","date_gmt":"2022-05-05T19:32:05","guid":{"rendered":"https:\/\/pandeoshop.com\/terms-and-conditions\/"},"modified":"2022-09-04T21:30:45","modified_gmt":"2022-09-04T19:30:45","slug":"pogoji-poslovanja","status":"publish","type":"page","link":"https:\/\/pandeoshop.com\/sl\/pogoji-poslovanja\/","title":{"rendered":"Pogoji poslovanja"},"content":{"rendered":"<p>[vc_row][vc_column]\t\t\n\t\t<div class=\"title-banner\">\n\t\t\t<div class=\"container\">\n\t\t\t\t<h1 class=\"entry-title\">Pogoji poslovanja<\/h1>\n\t\t\t<\/div>\n\t\t<\/div>\n\n\t\t[\/vc_column][\/vc_row][vc_row][vc_column width=&#8221;1\/6&#8243; offset=&#8221;vc_hidden-sm vc_hidden-xs&#8221;][\/vc_column][vc_column offset=&#8221;vc_col-lg-8 vc_col-md-8 vc_col-xs-12&#8243;][vc_column_text]<\/p>\n<h2 style=\"text-align: center;\"><strong>Splo\u0161ni pogoji poslovanja<\/strong><\/h2>\n<p style=\"text-align: center;\">Splo\u0161ni pogoji poslovanja in uporabe spletne trgovine Pandeoshop so sestavljeni v skladu z Zakonom o varstvu potro\u0161nikov (ZVPot), na podlagi priporo\u010dil GZS in mednarodnih kodeksov za e-poslovanje.<\/p>\n<p style=\"text-align: center;\">S spletno trgovino upravlja podjetje <strong>KVAN SVETOVANJE d.o.o.<\/strong> , Vandotova 33, 1000 Ljubljana (v nadaljevanju \u00bbponudnik\u00ab). Podjetje je vpisano v sodni register pri Okro\u017enem sodi\u0161\u010du v Ljubljani dne 08.01.2015, mati\u010dna \u0161tevilka: 6757553000, podjetje je zavezanec za DDV, ID za DDV: SI 40332128.<\/p>\n<p style=\"text-align: center;\">Splo\u0161ni pogoji poslovanja obravnavajo delovanje spletne trgovine, pravice uporabnika ter poslovni odnos med ponudnikom in kupcem.<\/p>\n<p style=\"text-align: center;\">S potrditvijo naro\u010dila je uporabnik seznanjen s splo\u0161nimi pogoji poslovanja, varstvom osebnih podatkov in pravnim obvestilom.<\/p>\n<h2 style=\"text-align: center;\"><strong>Cene<\/strong><\/h2>\n<p style=\"text-align: center;\">Cene izdelkov v spletni trgovini so navedene v evrih (\u20ac) in \u017ee vklju\u010dujejo 9,5% oz. 22% DDV (davek na dodano vrednost), razen \u010de je izrecno napisano druga\u010de.<br \/>\nCene veljajo v trenutku oddaje naro\u010dila in nimajo vnaprej dolo\u010dene veljavnosti.<\/p>\n<p style=\"text-align: center;\">Cene veljajo v primeru pla\u010dila z zgoraj navedenimi na\u010dini pla\u010dila, pod zgoraj navedenimi pogoji. Kljub izjemnim naporom, da bi zagotovili najbolj a\u017eurne in to\u010dne podatke, se lahko zgodi, da je podatek o ceni napa\u010den. V tem primeru, ali v primeru, da se cena izdelka spremeni med obdelavo naro\u010dila, bo ponudnik kupcu omogo\u010dil odstop od nakupa, hkrati pa bo ponudnik kupcu ponudil re\u0161itev, ki bo \u0161la v obojestransko zadovoljstvo.<\/p>\n<p style=\"text-align: center;\">Kupoprodajna pogodba med ponudnikom in kupcem je sklenjena v trenutku, ko ponudnik potrdi naro\u010dilo. Od tega trenutka so vse cene in drugi pogoji fiksirani in veljajo tako za ponudnika, kot za kupca.<\/p>\n<h2 style=\"text-align: center;\"><strong>Nakup<\/strong><\/h2>\n<p style=\"text-align: center;\">Izberite izdelek, ki ga \u017eelite kupiti in klikniti na gumb \u201cDodaj\u201d. Desno zgoraj v nakupovalnem vozi\u010dku se izpi\u0161e koli\u010dina in skupni znesek naro\u010denih izdelkov. \u010ce \u017eelite odstraniti, zmanj\u0161ati ali pove\u010dati naro\u010deno koli\u010dino dolo\u010denega izdelka, boste to uredili v Ko\u0161arici.<\/p>\n<p style=\"text-align: center;\">Postopek zaklju\u010devanja naro\u010dila spro\u017eite s klikom na Ko\u0161arico ter gumbom \u201cNa blagajno\u201d. Spletna trgovina vas vodi skozi naslednje korake:<\/p>\n<p style=\"text-align: center;\">korak \u2013 pregled naro\u010dila<br \/>\nkorak \u2013 izbira na\u010dina dostave<br \/>\nkorak \u2013 izbira na\u010dina pla\u010dila<br \/>\nkorak \u2013 pregled naro\u010dila; na tem koraku lahko preverite pravilnost vseh podatkov<br \/>\nkorak \u2013 zaklju\u010deno naro\u010dilo.<\/p>\n<p style=\"text-align: center;\">Po oddanem naro\u010dilu na e-mail prejmete povzetek naro\u010denih izdelkov. Poslano naro\u010dilo lahko kupec prekli\u010de v roku ene ure po oddanem naro\u010dilu. Po preteku predpisanega \u010dasa preklic naro\u010dila ni mo\u017een. Vse nastale stro\u0161ke po preteku veljavnega \u010dasa preklica krije naro\u010dnik blaga. Kupcu so na spletni strani ponudnika vselej dostopni podatki o statusu in vsebini naro\u010dila.<\/p>\n<p style=\"text-align: center;\">Pogodba o nakupu naro\u010denih izdelkov med kupcem in ponudnikom je na tej stopnji nepreklicno sklenjena. S klikom na gumb \u201cZaklju\u010di nakup\u201d potrjujete, da ste seznanjeni s celotnim besedilom prodajno-pla\u010dilnih pogojev, ki so tu navedeni in da ste bili na te pogoje ob nakupu izrecno opozorjeni.<\/p>\n<p style=\"text-align: center;\">Kupoprodajna pogodba (naro\u010dilo) v slovenskem jeziku je shranjena na stre\u017eniku v elektronski obliki in kupcu dostopna v vsakem trenutku v njegovem uporabni\u0161kem profilu (Moj profil).<\/p>\n<p style=\"text-align: center;\">Kupoprodajna pogodba (naro\u010dilo) zavezuje spletno trgovino in kupca. V primeru, ko kupec odstopi od naro\u010dila\/pogodbe, nosi po Zakonu o varstvu potro\u0161nikov (6. odstavek, 43.\u010d \u010dlen) vse neposredne stro\u0161ke, ki nastanejo s po\u0161iljanjem. V primeru, da kupec naro\u010di izdelke v spletni trgovini in nato zavrne oz. ne sprejme po\u0161iljke, nosi stro\u0161ke po\u0161tnine v obe smeri. Ceno po\u0161tnine dolo\u010da dostavna slu\u017eba.<\/p>\n<p style=\"text-align: center;\">Ponudnik kupcu izda ra\u010dun na trajnem mediju, z raz\u010dlenjenimi stro\u0161ki in navodili, kako odstopiti od nakupa in izdelke vrniti, \u010de je to potrebno in mogo\u010de.<\/p>\n<p style=\"text-align: center;\">Zgodovina nakupov: V primeru, da \u017eelite vpogled v zgodovino nakupov, se prijavite v spletno trgovino in desno zgoraj kliknite na \u201cMoj profil\u201d. Zgodovino va\u0161ih dosedanjih nakupov najdete pod zavihkom \u201cMoji nakupi\u201d.<\/p>\n<h2 style=\"text-align: center;\"><strong>Na\u010din pla\u010dila<\/strong><\/h2>\n<p style=\"text-align: center;\">Ponudnik omogo\u010da naslednje na\u010dine pla\u010dila:<\/p>\n<p style=\"text-align: center;\"><strong>1-PayPal (online preko spleta)<\/strong><\/p>\n<p style=\"text-align: center;\">Zelo udoben na\u010din pla\u010dila. Ko opravite naro\u010dilo, boste preusmerjeni na varen spletni pla\u010dilni sistem PayPal, kjer vnesete potrebne podatke. \u010ce je transakcija avtorizirana, pla\u010dilo bo izvedeno takoj in blago bomo odposlali najkasneje naslednji delovni dan, \u010de je na zalogi. Podpiramo varni protokol 3D Secure. Na\u0161i zaposleni nimajo dostopa do podatkov va\u0161ega PayPal.<\/p>\n<p style=\"text-align: center;\"><strong>2- Po povzetju<\/strong><\/p>\n<p style=\"text-align: center;\">Naro\u010deno blago pla\u010date kurirju z gotovino ali z kartico ob prevzemu blaga.<\/p>\n<p style=\"text-align: center;\"><strong>3- Po predra\u010dunu<\/strong><\/p>\n<p style=\"text-align: center;\">Naro\u010deno blago lahko pla\u010date tudi po predra\u010dunu preko elektronskega ban\u010dni\u0161tva ali osebno na va\u0161i najbli\u017eji ban\u010dni ali po\u0161tni poslovalnici. Ob oddaji naro\u010dila vam bomo po elektronski po\u0161ti poslali podatke za pla\u010dilo. V pla\u010dilni nalog vpi\u0161ite potrebne podatke in ob prejemu pla\u010dila na na\u0161 ra\u010dun vam bomo naro\u010dene artikle poslali v najkraj\u0161em mo\u017enem \u010dasu.<\/p>\n<h2 style=\"text-align: center;\"><strong>\u010casi in na\u010dini dostave<\/strong><\/h2>\n<p style=\"text-align: center;\">Spletna trgovina sprejema naro\u010dila 24 ur na dan. Vsa naro\u010dila prejeta od ponedeljka do petka do 12h bodo realizirana \u0161e isti dan. Naro\u010dila prejeta po 12h bodo realizirana naslednji delovni dan. Naro\u010dila prejeta ob sobotah, nedeljah in praznikih bodo realizirana prvi delovni dan. V primeru, da izdelka v \u010dasu naro\u010danja ni ve\u010d na zalogi, se rok dobave podalj\u0161a skladno z rokom dobave blaga iz strani proizvajalca. Pogodbeni partner za dostavo po\u0161iljk je GLS Slovenija, vendar si ponudnik pridr\u017euje pravico izbrati drugo dostavno slu\u017ebo, \u010de bo s tem lahko naro\u010dilo izpolnil bolj u\u010dinkovito.<\/p>\n<h2 style=\"text-align: center;\"><strong>Cene dostave<\/strong><\/h2>\n<p style=\"text-align: center;\"><a href=\"https:\/\/pandeoshop.com\/sl\/dostava\/\">Preberite ve\u010d tukaj.<\/a><\/p>\n<h2 style=\"text-align: center;\"><strong>Vra\u010dilo blaga<\/strong><\/h2>\n<p style=\"text-align: center;\">Pravica do odstopa od nakupa, vra\u010dilo blaga v 14 dneh<br \/>\nV skladu z Zakonom o varstvu potro\u0161nikov (ZVPot) ima kupec pravico, da v 14 dneh vrne kupljeno blago brez navedbe razloga. O nameravanem vra\u010dilu mora kupec pisno obvestiti ponudnika, najkasneje v 14 dneh od prejetja blaga in sicer preko kontaktnega obrazca, blago pa vrniti v nadaljnih 14 dneh.<\/p>\n<p style=\"text-align: center;\">Blago morate vrniti v originalni embala\u017ei, nepo\u0161kodovano in v nespremenjeni koli\u010dini, izdelek pa ne sme imeti vidnih znakov uporabe. Obvezno prilo\u017eite tudi originalni ra\u010dun ter podatke o va\u0161em transakcijskem ra\u010dunu, na katerega \u017eelite vra\u010dilo kupnine.<\/p>\n<p style=\"text-align: center;\"><strong>Naslov za vra\u010dilo blaga<\/strong> prodajalcu je KVAN SVETOVANJE d.o.o. , Vandotova 33, 1000 Ljubljana. Priporo\u010damo, da uporabite dostavno slu\u017ebo, ki omogo\u010da sledenje po\u0161iljke ter da blago ustrezno pripravite za transport (pri tem lahko uporabite originalno embala\u017eo oz. drugo ustrezno varno embala\u017eo). Morebitne stro\u0161ke vra\u010dila krije kupec. Po\u0161iljk z odkupnino ne sprejemamo.<\/p>\n<p style=\"text-align: center;\">Kupec lahko ob vra\u010dilu zahteva vrnitev kupnine, ki mu jo prodajalec vrne na njegov transakcijski ra\u010dun najkasneje v 30 dneh po prejetju obvestila o odstopu od pogodbe.<\/p>\n<h2 style=\"text-align: center;\">\u00a0<\/h2>\n<h2 style=\"text-align: center;\"><strong>Vra\u010dilo po\u0161kodovanih po\u0161iljk<\/strong><\/h2>\n<p style=\"text-align: center;\">V primeru, da je paket fizi\u010dno po\u0161kodovan, v njem manjka vsebina ali ka\u017ee znake odprtja, mora kupec spro\u017eiti postopek reklamacije pri GLS Slovenija. To storite tako, da opozorite kurirja dostavne slu\u017ebe, ki naredi reklamacijski zapisnik. Skupaj z GLS Slovenija bomo poskrbeli, da bo reklamacija re\u0161ena v najkraj\u0161em mo\u017enem \u010dasu.<\/p>\n<h2 style=\"text-align: center;\"><strong>Garancija<\/strong><\/h2>\n<p style=\"text-align: center;\">Izdelki imajo garancijo, \u010de je tako navedeno na garancijskem listu ali na ra\u010dunu. Garancija je veljavna ob upo\u0161tevanju navodil na garancijskem listu ter ob predlo\u017eitvi ra\u010duna. Garancijski roki so navedeni na garancijskih listih ali na ra\u010dunu. Informacija o garanciji je navedena tudi na strani s predstavitvijo izdelka. \u010ce informacije o garanciji ni, izdelek nima garancije ali pa podatek v tem trenutku ni znan. V slednjem primeru lahko kupec kontaktira ponudnika, ki bo zagotovil a\u017eurno informacijo. Proizvajalec je v skladu z zakonom dol\u017ean kupcu zagotoviti garancijo za brezhibno delovanje kupljenega blaga. Garancijo lahko kupec uveljavlja neposredno pri proizvajalcu ali njegovem poobla\u0161\u010denem servisu. Garancijo lahko kupec uveljavlja z garancijskim listom in ra\u010dunom prodajalca.<\/p>\n<h2 style=\"text-align: center;\"><strong>Odveza odgovornosti<\/strong><\/h2>\n<p style=\"text-align: center;\">Ponudnik se po svojih najbolj\u0161ih mo\u010deh trudi zagotoviti a\u017eurnost in pravilnost podatkov, ki so objavljeni na njegovih straneh. Kljub temu, pa se lahko lastnosti izdelkov, rok dobave ali cena spremenijo tako hitro, da ponudnik ne uspe popraviti podatkov na spletnih straneh. V takem primeru, bo ponudnik kupca obvestil o spremembah in mu omogo\u010dil odstop od naro\u010dila ali zamenjavo naro\u010denega izdelka.<\/p>\n<p style=\"text-align: center;\">\u010ceprav se ponudnik trudi zagotoviti natan\u010dne fotografije prodajnih izdelkov, je potrebno vse fotografije jemati kot simboli\u010dne. Fotografije ne zagotavljajo lastnosti izdelka.<\/p>\n<h2 style=\"text-align: center;\"><strong>Pravno obvestilo<\/strong><\/h2>\n<p style=\"text-align: center;\">Spletna trgovina pandeoshop.com je last podjetja KVAN SVETOVANJE d.o.o., ki spletno trgovino tudi upravlja. Vsebine, objavljene v spletni trgovini so last podjetja KVAN SVETOVANJE d.o.o.. in se lahko uporabljajo v nekomercialne namene, kjer pa morajo ohraniti vsa navedena opozorila o avtorskih pravicah in se torej ne smejo prepisovati, razmno\u017eevati ali kako druga\u010de raz\u0161irjati brez dovoljenja podjetja KVAN SVETOVANJE d.o.o.. V\u010dasih se zgodi, da ne moremo zagotavljati popolne to\u010dnosti in zanesljivosti vseh objavljenih podatkov. Vsa opozorila bomo sprejeli resno in takoj popravili objavljene informacije. Ne prevzemamo odgovornosti za morebitne posledice, nastale zaradi uporabe informacij, objavljenih v tej spletni trgovini ali za\u010dasnega nedelovanja spletne trgovine. Pridr\u017eujemo si pravico do dnevne spremembe vsebin, napak v cenah in napisanem besedilu. Z uporabo spletne trgovine obiskovalec, kupec potrjuje, da sprejema opisane pogoje in se z njimi strinja.<\/p>\n<h2 style=\"text-align: center;\"><strong>Prito\u017ebe in spori<\/strong><\/h2>\n<p style=\"text-align: center;\">Ponudnik spo\u0161tuje veljavno zakonodajo o varstvu potro\u0161nikov. Ponudnik se po vseh mo\u010deh trudi izpolnjevati svojo dol\u017enost vzpostaviti u\u010dinkovit sistem obravnavanja prito\u017eb in dolo\u010diti osebo, s katero se, v primeru te\u017eav, kupec lahko pove\u017ee telefonsko ali po elektronski po\u0161ti.<\/p>\n<p>[\/vc_column_text][\/vc_column][vc_column width=&#8221;1\/6&#8243; offset=&#8221;vc_hidden-sm vc_hidden-xs&#8221;][\/vc_column][\/vc_row]<\/p>\n","protected":false},"excerpt":{"rendered":"<p>[vc_row][vc_column][\/vc_column][\/vc_row][vc_row][vc_column width=&#8221;1\/6&#8243; offset=&#8221;vc_hidden-sm vc_hidden-xs&#8221;][\/vc_column][vc_column offset=&#8221;vc_col-lg-8 vc_col-md-8 vc_col-xs-12&#8243;][vc_column_text] Splo\u0161ni pogoji poslovanja Splo\u0161ni pogoji poslovanja in uporabe spletne trgovine Pandeoshop so sestavljeni v skladu z Zakonom o varstvu potro\u0161nikov (ZVPot), na podlagi priporo\u010dil GZS in mednarodnih kodeksov za e-poslovanje. S spletno trgovino upravlja podjetje KVAN SVETOVANJE d.o.o. , Vandotova 33, 1000 Ljubljana (v nadaljevanju \u00bbponudnik\u00ab). Podjetje je [&hellip;]<\/p>\n","protected":false},"author":1,"featured_media":0,"parent":0,"menu_order":31,"comment_status":"closed","ping_status":"closed","template":"","meta":{"footnotes":""},"yoast_head":"<!-- This site is optimized with the Yoast SEO Premium plugin v22.2 (Yoast SEO v22.9) - https:\/\/yoast.com\/wordpress\/plugins\/seo\/ -->\n<title>Pogoji poslovanja - Pandeoshop<\/title>\n<meta name=\"description\" content=\"Splo\u0161ni pogoji poslovanja Splo\u0161ni pogoji poslovanja in uporabe spletne trgovine Pandeoshop so sestavljeni v skladu z Zakonom o varstvu potro\u0161nikov\" \/>\n<meta name=\"robots\" content=\"index, follow, max-snippet:-1, max-image-preview:large, max-video-preview:-1\" \/>\n<link rel=\"canonical\" href=\"https:\/\/pandeoshop.com\/sl\/pogoji-poslovanja\/\" \/>\n<meta property=\"og:locale\" content=\"sl_SI\" \/>\n<meta property=\"og:type\" content=\"article\" \/>\n<meta property=\"og:title\" content=\"Pogoji poslovanja - Pandeoshop\" \/>\n<meta property=\"og:description\" content=\"Splo\u0161ni pogoji poslovanja Splo\u0161ni pogoji poslovanja in uporabe spletne trgovine Pandeoshop so sestavljeni v skladu z Zakonom o varstvu potro\u0161nikov\" \/>\n<meta property=\"og:url\" content=\"https:\/\/pandeoshop.com\/sl\/pogoji-poslovanja\/\" \/>\n<meta property=\"og:site_name\" content=\"Pandeoshop\" \/>\n<meta property=\"article:publisher\" content=\"https:\/\/www.facebook.com\/pandeoshop\/\" \/>\n<meta property=\"article:modified_time\" content=\"2022-09-04T19:30:45+00:00\" \/>\n<meta property=\"og:image\" content=\"https:\/\/pandeoshop.com\/wp-content\/uploads\/pandeoshop_social_logo_large.jpg\" \/>\n\t<meta property=\"og:image:width\" content=\"577\" \/>\n\t<meta property=\"og:image:height\" content=\"401\" \/>\n\t<meta property=\"og:image:type\" content=\"image\/jpeg\" \/>\n<meta name=\"twitter:card\" content=\"summary_large_image\" \/>\n<script type=\"application\/ld+json\" class=\"yoast-schema-graph\">{\"@context\":\"https:\/\/schema.org\",\"@graph\":[{\"@type\":\"WebPage\",\"@id\":\"https:\/\/pandeoshop.com\/sl\/pogoji-poslovanja\/\",\"url\":\"https:\/\/pandeoshop.com\/sl\/pogoji-poslovanja\/\",\"name\":\"Pogoji poslovanja - Pandeoshop\",\"isPartOf\":{\"@id\":\"https:\/\/pandeoshop.com\/sl\/#website\"},\"datePublished\":\"2022-05-05T19:32:05+00:00\",\"dateModified\":\"2022-09-04T19:30:45+00:00\",\"description\":\"Splo\u0161ni pogoji poslovanja Splo\u0161ni pogoji poslovanja in uporabe spletne trgovine Pandeoshop so sestavljeni v skladu z Zakonom o varstvu potro\u0161nikov\",\"breadcrumb\":{\"@id\":\"https:\/\/pandeoshop.com\/sl\/pogoji-poslovanja\/#breadcrumb\"},\"inLanguage\":\"sl-SI\",\"potentialAction\":[{\"@type\":\"ReadAction\",\"target\":[\"https:\/\/pandeoshop.com\/sl\/pogoji-poslovanja\/\"]}]},{\"@type\":\"BreadcrumbList\",\"@id\":\"https:\/\/pandeoshop.com\/sl\/pogoji-poslovanja\/#breadcrumb\",\"itemListElement\":[{\"@type\":\"ListItem\",\"position\":1,\"name\":\"Domov\",\"item\":\"https:\/\/pandeoshop.com\/sl\/\"},{\"@type\":\"ListItem\",\"position\":2,\"name\":\"Pogoji poslovanja\"}]},{\"@type\":\"WebSite\",\"@id\":\"https:\/\/pandeoshop.com\/sl\/#website\",\"url\":\"https:\/\/pandeoshop.com\/sl\/\",\"name\":\"Pandeoshop\",\"description\":\"\u0160e eno spleti\u0161\u010de WordPress\",\"publisher\":{\"@id\":\"https:\/\/pandeoshop.com\/sl\/#organization\"},\"potentialAction\":[{\"@type\":\"SearchAction\",\"target\":{\"@type\":\"EntryPoint\",\"urlTemplate\":\"https:\/\/pandeoshop.com\/sl\/?s={search_term_string}\"},\"query-input\":\"required name=search_term_string\"}],\"inLanguage\":\"sl-SI\"},{\"@type\":\"Organization\",\"@id\":\"https:\/\/pandeoshop.com\/sl\/#organization\",\"name\":\"Pandeoshop\",\"url\":\"https:\/\/pandeoshop.com\/sl\/\",\"logo\":{\"@type\":\"ImageObject\",\"inLanguage\":\"sl-SI\",\"@id\":\"https:\/\/pandeoshop.com\/sl\/#\/schema\/logo\/image\/\",\"url\":\"https:\/\/pandeoshop.com\/wp-content\/uploads\/pandeoshop_social_logo_no_textjpg.jpg\",\"contentUrl\":\"https:\/\/pandeoshop.com\/wp-content\/uploads\/pandeoshop_social_logo_no_textjpg.jpg\",\"width\":288,\"height\":201,\"caption\":\"Pandeoshop\"},\"image\":{\"@id\":\"https:\/\/pandeoshop.com\/sl\/#\/schema\/logo\/image\/\"},\"sameAs\":[\"https:\/\/www.facebook.com\/pandeoshop\/\",\"https:\/\/www.instagram.com\/pandeo_shop\/\"]}]}<\/script>\n<!-- \/ Yoast SEO Premium plugin. -->","yoast_head_json":{"title":"Pogoji poslovanja - Pandeoshop","description":"Splo\u0161ni pogoji poslovanja Splo\u0161ni pogoji poslovanja in uporabe spletne trgovine Pandeoshop so sestavljeni v skladu z Zakonom o varstvu potro\u0161nikov","robots":{"index":"index","follow":"follow","max-snippet":"max-snippet:-1","max-image-preview":"max-image-preview:large","max-video-preview":"max-video-preview:-1"},"canonical":"https:\/\/pandeoshop.com\/sl\/pogoji-poslovanja\/","og_locale":"sl_SI","og_type":"article","og_title":"Pogoji poslovanja - Pandeoshop","og_description":"Splo\u0161ni pogoji poslovanja Splo\u0161ni pogoji poslovanja in uporabe spletne trgovine Pandeoshop so sestavljeni v skladu z Zakonom o varstvu potro\u0161nikov","og_url":"https:\/\/pandeoshop.com\/sl\/pogoji-poslovanja\/","og_site_name":"Pandeoshop","article_publisher":"https:\/\/www.facebook.com\/pandeoshop\/","article_modified_time":"2022-09-04T19:30:45+00:00","og_image":[{"width":577,"height":401,"url":"https:\/\/pandeoshop.com\/wp-content\/uploads\/pandeoshop_social_logo_large.jpg","type":"image\/jpeg"}],"twitter_card":"summary_large_image","schema":{"@context":"https:\/\/schema.org","@graph":[{"@type":"WebPage","@id":"https:\/\/pandeoshop.com\/sl\/pogoji-poslovanja\/","url":"https:\/\/pandeoshop.com\/sl\/pogoji-poslovanja\/","name":"Pogoji poslovanja - Pandeoshop","isPartOf":{"@id":"https:\/\/pandeoshop.com\/sl\/#website"},"datePublished":"2022-05-05T19:32:05+00:00","dateModified":"2022-09-04T19:30:45+00:00","description":"Splo\u0161ni pogoji poslovanja Splo\u0161ni pogoji poslovanja in uporabe spletne trgovine Pandeoshop so sestavljeni v skladu z Zakonom o varstvu potro\u0161nikov","breadcrumb":{"@id":"https:\/\/pandeoshop.com\/sl\/pogoji-poslovanja\/#breadcrumb"},"inLanguage":"sl-SI","potentialAction":[{"@type":"ReadAction","target":["https:\/\/pandeoshop.com\/sl\/pogoji-poslovanja\/"]}]},{"@type":"BreadcrumbList","@id":"https:\/\/pandeoshop.com\/sl\/pogoji-poslovanja\/#breadcrumb","itemListElement":[{"@type":"ListItem","position":1,"name":"Domov","item":"https:\/\/pandeoshop.com\/sl\/"},{"@type":"ListItem","position":2,"name":"Pogoji poslovanja"}]},{"@type":"WebSite","@id":"https:\/\/pandeoshop.com\/sl\/#website","url":"https:\/\/pandeoshop.com\/sl\/","name":"Pandeoshop","description":"\u0160e eno spleti\u0161\u010de WordPress","publisher":{"@id":"https:\/\/pandeoshop.com\/sl\/#organization"},"potentialAction":[{"@type":"SearchAction","target":{"@type":"EntryPoint","urlTemplate":"https:\/\/pandeoshop.com\/sl\/?s={search_term_string}"},"query-input":"required name=search_term_string"}],"inLanguage":"sl-SI"},{"@type":"Organization","@id":"https:\/\/pandeoshop.com\/sl\/#organization","name":"Pandeoshop","url":"https:\/\/pandeoshop.com\/sl\/","logo":{"@type":"ImageObject","inLanguage":"sl-SI","@id":"https:\/\/pandeoshop.com\/sl\/#\/schema\/logo\/image\/","url":"https:\/\/pandeoshop.com\/wp-content\/uploads\/pandeoshop_social_logo_no_textjpg.jpg","contentUrl":"https:\/\/pandeoshop.com\/wp-content\/uploads\/pandeoshop_social_logo_no_textjpg.jpg","width":288,"height":201,"caption":"Pandeoshop"},"image":{"@id":"https:\/\/pandeoshop.com\/sl\/#\/schema\/logo\/image\/"},"sameAs":["https:\/\/www.facebook.com\/pandeoshop\/","https:\/\/www.instagram.com\/pandeo_shop\/"]}]}},"_links":{"self":[{"href":"https:\/\/pandeoshop.com\/sl\/wp-json\/wp\/v2\/pages\/19362"}],"collection":[{"href":"https:\/\/pandeoshop.com\/sl\/wp-json\/wp\/v2\/pages"}],"about":[{"href":"https:\/\/pandeoshop.com\/sl\/wp-json\/wp\/v2\/types\/page"}],"author":[{"embeddable":true,"href":"https:\/\/pandeoshop.com\/sl\/wp-json\/wp\/v2\/users\/1"}],"replies":[{"embeddable":true,"href":"https:\/\/pandeoshop.com\/sl\/wp-json\/wp\/v2\/comments?post=19362"}],"version-history":[{"count":3,"href":"https:\/\/pandeoshop.com\/sl\/wp-json\/wp\/v2\/pages\/19362\/revisions"}],"predecessor-version":[{"id":38378,"href":"https:\/\/pandeoshop.com\/sl\/wp-json\/wp\/v2\/pages\/19362\/revisions\/38378"}],"wp:attachment":[{"href":"https:\/\/pandeoshop.com\/sl\/wp-json\/wp\/v2\/media?parent=19362"}],"curies":[{"name":"wp","href":"https:\/\/api.w.org\/{rel}","templated":true}]}}