{"id":41154,"date":"2023-06-04T12:06:39","date_gmt":"2023-06-04T19:20:27","guid":{"rendered":"https:\/\/pandeoshop.com\/product\/medi-peel-peptide-9-volume-bio-tox-ampoule\/"},"modified":"2024-08-29T19:23:42","modified_gmt":"2024-08-29T17:23:42","slug":"antivozrastnaya-ampula-dlya-osvetleniya-medi-peel-peptide-9-volume-bio-tox-ampoule","status":"publish","type":"product","link":"https:\/\/pandeoshop.com\/ru\/product\/antivozrastnaya-ampula-dlya-osvetleniya-medi-peel-peptide-9-volume-bio-tox-ampoule\/","title":{"rendered":"\u0410\u043d\u0442\u0438\u0432\u043e\u0437\u0440\u0430\u0441\u0442\u043d\u0430\u044f \u0430\u043c\u043f\u0443\u043b\u0430 \u0434\u043b\u044f \u043e\u0441\u0432\u0435\u0442\u043b\u0435\u043d\u0438\u044f <br\/> Medi-Peel Peptide 9 Volume Bio Tox Ampoule"},"content":{"rendered":"<p>Medi-Peel Peptide 9 Volume Bio Tox Ampoule \u043f\u0440\u0438\u0434\u0430\u0435\u0442 \u0432\u0430\u0448\u0435\u0439 \u043a\u043e\u0436\u0435 \u0441\u0438\u044f\u043d\u0438\u0435 \u0438 \u0431\u043b\u0435\u0441\u043a. \u041e\u0442\u043b\u0438\u0447\u043d\u043e \u043f\u043e\u0434\u0445\u043e\u0434\u0438\u0442 \u0434\u043b\u044f \u0443\u0441\u0442\u0440\u0430\u043d\u0435\u043d\u0438\u044f \u043f\u044f\u0442\u0435\u043d, \u043f\u0438\u0433\u043c\u0435\u043d\u0442\u0430\u0446\u0438\u0438 \u0438 \u043c\u0435\u043b\u0430\u043d\u0438\u043d\u0430.<\/p>\n<p>9 \u0432\u0438\u0434\u043e\u0432 \u043f\u0435\u043f\u0442\u0438\u0434\u043e\u0432 \u043f\u0440\u0438\u0434\u0430\u0434\u0443\u0442 \u0443\u043f\u0440\u0443\u0433\u043e\u0441\u0442\u044c \u0438 \u043b\u0438\u0444\u0442\u0438\u043d\u0433 \u043a\u043e\u0436\u0435.<br \/>\n\u041d\u0438\u0430\u0446\u0438\u043d\u0430\u043c\u0438\u0434 \u0438 \u0440\u0430\u0441\u0442\u0438\u0442\u0435\u043b\u044c\u043d\u044b\u0439 \u0430\u0441\u0442\u0430\u043a\u0441\u0430\u043d\u0442\u0438\u043d \u043e\u0441\u0432\u0435\u0442\u043b\u044f\u044e\u0442 \u043a\u043e\u0436\u0443.<br \/>\n\u0413\u0438\u0430\u043b\u0443\u0440\u043e\u043d\u043e\u0432\u0430\u044f \u043a\u0438\u0441\u043b\u043e\u0442\u0430 \u043e\u0431\u0435\u0441\u043f\u0435\u0447\u0438\u0432\u0430\u0435\u0442 \u0443\u0432\u043b\u0430\u0436\u043d\u0435\u043d\u0438\u0435 \u0438 \u043f\u0440\u0435\u0434\u043e\u0442\u0432\u0440\u0430\u0449\u0430\u0435\u0442 \u0438\u0441\u043f\u0430\u0440\u0435\u043d\u0438\u0435 \u0432\u043b\u0430\u0433\u0438.<br \/>\n\u0421\u043e\u0434\u0435\u0440\u0436\u0438\u0442 3 \u0432\u0438\u0434\u0430 \u043f\u0430\u0442\u0435\u043d\u0442\u043e\u0432\u0430\u043d\u043d\u044b\u0445 \u043a\u043e\u043c\u043f\u043e\u043d\u0435\u043d\u0442\u043e\u0432 \u0434\u043b\u044f \u0432\u043e\u0441\u0441\u0442\u0430\u043d\u043e\u0432\u043b\u0435\u043d\u0438\u044f \u043a\u043e\u0436\u0438 (\u0430\u043d\u0442\u0438\u0432\u043e\u0437\u0440\u0430\u0441\u0442\u043d\u043e\u0435 \u0434\u0435\u0439\u0441\u0442\u0432\u0438\u0435, \u0441\u0442\u0438\u043c\u0443\u043b\u044f\u0446\u0438\u044f \u043a\u043b\u0435\u0442\u043e\u0447\u043d\u043e\u0439 \u043f\u0440\u043e\u043b\u0438\u0444\u0435\u0440\u0430\u0446\u0438\u0438, \u0443\u043a\u0440\u0435\u043f\u043b\u0435\u043d\u0438\u0435 \u0443\u043f\u0440\u0443\u0433\u043e\u0441\u0442\u0438 \u0438 \u0437\u0430\u0449\u0438\u0442\u0430 \u043a\u043e\u0436\u0438).<\/p>\n","protected":false},"excerpt":{"rendered":"<p>\u0410\u043d\u0442\u0438\u043e\u043a\u0441\u0438\u0434\u0430\u043d\u0442\u043d\u0430\u044f \u0430\u043c\u043f\u0443\u043b\u0430 \u0434\u043b\u044f \u043e\u0441\u0432\u0435\u0442\u043b\u0435\u043d\u0438\u044f, \u0443\u0445\u043e\u0434\u0430 \u0437\u0430 \u043c\u043e\u0440\u0449\u0438\u043d\u0430\u043c\u0438 \u0438 \u043f\u0438\u0433\u043c\u0435\u043d\u0442\u0430\u0446\u0438\u0435\u0439.<\/p>\n","protected":false},"featured_media":41951,"comment_status":"open","ping_status":"closed","template":"","meta":[],"product_cat":[1863,1833,1853,1835,1829,1834,1852,1830,1816,1832,1825,1828],"product_tag":[5104,4380,4391,4434,4427,4403,4406,4450,4456,4409,4411,4420],"bundle_layout":"","bundle_add_to_cart_form_location":"","bundle_editable_in_cart":false,"bundle_sold_individually_context":"","bundle_item_grouping":"","bundle_min_size":"","bundle_max_size":"","bundled_by":[],"bundled_items":[],"yoast_head":"<!-- This site is optimized with the Yoast SEO Premium plugin v22.2 (Yoast SEO v22.9) - https:\/\/yoast.com\/wordpress\/plugins\/seo\/ -->\n<title>\u0410\u043d\u0442\u0438\u0432\u043e\u0437\u0440\u0430\u0441\u0442\u043d\u0430\u044f \u0430\u043c\u043f\u0443\u043b\u0430 \u0434\u043b\u044f \u043e\u0441\u0432\u0435\u0442\u043b\u0435\u043d\u0438\u044f | Medi-Peel Peptide 9 Volume Bio Tox Ampoule - Pandeoshop<\/title>\n<meta name=\"description\" content=\"\u0410\u043d\u0442\u0438\u043e\u043a\u0441\u0438\u0434\u0430\u043d\u0442\u043d\u0430\u044f \u0430\u043c\u043f\u0443\u043b\u0430 \u0434\u043b\u044f \u043e\u0441\u0432\u0435\u0442\u043b\u0435\u043d\u0438\u044f, \u0443\u0445\u043e\u0434\u0430 \u0437\u0430 \u043c\u043e\u0440\u0449\u0438\u043d\u0430\u043c\u0438 \u0438 \u043f\u0438\u0433\u043c\u0435\u043d\u0442\u0430\u0446\u0438\u0435\u0439.\" \/>\n<meta name=\"robots\" content=\"index, follow, max-snippet:-1, max-image-preview:large, max-video-preview:-1\" \/>\n<link rel=\"canonical\" href=\"https:\/\/pandeoshop.com\/ru\/product\/medi-peel-peptide-9-volume-bio-tox-ampoule\/\" \/>\n<meta property=\"og:locale\" content=\"ru_RU\" \/>\n<meta property=\"og:type\" content=\"article\" \/>\n<meta property=\"og:title\" content=\"\u0410\u043d\u0442\u0438\u0432\u043e\u0437\u0440\u0430\u0441\u0442\u043d\u0430\u044f \u0430\u043c\u043f\u0443\u043b\u0430 \u0434\u043b\u044f \u043e\u0441\u0432\u0435\u0442\u043b\u0435\u043d\u0438\u044f | Medi-Peel Peptide 9 Volume Bio Tox Ampoule - Pandeoshop\" \/>\n<meta property=\"og:description\" content=\"\u0410\u043d\u0442\u0438\u043e\u043a\u0441\u0438\u0434\u0430\u043d\u0442\u043d\u0430\u044f \u0430\u043c\u043f\u0443\u043b\u0430 \u0434\u043b\u044f \u043e\u0441\u0432\u0435\u0442\u043b\u0435\u043d\u0438\u044f, \u0443\u0445\u043e\u0434\u0430 \u0437\u0430 \u043c\u043e\u0440\u0449\u0438\u043d\u0430\u043c\u0438 \u0438 \u043f\u0438\u0433\u043c\u0435\u043d\u0442\u0430\u0446\u0438\u0435\u0439.\" \/>\n<meta property=\"og:url\" content=\"https:\/\/pandeoshop.com\/product\/medi-peel-peptide-9-volume-bio-tox-ampoule\/\" \/>\n<meta property=\"og:site_name\" content=\"Pandeoshop\" \/>\n<meta property=\"article:publisher\" content=\"https:\/\/www.facebook.com\/pandeoshop\/\" \/>\n<meta property=\"article:modified_time\" content=\"2024-08-29T17:23:42+00:00\" \/>\n<meta property=\"og:image\" content=\"https:\/\/pandeoshop.com\/wp-content\/uploads\/medi-peel-peptide-9-volume-bio-tox-ampoule-100ml-1.jpeg\" \/>\n\t<meta property=\"og:image:width\" content=\"1000\" \/>\n\t<meta property=\"og:image:height\" content=\"1000\" \/>\n\t<meta property=\"og:image:type\" content=\"image\/jpeg\" \/>\n<meta name=\"twitter:card\" content=\"summary_large_image\" \/>\n<script type=\"application\/ld+json\" class=\"yoast-schema-graph\">{\"@context\":\"https:\/\/schema.org\",\"@graph\":[{\"@type\":\"WebPage\",\"@id\":\"https:\/\/pandeoshop.com\/ru\/product\/antivozrastnaya-ampula-dlya-osvetleniya-medi-peel-peptide-9-volume-bio-tox-ampoule\/\",\"url\":\"https:\/\/pandeoshop.com\/product\/medi-peel-peptide-9-volume-bio-tox-ampoule\/\",\"name\":\"\u0410\u043d\u0442\u0438\u0432\u043e\u0437\u0440\u0430\u0441\u0442\u043d\u0430\u044f \u0430\u043c\u043f\u0443\u043b\u0430 \u0434\u043b\u044f \u043e\u0441\u0432\u0435\u0442\u043b\u0435\u043d\u0438\u044f | Medi-Peel Peptide 9 Volume Bio Tox Ampoule - Pandeoshop\",\"isPartOf\":{\"@id\":\"https:\/\/pandeoshop.com\/ru\/#website\"},\"primaryImageOfPage\":{\"@id\":\"https:\/\/pandeoshop.com\/product\/medi-peel-peptide-9-volume-bio-tox-ampoule\/#primaryimage\"},\"image\":{\"@id\":\"https:\/\/pandeoshop.com\/product\/medi-peel-peptide-9-volume-bio-tox-ampoule\/#primaryimage\"},\"thumbnailUrl\":\"https:\/\/pandeoshop.com\/wp-content\/uploads\/medi-peel-peptide-9-volume-bio-tox-ampoule-pro-100ml.jpeg\",\"datePublished\":\"2023-06-04T19:20:27+00:00\",\"dateModified\":\"2024-08-29T17:23:42+00:00\",\"description\":\"\u0410\u043d\u0442\u0438\u043e\u043a\u0441\u0438\u0434\u0430\u043d\u0442\u043d\u0430\u044f \u0430\u043c\u043f\u0443\u043b\u0430 \u0434\u043b\u044f \u043e\u0441\u0432\u0435\u0442\u043b\u0435\u043d\u0438\u044f, \u0443\u0445\u043e\u0434\u0430 \u0437\u0430 \u043c\u043e\u0440\u0449\u0438\u043d\u0430\u043c\u0438 \u0438 \u043f\u0438\u0433\u043c\u0435\u043d\u0442\u0430\u0446\u0438\u0435\u0439.\",\"breadcrumb\":{\"@id\":\"https:\/\/pandeoshop.com\/product\/medi-peel-peptide-9-volume-bio-tox-ampoule\/#breadcrumb\"},\"inLanguage\":\"ru-RU\",\"potentialAction\":[{\"@type\":\"ReadAction\",\"target\":[\"https:\/\/pandeoshop.com\/product\/medi-peel-peptide-9-volume-bio-tox-ampoule\/\"]}]},{\"@type\":\"ImageObject\",\"inLanguage\":\"ru-RU\",\"@id\":\"https:\/\/pandeoshop.com\/product\/medi-peel-peptide-9-volume-bio-tox-ampoule\/#primaryimage\",\"url\":\"https:\/\/pandeoshop.com\/wp-content\/uploads\/medi-peel-peptide-9-volume-bio-tox-ampoule-pro-100ml.jpeg\",\"contentUrl\":\"https:\/\/pandeoshop.com\/wp-content\/uploads\/medi-peel-peptide-9-volume-bio-tox-ampoule-pro-100ml.jpeg\",\"width\":474,\"height\":474},{\"@type\":\"BreadcrumbList\",\"@id\":\"https:\/\/pandeoshop.com\/product\/medi-peel-peptide-9-volume-bio-tox-ampoule\/#breadcrumb\",\"itemListElement\":[{\"@type\":\"ListItem\",\"position\":1,\"name\":\"\u0414\u043e\u043c\u043e\u0439\",\"item\":\"https:\/\/pandeoshop.com\/ru\/\"},{\"@type\":\"ListItem\",\"position\":2,\"name\":\"\u041c\u0430\u0433\u0430\u0437\u0438\u043d\",\"item\":\"https:\/\/pandeoshop.com\/ru\/magazin\/\"},{\"@type\":\"ListItem\",\"position\":3,\"name\":\"\u0411\u0440\u0435\u043d\u0434\u044b\",\"item\":\"https:\/\/pandeoshop.com\/ru\/category\/brendy\/\"},{\"@type\":\"ListItem\",\"position\":4,\"name\":\"Medi-Peel\",\"item\":\"https:\/\/pandeoshop.com\/ru\/category\/brendy\/medi-peel-ru\/\"},{\"@type\":\"ListItem\",\"position\":5,\"name\":\"\u0410\u043d\u0442\u0438\u0432\u043e\u0437\u0440\u0430\u0441\u0442\u043d\u0430\u044f \u0430\u043c\u043f\u0443\u043b\u0430 \u0434\u043b\u044f \u043e\u0441\u0432\u0435\u0442\u043b\u0435\u043d\u0438\u044f Medi-Peel Peptide 9 Volume Bio Tox Ampoule\"}]},{\"@type\":\"WebSite\",\"@id\":\"https:\/\/pandeoshop.com\/ru\/#website\",\"url\":\"https:\/\/pandeoshop.com\/ru\/\",\"name\":\"Pandeoshop\",\"description\":\"\u0160e eno spleti\u0161\u010de WordPress\",\"publisher\":{\"@id\":\"https:\/\/pandeoshop.com\/ru\/#organization\"},\"potentialAction\":[{\"@type\":\"SearchAction\",\"target\":{\"@type\":\"EntryPoint\",\"urlTemplate\":\"https:\/\/pandeoshop.com\/ru\/?s={search_term_string}\"},\"query-input\":\"required name=search_term_string\"}],\"inLanguage\":\"ru-RU\"},{\"@type\":\"Organization\",\"@id\":\"https:\/\/pandeoshop.com\/ru\/#organization\",\"name\":\"Pandeoshop\",\"url\":\"https:\/\/pandeoshop.com\/ru\/\",\"logo\":{\"@type\":\"ImageObject\",\"inLanguage\":\"ru-RU\",\"@id\":\"https:\/\/pandeoshop.com\/ru\/#\/schema\/logo\/image\/\",\"url\":\"https:\/\/pandeoshop.com\/wp-content\/uploads\/pandeoshop_social_logo_no_textjpg.jpg\",\"contentUrl\":\"https:\/\/pandeoshop.com\/wp-content\/uploads\/pandeoshop_social_logo_no_textjpg.jpg\",\"width\":288,\"height\":201,\"caption\":\"Pandeoshop\"},\"image\":{\"@id\":\"https:\/\/pandeoshop.com\/ru\/#\/schema\/logo\/image\/\"},\"sameAs\":[\"https:\/\/www.facebook.com\/pandeoshop\/\",\"https:\/\/www.instagram.com\/pandeo_shop\/\"]}]}<\/script>\n<meta property=\"product:price:amount\" content=\"30.60\" \/>\n<meta property=\"product:price:currency\" content=\"EUR\" \/>\n<meta property=\"og:availability\" content=\"instock\" \/>\n<meta property=\"product:availability\" content=\"instock\" \/>\n<meta property=\"product:retailer_item_id\" content=\"HS10877\" \/>\n<meta property=\"product:condition\" content=\"new\" \/>\n<!-- \/ Yoast SEO Premium plugin. -->","yoast_head_json":{"title":"\u0410\u043d\u0442\u0438\u0432\u043e\u0437\u0440\u0430\u0441\u0442\u043d\u0430\u044f \u0430\u043c\u043f\u0443\u043b\u0430 \u0434\u043b\u044f \u043e\u0441\u0432\u0435\u0442\u043b\u0435\u043d\u0438\u044f | Medi-Peel Peptide 9 Volume Bio Tox Ampoule - Pandeoshop","description":"\u0410\u043d\u0442\u0438\u043e\u043a\u0441\u0438\u0434\u0430\u043d\u0442\u043d\u0430\u044f \u0430\u043c\u043f\u0443\u043b\u0430 \u0434\u043b\u044f \u043e\u0441\u0432\u0435\u0442\u043b\u0435\u043d\u0438\u044f, \u0443\u0445\u043e\u0434\u0430 \u0437\u0430 \u043c\u043e\u0440\u0449\u0438\u043d\u0430\u043c\u0438 \u0438 \u043f\u0438\u0433\u043c\u0435\u043d\u0442\u0430\u0446\u0438\u0435\u0439.","robots":{"index":"index","follow":"follow","max-snippet":"max-snippet:-1","max-image-preview":"max-image-preview:large","max-video-preview":"max-video-preview:-1"},"canonical":"https:\/\/pandeoshop.com\/ru\/product\/medi-peel-peptide-9-volume-bio-tox-ampoule\/","og_locale":"ru_RU","og_type":"article","og_title":"\u0410\u043d\u0442\u0438\u0432\u043e\u0437\u0440\u0430\u0441\u0442\u043d\u0430\u044f \u0430\u043c\u043f\u0443\u043b\u0430 \u0434\u043b\u044f \u043e\u0441\u0432\u0435\u0442\u043b\u0435\u043d\u0438\u044f | Medi-Peel Peptide 9 Volume Bio Tox Ampoule - Pandeoshop","og_description":"\u0410\u043d\u0442\u0438\u043e\u043a\u0441\u0438\u0434\u0430\u043d\u0442\u043d\u0430\u044f \u0430\u043c\u043f\u0443\u043b\u0430 \u0434\u043b\u044f \u043e\u0441\u0432\u0435\u0442\u043b\u0435\u043d\u0438\u044f, \u0443\u0445\u043e\u0434\u0430 \u0437\u0430 \u043c\u043e\u0440\u0449\u0438\u043d\u0430\u043c\u0438 \u0438 \u043f\u0438\u0433\u043c\u0435\u043d\u0442\u0430\u0446\u0438\u0435\u0439.","og_url":"https:\/\/pandeoshop.com\/product\/medi-peel-peptide-9-volume-bio-tox-ampoule\/","og_site_name":"Pandeoshop","article_publisher":"https:\/\/www.facebook.com\/pandeoshop\/","article_modified_time":"2024-08-29T17:23:42+00:00","og_image":[{"width":1000,"height":1000,"url":"https:\/\/pandeoshop.com\/wp-content\/uploads\/medi-peel-peptide-9-volume-bio-tox-ampoule-100ml-1.jpeg","type":"image\/jpeg"}],"twitter_card":"summary_large_image","schema":{"@context":"https:\/\/schema.org","@graph":[{"@type":"WebPage","@id":"https:\/\/pandeoshop.com\/ru\/product\/antivozrastnaya-ampula-dlya-osvetleniya-medi-peel-peptide-9-volume-bio-tox-ampoule\/","url":"https:\/\/pandeoshop.com\/product\/medi-peel-peptide-9-volume-bio-tox-ampoule\/","name":"\u0410\u043d\u0442\u0438\u0432\u043e\u0437\u0440\u0430\u0441\u0442\u043d\u0430\u044f \u0430\u043c\u043f\u0443\u043b\u0430 \u0434\u043b\u044f \u043e\u0441\u0432\u0435\u0442\u043b\u0435\u043d\u0438\u044f | Medi-Peel Peptide 9 Volume Bio Tox Ampoule - Pandeoshop","isPartOf":{"@id":"https:\/\/pandeoshop.com\/ru\/#website"},"primaryImageOfPage":{"@id":"https:\/\/pandeoshop.com\/product\/medi-peel-peptide-9-volume-bio-tox-ampoule\/#primaryimage"},"image":{"@id":"https:\/\/pandeoshop.com\/product\/medi-peel-peptide-9-volume-bio-tox-ampoule\/#primaryimage"},"thumbnailUrl":"https:\/\/pandeoshop.com\/wp-content\/uploads\/medi-peel-peptide-9-volume-bio-tox-ampoule-pro-100ml.jpeg","datePublished":"2023-06-04T19:20:27+00:00","dateModified":"2024-08-29T17:23:42+00:00","description":"\u0410\u043d\u0442\u0438\u043e\u043a\u0441\u0438\u0434\u0430\u043d\u0442\u043d\u0430\u044f \u0430\u043c\u043f\u0443\u043b\u0430 \u0434\u043b\u044f \u043e\u0441\u0432\u0435\u0442\u043b\u0435\u043d\u0438\u044f, \u0443\u0445\u043e\u0434\u0430 \u0437\u0430 \u043c\u043e\u0440\u0449\u0438\u043d\u0430\u043c\u0438 \u0438 \u043f\u0438\u0433\u043c\u0435\u043d\u0442\u0430\u0446\u0438\u0435\u0439.","breadcrumb":{"@id":"https:\/\/pandeoshop.com\/product\/medi-peel-peptide-9-volume-bio-tox-ampoule\/#breadcrumb"},"inLanguage":"ru-RU","potentialAction":[{"@type":"ReadAction","target":["https:\/\/pandeoshop.com\/product\/medi-peel-peptide-9-volume-bio-tox-ampoule\/"]}]},{"@type":"ImageObject","inLanguage":"ru-RU","@id":"https:\/\/pandeoshop.com\/product\/medi-peel-peptide-9-volume-bio-tox-ampoule\/#primaryimage","url":"https:\/\/pandeoshop.com\/wp-content\/uploads\/medi-peel-peptide-9-volume-bio-tox-ampoule-pro-100ml.jpeg","contentUrl":"https:\/\/pandeoshop.com\/wp-content\/uploads\/medi-peel-peptide-9-volume-bio-tox-ampoule-pro-100ml.jpeg","width":474,"height":474},{"@type":"BreadcrumbList","@id":"https:\/\/pandeoshop.com\/product\/medi-peel-peptide-9-volume-bio-tox-ampoule\/#breadcrumb","itemListElement":[{"@type":"ListItem","position":1,"name":"\u0414\u043e\u043c\u043e\u0439","item":"https:\/\/pandeoshop.com\/ru\/"},{"@type":"ListItem","position":2,"name":"\u041c\u0430\u0433\u0430\u0437\u0438\u043d","item":"https:\/\/pandeoshop.com\/ru\/magazin\/"},{"@type":"ListItem","position":3,"name":"\u0411\u0440\u0435\u043d\u0434\u044b","item":"https:\/\/pandeoshop.com\/ru\/category\/brendy\/"},{"@type":"ListItem","position":4,"name":"Medi-Peel","item":"https:\/\/pandeoshop.com\/ru\/category\/brendy\/medi-peel-ru\/"},{"@type":"ListItem","position":5,"name":"\u0410\u043d\u0442\u0438\u0432\u043e\u0437\u0440\u0430\u0441\u0442\u043d\u0430\u044f \u0430\u043c\u043f\u0443\u043b\u0430 \u0434\u043b\u044f \u043e\u0441\u0432\u0435\u0442\u043b\u0435\u043d\u0438\u044f Medi-Peel Peptide 9 Volume Bio Tox Ampoule"}]},{"@type":"WebSite","@id":"https:\/\/pandeoshop.com\/ru\/#website","url":"https:\/\/pandeoshop.com\/ru\/","name":"Pandeoshop","description":"\u0160e eno spleti\u0161\u010de WordPress","publisher":{"@id":"https:\/\/pandeoshop.com\/ru\/#organization"},"potentialAction":[{"@type":"SearchAction","target":{"@type":"EntryPoint","urlTemplate":"https:\/\/pandeoshop.com\/ru\/?s={search_term_string}"},"query-input":"required name=search_term_string"}],"inLanguage":"ru-RU"},{"@type":"Organization","@id":"https:\/\/pandeoshop.com\/ru\/#organization","name":"Pandeoshop","url":"https:\/\/pandeoshop.com\/ru\/","logo":{"@type":"ImageObject","inLanguage":"ru-RU","@id":"https:\/\/pandeoshop.com\/ru\/#\/schema\/logo\/image\/","url":"https:\/\/pandeoshop.com\/wp-content\/uploads\/pandeoshop_social_logo_no_textjpg.jpg","contentUrl":"https:\/\/pandeoshop.com\/wp-content\/uploads\/pandeoshop_social_logo_no_textjpg.jpg","width":288,"height":201,"caption":"Pandeoshop"},"image":{"@id":"https:\/\/pandeoshop.com\/ru\/#\/schema\/logo\/image\/"},"sameAs":["https:\/\/www.facebook.com\/pandeoshop\/","https:\/\/www.instagram.com\/pandeo_shop\/"]}]},"product_price_amount":"30.60","product_price_currency":"EUR","og_availability":"instock","product_availability":"instock","product_retailer_item_id":"HS10877","product_condition":"new"},"_links":{"self":[{"href":"https:\/\/pandeoshop.com\/ru\/wp-json\/wp\/v2\/product\/41154"}],"collection":[{"href":"https:\/\/pandeoshop.com\/ru\/wp-json\/wp\/v2\/product"}],"about":[{"href":"https:\/\/pandeoshop.com\/ru\/wp-json\/wp\/v2\/types\/product"}],"replies":[{"embeddable":true,"href":"https:\/\/pandeoshop.com\/ru\/wp-json\/wp\/v2\/comments?post=41154"}],"wp:featuredmedia":[{"embeddable":true,"href":"https:\/\/pandeoshop.com\/ru\/wp-json\/wp\/v2\/media\/41951"}],"wp:attachment":[{"href":"https:\/\/pandeoshop.com\/ru\/wp-json\/wp\/v2\/media?parent=41154"}],"wp:term":[{"taxonomy":"product_cat","embeddable":true,"href":"https:\/\/pandeoshop.com\/ru\/wp-json\/wp\/v2\/product_cat?post=41154"},{"taxonomy":"product_tag","embeddable":true,"href":"https:\/\/pandeoshop.com\/ru\/wp-json\/wp\/v2\/product_tag?post=41154"}],"curies":[{"name":"wp","href":"https:\/\/api.w.org\/{rel}","templated":true}]}}