{"id":27532,"date":"2022-10-25T23:17:14","date_gmt":"2022-10-26T20:15:48","guid":{"rendered":"https:\/\/pandeoshop.com\/product\/patchi-dlya-glaz-s-ekstraktom-zhemchuga-mizon-pure-pearl-eye-gel-patch\/"},"modified":"2023-07-20T01:35:36","modified_gmt":"2023-07-19T23:35:36","slug":"patchi-dlya-glaz-s-ekstraktom-zhemchuga-mizon-pure-pearl-eye-gel-patch","status":"publish","type":"product","link":"https:\/\/pandeoshop.com\/ru\/product\/patchi-dlya-glaz-s-ekstraktom-zhemchuga-mizon-pure-pearl-eye-gel-patch\/","title":{"rendered":"\u041f\u0430\u0442\u0447\u0438 \u0434\u043b\u044f \u0433\u043b\u0430\u0437 \u0441 \u044d\u043a\u0441\u0442\u0440\u0430\u043a\u0442\u043e\u043c \u0436\u0435\u043c\u0447\u0443\u0433\u0430 <br\/> Mizon Pure Pearl Eye Gel Patch"},"content":{"rendered":"<p>Mizon Pure Pearl Eye Gel Patch &#8212; \u0412\u044b\u0441\u043e\u043a\u043e\u0444\u0443\u043d\u043a\u0446\u0438\u043e\u043d\u0430\u043b\u044c\u043d\u044b\u0435 \u0433\u0438\u0434\u0440\u043e\u0433\u0435\u043b\u0435\u0432\u044b\u0435 \u043f\u0430\u0442\u0447\u0438  \u043d\u0430 \u043e\u0441\u043d\u043e\u0432\u0435 \u0447\u0435\u0440\u043d\u043e\u0433\u043e \u0436\u0435\u043c\u0447\u0443\u0433\u0430 \u0438\u043c\u0435\u044e\u0442 \u044d\u0444\u0444\u0435\u043a\u0442\u0438\u0432\u043d\u0443\u044e \u0444\u043e\u0440\u043c\u0443\u043b\u0443 \u0441\u043e \u043c\u043d\u043e\u0433\u0438\u043c\u0438 \u0430\u043a\u0442\u0438\u0432\u043d\u044b\u043c\u0438 \u0438\u043d\u0433\u0440\u0435\u0434\u0438\u0435\u043d\u0442\u0430\u043c\u0438. \u0426\u0432\u0435\u0442\u043e\u0447\u043d\u044b\u0439 \u043a\u043e\u043c\u043f\u043b\u0435\u043a\u0441 \u0434\u0435\u043b\u0430\u0435\u0442 \u043a\u043e\u0436\u0443 \u0441\u0438\u044f\u044e\u0449\u0435\u0439 \u0437\u0434\u043e\u0440\u043e\u0432\u044c\u0435\u043c. \u0416\u0435\u043c\u0447\u0443\u0433 \u0438 \u0430\u043b\u043c\u0430\u0437\u043d\u0430\u044f \u043f\u0443\u0434\u0440\u0430 \u043f\u0440\u0438\u0434\u0430\u044e\u0442 \u043a\u043e\u0436\u0435 \u0437\u0434\u043e\u0440\u043e\u0432\u044b\u0439 \u0431\u043b\u0435\u0441\u043a. \u0410\u043b\u043b\u0430\u043d\u0442\u043e\u0438\u043d \u0438 \u0442\u043e\u043a\u043e\u0444\u0435\u0440\u043e\u043b \u043e\u0431\u043e\u0433\u0430\u0449\u0430\u044e\u0442 \u0432\u043b\u0430\u0433\u043e\u0439, \u043f\u0438\u0442\u0430\u0442\u0435\u043b\u044c\u043d\u044b\u043c\u0438 \u0438\u043d\u0433\u0440\u0435\u0434\u0438\u0435\u043d\u0442\u0430\u043c\u0438, \u0432 \u0442\u043e \u0432\u0440\u0435\u043c\u044f \u043a\u0430\u043a \u0443\u0441\u043f\u043e\u043a\u0430\u0438\u0432\u0430\u044e\u0442 \u043a\u043e\u0436\u0443. \u042d\u043a\u0441\u0442\u0440\u0430\u043a\u0442 \u0431\u043e\u0431\u043e\u0432 \u0443\u043a\u0440\u0435\u043f\u043b\u044f\u044e\u0442 \u043a\u043e\u0436\u0443 \u0432\u043e\u043a\u0440\u0443\u0433 \u0433\u043b\u0430\u0437. \u041f\u0430\u0442\u0447\u0438 \u0441 \u0440\u0430\u0437\u043c\u0435\u0440\u043e\u043c \u0432\u044b\u0448\u0435 \u0441\u0440\u0435\u0434\u043d\u0435\u0433\u043e \u0434\u043b\u044f \u0438\u043d\u0442\u0435\u043d\u0441\u0438\u0432\u043d\u043e\u0433\u043e \u0443\u0445\u043e\u0434\u0430 \u0437\u0430 \u043e\u0431\u043b\u0430\u0441\u0442\u044c\u044e \u0432\u043e\u043a\u0440\u0443\u0433 \u0433\u043b\u0430\u0437 \u043e\u0441\u0432\u0435\u0442\u043b\u044f\u044e\u0442 \u0438 \u043e\u0441\u0432\u0435\u0436\u0430\u044e\u0442 \u043d\u0435\u0436\u043d\u0443\u044e \u043a\u043e\u0436\u0443. \u041f\u0440\u043e\u0434\u0443\u043a\u0442 \u043e\u0431\u0435\u0441\u043f\u0435\u0447\u0438\u0432\u0430\u0435\u0442 \u0437\u0430\u043c\u0435\u0442\u043d\u044b\u0439 \u043b\u0438\u0444\u0442\u0438\u043d\u0433\u043e\u0432\u044b\u0439 \u044d\u0444\u0444\u0435\u043a\u0442, \u0434\u0435\u0439\u0441\u0442\u0432\u0443\u044f \u043a\u0430\u043a \u0434\u0435\u0442\u043e\u043a\u0441. \u041f\u043b\u0430\u0441\u0442\u044b\u0440\u0438 \u043f\u043e\u0434\u0445\u043e\u0434\u044f\u0442 \u0434\u0430\u0436\u0435 \u0434\u043b\u044f \u0441\u0430\u043c\u043e\u0439 \u0447\u0443\u0432\u0441\u0442\u0432\u0438\u0442\u0435\u043b\u044c\u043d\u043e\u0439 \u043a\u043e\u0436\u0438, \u0442\u0430\u043a \u043a\u0430\u043a \u043e\u043d\u0438 \u0441\u043e\u0434\u0435\u0440\u0436\u0430\u0442  95% \u043d\u0430\u0442\u0443\u0440\u0430\u043b\u044c\u043d\u044b\u0445 \u0438\u043d\u0433\u0440\u0435\u0434\u0438\u0435\u043d\u0442\u043e\u0432.  \u041f\u0440\u043e\u0434\u0443\u043a\u0442 \u043f\u0440\u043e\u0448\u0435\u043b \u0434\u0435\u0440\u043c\u0430\u0442\u043e\u043b\u043e\u0433\u0438\u0447\u0435\u0441\u043a\u0438\u0435 \u0438\u0441\u043f\u044b\u0442\u0430\u043d\u0438\u044f.<\/p>\n","protected":false},"excerpt":{"rendered":"<p>MIZON Pure Pearl Eye Gel Patch 60pcs &#8212; \u044d\u0442\u043e \u0433\u0438\u0434\u0440\u043e\u0433\u0435\u043b\u0435\u0432\u044b\u0435 \u043f\u0430\u0442\u0447\u0438 \u0441 \u044d\u043a\u0441\u0442\u0440\u0430\u043a\u0442\u043e\u043c \u0431\u0435\u043b\u043e\u0433\u043e \u0436\u0435\u043c\u0447\u0443\u0433\u0430, \u043a\u043e\u0442\u043e\u0440\u044b\u0435 \u043e\u0442\u0431\u0435\u043b\u0438\u0432\u0430\u044e\u0442 \u043a\u043e\u0436\u0443, \u0440\u0430\u0437\u0433\u043b\u0430\u0436\u0438\u0432\u0430\u044e\u0442 \u043c\u0438\u043c\u0438\u0447\u0435\u0441\u043a\u0438\u0435 \u043c\u043e\u0440\u0449\u0438\u043d\u044b \u0432\u043e\u043a\u0440\u0443\u0433 \u0433\u043b\u0430\u0437, \u043e\u043a\u0430\u0437\u044b\u0432\u0430\u044e\u0442 \u0430\u043d\u0442\u0438\u043e\u043a\u0441\u0438\u0434\u0430\u043d\u0442\u043d\u044b\u0439 \u0443\u0445\u043e\u0434 \u0438 \u043f\u0440\u0435\u0434\u043e\u0442\u0432\u0440\u0430\u0449\u0430\u044e\u0442 \u0441\u0442\u0430\u0440\u0435\u043d\u0438\u0435.<\/p>\n","protected":false},"featured_media":36720,"comment_status":"open","ping_status":"closed","template":"","meta":[],"product_cat":[1854,1833,1853,1835,1851,1829,1827,1834,1830,1816,1832,1828,1831],"product_tag":[4380,4418,4483,4427,4455,4406],"bundle_layout":"","bundle_add_to_cart_form_location":"","bundle_editable_in_cart":false,"bundle_sold_individually_context":"","bundle_item_grouping":"","bundle_min_size":"","bundle_max_size":"","bundled_by":[],"bundled_items":[],"yoast_head":"<!-- This site is optimized with the Yoast SEO Premium plugin v22.2 (Yoast SEO v22.9) - https:\/\/yoast.com\/wordpress\/plugins\/seo\/ -->\n<title>\u041f\u0430\u0442\u0447\u0438 \u0434\u043b\u044f \u0433\u043b\u0430\u0437 \u0441 \u044d\u043a\u0441\u0442\u0440\u0430\u043a\u0442\u043e\u043c \u0436\u0435\u043c\u0447\u0443\u0433\u0430 | Mizon Pure Pearl Eye Gel Patch - Pandeoshop<\/title>\n<meta name=\"description\" content=\"MIZON Pure Pearl Eye Gel Patch 60pcs - \u044d\u0442\u043e \u0433\u0438\u0434\u0440\u043e\u0433\u0435\u043b\u0435\u0432\u044b\u0435 \u043f\u0430\u0442\u0447\u0438 \u0441 \u044d\u043a\u0441\u0442\u0440\u0430\u043a\u0442\u043e\u043c \u0431\u0435\u043b\u043e\u0433\u043e \u0436\u0435\u043c\u0447\u0443\u0433\u0430, \u043a\u043e\u0442\u043e\u0440\u044b\u0435 \u043e\u0442\u0431\u0435\u043b\u0438\u0432\u0430\u044e\u0442 \u043a\u043e\u0436\u0443, \u0440\u0430\u0437\u0433\u043b\u0430\u0436\u0438\u0432\u0430\u044e\u0442 \u043c\u0438\u043c\u0438\u0447\u0435\u0441\u043a\u0438\u0435 \u043c\u043e\u0440\u0449\u0438\u043d\u044b \u0432\u043e\u043a\u0440\u0443\u0433 \u0433\u043b\u0430\u0437, \u043e\u043a\u0430\u0437\u044b\u0432\u0430\u044e\u0442 \u0430\u043d\u0442\u0438\u043e\u043a\u0441\u0438\u0434\u0430\u043d\u0442\u043d\u044b\u0439 \u0443\u0445\u043e\u0434 \u0438 \u043f\u0440\u0435\u0434\u043e\u0442\u0432\u0440\u0430\u0449\u0430\u044e\u0442 \u0441\u0442\u0430\u0440\u0435\u043d\u0438\u0435.\" \/>\n<meta name=\"robots\" content=\"index, follow, max-snippet:-1, max-image-preview:large, max-video-preview:-1\" \/>\n<link rel=\"canonical\" href=\"https:\/\/pandeoshop.com\/ru\/product\/mizon-pure-pearl-eye-gel-patch\/\" \/>\n<meta property=\"og:locale\" content=\"ru_RU\" \/>\n<meta property=\"og:type\" content=\"article\" \/>\n<meta property=\"og:title\" content=\"\u041f\u0430\u0442\u0447\u0438 \u0434\u043b\u044f \u0433\u043b\u0430\u0437 \u0441 \u044d\u043a\u0441\u0442\u0440\u0430\u043a\u0442\u043e\u043c \u0436\u0435\u043c\u0447\u0443\u0433\u0430 | Mizon Pure Pearl Eye Gel Patch - Pandeoshop\" \/>\n<meta property=\"og:description\" content=\"MIZON Pure Pearl Eye Gel Patch 60pcs - \u044d\u0442\u043e \u0433\u0438\u0434\u0440\u043e\u0433\u0435\u043b\u0435\u0432\u044b\u0435 \u043f\u0430\u0442\u0447\u0438 \u0441 \u044d\u043a\u0441\u0442\u0440\u0430\u043a\u0442\u043e\u043c \u0431\u0435\u043b\u043e\u0433\u043e \u0436\u0435\u043c\u0447\u0443\u0433\u0430, \u043a\u043e\u0442\u043e\u0440\u044b\u0435 \u043e\u0442\u0431\u0435\u043b\u0438\u0432\u0430\u044e\u0442 \u043a\u043e\u0436\u0443, \u0440\u0430\u0437\u0433\u043b\u0430\u0436\u0438\u0432\u0430\u044e\u0442 \u043c\u0438\u043c\u0438\u0447\u0435\u0441\u043a\u0438\u0435 \u043c\u043e\u0440\u0449\u0438\u043d\u044b \u0432\u043e\u043a\u0440\u0443\u0433 \u0433\u043b\u0430\u0437, \u043e\u043a\u0430\u0437\u044b\u0432\u0430\u044e\u0442 \u0430\u043d\u0442\u0438\u043e\u043a\u0441\u0438\u0434\u0430\u043d\u0442\u043d\u044b\u0439 \u0443\u0445\u043e\u0434 \u0438 \u043f\u0440\u0435\u0434\u043e\u0442\u0432\u0440\u0430\u0449\u0430\u044e\u0442 \u0441\u0442\u0430\u0440\u0435\u043d\u0438\u0435.\" \/>\n<meta property=\"og:url\" content=\"https:\/\/pandeoshop.com\/product\/mizon-pure-pearl-eye-gel-patch\/\" \/>\n<meta property=\"og:site_name\" content=\"Pandeoshop\" \/>\n<meta property=\"article:publisher\" content=\"https:\/\/www.facebook.com\/pandeoshop\/\" \/>\n<meta property=\"article:modified_time\" content=\"2023-07-19T23:35:36+00:00\" \/>\n<meta property=\"og:image\" content=\"https:\/\/pandeoshop.com\/wp-content\/uploads\/mizon-pure-pearl-eye-gel-patch-1.jpeg\" \/>\n\t<meta property=\"og:image:width\" content=\"1000\" \/>\n\t<meta property=\"og:image:height\" content=\"1000\" \/>\n\t<meta property=\"og:image:type\" content=\"image\/jpeg\" \/>\n<meta name=\"twitter:card\" content=\"summary_large_image\" \/>\n<script type=\"application\/ld+json\" class=\"yoast-schema-graph\">{\"@context\":\"https:\/\/schema.org\",\"@graph\":[{\"@type\":\"WebPage\",\"@id\":\"https:\/\/pandeoshop.com\/ru\/product\/patchi-dlya-glaz-s-ekstraktom-zhemchuga-mizon-pure-pearl-eye-gel-patch\/\",\"url\":\"https:\/\/pandeoshop.com\/product\/mizon-pure-pearl-eye-gel-patch\/\",\"name\":\"\u041f\u0430\u0442\u0447\u0438 \u0434\u043b\u044f \u0433\u043b\u0430\u0437 \u0441 \u044d\u043a\u0441\u0442\u0440\u0430\u043a\u0442\u043e\u043c \u0436\u0435\u043c\u0447\u0443\u0433\u0430 | Mizon Pure Pearl Eye Gel Patch - Pandeoshop\",\"isPartOf\":{\"@id\":\"https:\/\/pandeoshop.com\/ru\/#website\"},\"primaryImageOfPage\":{\"@id\":\"https:\/\/pandeoshop.com\/product\/mizon-pure-pearl-eye-gel-patch\/#primaryimage\"},\"image\":{\"@id\":\"https:\/\/pandeoshop.com\/product\/mizon-pure-pearl-eye-gel-patch\/#primaryimage\"},\"thumbnailUrl\":\"https:\/\/pandeoshop.com\/wp-content\/uploads\/mizon-pure-pearl-eye-gel-patch-1.jpeg\",\"datePublished\":\"2022-10-26T20:15:48+00:00\",\"dateModified\":\"2023-07-19T23:35:36+00:00\",\"description\":\"MIZON Pure Pearl Eye Gel Patch 60pcs - \u044d\u0442\u043e \u0433\u0438\u0434\u0440\u043e\u0433\u0435\u043b\u0435\u0432\u044b\u0435 \u043f\u0430\u0442\u0447\u0438 \u0441 \u044d\u043a\u0441\u0442\u0440\u0430\u043a\u0442\u043e\u043c \u0431\u0435\u043b\u043e\u0433\u043e \u0436\u0435\u043c\u0447\u0443\u0433\u0430, \u043a\u043e\u0442\u043e\u0440\u044b\u0435 \u043e\u0442\u0431\u0435\u043b\u0438\u0432\u0430\u044e\u0442 \u043a\u043e\u0436\u0443, \u0440\u0430\u0437\u0433\u043b\u0430\u0436\u0438\u0432\u0430\u044e\u0442 \u043c\u0438\u043c\u0438\u0447\u0435\u0441\u043a\u0438\u0435 \u043c\u043e\u0440\u0449\u0438\u043d\u044b \u0432\u043e\u043a\u0440\u0443\u0433 \u0433\u043b\u0430\u0437, \u043e\u043a\u0430\u0437\u044b\u0432\u0430\u044e\u0442 \u0430\u043d\u0442\u0438\u043e\u043a\u0441\u0438\u0434\u0430\u043d\u0442\u043d\u044b\u0439 \u0443\u0445\u043e\u0434 \u0438 \u043f\u0440\u0435\u0434\u043e\u0442\u0432\u0440\u0430\u0449\u0430\u044e\u0442 \u0441\u0442\u0430\u0440\u0435\u043d\u0438\u0435.\",\"breadcrumb\":{\"@id\":\"https:\/\/pandeoshop.com\/product\/mizon-pure-pearl-eye-gel-patch\/#breadcrumb\"},\"inLanguage\":\"ru-RU\",\"potentialAction\":[{\"@type\":\"ReadAction\",\"target\":[\"https:\/\/pandeoshop.com\/product\/mizon-pure-pearl-eye-gel-patch\/\"]}]},{\"@type\":\"ImageObject\",\"inLanguage\":\"ru-RU\",\"@id\":\"https:\/\/pandeoshop.com\/product\/mizon-pure-pearl-eye-gel-patch\/#primaryimage\",\"url\":\"https:\/\/pandeoshop.com\/wp-content\/uploads\/mizon-pure-pearl-eye-gel-patch-1.jpeg\",\"contentUrl\":\"https:\/\/pandeoshop.com\/wp-content\/uploads\/mizon-pure-pearl-eye-gel-patch-1.jpeg\",\"width\":1000,\"height\":1000},{\"@type\":\"BreadcrumbList\",\"@id\":\"https:\/\/pandeoshop.com\/product\/mizon-pure-pearl-eye-gel-patch\/#breadcrumb\",\"itemListElement\":[{\"@type\":\"ListItem\",\"position\":1,\"name\":\"\u0414\u043e\u043c\u043e\u0439\",\"item\":\"https:\/\/pandeoshop.com\/ru\/\"},{\"@type\":\"ListItem\",\"position\":2,\"name\":\"\u041c\u0430\u0433\u0430\u0437\u0438\u043d\",\"item\":\"https:\/\/pandeoshop.com\/ru\/magazin\/\"},{\"@type\":\"ListItem\",\"position\":3,\"name\":\"\u0411\u0440\u0435\u043d\u0434\u044b\",\"item\":\"https:\/\/pandeoshop.com\/ru\/category\/brendy\/\"},{\"@type\":\"ListItem\",\"position\":4,\"name\":\"Mizon\",\"item\":\"https:\/\/pandeoshop.com\/ru\/category\/brendy\/mizon-ru\/\"},{\"@type\":\"ListItem\",\"position\":5,\"name\":\"\u041f\u0430\u0442\u0447\u0438 \u0434\u043b\u044f \u0433\u043b\u0430\u0437 \u0441 \u044d\u043a\u0441\u0442\u0440\u0430\u043a\u0442\u043e\u043c \u0436\u0435\u043c\u0447\u0443\u0433\u0430 Mizon Pure Pearl Eye Gel Patch\"}]},{\"@type\":\"WebSite\",\"@id\":\"https:\/\/pandeoshop.com\/ru\/#website\",\"url\":\"https:\/\/pandeoshop.com\/ru\/\",\"name\":\"Pandeoshop\",\"description\":\"\u0160e eno spleti\u0161\u010de WordPress\",\"publisher\":{\"@id\":\"https:\/\/pandeoshop.com\/ru\/#organization\"},\"potentialAction\":[{\"@type\":\"SearchAction\",\"target\":{\"@type\":\"EntryPoint\",\"urlTemplate\":\"https:\/\/pandeoshop.com\/ru\/?s={search_term_string}\"},\"query-input\":\"required name=search_term_string\"}],\"inLanguage\":\"ru-RU\"},{\"@type\":\"Organization\",\"@id\":\"https:\/\/pandeoshop.com\/ru\/#organization\",\"name\":\"Pandeoshop\",\"url\":\"https:\/\/pandeoshop.com\/ru\/\",\"logo\":{\"@type\":\"ImageObject\",\"inLanguage\":\"ru-RU\",\"@id\":\"https:\/\/pandeoshop.com\/ru\/#\/schema\/logo\/image\/\",\"url\":\"https:\/\/pandeoshop.com\/wp-content\/uploads\/pandeoshop_social_logo_no_textjpg.jpg\",\"contentUrl\":\"https:\/\/pandeoshop.com\/wp-content\/uploads\/pandeoshop_social_logo_no_textjpg.jpg\",\"width\":288,\"height\":201,\"caption\":\"Pandeoshop\"},\"image\":{\"@id\":\"https:\/\/pandeoshop.com\/ru\/#\/schema\/logo\/image\/\"},\"sameAs\":[\"https:\/\/www.facebook.com\/pandeoshop\/\",\"https:\/\/www.instagram.com\/pandeo_shop\/\"]}]}<\/script>\n<meta property=\"product:price:amount\" content=\"27.79\" \/>\n<meta property=\"product:price:currency\" content=\"EUR\" \/>\n<meta property=\"og:availability\" content=\"instock\" \/>\n<meta property=\"product:availability\" content=\"instock\" \/>\n<meta property=\"product:retailer_item_id\" content=\"HS10700\" \/>\n<meta property=\"product:condition\" content=\"new\" \/>\n<!-- \/ Yoast SEO Premium plugin. -->","yoast_head_json":{"title":"\u041f\u0430\u0442\u0447\u0438 \u0434\u043b\u044f \u0433\u043b\u0430\u0437 \u0441 \u044d\u043a\u0441\u0442\u0440\u0430\u043a\u0442\u043e\u043c \u0436\u0435\u043c\u0447\u0443\u0433\u0430 | Mizon Pure Pearl Eye Gel Patch - Pandeoshop","description":"MIZON Pure Pearl Eye Gel Patch 60pcs - \u044d\u0442\u043e \u0433\u0438\u0434\u0440\u043e\u0433\u0435\u043b\u0435\u0432\u044b\u0435 \u043f\u0430\u0442\u0447\u0438 \u0441 \u044d\u043a\u0441\u0442\u0440\u0430\u043a\u0442\u043e\u043c \u0431\u0435\u043b\u043e\u0433\u043e \u0436\u0435\u043c\u0447\u0443\u0433\u0430, \u043a\u043e\u0442\u043e\u0440\u044b\u0435 \u043e\u0442\u0431\u0435\u043b\u0438\u0432\u0430\u044e\u0442 \u043a\u043e\u0436\u0443, \u0440\u0430\u0437\u0433\u043b\u0430\u0436\u0438\u0432\u0430\u044e\u0442 \u043c\u0438\u043c\u0438\u0447\u0435\u0441\u043a\u0438\u0435 \u043c\u043e\u0440\u0449\u0438\u043d\u044b \u0432\u043e\u043a\u0440\u0443\u0433 \u0433\u043b\u0430\u0437, \u043e\u043a\u0430\u0437\u044b\u0432\u0430\u044e\u0442 \u0430\u043d\u0442\u0438\u043e\u043a\u0441\u0438\u0434\u0430\u043d\u0442\u043d\u044b\u0439 \u0443\u0445\u043e\u0434 \u0438 \u043f\u0440\u0435\u0434\u043e\u0442\u0432\u0440\u0430\u0449\u0430\u044e\u0442 \u0441\u0442\u0430\u0440\u0435\u043d\u0438\u0435.","robots":{"index":"index","follow":"follow","max-snippet":"max-snippet:-1","max-image-preview":"max-image-preview:large","max-video-preview":"max-video-preview:-1"},"canonical":"https:\/\/pandeoshop.com\/ru\/product\/mizon-pure-pearl-eye-gel-patch\/","og_locale":"ru_RU","og_type":"article","og_title":"\u041f\u0430\u0442\u0447\u0438 \u0434\u043b\u044f \u0433\u043b\u0430\u0437 \u0441 \u044d\u043a\u0441\u0442\u0440\u0430\u043a\u0442\u043e\u043c \u0436\u0435\u043c\u0447\u0443\u0433\u0430 | Mizon Pure Pearl Eye Gel Patch - Pandeoshop","og_description":"MIZON Pure Pearl Eye Gel Patch 60pcs - \u044d\u0442\u043e \u0433\u0438\u0434\u0440\u043e\u0433\u0435\u043b\u0435\u0432\u044b\u0435 \u043f\u0430\u0442\u0447\u0438 \u0441 \u044d\u043a\u0441\u0442\u0440\u0430\u043a\u0442\u043e\u043c \u0431\u0435\u043b\u043e\u0433\u043e \u0436\u0435\u043c\u0447\u0443\u0433\u0430, \u043a\u043e\u0442\u043e\u0440\u044b\u0435 \u043e\u0442\u0431\u0435\u043b\u0438\u0432\u0430\u044e\u0442 \u043a\u043e\u0436\u0443, \u0440\u0430\u0437\u0433\u043b\u0430\u0436\u0438\u0432\u0430\u044e\u0442 \u043c\u0438\u043c\u0438\u0447\u0435\u0441\u043a\u0438\u0435 \u043c\u043e\u0440\u0449\u0438\u043d\u044b \u0432\u043e\u043a\u0440\u0443\u0433 \u0433\u043b\u0430\u0437, \u043e\u043a\u0430\u0437\u044b\u0432\u0430\u044e\u0442 \u0430\u043d\u0442\u0438\u043e\u043a\u0441\u0438\u0434\u0430\u043d\u0442\u043d\u044b\u0439 \u0443\u0445\u043e\u0434 \u0438 \u043f\u0440\u0435\u0434\u043e\u0442\u0432\u0440\u0430\u0449\u0430\u044e\u0442 \u0441\u0442\u0430\u0440\u0435\u043d\u0438\u0435.","og_url":"https:\/\/pandeoshop.com\/product\/mizon-pure-pearl-eye-gel-patch\/","og_site_name":"Pandeoshop","article_publisher":"https:\/\/www.facebook.com\/pandeoshop\/","article_modified_time":"2023-07-19T23:35:36+00:00","og_image":[{"width":1000,"height":1000,"url":"https:\/\/pandeoshop.com\/wp-content\/uploads\/mizon-pure-pearl-eye-gel-patch-1.jpeg","type":"image\/jpeg"}],"twitter_card":"summary_large_image","schema":{"@context":"https:\/\/schema.org","@graph":[{"@type":"WebPage","@id":"https:\/\/pandeoshop.com\/ru\/product\/patchi-dlya-glaz-s-ekstraktom-zhemchuga-mizon-pure-pearl-eye-gel-patch\/","url":"https:\/\/pandeoshop.com\/product\/mizon-pure-pearl-eye-gel-patch\/","name":"\u041f\u0430\u0442\u0447\u0438 \u0434\u043b\u044f \u0433\u043b\u0430\u0437 \u0441 \u044d\u043a\u0441\u0442\u0440\u0430\u043a\u0442\u043e\u043c \u0436\u0435\u043c\u0447\u0443\u0433\u0430 | Mizon Pure Pearl Eye Gel Patch - Pandeoshop","isPartOf":{"@id":"https:\/\/pandeoshop.com\/ru\/#website"},"primaryImageOfPage":{"@id":"https:\/\/pandeoshop.com\/product\/mizon-pure-pearl-eye-gel-patch\/#primaryimage"},"image":{"@id":"https:\/\/pandeoshop.com\/product\/mizon-pure-pearl-eye-gel-patch\/#primaryimage"},"thumbnailUrl":"https:\/\/pandeoshop.com\/wp-content\/uploads\/mizon-pure-pearl-eye-gel-patch-1.jpeg","datePublished":"2022-10-26T20:15:48+00:00","dateModified":"2023-07-19T23:35:36+00:00","description":"MIZON Pure Pearl Eye Gel Patch 60pcs - \u044d\u0442\u043e \u0433\u0438\u0434\u0440\u043e\u0433\u0435\u043b\u0435\u0432\u044b\u0435 \u043f\u0430\u0442\u0447\u0438 \u0441 \u044d\u043a\u0441\u0442\u0440\u0430\u043a\u0442\u043e\u043c \u0431\u0435\u043b\u043e\u0433\u043e \u0436\u0435\u043c\u0447\u0443\u0433\u0430, \u043a\u043e\u0442\u043e\u0440\u044b\u0435 \u043e\u0442\u0431\u0435\u043b\u0438\u0432\u0430\u044e\u0442 \u043a\u043e\u0436\u0443, \u0440\u0430\u0437\u0433\u043b\u0430\u0436\u0438\u0432\u0430\u044e\u0442 \u043c\u0438\u043c\u0438\u0447\u0435\u0441\u043a\u0438\u0435 \u043c\u043e\u0440\u0449\u0438\u043d\u044b \u0432\u043e\u043a\u0440\u0443\u0433 \u0433\u043b\u0430\u0437, \u043e\u043a\u0430\u0437\u044b\u0432\u0430\u044e\u0442 \u0430\u043d\u0442\u0438\u043e\u043a\u0441\u0438\u0434\u0430\u043d\u0442\u043d\u044b\u0439 \u0443\u0445\u043e\u0434 \u0438 \u043f\u0440\u0435\u0434\u043e\u0442\u0432\u0440\u0430\u0449\u0430\u044e\u0442 \u0441\u0442\u0430\u0440\u0435\u043d\u0438\u0435.","breadcrumb":{"@id":"https:\/\/pandeoshop.com\/product\/mizon-pure-pearl-eye-gel-patch\/#breadcrumb"},"inLanguage":"ru-RU","potentialAction":[{"@type":"ReadAction","target":["https:\/\/pandeoshop.com\/product\/mizon-pure-pearl-eye-gel-patch\/"]}]},{"@type":"ImageObject","inLanguage":"ru-RU","@id":"https:\/\/pandeoshop.com\/product\/mizon-pure-pearl-eye-gel-patch\/#primaryimage","url":"https:\/\/pandeoshop.com\/wp-content\/uploads\/mizon-pure-pearl-eye-gel-patch-1.jpeg","contentUrl":"https:\/\/pandeoshop.com\/wp-content\/uploads\/mizon-pure-pearl-eye-gel-patch-1.jpeg","width":1000,"height":1000},{"@type":"BreadcrumbList","@id":"https:\/\/pandeoshop.com\/product\/mizon-pure-pearl-eye-gel-patch\/#breadcrumb","itemListElement":[{"@type":"ListItem","position":1,"name":"\u0414\u043e\u043c\u043e\u0439","item":"https:\/\/pandeoshop.com\/ru\/"},{"@type":"ListItem","position":2,"name":"\u041c\u0430\u0433\u0430\u0437\u0438\u043d","item":"https:\/\/pandeoshop.com\/ru\/magazin\/"},{"@type":"ListItem","position":3,"name":"\u0411\u0440\u0435\u043d\u0434\u044b","item":"https:\/\/pandeoshop.com\/ru\/category\/brendy\/"},{"@type":"ListItem","position":4,"name":"Mizon","item":"https:\/\/pandeoshop.com\/ru\/category\/brendy\/mizon-ru\/"},{"@type":"ListItem","position":5,"name":"\u041f\u0430\u0442\u0447\u0438 \u0434\u043b\u044f \u0433\u043b\u0430\u0437 \u0441 \u044d\u043a\u0441\u0442\u0440\u0430\u043a\u0442\u043e\u043c \u0436\u0435\u043c\u0447\u0443\u0433\u0430 Mizon Pure Pearl Eye Gel Patch"}]},{"@type":"WebSite","@id":"https:\/\/pandeoshop.com\/ru\/#website","url":"https:\/\/pandeoshop.com\/ru\/","name":"Pandeoshop","description":"\u0160e eno spleti\u0161\u010de WordPress","publisher":{"@id":"https:\/\/pandeoshop.com\/ru\/#organization"},"potentialAction":[{"@type":"SearchAction","target":{"@type":"EntryPoint","urlTemplate":"https:\/\/pandeoshop.com\/ru\/?s={search_term_string}"},"query-input":"required name=search_term_string"}],"inLanguage":"ru-RU"},{"@type":"Organization","@id":"https:\/\/pandeoshop.com\/ru\/#organization","name":"Pandeoshop","url":"https:\/\/pandeoshop.com\/ru\/","logo":{"@type":"ImageObject","inLanguage":"ru-RU","@id":"https:\/\/pandeoshop.com\/ru\/#\/schema\/logo\/image\/","url":"https:\/\/pandeoshop.com\/wp-content\/uploads\/pandeoshop_social_logo_no_textjpg.jpg","contentUrl":"https:\/\/pandeoshop.com\/wp-content\/uploads\/pandeoshop_social_logo_no_textjpg.jpg","width":288,"height":201,"caption":"Pandeoshop"},"image":{"@id":"https:\/\/pandeoshop.com\/ru\/#\/schema\/logo\/image\/"},"sameAs":["https:\/\/www.facebook.com\/pandeoshop\/","https:\/\/www.instagram.com\/pandeo_shop\/"]}]},"product_price_amount":"27.79","product_price_currency":"EUR","og_availability":"instock","product_availability":"instock","product_retailer_item_id":"HS10700","product_condition":"new"},"_links":{"self":[{"href":"https:\/\/pandeoshop.com\/ru\/wp-json\/wp\/v2\/product\/27532"}],"collection":[{"href":"https:\/\/pandeoshop.com\/ru\/wp-json\/wp\/v2\/product"}],"about":[{"href":"https:\/\/pandeoshop.com\/ru\/wp-json\/wp\/v2\/types\/product"}],"replies":[{"embeddable":true,"href":"https:\/\/pandeoshop.com\/ru\/wp-json\/wp\/v2\/comments?post=27532"}],"wp:featuredmedia":[{"embeddable":true,"href":"https:\/\/pandeoshop.com\/ru\/wp-json\/wp\/v2\/media\/36720"}],"wp:attachment":[{"href":"https:\/\/pandeoshop.com\/ru\/wp-json\/wp\/v2\/media?parent=27532"}],"wp:term":[{"taxonomy":"product_cat","embeddable":true,"href":"https:\/\/pandeoshop.com\/ru\/wp-json\/wp\/v2\/product_cat?post=27532"},{"taxonomy":"product_tag","embeddable":true,"href":"https:\/\/pandeoshop.com\/ru\/wp-json\/wp\/v2\/product_tag?post=27532"}],"curies":[{"name":"wp","href":"https:\/\/api.w.org\/{rel}","templated":true}]}}