{"id":27374,"date":"2022-10-25T23:15:40","date_gmt":"2022-10-26T20:14:00","guid":{"rendered":"https:\/\/pandeoshop.com\/?post_type=product&#038;p=27374"},"modified":"2026-02-24T11:54:54","modified_gmt":"2026-02-24T10:54:54","slug":"syvorotka-protiv-morshhin-s-peptidami-medi-peel-bor-tox-peptide-ampoule","status":"publish","type":"product","link":"https:\/\/pandeoshop.com\/ru\/product\/syvorotka-protiv-morshhin-s-peptidami-medi-peel-bor-tox-peptide-ampoule\/","title":{"rendered":"\u0421\u044b\u0432\u043e\u0440\u043e\u0442\u043a\u0430 \u043f\u0440\u043e\u0442\u0438\u0432 \u043c\u043e\u0440\u0449\u0438\u043d \u0441 \u043f\u0435\u043f\u0442\u0438\u0434\u0430\u043c\u0438 <br\/> Medi-Peel Bor-Tox Peptide Ampoule"},"content":{"rendered":"<p>Medi-Peel Bor-Tox Peptide Ampoule &#8212; \u0444\u043e\u0440\u043c\u0443\u043b\u0430 \u0441\u044b\u0432\u043e\u0440\u043e\u0442\u043a\u0438 \u0441\u043e\u0434\u0435\u0440\u0436\u0438\u0442 \u0446\u0435\u043d\u043d\u0443\u044e \u0433\u0438\u0430\u043b\u0443\u0440\u043e\u043d\u043e\u0432\u0443\u044e \u043a\u0438\u0441\u043b\u043e\u0442\u0443, \u043f\u0440\u0435\u0434\u043e\u0442\u0432\u0440\u0430\u0449\u0430\u044e\u0449\u0443\u044e \u043f\u043e\u0442\u0435\u0440\u044e \u0432\u043b\u0430\u0433\u0438 \u0432 \u043a\u043b\u0435\u0442\u043a\u0430\u0445. \u041a\u043e\u043c\u043f\u043b\u0435\u043a\u0441 \u0438\u0437 5 \u043f\u0435\u043f\u0442\u0438\u0434\u043e\u0432 \u0441\u0442\u0438\u043c\u0443\u043b\u0438\u0440\u0443\u0435\u0442 \u0432\u044b\u0440\u0430\u0431\u043e\u0442\u043a\u0443 \u0441\u043e\u0431\u0441\u0442\u0432\u0435\u043d\u043d\u043e\u0433\u043e \u043a\u043e\u043b\u043b\u0430\u0433\u0435\u043d\u0430, \u0430 \u0430\u043c\u0438\u043d\u043e\u043a\u0438\u0441\u043b\u043e\u0442\u044b \u0441\u043f\u043e\u0441\u043e\u0431\u0441\u0442\u0432\u0443\u044e\u0442 \u043e\u0431\u043d\u043e\u0432\u043b\u0435\u043d\u0438\u044e \u043a\u043b\u0435\u0442\u043e\u043a \u0438 \u0434\u0435\u043b\u0430\u0435\u0442 \u0446\u0432\u0435\u0442 \u043b\u0438\u0446\u0430 \u0441\u0438\u044f\u044e\u0449\u0438\u043c.<\/p>\n<p>\u0421\u044b\u0432\u043e\u0440\u043e\u0442\u043a\u0430 \u0441\u043e\u0434\u0435\u0440\u0436\u0438\u0442 Volufilin 5% &#8212; \u043a\u043e\u043c\u043f\u043b\u0435\u043a\u0441 \u0430\u043a\u0442\u0438\u0432\u043d\u044b\u0445 \u0438\u043d\u0433\u0440\u0435\u0434\u0438\u0435\u043d\u0442\u043e\u0432, \u0440\u0430\u0437\u0440\u0430\u0431\u043e\u0442\u0430\u043d\u043d\u044b\u0439 \u0444\u0440\u0430\u043d\u0446\u0443\u0437\u0441\u043a\u0438\u043c\u0438 \u043a\u043e\u0441\u043c\u0435\u0442\u043e\u043b\u043e\u0433\u0430\u043c\u0438. \u0423\u043d\u0438\u043a\u0430\u043b\u044c\u043d\u044b\u0439 \u0441\u043e\u0441\u0442\u0430\u0432 \u043e\u0431\u0435\u0441\u043f\u0435\u0447\u0438\u0432\u0430\u0435\u0442 \u043b\u0438\u043f\u043e\u0444\u0438\u043b\u0438\u043d\u0433 &#8212; \u0442.\u0435. \u0440\u0430\u0437\u0433\u043b\u0430\u0436\u0438\u0432\u0430\u0435\u0442 \u043c\u043e\u0440\u0449\u0438\u043d\u044b \u0437\u0430 \u0441\u0447\u0435\u0442 \u0443\u0432\u0435\u043b\u0438\u0447\u0435\u043d\u0438\u044f \u043e\u0431\u044a\u0435\u043c\u0430 \u043f\u043e\u0434\u043a\u043e\u0436\u043d\u043e\u0433\u043e \u0436\u0438\u0440\u0430. \u0413\u0438\u0430\u043b\u0443\u0440\u043e\u043d\u043e\u0432\u0430\u044f \u043a\u0438\u0441\u043b\u043e\u0442\u0430 \u043f\u0440\u043e\u043d\u0438\u043a\u0430\u0435\u0442 \u0432 \u0433\u043b\u0443\u0431\u043e\u043a\u0438\u0435 \u0441\u043b\u043e\u0438, \u0443\u0432\u043b\u0430\u0436\u043d\u044f\u0435\u0442 \u0438 \u043f\u043e\u043c\u043e\u0433\u0430\u0435\u0442 \u0443\u0434\u0435\u0440\u0436\u0438\u0432\u0430\u0442\u044c \u0432\u043b\u0430\u0433\u0443, \u0441\u0442\u0438\u043c\u0443\u043b\u0438\u0440\u0443\u0435\u0442 \u0441\u0438\u043d\u0442\u0435\u0437 \u043a\u043e\u043b\u043b\u0430\u0433\u0435\u043d\u0430 \u0438 \u044d\u043b\u0430\u0441\u0442\u0438\u043d\u0430. \u0412 \u0441\u043e\u0441\u0442\u0430\u0432\u0435 \u0441\u044b\u0432\u043e\u0440\u043e\u0442\u043a\u0438 \u043f\u0440\u0438\u0441\u0443\u0442\u0441\u0442\u0432\u0443\u044e\u0442 9 \u044d\u043a\u0441\u0442\u0440\u0430\u043a\u0442\u043e\u0432, \u043a\u043e\u0442\u043e\u0440\u044b\u0435 \u043f\u0440\u0435\u0434\u043e\u0442\u0432\u0440\u0430\u0449\u0430\u044e\u0442 \u0438\u0441\u0442\u043e\u043d\u0447\u0435\u043d\u0438\u0435 \u043a\u043e\u0436\u0438, \u0431\u043b\u043e\u043a\u0438\u0440\u0443\u044e\u0442 \u0432\u044b\u0440\u0430\u0431\u043e\u0442\u043a\u0443 \u043c\u0435\u043b\u0430\u043d\u0438\u043d\u0430, \u043e\u0441\u0432\u0435\u0442\u043b\u044f\u044e\u0442 \u043f\u0440\u043e\u0431\u043b\u0435\u043c\u043d\u044b\u0435 \u0443\u0447\u0430\u0441\u0442\u043a\u0438 \u0438 \u0441\u0442\u0438\u043c\u0443\u043b\u0438\u0440\u0443\u044e\u0442 \u043e\u0431\u043d\u043e\u0432\u043b\u0435\u043d\u0438\u0435 \u043a\u043e\u0436\u0438.<\/p>\n<p>\u0421\u0440\u0435\u0434\u0441\u0442\u0432\u043e \u044d\u0444\u0444\u0435\u043a\u0442\u0438\u0432\u043d\u043e \u043f\u0440\u043e\u0442\u0438\u0432 \u043c\u0435\u043b\u043a\u0438\u0445 \u043c\u043e\u0440\u0449\u0438\u043d, &#171;\u0433\u0443\u0441\u0438\u043d\u044b\u0445 \u043b\u0430\u043f\u043e\u043a&#187;, \u043c\u043e\u0440\u0449\u0438\u043d \u043d\u0430 \u043b\u0431\u0443, \u043d\u043e\u0441\u043e\u0433\u0443\u0431\u043d\u044b\u0445 \u0441\u043a\u043b\u0430\u0434\u043e\u043a.<\/p>\n","protected":false},"excerpt":{"rendered":"<p>100% \u043d\u0430\u0442\u0443\u0440\u0430\u043b\u044c\u043d\u044b\u0439 \u0444\u0440\u0430\u043d\u0446\u0443\u0437\u0441\u043a\u0438\u0439 \u0432\u043e\u043b\u044e\u0444\u0438\u043b\u0438\u043d \u0438 7 \u0444\u0435\u0440\u043c\u0435\u043d\u0442\u0438\u0440\u043e\u0432\u0430\u043d\u043d\u044b\u0445 \u0438\u043d\u0433\u0440\u0435\u0434\u0438\u0435\u043d\u0442\u043e\u0432 \u043e\u0431\u0435\u0441\u043f\u0435\u0447\u0430\u0442 \u0432\u0430\u043c \u0443\u043f\u0440\u0443\u0433\u043e\u0441\u0442\u044c \u0438 \u043c\u043e\u043b\u043e\u0434\u043e\u0441\u0442\u044c \u043a\u043e\u0436\u0438.<\/p>\n","protected":false},"featured_media":35395,"comment_status":"open","ping_status":"closed","template":"","meta":[],"product_cat":[1863,1833,1853,1835,1829,1834,1830,1816,1832,1825,1828],"product_tag":[4380,4391,4484,4434,4416,4456],"bundle_layout":"","bundle_add_to_cart_form_location":"","bundle_editable_in_cart":false,"bundle_sold_individually_context":"","bundle_item_grouping":"","bundle_min_size":"","bundle_max_size":"","bundled_by":[],"bundled_items":[],"yoast_head":"<!-- This site is optimized with the Yoast SEO Premium plugin v22.2 (Yoast SEO v22.9) - https:\/\/yoast.com\/wordpress\/plugins\/seo\/ -->\n<title>\u0421\u044b\u0432\u043e\u0440\u043e\u0442\u043a\u0430 \u043f\u0440\u043e\u0442\u0438\u0432 \u043c\u043e\u0440\u0449\u0438\u043d \u0441 \u043f\u0435\u043f\u0442\u0438\u0434\u0430\u043c\u0438 | Medi-Peel Bor-Tox Peptide Ampoule - Pandeoshop<\/title>\n<meta name=\"description\" content=\"100% \u043d\u0430\u0442\u0443\u0440\u0430\u043b\u044c\u043d\u044b\u0439 \u0444\u0440\u0430\u043d\u0446\u0443\u0437\u0441\u043a\u0438\u0439 \u0432\u043e\u043b\u044e\u0444\u0438\u043b\u0438\u043d \u0438 7 \u0444\u0435\u0440\u043c\u0435\u043d\u0442\u0438\u0440\u043e\u0432\u0430\u043d\u043d\u044b\u0445 \u0438\u043d\u0433\u0440\u0435\u0434\u0438\u0435\u043d\u0442\u043e\u0432 \u043e\u0431\u0435\u0441\u043f\u0435\u0447\u0430\u0442 \u0432\u0430\u043c \u0443\u043f\u0440\u0443\u0433\u043e\u0441\u0442\u044c \u0438 \u043c\u043e\u043b\u043e\u0434\u043e\u0441\u0442\u044c \u043a\u043e\u0436\u0438.\" \/>\n<meta name=\"robots\" content=\"index, follow, max-snippet:-1, max-image-preview:large, max-video-preview:-1\" \/>\n<link rel=\"canonical\" href=\"https:\/\/pandeoshop.com\/ru\/product\/medi-peel-bor-tox-peptide-ampoule\/\" \/>\n<meta property=\"og:locale\" content=\"ru_RU\" \/>\n<meta property=\"og:type\" content=\"article\" \/>\n<meta property=\"og:title\" content=\"\u0421\u044b\u0432\u043e\u0440\u043e\u0442\u043a\u0430 \u043f\u0440\u043e\u0442\u0438\u0432 \u043c\u043e\u0440\u0449\u0438\u043d \u0441 \u043f\u0435\u043f\u0442\u0438\u0434\u0430\u043c\u0438 | Medi-Peel Bor-Tox Peptide Ampoule - Pandeoshop\" \/>\n<meta property=\"og:description\" content=\"100% \u043d\u0430\u0442\u0443\u0440\u0430\u043b\u044c\u043d\u044b\u0439 \u0444\u0440\u0430\u043d\u0446\u0443\u0437\u0441\u043a\u0438\u0439 \u0432\u043e\u043b\u044e\u0444\u0438\u043b\u0438\u043d \u0438 7 \u0444\u0435\u0440\u043c\u0435\u043d\u0442\u0438\u0440\u043e\u0432\u0430\u043d\u043d\u044b\u0445 \u0438\u043d\u0433\u0440\u0435\u0434\u0438\u0435\u043d\u0442\u043e\u0432 \u043e\u0431\u0435\u0441\u043f\u0435\u0447\u0430\u0442 \u0432\u0430\u043c \u0443\u043f\u0440\u0443\u0433\u043e\u0441\u0442\u044c \u0438 \u043c\u043e\u043b\u043e\u0434\u043e\u0441\u0442\u044c \u043a\u043e\u0436\u0438.\" \/>\n<meta property=\"og:url\" content=\"https:\/\/pandeoshop.com\/product\/medi-peel-bor-tox-peptide-ampoule\/\" \/>\n<meta property=\"og:site_name\" content=\"Pandeoshop\" \/>\n<meta property=\"article:publisher\" content=\"https:\/\/www.facebook.com\/pandeoshop\/\" \/>\n<meta property=\"article:modified_time\" content=\"2026-02-24T10:54:54+00:00\" \/>\n<meta property=\"og:image\" content=\"https:\/\/pandeoshop.com\/wp-content\/uploads\/medi-peel-bor-tox-peptide-ampoule-1.jpeg\" \/>\n\t<meta property=\"og:image:width\" content=\"1000\" \/>\n\t<meta property=\"og:image:height\" content=\"1000\" \/>\n\t<meta property=\"og:image:type\" content=\"image\/jpeg\" \/>\n<meta name=\"twitter:card\" content=\"summary_large_image\" \/>\n<script type=\"application\/ld+json\" class=\"yoast-schema-graph\">{\"@context\":\"https:\/\/schema.org\",\"@graph\":[{\"@type\":\"WebPage\",\"@id\":\"https:\/\/pandeoshop.com\/ru\/product\/syvorotka-protiv-morshhin-s-peptidami-medi-peel-bor-tox-peptide-ampoule\/\",\"url\":\"https:\/\/pandeoshop.com\/product\/medi-peel-bor-tox-peptide-ampoule\/\",\"name\":\"\u0421\u044b\u0432\u043e\u0440\u043e\u0442\u043a\u0430 \u043f\u0440\u043e\u0442\u0438\u0432 \u043c\u043e\u0440\u0449\u0438\u043d \u0441 \u043f\u0435\u043f\u0442\u0438\u0434\u0430\u043c\u0438 | Medi-Peel Bor-Tox Peptide Ampoule - Pandeoshop\",\"isPartOf\":{\"@id\":\"https:\/\/pandeoshop.com\/ru\/#website\"},\"primaryImageOfPage\":{\"@id\":\"https:\/\/pandeoshop.com\/product\/medi-peel-bor-tox-peptide-ampoule\/#primaryimage\"},\"image\":{\"@id\":\"https:\/\/pandeoshop.com\/product\/medi-peel-bor-tox-peptide-ampoule\/#primaryimage\"},\"thumbnailUrl\":\"https:\/\/pandeoshop.com\/wp-content\/uploads\/medi-peel-bor-tox-peptide-ampoule-1.jpeg\",\"datePublished\":\"2022-10-26T20:14:00+00:00\",\"dateModified\":\"2026-02-24T10:54:54+00:00\",\"description\":\"100% \u043d\u0430\u0442\u0443\u0440\u0430\u043b\u044c\u043d\u044b\u0439 \u0444\u0440\u0430\u043d\u0446\u0443\u0437\u0441\u043a\u0438\u0439 \u0432\u043e\u043b\u044e\u0444\u0438\u043b\u0438\u043d \u0438 7 \u0444\u0435\u0440\u043c\u0435\u043d\u0442\u0438\u0440\u043e\u0432\u0430\u043d\u043d\u044b\u0445 \u0438\u043d\u0433\u0440\u0435\u0434\u0438\u0435\u043d\u0442\u043e\u0432 \u043e\u0431\u0435\u0441\u043f\u0435\u0447\u0430\u0442 \u0432\u0430\u043c \u0443\u043f\u0440\u0443\u0433\u043e\u0441\u0442\u044c \u0438 \u043c\u043e\u043b\u043e\u0434\u043e\u0441\u0442\u044c \u043a\u043e\u0436\u0438.\",\"breadcrumb\":{\"@id\":\"https:\/\/pandeoshop.com\/product\/medi-peel-bor-tox-peptide-ampoule\/#breadcrumb\"},\"inLanguage\":\"ru-RU\",\"potentialAction\":[{\"@type\":\"ReadAction\",\"target\":[\"https:\/\/pandeoshop.com\/product\/medi-peel-bor-tox-peptide-ampoule\/\"]}]},{\"@type\":\"ImageObject\",\"inLanguage\":\"ru-RU\",\"@id\":\"https:\/\/pandeoshop.com\/product\/medi-peel-bor-tox-peptide-ampoule\/#primaryimage\",\"url\":\"https:\/\/pandeoshop.com\/wp-content\/uploads\/medi-peel-bor-tox-peptide-ampoule-1.jpeg\",\"contentUrl\":\"https:\/\/pandeoshop.com\/wp-content\/uploads\/medi-peel-bor-tox-peptide-ampoule-1.jpeg\",\"width\":1000,\"height\":1000},{\"@type\":\"BreadcrumbList\",\"@id\":\"https:\/\/pandeoshop.com\/product\/medi-peel-bor-tox-peptide-ampoule\/#breadcrumb\",\"itemListElement\":[{\"@type\":\"ListItem\",\"position\":1,\"name\":\"\u0414\u043e\u043c\u043e\u0439\",\"item\":\"https:\/\/pandeoshop.com\/ru\/\"},{\"@type\":\"ListItem\",\"position\":2,\"name\":\"\u041c\u0430\u0433\u0430\u0437\u0438\u043d\",\"item\":\"https:\/\/pandeoshop.com\/ru\/magazin\/\"},{\"@type\":\"ListItem\",\"position\":3,\"name\":\"\u0411\u0440\u0435\u043d\u0434\u044b\",\"item\":\"https:\/\/pandeoshop.com\/ru\/category\/brendy\/\"},{\"@type\":\"ListItem\",\"position\":4,\"name\":\"Medi-Peel\",\"item\":\"https:\/\/pandeoshop.com\/ru\/category\/brendy\/medi-peel-ru\/\"},{\"@type\":\"ListItem\",\"position\":5,\"name\":\"\u0421\u044b\u0432\u043e\u0440\u043e\u0442\u043a\u0430 \u043f\u0440\u043e\u0442\u0438\u0432 \u043c\u043e\u0440\u0449\u0438\u043d \u0441 \u043f\u0435\u043f\u0442\u0438\u0434\u0430\u043c\u0438 Medi-Peel Bor-Tox Peptide Ampoule\"}]},{\"@type\":\"WebSite\",\"@id\":\"https:\/\/pandeoshop.com\/ru\/#website\",\"url\":\"https:\/\/pandeoshop.com\/ru\/\",\"name\":\"Pandeoshop\",\"description\":\"\u0160e eno spleti\u0161\u010de WordPress\",\"publisher\":{\"@id\":\"https:\/\/pandeoshop.com\/ru\/#organization\"},\"potentialAction\":[{\"@type\":\"SearchAction\",\"target\":{\"@type\":\"EntryPoint\",\"urlTemplate\":\"https:\/\/pandeoshop.com\/ru\/?s={search_term_string}\"},\"query-input\":\"required name=search_term_string\"}],\"inLanguage\":\"ru-RU\"},{\"@type\":\"Organization\",\"@id\":\"https:\/\/pandeoshop.com\/ru\/#organization\",\"name\":\"Pandeoshop\",\"url\":\"https:\/\/pandeoshop.com\/ru\/\",\"logo\":{\"@type\":\"ImageObject\",\"inLanguage\":\"ru-RU\",\"@id\":\"https:\/\/pandeoshop.com\/ru\/#\/schema\/logo\/image\/\",\"url\":\"https:\/\/pandeoshop.com\/wp-content\/uploads\/pandeoshop_social_logo_no_textjpg.jpg\",\"contentUrl\":\"https:\/\/pandeoshop.com\/wp-content\/uploads\/pandeoshop_social_logo_no_textjpg.jpg\",\"width\":288,\"height\":201,\"caption\":\"Pandeoshop\"},\"image\":{\"@id\":\"https:\/\/pandeoshop.com\/ru\/#\/schema\/logo\/image\/\"},\"sameAs\":[\"https:\/\/www.facebook.com\/pandeoshop\/\",\"https:\/\/www.instagram.com\/pandeo_shop\/\"]}]}<\/script>\n<meta property=\"product:price:amount\" content=\"26.62\" \/>\n<meta property=\"product:price:currency\" content=\"EUR\" \/>\n<meta property=\"og:availability\" content=\"instock\" \/>\n<meta property=\"product:availability\" content=\"instock\" \/>\n<meta property=\"product:retailer_item_id\" content=\"HS10542\" \/>\n<meta property=\"product:condition\" content=\"new\" \/>\n<!-- \/ Yoast SEO Premium plugin. -->","yoast_head_json":{"title":"\u0421\u044b\u0432\u043e\u0440\u043e\u0442\u043a\u0430 \u043f\u0440\u043e\u0442\u0438\u0432 \u043c\u043e\u0440\u0449\u0438\u043d \u0441 \u043f\u0435\u043f\u0442\u0438\u0434\u0430\u043c\u0438 | Medi-Peel Bor-Tox Peptide Ampoule - Pandeoshop","description":"100% \u043d\u0430\u0442\u0443\u0440\u0430\u043b\u044c\u043d\u044b\u0439 \u0444\u0440\u0430\u043d\u0446\u0443\u0437\u0441\u043a\u0438\u0439 \u0432\u043e\u043b\u044e\u0444\u0438\u043b\u0438\u043d \u0438 7 \u0444\u0435\u0440\u043c\u0435\u043d\u0442\u0438\u0440\u043e\u0432\u0430\u043d\u043d\u044b\u0445 \u0438\u043d\u0433\u0440\u0435\u0434\u0438\u0435\u043d\u0442\u043e\u0432 \u043e\u0431\u0435\u0441\u043f\u0435\u0447\u0430\u0442 \u0432\u0430\u043c \u0443\u043f\u0440\u0443\u0433\u043e\u0441\u0442\u044c \u0438 \u043c\u043e\u043b\u043e\u0434\u043e\u0441\u0442\u044c \u043a\u043e\u0436\u0438.","robots":{"index":"index","follow":"follow","max-snippet":"max-snippet:-1","max-image-preview":"max-image-preview:large","max-video-preview":"max-video-preview:-1"},"canonical":"https:\/\/pandeoshop.com\/ru\/product\/medi-peel-bor-tox-peptide-ampoule\/","og_locale":"ru_RU","og_type":"article","og_title":"\u0421\u044b\u0432\u043e\u0440\u043e\u0442\u043a\u0430 \u043f\u0440\u043e\u0442\u0438\u0432 \u043c\u043e\u0440\u0449\u0438\u043d \u0441 \u043f\u0435\u043f\u0442\u0438\u0434\u0430\u043c\u0438 | Medi-Peel Bor-Tox Peptide Ampoule - Pandeoshop","og_description":"100% \u043d\u0430\u0442\u0443\u0440\u0430\u043b\u044c\u043d\u044b\u0439 \u0444\u0440\u0430\u043d\u0446\u0443\u0437\u0441\u043a\u0438\u0439 \u0432\u043e\u043b\u044e\u0444\u0438\u043b\u0438\u043d \u0438 7 \u0444\u0435\u0440\u043c\u0435\u043d\u0442\u0438\u0440\u043e\u0432\u0430\u043d\u043d\u044b\u0445 \u0438\u043d\u0433\u0440\u0435\u0434\u0438\u0435\u043d\u0442\u043e\u0432 \u043e\u0431\u0435\u0441\u043f\u0435\u0447\u0430\u0442 \u0432\u0430\u043c \u0443\u043f\u0440\u0443\u0433\u043e\u0441\u0442\u044c \u0438 \u043c\u043e\u043b\u043e\u0434\u043e\u0441\u0442\u044c \u043a\u043e\u0436\u0438.","og_url":"https:\/\/pandeoshop.com\/product\/medi-peel-bor-tox-peptide-ampoule\/","og_site_name":"Pandeoshop","article_publisher":"https:\/\/www.facebook.com\/pandeoshop\/","article_modified_time":"2026-02-24T10:54:54+00:00","og_image":[{"width":1000,"height":1000,"url":"https:\/\/pandeoshop.com\/wp-content\/uploads\/medi-peel-bor-tox-peptide-ampoule-1.jpeg","type":"image\/jpeg"}],"twitter_card":"summary_large_image","schema":{"@context":"https:\/\/schema.org","@graph":[{"@type":"WebPage","@id":"https:\/\/pandeoshop.com\/ru\/product\/syvorotka-protiv-morshhin-s-peptidami-medi-peel-bor-tox-peptide-ampoule\/","url":"https:\/\/pandeoshop.com\/product\/medi-peel-bor-tox-peptide-ampoule\/","name":"\u0421\u044b\u0432\u043e\u0440\u043e\u0442\u043a\u0430 \u043f\u0440\u043e\u0442\u0438\u0432 \u043c\u043e\u0440\u0449\u0438\u043d \u0441 \u043f\u0435\u043f\u0442\u0438\u0434\u0430\u043c\u0438 | Medi-Peel Bor-Tox Peptide Ampoule - Pandeoshop","isPartOf":{"@id":"https:\/\/pandeoshop.com\/ru\/#website"},"primaryImageOfPage":{"@id":"https:\/\/pandeoshop.com\/product\/medi-peel-bor-tox-peptide-ampoule\/#primaryimage"},"image":{"@id":"https:\/\/pandeoshop.com\/product\/medi-peel-bor-tox-peptide-ampoule\/#primaryimage"},"thumbnailUrl":"https:\/\/pandeoshop.com\/wp-content\/uploads\/medi-peel-bor-tox-peptide-ampoule-1.jpeg","datePublished":"2022-10-26T20:14:00+00:00","dateModified":"2026-02-24T10:54:54+00:00","description":"100% \u043d\u0430\u0442\u0443\u0440\u0430\u043b\u044c\u043d\u044b\u0439 \u0444\u0440\u0430\u043d\u0446\u0443\u0437\u0441\u043a\u0438\u0439 \u0432\u043e\u043b\u044e\u0444\u0438\u043b\u0438\u043d \u0438 7 \u0444\u0435\u0440\u043c\u0435\u043d\u0442\u0438\u0440\u043e\u0432\u0430\u043d\u043d\u044b\u0445 \u0438\u043d\u0433\u0440\u0435\u0434\u0438\u0435\u043d\u0442\u043e\u0432 \u043e\u0431\u0435\u0441\u043f\u0435\u0447\u0430\u0442 \u0432\u0430\u043c \u0443\u043f\u0440\u0443\u0433\u043e\u0441\u0442\u044c \u0438 \u043c\u043e\u043b\u043e\u0434\u043e\u0441\u0442\u044c \u043a\u043e\u0436\u0438.","breadcrumb":{"@id":"https:\/\/pandeoshop.com\/product\/medi-peel-bor-tox-peptide-ampoule\/#breadcrumb"},"inLanguage":"ru-RU","potentialAction":[{"@type":"ReadAction","target":["https:\/\/pandeoshop.com\/product\/medi-peel-bor-tox-peptide-ampoule\/"]}]},{"@type":"ImageObject","inLanguage":"ru-RU","@id":"https:\/\/pandeoshop.com\/product\/medi-peel-bor-tox-peptide-ampoule\/#primaryimage","url":"https:\/\/pandeoshop.com\/wp-content\/uploads\/medi-peel-bor-tox-peptide-ampoule-1.jpeg","contentUrl":"https:\/\/pandeoshop.com\/wp-content\/uploads\/medi-peel-bor-tox-peptide-ampoule-1.jpeg","width":1000,"height":1000},{"@type":"BreadcrumbList","@id":"https:\/\/pandeoshop.com\/product\/medi-peel-bor-tox-peptide-ampoule\/#breadcrumb","itemListElement":[{"@type":"ListItem","position":1,"name":"\u0414\u043e\u043c\u043e\u0439","item":"https:\/\/pandeoshop.com\/ru\/"},{"@type":"ListItem","position":2,"name":"\u041c\u0430\u0433\u0430\u0437\u0438\u043d","item":"https:\/\/pandeoshop.com\/ru\/magazin\/"},{"@type":"ListItem","position":3,"name":"\u0411\u0440\u0435\u043d\u0434\u044b","item":"https:\/\/pandeoshop.com\/ru\/category\/brendy\/"},{"@type":"ListItem","position":4,"name":"Medi-Peel","item":"https:\/\/pandeoshop.com\/ru\/category\/brendy\/medi-peel-ru\/"},{"@type":"ListItem","position":5,"name":"\u0421\u044b\u0432\u043e\u0440\u043e\u0442\u043a\u0430 \u043f\u0440\u043e\u0442\u0438\u0432 \u043c\u043e\u0440\u0449\u0438\u043d \u0441 \u043f\u0435\u043f\u0442\u0438\u0434\u0430\u043c\u0438 Medi-Peel Bor-Tox Peptide Ampoule"}]},{"@type":"WebSite","@id":"https:\/\/pandeoshop.com\/ru\/#website","url":"https:\/\/pandeoshop.com\/ru\/","name":"Pandeoshop","description":"\u0160e eno spleti\u0161\u010de WordPress","publisher":{"@id":"https:\/\/pandeoshop.com\/ru\/#organization"},"potentialAction":[{"@type":"SearchAction","target":{"@type":"EntryPoint","urlTemplate":"https:\/\/pandeoshop.com\/ru\/?s={search_term_string}"},"query-input":"required name=search_term_string"}],"inLanguage":"ru-RU"},{"@type":"Organization","@id":"https:\/\/pandeoshop.com\/ru\/#organization","name":"Pandeoshop","url":"https:\/\/pandeoshop.com\/ru\/","logo":{"@type":"ImageObject","inLanguage":"ru-RU","@id":"https:\/\/pandeoshop.com\/ru\/#\/schema\/logo\/image\/","url":"https:\/\/pandeoshop.com\/wp-content\/uploads\/pandeoshop_social_logo_no_textjpg.jpg","contentUrl":"https:\/\/pandeoshop.com\/wp-content\/uploads\/pandeoshop_social_logo_no_textjpg.jpg","width":288,"height":201,"caption":"Pandeoshop"},"image":{"@id":"https:\/\/pandeoshop.com\/ru\/#\/schema\/logo\/image\/"},"sameAs":["https:\/\/www.facebook.com\/pandeoshop\/","https:\/\/www.instagram.com\/pandeo_shop\/"]}]},"product_price_amount":"26.62","product_price_currency":"EUR","og_availability":"instock","product_availability":"instock","product_retailer_item_id":"HS10542","product_condition":"new"},"_links":{"self":[{"href":"https:\/\/pandeoshop.com\/ru\/wp-json\/wp\/v2\/product\/27374"}],"collection":[{"href":"https:\/\/pandeoshop.com\/ru\/wp-json\/wp\/v2\/product"}],"about":[{"href":"https:\/\/pandeoshop.com\/ru\/wp-json\/wp\/v2\/types\/product"}],"replies":[{"embeddable":true,"href":"https:\/\/pandeoshop.com\/ru\/wp-json\/wp\/v2\/comments?post=27374"}],"wp:featuredmedia":[{"embeddable":true,"href":"https:\/\/pandeoshop.com\/ru\/wp-json\/wp\/v2\/media\/35395"}],"wp:attachment":[{"href":"https:\/\/pandeoshop.com\/ru\/wp-json\/wp\/v2\/media?parent=27374"}],"wp:term":[{"taxonomy":"product_cat","embeddable":true,"href":"https:\/\/pandeoshop.com\/ru\/wp-json\/wp\/v2\/product_cat?post=27374"},{"taxonomy":"product_tag","embeddable":true,"href":"https:\/\/pandeoshop.com\/ru\/wp-json\/wp\/v2\/product_tag?post=27374"}],"curies":[{"name":"wp","href":"https:\/\/api.w.org\/{rel}","templated":true}]}}